{"id":1616,"date":"2025-02-28T16:37:44","date_gmt":"2025-02-28T16:37:44","guid":{"rendered":"https:\/\/intercontinental-nha-trang.ms2.decms.asia\/home\/"},"modified":"2026-03-26T02:43:31","modified_gmt":"2026-03-26T02:43:31","slug":"home","status":"publish","type":"page","link":"https:\/\/nhatrang.intercontinental.com\/vi\/","title":{"rendered":"InterContinental Nha Trang"},"content":{"rendered":"<p>InterContinental Nha Trang l\u00e0 n\u01a1i ngh\u1ec9 d\u01b0\u1ee1ng sang tr\u1ecdng b\u1eadc nh\u1ea5t to\u1ea1 l\u1ea1c \u1edf trung t\u00e2m th\u00e0nh ph\u1ed1 Nha Trang. N\u1eb1m b\u00ean v\u1ecbnh, n\u01a1i l\u00e0n n\u01b0\u1edbc bi\u1ec3n xanh ng\u1eaft ho\u00e0 quy\u1ec7n v\u1edbi b\u00e3i c\u00e1t v\u00e0ng, b\u1ea1n s\u1ebd \u0111\u01b0\u1ee3c t\u1eadn h\u01b0\u1edfng s\u1ef1 k\u1ebft h\u1ee3p tuy\u1ec7t v\u1eddi gi\u1eefa d\u1ecbch v\u1ee5 \u0111\u1eb3ng c\u1ea5p v\u00e0 n\u00e9t \u0111\u1eb9p \u0111\u1eb7c tr\u01b0ng Vi\u1ec7t Nam.<\/p>\n","protected":false},"excerpt":{"rendered":"<p>InterContinental Nha Trang l\u00e0 n\u01a1i ngh\u1ec9 d\u01b0\u1ee1ng sang tr\u1ecdng b\u1eadc nh\u1ea5t to\u1ea1 l\u1ea1c \u1edf trung t\u00e2m th\u00e0nh ph\u1ed1 Nha Trang. N\u1eb1m b\u00ean v\u1ecbnh, n\u01a1i l\u00e0n n\u01b0\u1edbc bi\u1ec3n xanh ng\u1eaft ho\u00e0 quy\u1ec7n v\u1edbi b\u00e3i c\u00e1t v\u00e0ng, b\u1ea1n s\u1ebd \u0111\u01b0\u1ee3c t\u1eadn h\u01b0\u1edfng s\u1ef1 k\u1ebft h\u1ee3p tuy\u1ec7t v\u1eddi gi\u1eefa d\u1ecbch v\u1ee5 \u0111\u1eb3ng c\u1ea5p v\u00e0 n\u00e9t \u0111\u1eb9p \u0111\u1eb7c tr\u01b0ng [&hellip;]<\/p>\n","protected":false},"author":11,"featured_media":160,"parent":0,"menu_order":-10,"comment_status":"closed","ping_status":"closed","template":"","meta":{"footnotes":""},"yoast_head":"<!-- This site is optimized with the Yoast SEO plugin v22.3 - https:\/\/yoast.com\/wordpress\/plugins\/seo\/ -->\n<title>Luxury Beachfront Hotel in Nha Trang | InterContinental Nha Trang<\/title>\n<meta name=\"description\" content=\"Discover InterContinental Nha Trang, a 5-star luxury beachfront hotel and residences in Vietnam\u2019s top coastal city. Explore world-class rooms, dining, and spa experiences\" \/>\n<meta name=\"robots\" content=\"index, follow, max-snippet:-1, max-image-preview:large, max-video-preview:-1\" \/>\n<link rel=\"canonical\" href=\"https:\/\/nhatrang.intercontinental.com\/vi\/\" \/>\n<meta property=\"og:locale\" content=\"vi_VN\" \/>\n<meta property=\"og:type\" content=\"article\" \/>\n<meta property=\"og:title\" content=\"Luxury Beachfront Hotel in Nha Trang | InterContinental Nha Trang\" \/>\n<meta property=\"og:description\" content=\"Discover InterContinental Nha Trang, a 5-star luxury beachfront hotel and residences in Vietnam\u2019s top coastal city. Explore world-class rooms, dining, and spa experiences\" \/>\n<meta property=\"og:url\" content=\"https:\/\/nhatrang.intercontinental.com\/vi\/\" \/>\n<meta property=\"og:site_name\" content=\"InterContinental Nha Trang\" \/>\n<meta property=\"article:modified_time\" content=\"2026-03-26T02:43:31+00:00\" \/>\n<meta property=\"og:image\" content=\"https:\/\/nhatrang.intercontinental.com\/wp-content\/uploads\/sites\/100\/2025\/05\/Classic-King-Ocean-View.jpg\" \/>\n\t<meta property=\"og:image:width\" content=\"2200\" \/>\n\t<meta property=\"og:image:height\" content=\"1200\" \/>\n\t<meta property=\"og:image:type\" content=\"image\/jpeg\" \/>\n<meta name=\"twitter:card\" content=\"summary_large_image\" \/>\n<meta name=\"twitter:label1\" content=\"Est. reading time\" \/>\n\t<meta name=\"twitter:data1\" content=\"1 minute\" \/>\n<script type=\"application\/ld+json\" class=\"yoast-schema-graph\">{\"@context\":\"https:\/\/schema.org\",\"@graph\":[{\"@type\":\"WebPage\",\"@id\":\"https:\/\/nhatrang.intercontinental.com\/vi\/\",\"url\":\"https:\/\/nhatrang.intercontinental.com\/vi\/\",\"name\":\"Luxury Beachfront Hotel in Nha Trang | InterContinental Nha Trang\",\"isPartOf\":{\"@id\":\"https:\/\/nhatrang.intercontinental.com\/vi\/#website\"},\"primaryImageOfPage\":{\"@id\":\"https:\/\/nhatrang.intercontinental.com\/vi\/#primaryimage\"},\"image\":{\"@id\":\"https:\/\/nhatrang.intercontinental.com\/vi\/#primaryimage\"},\"thumbnailUrl\":\"https:\/\/nhatrang.intercontinental.com\/wp-content\/uploads\/sites\/100\/2025\/05\/Classic-King-Ocean-View.jpg\",\"datePublished\":\"2025-02-28T16:37:44+00:00\",\"dateModified\":\"2026-03-26T02:43:31+00:00\",\"description\":\"Discover InterContinental Nha Trang, a 5-star luxury beachfront hotel and residences in Vietnam\u2019s top coastal city. Explore world-class rooms, dining, and spa experiences\",\"breadcrumb\":{\"@id\":\"https:\/\/nhatrang.intercontinental.com\/vi\/#breadcrumb\"},\"inLanguage\":\"vi-VN\",\"potentialAction\":[{\"@type\":\"ReadAction\",\"target\":[\"https:\/\/nhatrang.intercontinental.com\/vi\/\"]}]},{\"@type\":\"ImageObject\",\"inLanguage\":\"vi-VN\",\"@id\":\"https:\/\/nhatrang.intercontinental.com\/vi\/#primaryimage\",\"url\":\"https:\/\/nhatrang.intercontinental.com\/wp-content\/uploads\/sites\/100\/2025\/05\/Classic-King-Ocean-View.jpg\",\"contentUrl\":\"https:\/\/nhatrang.intercontinental.com\/wp-content\/uploads\/sites\/100\/2025\/05\/Classic-King-Ocean-View.jpg\",\"width\":2200,\"height\":1200},{\"@type\":\"BreadcrumbList\",\"@id\":\"https:\/\/nhatrang.intercontinental.com\/vi\/#breadcrumb\",\"itemListElement\":[{\"@type\":\"ListItem\",\"position\":1,\"name\":\"Home\",\"item\":\"https:\/\/nhatrang.intercontinental.com\/vi\/\"},{\"@type\":\"ListItem\",\"position\":2,\"name\":\"InterContinental Nha Trang\"}]},{\"@type\":\"WebSite\",\"@id\":\"https:\/\/nhatrang.intercontinental.com\/vi\/#website\",\"url\":\"https:\/\/nhatrang.intercontinental.com\/vi\/\",\"name\":\"InterContinental Nha Trang\",\"description\":\"\",\"potentialAction\":[{\"@type\":\"SearchAction\",\"target\":{\"@type\":\"EntryPoint\",\"urlTemplate\":\"https:\/\/nhatrang.intercontinental.com\/vi\/?s={search_term_string}\"},\"query-input\":\"required name=search_term_string\"}],\"inLanguage\":\"vi-VN\"}]}<\/script>\n<!-- \/ Yoast SEO plugin. -->","yoast_head_json":{"title":"Luxury Beachfront Hotel in Nha Trang | InterContinental Nha Trang","description":"Discover InterContinental Nha Trang, a 5-star luxury beachfront hotel and residences in Vietnam\u2019s top coastal city. Explore world-class rooms, dining, and spa experiences","robots":{"index":"index","follow":"follow","max-snippet":"max-snippet:-1","max-image-preview":"max-image-preview:large","max-video-preview":"max-video-preview:-1"},"canonical":"https:\/\/nhatrang.intercontinental.com\/vi\/","og_locale":"vi_VN","og_type":"article","og_title":"Luxury Beachfront Hotel in Nha Trang | InterContinental Nha Trang","og_description":"Discover InterContinental Nha Trang, a 5-star luxury beachfront hotel and residences in Vietnam\u2019s top coastal city. Explore world-class rooms, dining, and spa experiences","og_url":"https:\/\/nhatrang.intercontinental.com\/vi\/","og_site_name":"InterContinental Nha Trang","article_modified_time":"2026-03-26T02:43:31+00:00","og_image":[{"width":2200,"height":1200,"url":"https:\/\/nhatrang.intercontinental.com\/wp-content\/uploads\/sites\/100\/2025\/05\/Classic-King-Ocean-View.jpg","type":"image\/jpeg"}],"twitter_card":"summary_large_image","twitter_misc":{"Est. reading time":"1 minute"},"schema":{"@context":"https:\/\/schema.org","@graph":[{"@type":"WebPage","@id":"https:\/\/nhatrang.intercontinental.com\/vi\/","url":"https:\/\/nhatrang.intercontinental.com\/vi\/","name":"Luxury Beachfront Hotel in Nha Trang | InterContinental Nha Trang","isPartOf":{"@id":"https:\/\/nhatrang.intercontinental.com\/vi\/#website"},"primaryImageOfPage":{"@id":"https:\/\/nhatrang.intercontinental.com\/vi\/#primaryimage"},"image":{"@id":"https:\/\/nhatrang.intercontinental.com\/vi\/#primaryimage"},"thumbnailUrl":"https:\/\/nhatrang.intercontinental.com\/wp-content\/uploads\/sites\/100\/2025\/05\/Classic-King-Ocean-View.jpg","datePublished":"2025-02-28T16:37:44+00:00","dateModified":"2026-03-26T02:43:31+00:00","description":"Discover InterContinental Nha Trang, a 5-star luxury beachfront hotel and residences in Vietnam\u2019s top coastal city. Explore world-class rooms, dining, and spa experiences","breadcrumb":{"@id":"https:\/\/nhatrang.intercontinental.com\/vi\/#breadcrumb"},"inLanguage":"vi-VN","potentialAction":[{"@type":"ReadAction","target":["https:\/\/nhatrang.intercontinental.com\/vi\/"]}]},{"@type":"ImageObject","inLanguage":"vi-VN","@id":"https:\/\/nhatrang.intercontinental.com\/vi\/#primaryimage","url":"https:\/\/nhatrang.intercontinental.com\/wp-content\/uploads\/sites\/100\/2025\/05\/Classic-King-Ocean-View.jpg","contentUrl":"https:\/\/nhatrang.intercontinental.com\/wp-content\/uploads\/sites\/100\/2025\/05\/Classic-King-Ocean-View.jpg","width":2200,"height":1200},{"@type":"BreadcrumbList","@id":"https:\/\/nhatrang.intercontinental.com\/vi\/#breadcrumb","itemListElement":[{"@type":"ListItem","position":1,"name":"Home","item":"https:\/\/nhatrang.intercontinental.com\/vi\/"},{"@type":"ListItem","position":2,"name":"InterContinental Nha Trang"}]},{"@type":"WebSite","@id":"https:\/\/nhatrang.intercontinental.com\/vi\/#website","url":"https:\/\/nhatrang.intercontinental.com\/vi\/","name":"InterContinental Nha Trang","description":"","potentialAction":[{"@type":"SearchAction","target":{"@type":"EntryPoint","urlTemplate":"https:\/\/nhatrang.intercontinental.com\/vi\/?s={search_term_string}"},"query-input":"required name=search_term_string"}],"inLanguage":"vi-VN"}]}},"acf":[],"_links":{"self":[{"href":"https:\/\/nhatrang.intercontinental.com\/vi\/wp-json\/wp\/v2\/pages\/1616"}],"collection":[{"href":"https:\/\/nhatrang.intercontinental.com\/vi\/wp-json\/wp\/v2\/pages"}],"about":[{"href":"https:\/\/nhatrang.intercontinental.com\/vi\/wp-json\/wp\/v2\/types\/page"}],"author":[{"embeddable":true,"href":"https:\/\/nhatrang.intercontinental.com\/vi\/wp-json\/wp\/v2\/users\/11"}],"replies":[{"embeddable":true,"href":"https:\/\/nhatrang.intercontinental.com\/vi\/wp-json\/wp\/v2\/comments?post=1616"}],"version-history":[{"count":0,"href":"https:\/\/nhatrang.intercontinental.com\/vi\/wp-json\/wp\/v2\/pages\/1616\/revisions"}],"wp:featuredmedia":[{"embeddable":true,"href":"https:\/\/nhatrang.intercontinental.com\/vi\/wp-json\/wp\/v2\/media\/160"}],"wp:attachment":[{"href":"https:\/\/nhatrang.intercontinental.com\/vi\/wp-json\/wp\/v2\/media?parent=1616"}],"curies":[{"name":"wp","href":"https:\/\/api.w.org\/{rel}","templated":true}]}}