{"id":2197,"date":"2025-05-05T09:02:59","date_gmt":"2025-05-05T09:02:59","guid":{"rendered":"https:\/\/nhatrang.intercontinental.com\/elegant-5-star-hotel-rooms-suites-in-nha-trang-intercontinental\/"},"modified":"2025-10-29T02:10:44","modified_gmt":"2025-10-29T02:10:44","slug":"hotel","status":"publish","type":"page","link":"https:\/\/nhatrang.intercontinental.com\/vi\/hotel\/","title":{"rendered":"Rooms &amp; Suites"},"content":{"rendered":"<p>V\u1edbi ph\u00f2ng ngh\u1ec9 hi\u1ec7n \u0111\u1ea1i l\u1ea5y c\u1ea3m h\u1ee9ng t\u1eeb \u0111\u1ea1i d\u01b0\u01a1ng, c\u00f3 ban c\u00f4ng ri\u00eang, t\u1ea7m nh\u00ecn ra bi\u1ec3n ho\u1eb7c th\u00e0nh ph\u1ed1, b\u1ea1n c\u00f3 th\u1ec3 th\u1ea3 m\u00ecnh v\u00e0o khung c\u1ea3nh tuy\u1ec7t \u0111\u1eb9p. Th\u01b0 gi\u00e3n trong ph\u00f2ng t\u1eafm y\u00ean b\u00ecnh v\u1edbi b\u1ed3n t\u1eafm ri\u00eang bi\u1ec7t v\u00e0 v\u00f2i sen m\u01b0a. H\u00e3y tr\u1edf v\u1ec1 ch\u1ed1n ngh\u1ec9 ng\u01a1i \u00eam d\u1ecbu n\u00e0y v\u00e0o cu\u1ed1i ng\u00e0y, t\u1eadn h\u01b0\u1edfng nh\u1eefng ti\u1ec7n nghi cao c\u1ea5p v\u00e0 m\u1ed9t gi\u1ea5c ng\u1ee7 th\u1eadt s\u00e2u.<\/p>\n","protected":false},"excerpt":{"rendered":"<p>V\u1edbi ph\u00f2ng ngh\u1ec9 hi\u1ec7n \u0111\u1ea1i l\u1ea5y c\u1ea3m h\u1ee9ng t\u1eeb \u0111\u1ea1i d\u01b0\u01a1ng, c\u00f3 ban c\u00f4ng ri\u00eang, t\u1ea7m nh\u00ecn ra bi\u1ec3n ho\u1eb7c th\u00e0nh ph\u1ed1, b\u1ea1n c\u00f3 th\u1ec3 th\u1ea3 m\u00ecnh v\u00e0o khung c\u1ea3nh tuy\u1ec7t \u0111\u1eb9p. Th\u01b0 gi\u00e3n trong ph\u00f2ng t\u1eafm y\u00ean b\u00ecnh v\u1edbi b\u1ed3n t\u1eafm ri\u00eang bi\u1ec7t v\u00e0 v\u00f2i sen m\u01b0a. H\u00e3y tr\u1edf v\u1ec1 ch\u1ed1n ngh\u1ec9 ng\u01a1i \u00eam [&hellip;]<\/p>\n","protected":false},"author":11,"featured_media":1367,"parent":0,"menu_order":0,"comment_status":"closed","ping_status":"closed","template":"template-stay.php","meta":{"footnotes":""},"yoast_head":"<!-- This site is optimized with the Yoast SEO plugin v22.3 - https:\/\/yoast.com\/wordpress\/plugins\/seo\/ -->\n<title>Rooms &amp; Suites - InterContinental Nha Trang<\/title>\n<meta name=\"description\" content=\"Stay in stylish rooms and suites with ocean views at InterContinental Nha Trang. Book now for comfort, luxury amenities, and unrivaled beachfront access.\" \/>\n<meta name=\"robots\" content=\"index, follow, max-snippet:-1, max-image-preview:large, max-video-preview:-1\" \/>\n<link rel=\"canonical\" href=\"https:\/\/nhatrang.intercontinental.com\/vi\/hotel\/\" \/>\n<meta property=\"og:locale\" content=\"vi_VN\" \/>\n<meta property=\"og:type\" content=\"article\" \/>\n<meta property=\"og:title\" content=\"Rooms &amp; Suites - InterContinental Nha Trang\" \/>\n<meta property=\"og:description\" content=\"Stay in stylish rooms and suites with ocean views at InterContinental Nha Trang. Book now for comfort, luxury amenities, and unrivaled beachfront access.\" \/>\n<meta property=\"og:url\" content=\"https:\/\/nhatrang.intercontinental.com\/vi\/hotel\/\" \/>\n<meta property=\"og:site_name\" content=\"InterContinental Nha Trang\" \/>\n<meta property=\"article:modified_time\" content=\"2025-10-29T02:10:44+00:00\" \/>\n<meta property=\"og:image\" content=\"https:\/\/nhatrang.intercontinental.com\/wp-content\/uploads\/sites\/100\/2025\/09\/1-1024x512.png\" \/>\n\t<meta property=\"og:image:width\" content=\"1024\" \/>\n\t<meta property=\"og:image:height\" content=\"512\" \/>\n\t<meta property=\"og:image:type\" content=\"image\/png\" \/>\n<meta name=\"twitter:card\" content=\"summary_large_image\" \/>\n<meta name=\"twitter:label1\" content=\"Est. reading time\" \/>\n\t<meta name=\"twitter:data1\" content=\"1 minute\" \/>\n<script type=\"application\/ld+json\" class=\"yoast-schema-graph\">{\"@context\":\"https:\/\/schema.org\",\"@graph\":[{\"@type\":\"WebPage\",\"@id\":\"https:\/\/nhatrang.intercontinental.com\/vi\/hotel\/\",\"url\":\"https:\/\/nhatrang.intercontinental.com\/vi\/hotel\/\",\"name\":\"Rooms &amp; Suites - InterContinental Nha Trang\",\"isPartOf\":{\"@id\":\"https:\/\/nhatrang.intercontinental.com\/vi\/#website\"},\"primaryImageOfPage\":{\"@id\":\"https:\/\/nhatrang.intercontinental.com\/vi\/hotel\/#primaryimage\"},\"image\":{\"@id\":\"https:\/\/nhatrang.intercontinental.com\/vi\/hotel\/#primaryimage\"},\"thumbnailUrl\":\"https:\/\/nhatrang.intercontinental.com\/wp-content\/uploads\/sites\/100\/2025\/05\/Suites-3.jpg\",\"datePublished\":\"2025-05-05T09:02:59+00:00\",\"dateModified\":\"2025-10-29T02:10:44+00:00\",\"description\":\"Stay in stylish rooms and suites with ocean views at InterContinental Nha Trang. Book now for comfort, luxury amenities, and unrivaled beachfront access.\",\"breadcrumb\":{\"@id\":\"https:\/\/nhatrang.intercontinental.com\/vi\/hotel\/#breadcrumb\"},\"inLanguage\":\"vi-VN\",\"potentialAction\":[{\"@type\":\"ReadAction\",\"target\":[\"https:\/\/nhatrang.intercontinental.com\/vi\/hotel\/\"]}]},{\"@type\":\"ImageObject\",\"inLanguage\":\"vi-VN\",\"@id\":\"https:\/\/nhatrang.intercontinental.com\/vi\/hotel\/#primaryimage\",\"url\":\"https:\/\/nhatrang.intercontinental.com\/wp-content\/uploads\/sites\/100\/2025\/05\/Suites-3.jpg\",\"contentUrl\":\"https:\/\/nhatrang.intercontinental.com\/wp-content\/uploads\/sites\/100\/2025\/05\/Suites-3.jpg\",\"width\":2200,\"height\":1200},{\"@type\":\"BreadcrumbList\",\"@id\":\"https:\/\/nhatrang.intercontinental.com\/vi\/hotel\/#breadcrumb\",\"itemListElement\":[{\"@type\":\"ListItem\",\"position\":1,\"name\":\"Home\",\"item\":\"https:\/\/nhatrang.intercontinental.com\/vi\/\"},{\"@type\":\"ListItem\",\"position\":2,\"name\":\"Rooms &amp; Suites\"}]},{\"@type\":\"WebSite\",\"@id\":\"https:\/\/nhatrang.intercontinental.com\/vi\/#website\",\"url\":\"https:\/\/nhatrang.intercontinental.com\/vi\/\",\"name\":\"InterContinental Nha Trang\",\"description\":\"\",\"potentialAction\":[{\"@type\":\"SearchAction\",\"target\":{\"@type\":\"EntryPoint\",\"urlTemplate\":\"https:\/\/nhatrang.intercontinental.com\/vi\/?s={search_term_string}\"},\"query-input\":\"required name=search_term_string\"}],\"inLanguage\":\"vi-VN\"}]}<\/script>\n<!-- \/ Yoast SEO plugin. -->","yoast_head_json":{"title":"Rooms &amp; Suites - InterContinental Nha Trang","description":"Stay in stylish rooms and suites with ocean views at InterContinental Nha Trang. Book now for comfort, luxury amenities, and unrivaled beachfront access.","robots":{"index":"index","follow":"follow","max-snippet":"max-snippet:-1","max-image-preview":"max-image-preview:large","max-video-preview":"max-video-preview:-1"},"canonical":"https:\/\/nhatrang.intercontinental.com\/vi\/hotel\/","og_locale":"vi_VN","og_type":"article","og_title":"Rooms &amp; Suites - InterContinental Nha Trang","og_description":"Stay in stylish rooms and suites with ocean views at InterContinental Nha Trang. Book now for comfort, luxury amenities, and unrivaled beachfront access.","og_url":"https:\/\/nhatrang.intercontinental.com\/vi\/hotel\/","og_site_name":"InterContinental Nha Trang","article_modified_time":"2025-10-29T02:10:44+00:00","og_image":[{"width":1024,"height":512,"url":"https:\/\/nhatrang.intercontinental.com\/wp-content\/uploads\/sites\/100\/2025\/09\/1-1024x512.png","type":"image\/png"}],"twitter_card":"summary_large_image","twitter_misc":{"Est. reading time":"1 minute"},"schema":{"@context":"https:\/\/schema.org","@graph":[{"@type":"WebPage","@id":"https:\/\/nhatrang.intercontinental.com\/vi\/hotel\/","url":"https:\/\/nhatrang.intercontinental.com\/vi\/hotel\/","name":"Rooms &amp; Suites - InterContinental Nha Trang","isPartOf":{"@id":"https:\/\/nhatrang.intercontinental.com\/vi\/#website"},"primaryImageOfPage":{"@id":"https:\/\/nhatrang.intercontinental.com\/vi\/hotel\/#primaryimage"},"image":{"@id":"https:\/\/nhatrang.intercontinental.com\/vi\/hotel\/#primaryimage"},"thumbnailUrl":"https:\/\/nhatrang.intercontinental.com\/wp-content\/uploads\/sites\/100\/2025\/05\/Suites-3.jpg","datePublished":"2025-05-05T09:02:59+00:00","dateModified":"2025-10-29T02:10:44+00:00","description":"Stay in stylish rooms and suites with ocean views at InterContinental Nha Trang. Book now for comfort, luxury amenities, and unrivaled beachfront access.","breadcrumb":{"@id":"https:\/\/nhatrang.intercontinental.com\/vi\/hotel\/#breadcrumb"},"inLanguage":"vi-VN","potentialAction":[{"@type":"ReadAction","target":["https:\/\/nhatrang.intercontinental.com\/vi\/hotel\/"]}]},{"@type":"ImageObject","inLanguage":"vi-VN","@id":"https:\/\/nhatrang.intercontinental.com\/vi\/hotel\/#primaryimage","url":"https:\/\/nhatrang.intercontinental.com\/wp-content\/uploads\/sites\/100\/2025\/05\/Suites-3.jpg","contentUrl":"https:\/\/nhatrang.intercontinental.com\/wp-content\/uploads\/sites\/100\/2025\/05\/Suites-3.jpg","width":2200,"height":1200},{"@type":"BreadcrumbList","@id":"https:\/\/nhatrang.intercontinental.com\/vi\/hotel\/#breadcrumb","itemListElement":[{"@type":"ListItem","position":1,"name":"Home","item":"https:\/\/nhatrang.intercontinental.com\/vi\/"},{"@type":"ListItem","position":2,"name":"Rooms &amp; Suites"}]},{"@type":"WebSite","@id":"https:\/\/nhatrang.intercontinental.com\/vi\/#website","url":"https:\/\/nhatrang.intercontinental.com\/vi\/","name":"InterContinental Nha Trang","description":"","potentialAction":[{"@type":"SearchAction","target":{"@type":"EntryPoint","urlTemplate":"https:\/\/nhatrang.intercontinental.com\/vi\/?s={search_term_string}"},"query-input":"required name=search_term_string"}],"inLanguage":"vi-VN"}]}},"acf":[],"_links":{"self":[{"href":"https:\/\/nhatrang.intercontinental.com\/vi\/wp-json\/wp\/v2\/pages\/2197"}],"collection":[{"href":"https:\/\/nhatrang.intercontinental.com\/vi\/wp-json\/wp\/v2\/pages"}],"about":[{"href":"https:\/\/nhatrang.intercontinental.com\/vi\/wp-json\/wp\/v2\/types\/page"}],"author":[{"embeddable":true,"href":"https:\/\/nhatrang.intercontinental.com\/vi\/wp-json\/wp\/v2\/users\/11"}],"replies":[{"embeddable":true,"href":"https:\/\/nhatrang.intercontinental.com\/vi\/wp-json\/wp\/v2\/comments?post=2197"}],"version-history":[{"count":0,"href":"https:\/\/nhatrang.intercontinental.com\/vi\/wp-json\/wp\/v2\/pages\/2197\/revisions"}],"wp:featuredmedia":[{"embeddable":true,"href":"https:\/\/nhatrang.intercontinental.com\/vi\/wp-json\/wp\/v2\/media\/1367"}],"wp:attachment":[{"href":"https:\/\/nhatrang.intercontinental.com\/vi\/wp-json\/wp\/v2\/media?parent=2197"}],"curies":[{"name":"wp","href":"https:\/\/api.w.org\/{rel}","templated":true}]}}