{"id":2203,"date":"2025-05-13T06:49:32","date_gmt":"2025-05-13T06:49:32","guid":{"rendered":"https:\/\/nhatrang.intercontinental.com\/elegant-5-star-hotel-rooms-suites-in-nha-trang-intercontinental\/classic-rooms\/"},"modified":"2025-07-21T07:18:23","modified_gmt":"2025-07-21T07:18:23","slug":"classic-rooms","status":"publish","type":"page","link":"https:\/\/nhatrang.intercontinental.com\/vi\/hotel\/classic-rooms\/","title":{"rendered":"Classic Rooms"},"content":{"rendered":"<p>T\u1eadn h\u01b0\u1edfng s\u1ef1 tho\u1ea3i m\u00e1i v\u01b0\u1ee3t th\u1eddi gian trong ph\u00f2ng Classic c\u1ee7a ch\u00fang t\u00f4i, \u0111\u01b0\u1ee3c thi\u1ebft k\u1ebf thanh l\u1ecbch v\u00e0 tinh t\u1ebf. V\u1edbi n\u1ed9i th\u1ea5t hi\u1ec7n \u0111\u1ea1i, gi\u01b0\u1eddng ng\u1ee7 cao c\u1ea5p v\u00e0 ban c\u00f4ng ri\u00eang, kh\u00f4ng gian y\u00ean b\u00ecnh n\u00e0y mang \u0111\u1ebfn t\u1ea7m nh\u00ecn ngo\u1ea1n m\u1ee5c ra th\u00e0nh ph\u1ed1 ho\u1eb7c \u0111\u1ea1i d\u01b0\u01a1ng.<\/p>\n","protected":false},"excerpt":{"rendered":"<p>T\u1eadn h\u01b0\u1edfng s\u1ef1 tho\u1ea3i m\u00e1i v\u01b0\u1ee3t th\u1eddi gian trong ph\u00f2ng Classic c\u1ee7a ch\u00fang t\u00f4i, \u0111\u01b0\u1ee3c thi\u1ebft k\u1ebf thanh l\u1ecbch v\u00e0 tinh t\u1ebf. V\u1edbi n\u1ed9i th\u1ea5t hi\u1ec7n \u0111\u1ea1i, gi\u01b0\u1eddng ng\u1ee7 cao c\u1ea5p v\u00e0 ban c\u00f4ng ri\u00eang, kh\u00f4ng gian y\u00ean b\u00ecnh n\u00e0y mang \u0111\u1ebfn t\u1ea7m nh\u00ecn ngo\u1ea1n m\u1ee5c ra th\u00e0nh ph\u1ed1 ho\u1eb7c \u0111\u1ea1i d\u01b0\u01a1ng.<\/p>\n","protected":false},"author":6,"featured_media":350,"parent":2197,"menu_order":0,"comment_status":"closed","ping_status":"closed","template":"","meta":{"footnotes":""},"yoast_head":"<!-- This site is optimized with the Yoast SEO plugin v22.3 - https:\/\/yoast.com\/wordpress\/plugins\/seo\/ -->\n<title>Classic Rooms - InterContinental Nha Trang<\/title>\n<meta name=\"robots\" content=\"index, follow, max-snippet:-1, max-image-preview:large, max-video-preview:-1\" \/>\n<link rel=\"canonical\" href=\"https:\/\/nhatrang.intercontinental.com\/vi\/hotel\/classic-rooms\/\" \/>\n<meta property=\"og:locale\" content=\"vi_VN\" \/>\n<meta property=\"og:type\" content=\"article\" \/>\n<meta property=\"og:title\" content=\"Classic Rooms - InterContinental Nha Trang\" \/>\n<meta property=\"og:description\" content=\"T\u1eadn h\u01b0\u1edfng s\u1ef1 tho\u1ea3i m\u00e1i v\u01b0\u1ee3t th\u1eddi gian trong ph\u00f2ng Classic c\u1ee7a ch\u00fang t\u00f4i, \u0111\u01b0\u1ee3c thi\u1ebft k\u1ebf thanh l\u1ecbch v\u00e0 tinh t\u1ebf. V\u1edbi n\u1ed9i th\u1ea5t hi\u1ec7n \u0111\u1ea1i, gi\u01b0\u1eddng ng\u1ee7 cao c\u1ea5p v\u00e0 ban c\u00f4ng ri\u00eang, kh\u00f4ng gian y\u00ean b\u00ecnh n\u00e0y mang \u0111\u1ebfn t\u1ea7m nh\u00ecn ngo\u1ea1n m\u1ee5c ra th\u00e0nh ph\u1ed1 ho\u1eb7c \u0111\u1ea1i d\u01b0\u01a1ng.\" \/>\n<meta property=\"og:url\" content=\"https:\/\/nhatrang.intercontinental.com\/vi\/hotel\/classic-rooms\/\" \/>\n<meta property=\"og:site_name\" content=\"InterContinental Nha Trang\" \/>\n<meta property=\"article:modified_time\" content=\"2025-07-21T07:18:23+00:00\" \/>\n<meta property=\"og:image\" content=\"https:\/\/nhatrang.intercontinental.com\/wp-content\/uploads\/sites\/100\/2025\/05\/Classic-King-2.jpg\" \/>\n\t<meta property=\"og:image:width\" content=\"2200\" \/>\n\t<meta property=\"og:image:height\" content=\"1200\" \/>\n\t<meta property=\"og:image:type\" content=\"image\/jpeg\" \/>\n<meta name=\"twitter:card\" content=\"summary_large_image\" \/>\n<meta name=\"twitter:label1\" content=\"Est. reading time\" \/>\n\t<meta name=\"twitter:data1\" content=\"1 minute\" \/>\n<script type=\"application\/ld+json\" class=\"yoast-schema-graph\">{\"@context\":\"https:\/\/schema.org\",\"@graph\":[{\"@type\":\"WebPage\",\"@id\":\"https:\/\/nhatrang.intercontinental.com\/vi\/hotel\/classic-rooms\/\",\"url\":\"https:\/\/nhatrang.intercontinental.com\/vi\/hotel\/classic-rooms\/\",\"name\":\"Classic Rooms - InterContinental Nha Trang\",\"isPartOf\":{\"@id\":\"https:\/\/nhatrang.intercontinental.com\/vi\/#website\"},\"primaryImageOfPage\":{\"@id\":\"https:\/\/nhatrang.intercontinental.com\/vi\/hotel\/classic-rooms\/#primaryimage\"},\"image\":{\"@id\":\"https:\/\/nhatrang.intercontinental.com\/vi\/hotel\/classic-rooms\/#primaryimage\"},\"thumbnailUrl\":\"https:\/\/nhatrang.intercontinental.com\/wp-content\/uploads\/sites\/100\/2025\/05\/Classic-King-2.jpg\",\"datePublished\":\"2025-05-13T06:49:32+00:00\",\"dateModified\":\"2025-07-21T07:18:23+00:00\",\"breadcrumb\":{\"@id\":\"https:\/\/nhatrang.intercontinental.com\/vi\/hotel\/classic-rooms\/#breadcrumb\"},\"inLanguage\":\"vi-VN\",\"potentialAction\":[{\"@type\":\"ReadAction\",\"target\":[\"https:\/\/nhatrang.intercontinental.com\/vi\/hotel\/classic-rooms\/\"]}]},{\"@type\":\"ImageObject\",\"inLanguage\":\"vi-VN\",\"@id\":\"https:\/\/nhatrang.intercontinental.com\/vi\/hotel\/classic-rooms\/#primaryimage\",\"url\":\"https:\/\/nhatrang.intercontinental.com\/wp-content\/uploads\/sites\/100\/2025\/05\/Classic-King-2.jpg\",\"contentUrl\":\"https:\/\/nhatrang.intercontinental.com\/wp-content\/uploads\/sites\/100\/2025\/05\/Classic-King-2.jpg\",\"width\":2200,\"height\":1200},{\"@type\":\"BreadcrumbList\",\"@id\":\"https:\/\/nhatrang.intercontinental.com\/vi\/hotel\/classic-rooms\/#breadcrumb\",\"itemListElement\":[{\"@type\":\"ListItem\",\"position\":1,\"name\":\"Home\",\"item\":\"https:\/\/nhatrang.intercontinental.com\/vi\/\"},{\"@type\":\"ListItem\",\"position\":2,\"name\":\"Rooms &amp; Suites\",\"item\":\"https:\/\/nhatrang.intercontinental.com\/vi\/hotel\/\"},{\"@type\":\"ListItem\",\"position\":3,\"name\":\"Classic Rooms\"}]},{\"@type\":\"WebSite\",\"@id\":\"https:\/\/nhatrang.intercontinental.com\/vi\/#website\",\"url\":\"https:\/\/nhatrang.intercontinental.com\/vi\/\",\"name\":\"InterContinental Nha Trang\",\"description\":\"\",\"potentialAction\":[{\"@type\":\"SearchAction\",\"target\":{\"@type\":\"EntryPoint\",\"urlTemplate\":\"https:\/\/nhatrang.intercontinental.com\/vi\/?s={search_term_string}\"},\"query-input\":\"required name=search_term_string\"}],\"inLanguage\":\"vi-VN\"}]}<\/script>\n<!-- \/ Yoast SEO plugin. -->","yoast_head_json":{"title":"Classic Rooms - InterContinental Nha Trang","robots":{"index":"index","follow":"follow","max-snippet":"max-snippet:-1","max-image-preview":"max-image-preview:large","max-video-preview":"max-video-preview:-1"},"canonical":"https:\/\/nhatrang.intercontinental.com\/vi\/hotel\/classic-rooms\/","og_locale":"vi_VN","og_type":"article","og_title":"Classic Rooms - InterContinental Nha Trang","og_description":"T\u1eadn h\u01b0\u1edfng s\u1ef1 tho\u1ea3i m\u00e1i v\u01b0\u1ee3t th\u1eddi gian trong ph\u00f2ng Classic c\u1ee7a ch\u00fang t\u00f4i, \u0111\u01b0\u1ee3c thi\u1ebft k\u1ebf thanh l\u1ecbch v\u00e0 tinh t\u1ebf. V\u1edbi n\u1ed9i th\u1ea5t hi\u1ec7n \u0111\u1ea1i, gi\u01b0\u1eddng ng\u1ee7 cao c\u1ea5p v\u00e0 ban c\u00f4ng ri\u00eang, kh\u00f4ng gian y\u00ean b\u00ecnh n\u00e0y mang \u0111\u1ebfn t\u1ea7m nh\u00ecn ngo\u1ea1n m\u1ee5c ra th\u00e0nh ph\u1ed1 ho\u1eb7c \u0111\u1ea1i d\u01b0\u01a1ng.","og_url":"https:\/\/nhatrang.intercontinental.com\/vi\/hotel\/classic-rooms\/","og_site_name":"InterContinental Nha Trang","article_modified_time":"2025-07-21T07:18:23+00:00","og_image":[{"width":2200,"height":1200,"url":"https:\/\/nhatrang.intercontinental.com\/wp-content\/uploads\/sites\/100\/2025\/05\/Classic-King-2.jpg","type":"image\/jpeg"}],"twitter_card":"summary_large_image","twitter_misc":{"Est. reading time":"1 minute"},"schema":{"@context":"https:\/\/schema.org","@graph":[{"@type":"WebPage","@id":"https:\/\/nhatrang.intercontinental.com\/vi\/hotel\/classic-rooms\/","url":"https:\/\/nhatrang.intercontinental.com\/vi\/hotel\/classic-rooms\/","name":"Classic Rooms - InterContinental Nha Trang","isPartOf":{"@id":"https:\/\/nhatrang.intercontinental.com\/vi\/#website"},"primaryImageOfPage":{"@id":"https:\/\/nhatrang.intercontinental.com\/vi\/hotel\/classic-rooms\/#primaryimage"},"image":{"@id":"https:\/\/nhatrang.intercontinental.com\/vi\/hotel\/classic-rooms\/#primaryimage"},"thumbnailUrl":"https:\/\/nhatrang.intercontinental.com\/wp-content\/uploads\/sites\/100\/2025\/05\/Classic-King-2.jpg","datePublished":"2025-05-13T06:49:32+00:00","dateModified":"2025-07-21T07:18:23+00:00","breadcrumb":{"@id":"https:\/\/nhatrang.intercontinental.com\/vi\/hotel\/classic-rooms\/#breadcrumb"},"inLanguage":"vi-VN","potentialAction":[{"@type":"ReadAction","target":["https:\/\/nhatrang.intercontinental.com\/vi\/hotel\/classic-rooms\/"]}]},{"@type":"ImageObject","inLanguage":"vi-VN","@id":"https:\/\/nhatrang.intercontinental.com\/vi\/hotel\/classic-rooms\/#primaryimage","url":"https:\/\/nhatrang.intercontinental.com\/wp-content\/uploads\/sites\/100\/2025\/05\/Classic-King-2.jpg","contentUrl":"https:\/\/nhatrang.intercontinental.com\/wp-content\/uploads\/sites\/100\/2025\/05\/Classic-King-2.jpg","width":2200,"height":1200},{"@type":"BreadcrumbList","@id":"https:\/\/nhatrang.intercontinental.com\/vi\/hotel\/classic-rooms\/#breadcrumb","itemListElement":[{"@type":"ListItem","position":1,"name":"Home","item":"https:\/\/nhatrang.intercontinental.com\/vi\/"},{"@type":"ListItem","position":2,"name":"Rooms &amp; Suites","item":"https:\/\/nhatrang.intercontinental.com\/vi\/hotel\/"},{"@type":"ListItem","position":3,"name":"Classic Rooms"}]},{"@type":"WebSite","@id":"https:\/\/nhatrang.intercontinental.com\/vi\/#website","url":"https:\/\/nhatrang.intercontinental.com\/vi\/","name":"InterContinental Nha Trang","description":"","potentialAction":[{"@type":"SearchAction","target":{"@type":"EntryPoint","urlTemplate":"https:\/\/nhatrang.intercontinental.com\/vi\/?s={search_term_string}"},"query-input":"required name=search_term_string"}],"inLanguage":"vi-VN"}]}},"acf":[],"_links":{"self":[{"href":"https:\/\/nhatrang.intercontinental.com\/vi\/wp-json\/wp\/v2\/pages\/2203"}],"collection":[{"href":"https:\/\/nhatrang.intercontinental.com\/vi\/wp-json\/wp\/v2\/pages"}],"about":[{"href":"https:\/\/nhatrang.intercontinental.com\/vi\/wp-json\/wp\/v2\/types\/page"}],"author":[{"embeddable":true,"href":"https:\/\/nhatrang.intercontinental.com\/vi\/wp-json\/wp\/v2\/users\/6"}],"replies":[{"embeddable":true,"href":"https:\/\/nhatrang.intercontinental.com\/vi\/wp-json\/wp\/v2\/comments?post=2203"}],"version-history":[{"count":0,"href":"https:\/\/nhatrang.intercontinental.com\/vi\/wp-json\/wp\/v2\/pages\/2203\/revisions"}],"up":[{"embeddable":true,"href":"https:\/\/nhatrang.intercontinental.com\/vi\/wp-json\/wp\/v2\/pages\/2197"}],"wp:featuredmedia":[{"embeddable":true,"href":"https:\/\/nhatrang.intercontinental.com\/vi\/wp-json\/wp\/v2\/media\/350"}],"wp:attachment":[{"href":"https:\/\/nhatrang.intercontinental.com\/vi\/wp-json\/wp\/v2\/media?parent=2203"}],"curies":[{"name":"wp","href":"https:\/\/api.w.org\/{rel}","templated":true}]}}