{"id":2209,"date":"2025-05-13T07:21:24","date_gmt":"2025-05-13T07:21:24","guid":{"rendered":"https:\/\/nhatrang.intercontinental.com\/elegant-5-star-hotel-rooms-suites-in-nha-trang-intercontinental\/family-bunkbed-suites\/"},"modified":"2025-07-21T07:23:43","modified_gmt":"2025-07-21T07:23:43","slug":"family-bunkbed-suites","status":"publish","type":"page","link":"https:\/\/nhatrang.intercontinental.com\/vi\/hotel\/family-bunkbed-suites\/","title":{"rendered":"Family Bunkbed Suites"},"content":{"rendered":"<p>\u0110\u01b0\u1ee3c thi\u1ebft k\u1ebf tinh t\u1ebf d\u00e0nh ri\u00eang cho gia \u0111\u00ecnh, ph\u00f2ng Family Bunk Bed mang \u0111\u1ebfn kh\u00f4ng gian ngh\u1ec9 ng\u01a1i r\u1ed9ng r\u00e3i v\u00e0 phong c\u00e1ch cho c\u1ea3 ng\u01b0\u1eddi l\u1edbn v\u00e0 tr\u1ebb em. V\u1edbi khu v\u1ef1c ri\u00eang bi\u1ec7t trang b\u1ecb b\u1edfi gi\u01b0\u1eddng t\u1ea7ng \u1ea5m c\u00fang, ph\u00f2ng Suite \u0111\u1ea3m b\u1ea3o s\u1ef1 k\u1ebft h\u1ee3p ho\u00e0n h\u1ea3o gi\u1eefa s\u1ef1 tho\u1ea3i m\u00e1i v\u00e0 ti\u1ec7n nghi cho c\u1ea3 gia \u0111\u00ecnh. <\/p>\n","protected":false},"excerpt":{"rendered":"<p>\u0110\u01b0\u1ee3c thi\u1ebft k\u1ebf tinh t\u1ebf d\u00e0nh ri\u00eang cho gia \u0111\u00ecnh, ph\u00f2ng Family Bunk Bed mang \u0111\u1ebfn kh\u00f4ng gian ngh\u1ec9 ng\u01a1i r\u1ed9ng r\u00e3i v\u00e0 phong c\u00e1ch cho c\u1ea3 ng\u01b0\u1eddi l\u1edbn v\u00e0 tr\u1ebb em. V\u1edbi khu v\u1ef1c ri\u00eang bi\u1ec7t trang b\u1ecb b\u1edfi gi\u01b0\u1eddng t\u1ea7ng \u1ea5m c\u00fang, ph\u00f2ng Suite \u0111\u1ea3m b\u1ea3o s\u1ef1 k\u1ebft h\u1ee3p ho\u00e0n h\u1ea3o gi\u1eefa s\u1ef1 [&hellip;]<\/p>\n","protected":false},"author":8,"featured_media":981,"parent":2197,"menu_order":0,"comment_status":"closed","ping_status":"closed","template":"","meta":{"footnotes":""},"yoast_head":"<!-- This site is optimized with the Yoast SEO plugin v22.3 - https:\/\/yoast.com\/wordpress\/plugins\/seo\/ -->\n<title>Family Bunkbed Suites - InterContinental Nha Trang<\/title>\n<meta name=\"robots\" content=\"index, follow, max-snippet:-1, max-image-preview:large, max-video-preview:-1\" \/>\n<link rel=\"canonical\" href=\"https:\/\/nhatrang.intercontinental.com\/vi\/hotel\/family-bunkbed-suites\/\" \/>\n<meta property=\"og:locale\" content=\"vi_VN\" \/>\n<meta property=\"og:type\" content=\"article\" \/>\n<meta property=\"og:title\" content=\"Family Bunkbed Suites - InterContinental Nha Trang\" \/>\n<meta property=\"og:description\" content=\"\u0110\u01b0\u1ee3c thi\u1ebft k\u1ebf tinh t\u1ebf d\u00e0nh ri\u00eang cho gia \u0111\u00ecnh, ph\u00f2ng Family Bunk Bed mang \u0111\u1ebfn kh\u00f4ng gian ngh\u1ec9 ng\u01a1i r\u1ed9ng r\u00e3i v\u00e0 phong c\u00e1ch cho c\u1ea3 ng\u01b0\u1eddi l\u1edbn v\u00e0 tr\u1ebb em. V\u1edbi khu v\u1ef1c ri\u00eang bi\u1ec7t trang b\u1ecb b\u1edfi gi\u01b0\u1eddng t\u1ea7ng \u1ea5m c\u00fang, ph\u00f2ng Suite \u0111\u1ea3m b\u1ea3o s\u1ef1 k\u1ebft h\u1ee3p ho\u00e0n h\u1ea3o gi\u1eefa s\u1ef1 [&hellip;]\" \/>\n<meta property=\"og:url\" content=\"https:\/\/nhatrang.intercontinental.com\/vi\/hotel\/family-bunkbed-suites\/\" \/>\n<meta property=\"og:site_name\" content=\"InterContinental Nha Trang\" \/>\n<meta property=\"article:modified_time\" content=\"2025-07-21T07:23:43+00:00\" \/>\n<meta property=\"og:image\" content=\"https:\/\/nhatrang.intercontinental.com\/wp-content\/uploads\/sites\/100\/2025\/05\/Family-Suite-Bunk-Bed-2.jpg\" \/>\n\t<meta property=\"og:image:width\" content=\"2200\" \/>\n\t<meta property=\"og:image:height\" content=\"1200\" \/>\n\t<meta property=\"og:image:type\" content=\"image\/jpeg\" \/>\n<meta name=\"twitter:card\" content=\"summary_large_image\" \/>\n<meta name=\"twitter:label1\" content=\"Est. reading time\" \/>\n\t<meta name=\"twitter:data1\" content=\"1 minute\" \/>\n<script type=\"application\/ld+json\" class=\"yoast-schema-graph\">{\"@context\":\"https:\/\/schema.org\",\"@graph\":[{\"@type\":\"WebPage\",\"@id\":\"https:\/\/nhatrang.intercontinental.com\/vi\/hotel\/family-bunkbed-suites\/\",\"url\":\"https:\/\/nhatrang.intercontinental.com\/vi\/hotel\/family-bunkbed-suites\/\",\"name\":\"Family Bunkbed Suites - InterContinental Nha Trang\",\"isPartOf\":{\"@id\":\"https:\/\/nhatrang.intercontinental.com\/vi\/#website\"},\"primaryImageOfPage\":{\"@id\":\"https:\/\/nhatrang.intercontinental.com\/vi\/hotel\/family-bunkbed-suites\/#primaryimage\"},\"image\":{\"@id\":\"https:\/\/nhatrang.intercontinental.com\/vi\/hotel\/family-bunkbed-suites\/#primaryimage\"},\"thumbnailUrl\":\"https:\/\/nhatrang.intercontinental.com\/wp-content\/uploads\/sites\/100\/2025\/05\/Family-Suite-Bunk-Bed-2.jpg\",\"datePublished\":\"2025-05-13T07:21:24+00:00\",\"dateModified\":\"2025-07-21T07:23:43+00:00\",\"breadcrumb\":{\"@id\":\"https:\/\/nhatrang.intercontinental.com\/vi\/hotel\/family-bunkbed-suites\/#breadcrumb\"},\"inLanguage\":\"vi-VN\",\"potentialAction\":[{\"@type\":\"ReadAction\",\"target\":[\"https:\/\/nhatrang.intercontinental.com\/vi\/hotel\/family-bunkbed-suites\/\"]}]},{\"@type\":\"ImageObject\",\"inLanguage\":\"vi-VN\",\"@id\":\"https:\/\/nhatrang.intercontinental.com\/vi\/hotel\/family-bunkbed-suites\/#primaryimage\",\"url\":\"https:\/\/nhatrang.intercontinental.com\/wp-content\/uploads\/sites\/100\/2025\/05\/Family-Suite-Bunk-Bed-2.jpg\",\"contentUrl\":\"https:\/\/nhatrang.intercontinental.com\/wp-content\/uploads\/sites\/100\/2025\/05\/Family-Suite-Bunk-Bed-2.jpg\",\"width\":2200,\"height\":1200},{\"@type\":\"BreadcrumbList\",\"@id\":\"https:\/\/nhatrang.intercontinental.com\/vi\/hotel\/family-bunkbed-suites\/#breadcrumb\",\"itemListElement\":[{\"@type\":\"ListItem\",\"position\":1,\"name\":\"Home\",\"item\":\"https:\/\/nhatrang.intercontinental.com\/vi\/\"},{\"@type\":\"ListItem\",\"position\":2,\"name\":\"Rooms &amp; Suites\",\"item\":\"https:\/\/nhatrang.intercontinental.com\/vi\/hotel\/\"},{\"@type\":\"ListItem\",\"position\":3,\"name\":\"Family Bunkbed Suites\"}]},{\"@type\":\"WebSite\",\"@id\":\"https:\/\/nhatrang.intercontinental.com\/vi\/#website\",\"url\":\"https:\/\/nhatrang.intercontinental.com\/vi\/\",\"name\":\"InterContinental Nha Trang\",\"description\":\"\",\"potentialAction\":[{\"@type\":\"SearchAction\",\"target\":{\"@type\":\"EntryPoint\",\"urlTemplate\":\"https:\/\/nhatrang.intercontinental.com\/vi\/?s={search_term_string}\"},\"query-input\":\"required name=search_term_string\"}],\"inLanguage\":\"vi-VN\"}]}<\/script>\n<!-- \/ Yoast SEO plugin. -->","yoast_head_json":{"title":"Family Bunkbed Suites - InterContinental Nha Trang","robots":{"index":"index","follow":"follow","max-snippet":"max-snippet:-1","max-image-preview":"max-image-preview:large","max-video-preview":"max-video-preview:-1"},"canonical":"https:\/\/nhatrang.intercontinental.com\/vi\/hotel\/family-bunkbed-suites\/","og_locale":"vi_VN","og_type":"article","og_title":"Family Bunkbed Suites - InterContinental Nha Trang","og_description":"\u0110\u01b0\u1ee3c thi\u1ebft k\u1ebf tinh t\u1ebf d\u00e0nh ri\u00eang cho gia \u0111\u00ecnh, ph\u00f2ng Family Bunk Bed mang \u0111\u1ebfn kh\u00f4ng gian ngh\u1ec9 ng\u01a1i r\u1ed9ng r\u00e3i v\u00e0 phong c\u00e1ch cho c\u1ea3 ng\u01b0\u1eddi l\u1edbn v\u00e0 tr\u1ebb em. V\u1edbi khu v\u1ef1c ri\u00eang bi\u1ec7t trang b\u1ecb b\u1edfi gi\u01b0\u1eddng t\u1ea7ng \u1ea5m c\u00fang, ph\u00f2ng Suite \u0111\u1ea3m b\u1ea3o s\u1ef1 k\u1ebft h\u1ee3p ho\u00e0n h\u1ea3o gi\u1eefa s\u1ef1 [&hellip;]","og_url":"https:\/\/nhatrang.intercontinental.com\/vi\/hotel\/family-bunkbed-suites\/","og_site_name":"InterContinental Nha Trang","article_modified_time":"2025-07-21T07:23:43+00:00","og_image":[{"width":2200,"height":1200,"url":"https:\/\/nhatrang.intercontinental.com\/wp-content\/uploads\/sites\/100\/2025\/05\/Family-Suite-Bunk-Bed-2.jpg","type":"image\/jpeg"}],"twitter_card":"summary_large_image","twitter_misc":{"Est. reading time":"1 minute"},"schema":{"@context":"https:\/\/schema.org","@graph":[{"@type":"WebPage","@id":"https:\/\/nhatrang.intercontinental.com\/vi\/hotel\/family-bunkbed-suites\/","url":"https:\/\/nhatrang.intercontinental.com\/vi\/hotel\/family-bunkbed-suites\/","name":"Family Bunkbed Suites - InterContinental Nha Trang","isPartOf":{"@id":"https:\/\/nhatrang.intercontinental.com\/vi\/#website"},"primaryImageOfPage":{"@id":"https:\/\/nhatrang.intercontinental.com\/vi\/hotel\/family-bunkbed-suites\/#primaryimage"},"image":{"@id":"https:\/\/nhatrang.intercontinental.com\/vi\/hotel\/family-bunkbed-suites\/#primaryimage"},"thumbnailUrl":"https:\/\/nhatrang.intercontinental.com\/wp-content\/uploads\/sites\/100\/2025\/05\/Family-Suite-Bunk-Bed-2.jpg","datePublished":"2025-05-13T07:21:24+00:00","dateModified":"2025-07-21T07:23:43+00:00","breadcrumb":{"@id":"https:\/\/nhatrang.intercontinental.com\/vi\/hotel\/family-bunkbed-suites\/#breadcrumb"},"inLanguage":"vi-VN","potentialAction":[{"@type":"ReadAction","target":["https:\/\/nhatrang.intercontinental.com\/vi\/hotel\/family-bunkbed-suites\/"]}]},{"@type":"ImageObject","inLanguage":"vi-VN","@id":"https:\/\/nhatrang.intercontinental.com\/vi\/hotel\/family-bunkbed-suites\/#primaryimage","url":"https:\/\/nhatrang.intercontinental.com\/wp-content\/uploads\/sites\/100\/2025\/05\/Family-Suite-Bunk-Bed-2.jpg","contentUrl":"https:\/\/nhatrang.intercontinental.com\/wp-content\/uploads\/sites\/100\/2025\/05\/Family-Suite-Bunk-Bed-2.jpg","width":2200,"height":1200},{"@type":"BreadcrumbList","@id":"https:\/\/nhatrang.intercontinental.com\/vi\/hotel\/family-bunkbed-suites\/#breadcrumb","itemListElement":[{"@type":"ListItem","position":1,"name":"Home","item":"https:\/\/nhatrang.intercontinental.com\/vi\/"},{"@type":"ListItem","position":2,"name":"Rooms &amp; Suites","item":"https:\/\/nhatrang.intercontinental.com\/vi\/hotel\/"},{"@type":"ListItem","position":3,"name":"Family Bunkbed Suites"}]},{"@type":"WebSite","@id":"https:\/\/nhatrang.intercontinental.com\/vi\/#website","url":"https:\/\/nhatrang.intercontinental.com\/vi\/","name":"InterContinental Nha Trang","description":"","potentialAction":[{"@type":"SearchAction","target":{"@type":"EntryPoint","urlTemplate":"https:\/\/nhatrang.intercontinental.com\/vi\/?s={search_term_string}"},"query-input":"required name=search_term_string"}],"inLanguage":"vi-VN"}]}},"acf":[],"_links":{"self":[{"href":"https:\/\/nhatrang.intercontinental.com\/vi\/wp-json\/wp\/v2\/pages\/2209"}],"collection":[{"href":"https:\/\/nhatrang.intercontinental.com\/vi\/wp-json\/wp\/v2\/pages"}],"about":[{"href":"https:\/\/nhatrang.intercontinental.com\/vi\/wp-json\/wp\/v2\/types\/page"}],"author":[{"embeddable":true,"href":"https:\/\/nhatrang.intercontinental.com\/vi\/wp-json\/wp\/v2\/users\/8"}],"replies":[{"embeddable":true,"href":"https:\/\/nhatrang.intercontinental.com\/vi\/wp-json\/wp\/v2\/comments?post=2209"}],"version-history":[{"count":0,"href":"https:\/\/nhatrang.intercontinental.com\/vi\/wp-json\/wp\/v2\/pages\/2209\/revisions"}],"up":[{"embeddable":true,"href":"https:\/\/nhatrang.intercontinental.com\/vi\/wp-json\/wp\/v2\/pages\/2197"}],"wp:featuredmedia":[{"embeddable":true,"href":"https:\/\/nhatrang.intercontinental.com\/vi\/wp-json\/wp\/v2\/media\/981"}],"wp:attachment":[{"href":"https:\/\/nhatrang.intercontinental.com\/vi\/wp-json\/wp\/v2\/media?parent=2209"}],"curies":[{"name":"wp","href":"https:\/\/api.w.org\/{rel}","templated":true}]}}