{"id":2212,"date":"2025-05-13T07:16:44","date_gmt":"2025-05-13T07:16:44","guid":{"rendered":"https:\/\/nhatrang.intercontinental.com\/elegant-5-star-hotel-rooms-suites-in-nha-trang-intercontinental\/club-rooms\/"},"modified":"2025-07-21T07:19:24","modified_gmt":"2025-07-21T07:19:24","slug":"club-rooms","status":"publish","type":"page","link":"https:\/\/nhatrang.intercontinental.com\/vi\/hotel\/club-rooms\/","title":{"rendered":"Club Rooms"},"content":{"rendered":"<p>\u0110\u00e1nh th\u1ee9c m\u1ecdi gi\u00e1c quan c\u1ee7a b\u1ea1n trong kh\u00f4ng gian sang tr\u1ecdng \u0111\u1ea7y tinh t\u1ebf v\u1edbi t\u1ea7m nh\u00ecn ngo\u1ea1n m\u1ee5c ra bi\u1ec3n t\u1ea1i h\u1ea1ng ph\u00f2ng King Bed Ocean View, \u0111i k\u00e8m \u0111\u1eb7c quy\u1ec1n s\u1eed d\u1ee5ng Club Lounge. \u0110\u01b0\u1ee3c thi\u1ebft k\u1ebf d\u00e0nh cho nh\u1eefng du kh\u00e1ch s\u00e0nh \u0111i\u1ec7u, ch\u1ed1n ngh\u1ec9 r\u1ed9ng r\u00e3i n\u00e0y mang \u0111\u1ebfn s\u1ef1 c\u00e2n b\u1eb1ng ho\u00e0n h\u1ea3o gi\u1eefa v\u1ebb thanh l\u1ecbch, th\u01b0 gi\u00e3n v\u00e0 \u0111\u1eb3ng c\u1ea5p ri\u00eang bi\u1ec7t.<\/p>\n","protected":false},"excerpt":{"rendered":"<p>\u0110\u00e1nh th\u1ee9c m\u1ecdi gi\u00e1c quan c\u1ee7a b\u1ea1n trong kh\u00f4ng gian sang tr\u1ecdng \u0111\u1ea7y tinh t\u1ebf v\u1edbi t\u1ea7m nh\u00ecn ngo\u1ea1n m\u1ee5c ra bi\u1ec3n t\u1ea1i h\u1ea1ng ph\u00f2ng King Bed Ocean View, \u0111i k\u00e8m \u0111\u1eb7c quy\u1ec1n s\u1eed d\u1ee5ng Club Lounge. \u0110\u01b0\u1ee3c thi\u1ebft k\u1ebf d\u00e0nh cho nh\u1eefng du kh\u00e1ch s\u00e0nh \u0111i\u1ec7u, ch\u1ed1n ngh\u1ec9 r\u1ed9ng r\u00e3i n\u00e0y mang \u0111\u1ebfn s\u1ef1 [&hellip;]<\/p>\n","protected":false},"author":8,"featured_media":969,"parent":2197,"menu_order":0,"comment_status":"closed","ping_status":"closed","template":"","meta":{"footnotes":""},"yoast_head":"<!-- This site is optimized with the Yoast SEO plugin v22.3 - https:\/\/yoast.com\/wordpress\/plugins\/seo\/ -->\n<title>Club Rooms - InterContinental Nha Trang<\/title>\n<meta name=\"robots\" content=\"index, follow, max-snippet:-1, max-image-preview:large, max-video-preview:-1\" \/>\n<link rel=\"canonical\" href=\"https:\/\/nhatrang.intercontinental.com\/vi\/hotel\/club-rooms\/\" \/>\n<meta property=\"og:locale\" content=\"vi_VN\" \/>\n<meta property=\"og:type\" content=\"article\" \/>\n<meta property=\"og:title\" content=\"Club Rooms - InterContinental Nha Trang\" \/>\n<meta property=\"og:description\" content=\"\u0110\u00e1nh th\u1ee9c m\u1ecdi gi\u00e1c quan c\u1ee7a b\u1ea1n trong kh\u00f4ng gian sang tr\u1ecdng \u0111\u1ea7y tinh t\u1ebf v\u1edbi t\u1ea7m nh\u00ecn ngo\u1ea1n m\u1ee5c ra bi\u1ec3n t\u1ea1i h\u1ea1ng ph\u00f2ng King Bed Ocean View, \u0111i k\u00e8m \u0111\u1eb7c quy\u1ec1n s\u1eed d\u1ee5ng Club Lounge. \u0110\u01b0\u1ee3c thi\u1ebft k\u1ebf d\u00e0nh cho nh\u1eefng du kh\u00e1ch s\u00e0nh \u0111i\u1ec7u, ch\u1ed1n ngh\u1ec9 r\u1ed9ng r\u00e3i n\u00e0y mang \u0111\u1ebfn s\u1ef1 [&hellip;]\" \/>\n<meta property=\"og:url\" content=\"https:\/\/nhatrang.intercontinental.com\/vi\/hotel\/club-rooms\/\" \/>\n<meta property=\"og:site_name\" content=\"InterContinental Nha Trang\" \/>\n<meta property=\"article:modified_time\" content=\"2025-07-21T07:19:24+00:00\" \/>\n<meta property=\"og:image\" content=\"https:\/\/nhatrang.intercontinental.com\/wp-content\/uploads\/sites\/100\/2025\/05\/Club-1.jpg\" \/>\n\t<meta property=\"og:image:width\" content=\"2200\" \/>\n\t<meta property=\"og:image:height\" content=\"1200\" \/>\n\t<meta property=\"og:image:type\" content=\"image\/jpeg\" \/>\n<meta name=\"twitter:card\" content=\"summary_large_image\" \/>\n<meta name=\"twitter:label1\" content=\"Est. reading time\" \/>\n\t<meta name=\"twitter:data1\" content=\"1 minute\" \/>\n<script type=\"application\/ld+json\" class=\"yoast-schema-graph\">{\"@context\":\"https:\/\/schema.org\",\"@graph\":[{\"@type\":\"WebPage\",\"@id\":\"https:\/\/nhatrang.intercontinental.com\/vi\/hotel\/club-rooms\/\",\"url\":\"https:\/\/nhatrang.intercontinental.com\/vi\/hotel\/club-rooms\/\",\"name\":\"Club Rooms - InterContinental Nha Trang\",\"isPartOf\":{\"@id\":\"https:\/\/nhatrang.intercontinental.com\/vi\/#website\"},\"primaryImageOfPage\":{\"@id\":\"https:\/\/nhatrang.intercontinental.com\/vi\/hotel\/club-rooms\/#primaryimage\"},\"image\":{\"@id\":\"https:\/\/nhatrang.intercontinental.com\/vi\/hotel\/club-rooms\/#primaryimage\"},\"thumbnailUrl\":\"https:\/\/nhatrang.intercontinental.com\/wp-content\/uploads\/sites\/100\/2025\/05\/Club-1.jpg\",\"datePublished\":\"2025-05-13T07:16:44+00:00\",\"dateModified\":\"2025-07-21T07:19:24+00:00\",\"breadcrumb\":{\"@id\":\"https:\/\/nhatrang.intercontinental.com\/vi\/hotel\/club-rooms\/#breadcrumb\"},\"inLanguage\":\"vi-VN\",\"potentialAction\":[{\"@type\":\"ReadAction\",\"target\":[\"https:\/\/nhatrang.intercontinental.com\/vi\/hotel\/club-rooms\/\"]}]},{\"@type\":\"ImageObject\",\"inLanguage\":\"vi-VN\",\"@id\":\"https:\/\/nhatrang.intercontinental.com\/vi\/hotel\/club-rooms\/#primaryimage\",\"url\":\"https:\/\/nhatrang.intercontinental.com\/wp-content\/uploads\/sites\/100\/2025\/05\/Club-1.jpg\",\"contentUrl\":\"https:\/\/nhatrang.intercontinental.com\/wp-content\/uploads\/sites\/100\/2025\/05\/Club-1.jpg\",\"width\":2200,\"height\":1200},{\"@type\":\"BreadcrumbList\",\"@id\":\"https:\/\/nhatrang.intercontinental.com\/vi\/hotel\/club-rooms\/#breadcrumb\",\"itemListElement\":[{\"@type\":\"ListItem\",\"position\":1,\"name\":\"Home\",\"item\":\"https:\/\/nhatrang.intercontinental.com\/vi\/\"},{\"@type\":\"ListItem\",\"position\":2,\"name\":\"Rooms &amp; Suites\",\"item\":\"https:\/\/nhatrang.intercontinental.com\/vi\/hotel\/\"},{\"@type\":\"ListItem\",\"position\":3,\"name\":\"Club Rooms\"}]},{\"@type\":\"WebSite\",\"@id\":\"https:\/\/nhatrang.intercontinental.com\/vi\/#website\",\"url\":\"https:\/\/nhatrang.intercontinental.com\/vi\/\",\"name\":\"InterContinental Nha Trang\",\"description\":\"\",\"potentialAction\":[{\"@type\":\"SearchAction\",\"target\":{\"@type\":\"EntryPoint\",\"urlTemplate\":\"https:\/\/nhatrang.intercontinental.com\/vi\/?s={search_term_string}\"},\"query-input\":\"required name=search_term_string\"}],\"inLanguage\":\"vi-VN\"}]}<\/script>\n<!-- \/ Yoast SEO plugin. -->","yoast_head_json":{"title":"Club Rooms - InterContinental Nha Trang","robots":{"index":"index","follow":"follow","max-snippet":"max-snippet:-1","max-image-preview":"max-image-preview:large","max-video-preview":"max-video-preview:-1"},"canonical":"https:\/\/nhatrang.intercontinental.com\/vi\/hotel\/club-rooms\/","og_locale":"vi_VN","og_type":"article","og_title":"Club Rooms - InterContinental Nha Trang","og_description":"\u0110\u00e1nh th\u1ee9c m\u1ecdi gi\u00e1c quan c\u1ee7a b\u1ea1n trong kh\u00f4ng gian sang tr\u1ecdng \u0111\u1ea7y tinh t\u1ebf v\u1edbi t\u1ea7m nh\u00ecn ngo\u1ea1n m\u1ee5c ra bi\u1ec3n t\u1ea1i h\u1ea1ng ph\u00f2ng King Bed Ocean View, \u0111i k\u00e8m \u0111\u1eb7c quy\u1ec1n s\u1eed d\u1ee5ng Club Lounge. \u0110\u01b0\u1ee3c thi\u1ebft k\u1ebf d\u00e0nh cho nh\u1eefng du kh\u00e1ch s\u00e0nh \u0111i\u1ec7u, ch\u1ed1n ngh\u1ec9 r\u1ed9ng r\u00e3i n\u00e0y mang \u0111\u1ebfn s\u1ef1 [&hellip;]","og_url":"https:\/\/nhatrang.intercontinental.com\/vi\/hotel\/club-rooms\/","og_site_name":"InterContinental Nha Trang","article_modified_time":"2025-07-21T07:19:24+00:00","og_image":[{"width":2200,"height":1200,"url":"https:\/\/nhatrang.intercontinental.com\/wp-content\/uploads\/sites\/100\/2025\/05\/Club-1.jpg","type":"image\/jpeg"}],"twitter_card":"summary_large_image","twitter_misc":{"Est. reading time":"1 minute"},"schema":{"@context":"https:\/\/schema.org","@graph":[{"@type":"WebPage","@id":"https:\/\/nhatrang.intercontinental.com\/vi\/hotel\/club-rooms\/","url":"https:\/\/nhatrang.intercontinental.com\/vi\/hotel\/club-rooms\/","name":"Club Rooms - InterContinental Nha Trang","isPartOf":{"@id":"https:\/\/nhatrang.intercontinental.com\/vi\/#website"},"primaryImageOfPage":{"@id":"https:\/\/nhatrang.intercontinental.com\/vi\/hotel\/club-rooms\/#primaryimage"},"image":{"@id":"https:\/\/nhatrang.intercontinental.com\/vi\/hotel\/club-rooms\/#primaryimage"},"thumbnailUrl":"https:\/\/nhatrang.intercontinental.com\/wp-content\/uploads\/sites\/100\/2025\/05\/Club-1.jpg","datePublished":"2025-05-13T07:16:44+00:00","dateModified":"2025-07-21T07:19:24+00:00","breadcrumb":{"@id":"https:\/\/nhatrang.intercontinental.com\/vi\/hotel\/club-rooms\/#breadcrumb"},"inLanguage":"vi-VN","potentialAction":[{"@type":"ReadAction","target":["https:\/\/nhatrang.intercontinental.com\/vi\/hotel\/club-rooms\/"]}]},{"@type":"ImageObject","inLanguage":"vi-VN","@id":"https:\/\/nhatrang.intercontinental.com\/vi\/hotel\/club-rooms\/#primaryimage","url":"https:\/\/nhatrang.intercontinental.com\/wp-content\/uploads\/sites\/100\/2025\/05\/Club-1.jpg","contentUrl":"https:\/\/nhatrang.intercontinental.com\/wp-content\/uploads\/sites\/100\/2025\/05\/Club-1.jpg","width":2200,"height":1200},{"@type":"BreadcrumbList","@id":"https:\/\/nhatrang.intercontinental.com\/vi\/hotel\/club-rooms\/#breadcrumb","itemListElement":[{"@type":"ListItem","position":1,"name":"Home","item":"https:\/\/nhatrang.intercontinental.com\/vi\/"},{"@type":"ListItem","position":2,"name":"Rooms &amp; Suites","item":"https:\/\/nhatrang.intercontinental.com\/vi\/hotel\/"},{"@type":"ListItem","position":3,"name":"Club Rooms"}]},{"@type":"WebSite","@id":"https:\/\/nhatrang.intercontinental.com\/vi\/#website","url":"https:\/\/nhatrang.intercontinental.com\/vi\/","name":"InterContinental Nha Trang","description":"","potentialAction":[{"@type":"SearchAction","target":{"@type":"EntryPoint","urlTemplate":"https:\/\/nhatrang.intercontinental.com\/vi\/?s={search_term_string}"},"query-input":"required name=search_term_string"}],"inLanguage":"vi-VN"}]}},"acf":[],"_links":{"self":[{"href":"https:\/\/nhatrang.intercontinental.com\/vi\/wp-json\/wp\/v2\/pages\/2212"}],"collection":[{"href":"https:\/\/nhatrang.intercontinental.com\/vi\/wp-json\/wp\/v2\/pages"}],"about":[{"href":"https:\/\/nhatrang.intercontinental.com\/vi\/wp-json\/wp\/v2\/types\/page"}],"author":[{"embeddable":true,"href":"https:\/\/nhatrang.intercontinental.com\/vi\/wp-json\/wp\/v2\/users\/8"}],"replies":[{"embeddable":true,"href":"https:\/\/nhatrang.intercontinental.com\/vi\/wp-json\/wp\/v2\/comments?post=2212"}],"version-history":[{"count":0,"href":"https:\/\/nhatrang.intercontinental.com\/vi\/wp-json\/wp\/v2\/pages\/2212\/revisions"}],"up":[{"embeddable":true,"href":"https:\/\/nhatrang.intercontinental.com\/vi\/wp-json\/wp\/v2\/pages\/2197"}],"wp:featuredmedia":[{"embeddable":true,"href":"https:\/\/nhatrang.intercontinental.com\/vi\/wp-json\/wp\/v2\/media\/969"}],"wp:attachment":[{"href":"https:\/\/nhatrang.intercontinental.com\/vi\/wp-json\/wp\/v2\/media?parent=2212"}],"curies":[{"name":"wp","href":"https:\/\/api.w.org\/{rel}","templated":true}]}}