{"id":2245,"date":"2025-05-05T09:03:23","date_gmt":"2025-05-05T09:03:23","guid":{"rendered":"https:\/\/nhatrang.intercontinental.com\/dining\/"},"modified":"2026-04-09T05:21:26","modified_gmt":"2026-04-09T05:21:26","slug":"dining","status":"publish","type":"page","link":"https:\/\/nhatrang.intercontinental.com\/vi\/dining\/","title":{"rendered":"\u1ea8m th\u1ef1c"},"content":{"rendered":"<p style=\"text-align: center\">Vi\u1ec7c d\u00f9ng b\u1eefa t\u1ea1i InterContinental Nha Trang l\u00e0 m\u1ed9t tr\u1ea3i nghi\u1ec7m kh\u00f4ng th\u1ec3 b\u1ecf qua. D\u00f9 b\u1ea1n y\u00eau th\u00edch nh\u1eefng mi\u1ebfng th\u1ecbt h\u1ea3o h\u1ea1ng \u0111\u01b0\u1ee3c ch\u1ebf bi\u1ebfn ho\u00e0n h\u1ea3o, h\u1ea3i s\u1ea3n t\u01b0\u01a1i s\u1ed1ng c\u1ee7a Nha Trang n\u01b0\u1edbng theo s\u1edf th\u00edch, hay c\u00e1c m\u00f3n \u0103n truy\u1ec1n th\u1ed1ng Vi\u1ec7t Nam, \u0111\u1ed9i ng\u0169 \u0111\u1ea7u b\u1ebfp c\u1ee7a ch\u00fang t\u00f4i lu\u00f4n t\u1ef1 h\u00e0o \u0111\u01b0\u1ee3c ph\u1ee5c v\u1ee5 b\u1ea1n b\u1eb1ng t\u1ea5t c\u1ea3 t\u00e2m huy\u1ebft.<br \/>\n\u0110\u1ec3 t\u1eadn h\u01b0\u1edfng nh\u1eefng \u0111\u1eb7c quy\u1ec1n n\u00e0y, h\u00e3y tham gia <a href=\"https:\/\/www.ihg.com\/intercontinental\/content\/gb\/en\/loyalty\">IHG One Rewards ho\u1eb7c tr\u1edf th\u00e0nh InterContinental\u00ae Ambassador<\/a> ngay h\u00f4m nay.<\/p>\n<p style=\"text-align: center\">\u01afu \u0111\u00e3i gi\u1ea3m gi\u00e1 ch\u1ec9 \u00e1p d\u1ee5ng khi \u0111\u1eb7t b\u00e0n tr\u01b0\u1edbc v\u00e0 t\u00f9y v\u00e0o t\u00ecnh tr\u1ea1ng c\u00f2n ch\u1ed7.<\/p>\n<p style=\"text-align: center\">Gi\u1ea3m gi\u00e1 \u00e1p d\u1ee5ng cho m\u1ecdi b\u1eefa \u0103n t\u1ea1i c\u00e1c nh\u00e0 h\u00e0ng tham gia ch\u01b0\u01a1ng tr\u00ecnh, tr\u1eeb khi c\u00f3 quy \u0111\u1ecbnh kh\u00e1c.<\/p>\n<p style=\"text-align: center\">Ng\u00e0y l\u1ec5, d\u1ecbp \u0111\u1eb7c bi\u1ec7t ho\u1eb7c c\u00e1c giai \u0111o\u1ea1n lo\u1ea1i tr\u1eeb c\u00f3 th\u1ec3 kh\u00f4ng \u00e1p d\u1ee5ng \u01b0u \u0111\u00e3i v\u00e0 s\u1ebd kh\u00e1c nhau t\u00f9y t\u1eebng nh\u00e0 h\u00e0ng ho\u1eb7c qu\u1ea7y bar.<\/p>\n<p style=\"text-align: center\">Vui l\u00f2ng li\u00ean h\u1ec7 kh\u00e1ch s\u1ea1n tr\u01b0\u1edbc khi \u0111\u1eb7t b\u00e0n \u0111\u1ec3 x\u00e1c nh\u1eadn th\u00f4ng tin.<\/p>\n<p style=\"text-align: center\">\u2665<\/p>\n<p style=\"text-align: center\"><span class=\"html-span xexx8yu xyri2b x18d9i69 x1c1uobl x1hl2dhg x16tdsg8 x1vvkbs x3nfvp2 x1j61x8r x1fcty0u xdj266r xat24cr xm2jcoa x1mpyi22 xxymvpz xlup9mm x1kky2od\"><img loading=\"lazy\" decoding=\"async\" class=\"xz74otr x15mokao x1ga7v0g x16uus16 xbiv7yw\" src=\"https:\/\/static.xx.fbcdn.net\/images\/emoji.php\/v9\/tf7\/1\/16\/1f48c.png\" alt=\"\ud83d\udc8c\" width=\"16\" height=\"16\" \/><\/span> fb.reservation@icnhatrang.com<br class=\"html-br\" \/><span class=\"html-span xexx8yu xyri2b x18d9i69 x1c1uobl x1hl2dhg x16tdsg8 x1vvkbs x3nfvp2 x1j61x8r x1fcty0u xdj266r xat24cr xm2jcoa x1mpyi22 xxymvpz xlup9mm x1kky2od\"><img loading=\"lazy\" decoding=\"async\" class=\"xz74otr x15mokao x1ga7v0g x16uus16 xbiv7yw\" src=\"https:\/\/static.xx.fbcdn.net\/images\/emoji.php\/v9\/t22\/1\/16\/260e.png\" alt=\"\u260e\ufe0f\" width=\"16\" height=\"16\" \/><\/span> (+84) 258 388 7777<\/p>\n","protected":false},"excerpt":{"rendered":"<p>Vi\u1ec7c d\u00f9ng b\u1eefa t\u1ea1i InterContinental Nha Trang l\u00e0 m\u1ed9t tr\u1ea3i nghi\u1ec7m kh\u00f4ng th\u1ec3 b\u1ecf qua. D\u00f9 b\u1ea1n y\u00eau th\u00edch nh\u1eefng mi\u1ebfng th\u1ecbt h\u1ea3o h\u1ea1ng \u0111\u01b0\u1ee3c ch\u1ebf bi\u1ebfn ho\u00e0n h\u1ea3o, h\u1ea3i s\u1ea3n t\u01b0\u01a1i s\u1ed1ng c\u1ee7a Nha Trang n\u01b0\u1edbng theo s\u1edf th\u00edch, hay c\u00e1c m\u00f3n \u0103n truy\u1ec1n th\u1ed1ng Vi\u1ec7t Nam, \u0111\u1ed9i ng\u0169 \u0111\u1ea7u b\u1ebfp c\u1ee7a ch\u00fang t\u00f4i [&hellip;]<\/p>\n","protected":false},"author":11,"featured_media":180,"parent":0,"menu_order":0,"comment_status":"closed","ping_status":"closed","template":"template-dining.php","meta":{"footnotes":""},"yoast_head":"<!-- This site is optimized with the Yoast SEO plugin v22.3 - https:\/\/yoast.com\/wordpress\/plugins\/seo\/ -->\n<title>\u1ea8m th\u1ef1c - InterContinental Nha Trang<\/title>\n<meta name=\"description\" content=\"Savor international and local flavors at InterContinental Nha Trang\u2019s premier restaurants. Perfect for romantic dinners, family meals, and cocktail hours.\" \/>\n<meta name=\"robots\" content=\"index, follow, max-snippet:-1, max-image-preview:large, max-video-preview:-1\" \/>\n<link rel=\"canonical\" href=\"https:\/\/nhatrang.intercontinental.com\/vi\/dining\/\" \/>\n<meta property=\"og:locale\" content=\"vi_VN\" \/>\n<meta property=\"og:type\" content=\"article\" \/>\n<meta property=\"og:title\" content=\"\u1ea8m th\u1ef1c - InterContinental Nha Trang\" \/>\n<meta property=\"og:description\" content=\"Savor international and local flavors at InterContinental Nha Trang\u2019s premier restaurants. Perfect for romantic dinners, family meals, and cocktail hours.\" \/>\n<meta property=\"og:url\" content=\"https:\/\/nhatrang.intercontinental.com\/vi\/dining\/\" \/>\n<meta property=\"og:site_name\" content=\"InterContinental Nha Trang\" \/>\n<meta property=\"article:modified_time\" content=\"2026-04-09T05:21:26+00:00\" \/>\n<meta property=\"og:image\" content=\"https:\/\/nhatrang.intercontinental.com\/wp-content\/uploads\/sites\/100\/2025\/05\/Seafood-platter-1024x559.jpg\" \/>\n\t<meta property=\"og:image:width\" content=\"1024\" \/>\n\t<meta property=\"og:image:height\" content=\"559\" \/>\n\t<meta property=\"og:image:type\" content=\"image\/jpeg\" \/>\n<meta name=\"twitter:card\" content=\"summary_large_image\" \/>\n<meta name=\"twitter:label1\" content=\"Est. reading time\" \/>\n\t<meta name=\"twitter:data1\" content=\"2 minutes\" \/>\n<script type=\"application\/ld+json\" class=\"yoast-schema-graph\">{\"@context\":\"https:\/\/schema.org\",\"@graph\":[{\"@type\":\"WebPage\",\"@id\":\"https:\/\/nhatrang.intercontinental.com\/vi\/dining\/\",\"url\":\"https:\/\/nhatrang.intercontinental.com\/vi\/dining\/\",\"name\":\"\u1ea8m th\u1ef1c - InterContinental Nha Trang\",\"isPartOf\":{\"@id\":\"https:\/\/nhatrang.intercontinental.com\/vi\/#website\"},\"primaryImageOfPage\":{\"@id\":\"https:\/\/nhatrang.intercontinental.com\/vi\/dining\/#primaryimage\"},\"image\":{\"@id\":\"https:\/\/nhatrang.intercontinental.com\/vi\/dining\/#primaryimage\"},\"thumbnailUrl\":\"https:\/\/nhatrang.intercontinental.com\/wp-content\/uploads\/sites\/100\/2025\/05\/Seafood-platter.jpg\",\"datePublished\":\"2025-05-05T09:03:23+00:00\",\"dateModified\":\"2026-04-09T05:21:26+00:00\",\"description\":\"Savor international and local flavors at InterContinental Nha Trang\u2019s premier restaurants. Perfect for romantic dinners, family meals, and cocktail hours.\",\"breadcrumb\":{\"@id\":\"https:\/\/nhatrang.intercontinental.com\/vi\/dining\/#breadcrumb\"},\"inLanguage\":\"vi-VN\",\"potentialAction\":[{\"@type\":\"ReadAction\",\"target\":[\"https:\/\/nhatrang.intercontinental.com\/vi\/dining\/\"]}]},{\"@type\":\"ImageObject\",\"inLanguage\":\"vi-VN\",\"@id\":\"https:\/\/nhatrang.intercontinental.com\/vi\/dining\/#primaryimage\",\"url\":\"https:\/\/nhatrang.intercontinental.com\/wp-content\/uploads\/sites\/100\/2025\/05\/Seafood-platter.jpg\",\"contentUrl\":\"https:\/\/nhatrang.intercontinental.com\/wp-content\/uploads\/sites\/100\/2025\/05\/Seafood-platter.jpg\",\"width\":2200,\"height\":1200},{\"@type\":\"BreadcrumbList\",\"@id\":\"https:\/\/nhatrang.intercontinental.com\/vi\/dining\/#breadcrumb\",\"itemListElement\":[{\"@type\":\"ListItem\",\"position\":1,\"name\":\"Home\",\"item\":\"https:\/\/nhatrang.intercontinental.com\/vi\/\"},{\"@type\":\"ListItem\",\"position\":2,\"name\":\"\u1ea8m th\u1ef1c\"}]},{\"@type\":\"WebSite\",\"@id\":\"https:\/\/nhatrang.intercontinental.com\/vi\/#website\",\"url\":\"https:\/\/nhatrang.intercontinental.com\/vi\/\",\"name\":\"InterContinental Nha Trang\",\"description\":\"\",\"potentialAction\":[{\"@type\":\"SearchAction\",\"target\":{\"@type\":\"EntryPoint\",\"urlTemplate\":\"https:\/\/nhatrang.intercontinental.com\/vi\/?s={search_term_string}\"},\"query-input\":\"required name=search_term_string\"}],\"inLanguage\":\"vi-VN\"}]}<\/script>\n<!-- \/ Yoast SEO plugin. -->","yoast_head_json":{"title":"\u1ea8m th\u1ef1c - InterContinental Nha Trang","description":"Savor international and local flavors at InterContinental Nha Trang\u2019s premier restaurants. Perfect for romantic dinners, family meals, and cocktail hours.","robots":{"index":"index","follow":"follow","max-snippet":"max-snippet:-1","max-image-preview":"max-image-preview:large","max-video-preview":"max-video-preview:-1"},"canonical":"https:\/\/nhatrang.intercontinental.com\/vi\/dining\/","og_locale":"vi_VN","og_type":"article","og_title":"\u1ea8m th\u1ef1c - InterContinental Nha Trang","og_description":"Savor international and local flavors at InterContinental Nha Trang\u2019s premier restaurants. Perfect for romantic dinners, family meals, and cocktail hours.","og_url":"https:\/\/nhatrang.intercontinental.com\/vi\/dining\/","og_site_name":"InterContinental Nha Trang","article_modified_time":"2026-04-09T05:21:26+00:00","og_image":[{"width":1024,"height":559,"url":"https:\/\/nhatrang.intercontinental.com\/wp-content\/uploads\/sites\/100\/2025\/05\/Seafood-platter-1024x559.jpg","type":"image\/jpeg"}],"twitter_card":"summary_large_image","twitter_misc":{"Est. reading time":"2 minutes"},"schema":{"@context":"https:\/\/schema.org","@graph":[{"@type":"WebPage","@id":"https:\/\/nhatrang.intercontinental.com\/vi\/dining\/","url":"https:\/\/nhatrang.intercontinental.com\/vi\/dining\/","name":"\u1ea8m th\u1ef1c - InterContinental Nha Trang","isPartOf":{"@id":"https:\/\/nhatrang.intercontinental.com\/vi\/#website"},"primaryImageOfPage":{"@id":"https:\/\/nhatrang.intercontinental.com\/vi\/dining\/#primaryimage"},"image":{"@id":"https:\/\/nhatrang.intercontinental.com\/vi\/dining\/#primaryimage"},"thumbnailUrl":"https:\/\/nhatrang.intercontinental.com\/wp-content\/uploads\/sites\/100\/2025\/05\/Seafood-platter.jpg","datePublished":"2025-05-05T09:03:23+00:00","dateModified":"2026-04-09T05:21:26+00:00","description":"Savor international and local flavors at InterContinental Nha Trang\u2019s premier restaurants. Perfect for romantic dinners, family meals, and cocktail hours.","breadcrumb":{"@id":"https:\/\/nhatrang.intercontinental.com\/vi\/dining\/#breadcrumb"},"inLanguage":"vi-VN","potentialAction":[{"@type":"ReadAction","target":["https:\/\/nhatrang.intercontinental.com\/vi\/dining\/"]}]},{"@type":"ImageObject","inLanguage":"vi-VN","@id":"https:\/\/nhatrang.intercontinental.com\/vi\/dining\/#primaryimage","url":"https:\/\/nhatrang.intercontinental.com\/wp-content\/uploads\/sites\/100\/2025\/05\/Seafood-platter.jpg","contentUrl":"https:\/\/nhatrang.intercontinental.com\/wp-content\/uploads\/sites\/100\/2025\/05\/Seafood-platter.jpg","width":2200,"height":1200},{"@type":"BreadcrumbList","@id":"https:\/\/nhatrang.intercontinental.com\/vi\/dining\/#breadcrumb","itemListElement":[{"@type":"ListItem","position":1,"name":"Home","item":"https:\/\/nhatrang.intercontinental.com\/vi\/"},{"@type":"ListItem","position":2,"name":"\u1ea8m th\u1ef1c"}]},{"@type":"WebSite","@id":"https:\/\/nhatrang.intercontinental.com\/vi\/#website","url":"https:\/\/nhatrang.intercontinental.com\/vi\/","name":"InterContinental Nha Trang","description":"","potentialAction":[{"@type":"SearchAction","target":{"@type":"EntryPoint","urlTemplate":"https:\/\/nhatrang.intercontinental.com\/vi\/?s={search_term_string}"},"query-input":"required name=search_term_string"}],"inLanguage":"vi-VN"}]}},"acf":[],"_links":{"self":[{"href":"https:\/\/nhatrang.intercontinental.com\/vi\/wp-json\/wp\/v2\/pages\/2245"}],"collection":[{"href":"https:\/\/nhatrang.intercontinental.com\/vi\/wp-json\/wp\/v2\/pages"}],"about":[{"href":"https:\/\/nhatrang.intercontinental.com\/vi\/wp-json\/wp\/v2\/types\/page"}],"author":[{"embeddable":true,"href":"https:\/\/nhatrang.intercontinental.com\/vi\/wp-json\/wp\/v2\/users\/11"}],"replies":[{"embeddable":true,"href":"https:\/\/nhatrang.intercontinental.com\/vi\/wp-json\/wp\/v2\/comments?post=2245"}],"version-history":[{"count":0,"href":"https:\/\/nhatrang.intercontinental.com\/vi\/wp-json\/wp\/v2\/pages\/2245\/revisions"}],"wp:featuredmedia":[{"embeddable":true,"href":"https:\/\/nhatrang.intercontinental.com\/vi\/wp-json\/wp\/v2\/media\/180"}],"wp:attachment":[{"href":"https:\/\/nhatrang.intercontinental.com\/vi\/wp-json\/wp\/v2\/media?parent=2245"}],"curies":[{"name":"wp","href":"https:\/\/api.w.org\/{rel}","templated":true}]}}