{"id":2248,"date":"2025-05-07T09:09:00","date_gmt":"2025-05-07T09:09:00","guid":{"rendered":"https:\/\/nhatrang.intercontinental.com\/dining\/afternoon-high-tea\/"},"modified":"2026-03-03T10:16:01","modified_gmt":"2026-03-03T10:16:01","slug":"afternoon-tea","status":"publish","type":"page","link":"https:\/\/nhatrang.intercontinental.com\/vi\/dining\/afternoon-tea\/","title":{"rendered":"Tr\u00e0 Chi\u1ec1u Tinh Hoa Vi\u1ec7t"},"content":{"rendered":"<div class=\"x14z9mp xat24cr x1lziwak x1vvkbs xtlvy1s x126k92a\">\n<div dir=\"auto\" style=\"text-align: center\">Kh\u00e1m ph\u00e1 h\u01b0\u01a1ng v\u1ecb Vi\u1ec7t Nam qua b\u1ed9 s\u01b0u t\u1eadp tr\u00e0 chi\u1ec1u tinh t\u1ebf t\u1ea1i InterContinental Nha Trang.<\/div>\n<div dir=\"auto\" style=\"text-align: center\">S\u1ef1 k\u1ebft h\u1ee3p h\u00e0i h\u00f2a gi\u1eefa tr\u00e0 truy\u1ec1n th\u1ed1ng v\u00e0 c\u00e1c m\u00f3n m\u1eb7n \u2013 ng\u1ecdt \u0111\u01b0\u1ee3c ch\u1ebf bi\u1ebfn t\u1ec9 m\u1ec9, mang \u0111\u1ebfn tr\u1ea3i nghi\u1ec7m thanh l\u1ecbch trong kh\u00f4ng gian bi\u1ec3n sang tr\u1ecdng.<\/div>\n<\/div>\n<div dir=\"auto\" style=\"text-align: center\">___<\/div>\n<div dir=\"auto\" style=\"text-align: center\"><\/div>\n<div class=\"x14z9mp xat24cr x1lziwak x1vvkbs xtlvy1s x126k92a\">\n<div dir=\"auto\" style=\"text-align: center\"><span class=\"html-span xexx8yu xyri2b x18d9i69 x1c1uobl x1hl2dhg x16tdsg8 x1vvkbs x3nfvp2 x1j61x8r x1fcty0u xdj266r xat24cr xm2jcoa x1mpyi22 xxymvpz xlup9mm x1kky2od\"><img loading=\"lazy\" decoding=\"async\" class=\"xz74otr x15mokao x1ga7v0g x16uus16 xbiv7yw\" src=\"https:\/\/static.xx.fbcdn.net\/images\/emoji.php\/v9\/t19\/1\/16\/1f49f.png\" alt=\"\ud83d\udc9f\" width=\"16\" height=\"16\" \/><\/span>\u00a0Gi\u00e1: 450,000++ m\u1ed9t set cho 2 kh\u00e1ch<\/div>\n<div dir=\"auto\" style=\"text-align: center\"><span class=\"html-span xexx8yu xyri2b x18d9i69 x1c1uobl x1hl2dhg x16tdsg8 x1vvkbs x3nfvp2 x1j61x8r x1fcty0u xdj266r xat24cr xm2jcoa x1mpyi22 xxymvpz xlup9mm x1kky2od\"><img loading=\"lazy\" decoding=\"async\" class=\"xz74otr x15mokao x1ga7v0g x16uus16 xbiv7yw\" src=\"https:\/\/static.xx.fbcdn.net\/images\/emoji.php\/v9\/t34\/1\/16\/23f0.png\" alt=\"\u23f0\" width=\"16\" height=\"16\" \/><\/span>\u00a0Th\u1eddi gian ph\u1ee5c v\u1ee5: h\u00e0ng ng\u00e0y t\u1eeb 1 gi\u1edd chi\u1ec1u \u2013 5 gi\u1edd chi\u1ec1u<\/div>\n<div dir=\"auto\" style=\"text-align: center\"><span class=\"html-span xexx8yu xyri2b x18d9i69 x1c1uobl x1hl2dhg x16tdsg8 x1vvkbs x3nfvp2 x1j61x8r x1fcty0u xdj266r xat24cr xm2jcoa x1mpyi22 xxymvpz xlup9mm x1kky2od\"><img loading=\"lazy\" decoding=\"async\" class=\"xz74otr x15mokao x1ga7v0g x16uus16 xbiv7yw\" src=\"https:\/\/static.xx.fbcdn.net\/images\/emoji.php\/v9\/t2d\/1\/16\/1f4cd.png\" alt=\"\ud83d\udccd\" width=\"16\" height=\"16\" \/><\/span>\u00a0\u0110\u1ecba \u0111i\u1ec3m: Lobby Lounge, t\u1ea7ng 1<\/div>\n<div dir=\"auto\" style=\"text-align: center\"><span class=\"html-span xexx8yu xyri2b x18d9i69 x1c1uobl x1hl2dhg x16tdsg8 x1vvkbs x3nfvp2 x1j61x8r x1fcty0u xdj266r xat24cr xm2jcoa x1mpyi22 xxymvpz xlup9mm x1kky2od\"><img loading=\"lazy\" decoding=\"async\" class=\"xz74otr x15mokao x1ga7v0g x16uus16 xbiv7yw\" src=\"https:\/\/static.xx.fbcdn.net\/images\/emoji.php\/v9\/tf\/1\/16\/1f942.png\" alt=\"\ud83e\udd42\" width=\"16\" height=\"16\" \/><\/span>\u00a0T\u00f9y ch\u1ecdn th\u00eam: Tr\u1ea3i nghi\u1ec7m th\u00eam \u0111\u1eb7c bi\u1ec7t v\u1edbi m\u1ed9t ly Prosecco ho\u1eb7c Champagne<\/div>\n<div dir=\"auto\" style=\"text-align: center\">___<\/div>\n<div dir=\"auto\" style=\"text-align: center\">\u0110\u1eb6T NGAY:<\/div>\n<div dir=\"auto\">\n<div dir=\"auto\" style=\"text-align: center\">Email:\u00a0<span class=\"a_GcMg font-feature-liga-off font-feature-clig-off font-feature-calt-off text-decoration-none text-strikethrough-none\">fb.reservation@icnhatrang.com<\/span><\/div>\n<div dir=\"auto\" style=\"text-align: center\">\u0110i\u1ec7n tho\u1ea1i: <span class=\"a_GcMg font-feature-liga-off font-feature-clig-off font-feature-calt-off text-decoration-none text-strikethrough-none\">+84 258 388 7777<\/span><\/div>\n<\/div>\n<\/div>\n","protected":false},"excerpt":{"rendered":"<p>Kh\u00e1m ph\u00e1 h\u01b0\u01a1ng v\u1ecb Vi\u1ec7t Nam qua b\u1ed9 s\u01b0u t\u1eadp tr\u00e0 chi\u1ec1u tinh t\u1ebf t\u1ea1i InterContinental Nha Trang. S\u1ef1 k\u1ebft h\u1ee3p h\u00e0i h\u00f2a gi\u1eefa tr\u00e0 truy\u1ec1n th\u1ed1ng v\u00e0 c\u00e1c m\u00f3n m\u1eb7n \u2013 ng\u1ecdt \u0111\u01b0\u1ee3c ch\u1ebf bi\u1ebfn t\u1ec9 m\u1ec9, mang \u0111\u1ebfn tr\u1ea3i nghi\u1ec7m thanh l\u1ecbch trong kh\u00f4ng gian bi\u1ec3n sang tr\u1ecdng. ___ \u00a0Gi\u00e1: 450,000++ m\u1ed9t set [&hellip;]<\/p>\n","protected":false},"author":6,"featured_media":5724,"parent":2245,"menu_order":0,"comment_status":"closed","ping_status":"closed","template":"template-event.php","meta":{"footnotes":""},"yoast_head":"<!-- This site is optimized with the Yoast SEO plugin v22.3 - https:\/\/yoast.com\/wordpress\/plugins\/seo\/ -->\n<title>Tr\u00e0 Chi\u1ec1u Tinh Hoa Vi\u1ec7t - InterContinental Nha Trang<\/title>\n<meta name=\"robots\" content=\"index, follow, max-snippet:-1, max-image-preview:large, max-video-preview:-1\" \/>\n<link rel=\"canonical\" href=\"https:\/\/nhatrang.intercontinental.com\/vi\/dining\/afternoon-tea\/\" \/>\n<meta property=\"og:locale\" content=\"vi_VN\" \/>\n<meta property=\"og:type\" content=\"article\" \/>\n<meta property=\"og:title\" content=\"Tr\u00e0 Chi\u1ec1u Tinh Hoa Vi\u1ec7t - InterContinental Nha Trang\" \/>\n<meta property=\"og:description\" content=\"Kh\u00e1m ph\u00e1 h\u01b0\u01a1ng v\u1ecb Vi\u1ec7t Nam qua b\u1ed9 s\u01b0u t\u1eadp tr\u00e0 chi\u1ec1u tinh t\u1ebf t\u1ea1i InterContinental Nha Trang. S\u1ef1 k\u1ebft h\u1ee3p h\u00e0i h\u00f2a gi\u1eefa tr\u00e0 truy\u1ec1n th\u1ed1ng v\u00e0 c\u00e1c m\u00f3n m\u1eb7n \u2013 ng\u1ecdt \u0111\u01b0\u1ee3c ch\u1ebf bi\u1ebfn t\u1ec9 m\u1ec9, mang \u0111\u1ebfn tr\u1ea3i nghi\u1ec7m thanh l\u1ecbch trong kh\u00f4ng gian bi\u1ec3n sang tr\u1ecdng. ___ \u00a0Gi\u00e1: 450,000++ m\u1ed9t set [&hellip;]\" \/>\n<meta property=\"og:url\" content=\"https:\/\/nhatrang.intercontinental.com\/vi\/dining\/afternoon-tea\/\" \/>\n<meta property=\"og:site_name\" content=\"InterContinental Nha Trang\" \/>\n<meta property=\"article:modified_time\" content=\"2026-03-03T10:16:01+00:00\" \/>\n<meta property=\"og:image\" content=\"https:\/\/nhatrang.intercontinental.com\/wp-content\/uploads\/sites\/100\/2026\/02\/Website-9-1024x512.png\" \/>\n\t<meta property=\"og:image:width\" content=\"1024\" \/>\n\t<meta property=\"og:image:height\" content=\"512\" \/>\n\t<meta property=\"og:image:type\" content=\"image\/png\" \/>\n<meta name=\"twitter:card\" content=\"summary_large_image\" \/>\n<meta name=\"twitter:label1\" content=\"Est. reading time\" \/>\n\t<meta name=\"twitter:data1\" content=\"2 minutes\" \/>\n<script type=\"application\/ld+json\" class=\"yoast-schema-graph\">{\"@context\":\"https:\/\/schema.org\",\"@graph\":[{\"@type\":\"WebPage\",\"@id\":\"https:\/\/nhatrang.intercontinental.com\/vi\/dining\/afternoon-tea\/\",\"url\":\"https:\/\/nhatrang.intercontinental.com\/vi\/dining\/afternoon-tea\/\",\"name\":\"Tr\u00e0 Chi\u1ec1u Tinh Hoa Vi\u1ec7t - InterContinental Nha Trang\",\"isPartOf\":{\"@id\":\"https:\/\/nhatrang.intercontinental.com\/vi\/#website\"},\"primaryImageOfPage\":{\"@id\":\"https:\/\/nhatrang.intercontinental.com\/vi\/dining\/afternoon-tea\/#primaryimage\"},\"image\":{\"@id\":\"https:\/\/nhatrang.intercontinental.com\/vi\/dining\/afternoon-tea\/#primaryimage\"},\"thumbnailUrl\":\"https:\/\/nhatrang.intercontinental.com\/wp-content\/uploads\/sites\/100\/2026\/02\/Website-9.png\",\"datePublished\":\"2025-05-07T09:09:00+00:00\",\"dateModified\":\"2026-03-03T10:16:01+00:00\",\"breadcrumb\":{\"@id\":\"https:\/\/nhatrang.intercontinental.com\/vi\/dining\/afternoon-tea\/#breadcrumb\"},\"inLanguage\":\"vi-VN\",\"potentialAction\":[{\"@type\":\"ReadAction\",\"target\":[\"https:\/\/nhatrang.intercontinental.com\/vi\/dining\/afternoon-tea\/\"]}]},{\"@type\":\"ImageObject\",\"inLanguage\":\"vi-VN\",\"@id\":\"https:\/\/nhatrang.intercontinental.com\/vi\/dining\/afternoon-tea\/#primaryimage\",\"url\":\"https:\/\/nhatrang.intercontinental.com\/wp-content\/uploads\/sites\/100\/2026\/02\/Website-9.png\",\"contentUrl\":\"https:\/\/nhatrang.intercontinental.com\/wp-content\/uploads\/sites\/100\/2026\/02\/Website-9.png\",\"width\":2200,\"height\":1100},{\"@type\":\"BreadcrumbList\",\"@id\":\"https:\/\/nhatrang.intercontinental.com\/vi\/dining\/afternoon-tea\/#breadcrumb\",\"itemListElement\":[{\"@type\":\"ListItem\",\"position\":1,\"name\":\"Home\",\"item\":\"https:\/\/nhatrang.intercontinental.com\/vi\/\"},{\"@type\":\"ListItem\",\"position\":2,\"name\":\"\u1ea8m th\u1ef1c\",\"item\":\"https:\/\/nhatrang.intercontinental.com\/vi\/dining\/\"},{\"@type\":\"ListItem\",\"position\":3,\"name\":\"Tr\u00e0 Chi\u1ec1u Tinh Hoa Vi\u1ec7t\"}]},{\"@type\":\"WebSite\",\"@id\":\"https:\/\/nhatrang.intercontinental.com\/vi\/#website\",\"url\":\"https:\/\/nhatrang.intercontinental.com\/vi\/\",\"name\":\"InterContinental Nha Trang\",\"description\":\"\",\"potentialAction\":[{\"@type\":\"SearchAction\",\"target\":{\"@type\":\"EntryPoint\",\"urlTemplate\":\"https:\/\/nhatrang.intercontinental.com\/vi\/?s={search_term_string}\"},\"query-input\":\"required name=search_term_string\"}],\"inLanguage\":\"vi-VN\"}]}<\/script>\n<!-- \/ Yoast SEO plugin. -->","yoast_head_json":{"title":"Tr\u00e0 Chi\u1ec1u Tinh Hoa Vi\u1ec7t - InterContinental Nha Trang","robots":{"index":"index","follow":"follow","max-snippet":"max-snippet:-1","max-image-preview":"max-image-preview:large","max-video-preview":"max-video-preview:-1"},"canonical":"https:\/\/nhatrang.intercontinental.com\/vi\/dining\/afternoon-tea\/","og_locale":"vi_VN","og_type":"article","og_title":"Tr\u00e0 Chi\u1ec1u Tinh Hoa Vi\u1ec7t - InterContinental Nha Trang","og_description":"Kh\u00e1m ph\u00e1 h\u01b0\u01a1ng v\u1ecb Vi\u1ec7t Nam qua b\u1ed9 s\u01b0u t\u1eadp tr\u00e0 chi\u1ec1u tinh t\u1ebf t\u1ea1i InterContinental Nha Trang. S\u1ef1 k\u1ebft h\u1ee3p h\u00e0i h\u00f2a gi\u1eefa tr\u00e0 truy\u1ec1n th\u1ed1ng v\u00e0 c\u00e1c m\u00f3n m\u1eb7n \u2013 ng\u1ecdt \u0111\u01b0\u1ee3c ch\u1ebf bi\u1ebfn t\u1ec9 m\u1ec9, mang \u0111\u1ebfn tr\u1ea3i nghi\u1ec7m thanh l\u1ecbch trong kh\u00f4ng gian bi\u1ec3n sang tr\u1ecdng. ___ \u00a0Gi\u00e1: 450,000++ m\u1ed9t set [&hellip;]","og_url":"https:\/\/nhatrang.intercontinental.com\/vi\/dining\/afternoon-tea\/","og_site_name":"InterContinental Nha Trang","article_modified_time":"2026-03-03T10:16:01+00:00","og_image":[{"width":1024,"height":512,"url":"https:\/\/nhatrang.intercontinental.com\/wp-content\/uploads\/sites\/100\/2026\/02\/Website-9-1024x512.png","type":"image\/png"}],"twitter_card":"summary_large_image","twitter_misc":{"Est. reading time":"2 minutes"},"schema":{"@context":"https:\/\/schema.org","@graph":[{"@type":"WebPage","@id":"https:\/\/nhatrang.intercontinental.com\/vi\/dining\/afternoon-tea\/","url":"https:\/\/nhatrang.intercontinental.com\/vi\/dining\/afternoon-tea\/","name":"Tr\u00e0 Chi\u1ec1u Tinh Hoa Vi\u1ec7t - InterContinental Nha Trang","isPartOf":{"@id":"https:\/\/nhatrang.intercontinental.com\/vi\/#website"},"primaryImageOfPage":{"@id":"https:\/\/nhatrang.intercontinental.com\/vi\/dining\/afternoon-tea\/#primaryimage"},"image":{"@id":"https:\/\/nhatrang.intercontinental.com\/vi\/dining\/afternoon-tea\/#primaryimage"},"thumbnailUrl":"https:\/\/nhatrang.intercontinental.com\/wp-content\/uploads\/sites\/100\/2026\/02\/Website-9.png","datePublished":"2025-05-07T09:09:00+00:00","dateModified":"2026-03-03T10:16:01+00:00","breadcrumb":{"@id":"https:\/\/nhatrang.intercontinental.com\/vi\/dining\/afternoon-tea\/#breadcrumb"},"inLanguage":"vi-VN","potentialAction":[{"@type":"ReadAction","target":["https:\/\/nhatrang.intercontinental.com\/vi\/dining\/afternoon-tea\/"]}]},{"@type":"ImageObject","inLanguage":"vi-VN","@id":"https:\/\/nhatrang.intercontinental.com\/vi\/dining\/afternoon-tea\/#primaryimage","url":"https:\/\/nhatrang.intercontinental.com\/wp-content\/uploads\/sites\/100\/2026\/02\/Website-9.png","contentUrl":"https:\/\/nhatrang.intercontinental.com\/wp-content\/uploads\/sites\/100\/2026\/02\/Website-9.png","width":2200,"height":1100},{"@type":"BreadcrumbList","@id":"https:\/\/nhatrang.intercontinental.com\/vi\/dining\/afternoon-tea\/#breadcrumb","itemListElement":[{"@type":"ListItem","position":1,"name":"Home","item":"https:\/\/nhatrang.intercontinental.com\/vi\/"},{"@type":"ListItem","position":2,"name":"\u1ea8m th\u1ef1c","item":"https:\/\/nhatrang.intercontinental.com\/vi\/dining\/"},{"@type":"ListItem","position":3,"name":"Tr\u00e0 Chi\u1ec1u Tinh Hoa Vi\u1ec7t"}]},{"@type":"WebSite","@id":"https:\/\/nhatrang.intercontinental.com\/vi\/#website","url":"https:\/\/nhatrang.intercontinental.com\/vi\/","name":"InterContinental Nha Trang","description":"","potentialAction":[{"@type":"SearchAction","target":{"@type":"EntryPoint","urlTemplate":"https:\/\/nhatrang.intercontinental.com\/vi\/?s={search_term_string}"},"query-input":"required name=search_term_string"}],"inLanguage":"vi-VN"}]}},"acf":[],"_links":{"self":[{"href":"https:\/\/nhatrang.intercontinental.com\/vi\/wp-json\/wp\/v2\/pages\/2248"}],"collection":[{"href":"https:\/\/nhatrang.intercontinental.com\/vi\/wp-json\/wp\/v2\/pages"}],"about":[{"href":"https:\/\/nhatrang.intercontinental.com\/vi\/wp-json\/wp\/v2\/types\/page"}],"author":[{"embeddable":true,"href":"https:\/\/nhatrang.intercontinental.com\/vi\/wp-json\/wp\/v2\/users\/6"}],"replies":[{"embeddable":true,"href":"https:\/\/nhatrang.intercontinental.com\/vi\/wp-json\/wp\/v2\/comments?post=2248"}],"version-history":[{"count":0,"href":"https:\/\/nhatrang.intercontinental.com\/vi\/wp-json\/wp\/v2\/pages\/2248\/revisions"}],"up":[{"embeddable":true,"href":"https:\/\/nhatrang.intercontinental.com\/vi\/wp-json\/wp\/v2\/pages\/2245"}],"wp:featuredmedia":[{"embeddable":true,"href":"https:\/\/nhatrang.intercontinental.com\/vi\/wp-json\/wp\/v2\/media\/5724"}],"wp:attachment":[{"href":"https:\/\/nhatrang.intercontinental.com\/vi\/wp-json\/wp\/v2\/media?parent=2248"}],"curies":[{"name":"wp","href":"https:\/\/api.w.org\/{rel}","templated":true}]}}