{"id":2249,"date":"2025-05-07T09:24:33","date_gmt":"2025-05-07T09:24:33","guid":{"rendered":"https:\/\/nhatrang.intercontinental.com\/dining\/happy-hour\/"},"modified":"2026-04-01T03:30:11","modified_gmt":"2026-04-01T03:30:11","slug":"happy-hour","status":"publish","type":"page","link":"https:\/\/nhatrang.intercontinental.com\/vi\/dining\/happy-hour\/","title":{"rendered":"Happy Hour"},"content":{"rendered":"<div class=\"relative basis-auto flex-col -mb-(--composer-overlap-px) [--composer-overlap-px:28px] grow flex overflow-hidden\">\n<div class=\"relative h-full\">\n<div class=\"flex h-full flex-col overflow-y-auto thread-xl:pt-(--header-height) [scrollbar-gutter:stable_both-edges]\">\n<div class=\"flex flex-col text-sm thread-xl:pt-header-height\">\n<article class=\"text-token-text-primary w-full focus:outline-none scroll-mt-[calc(var(--header-height)+min(200px,max(70px,20svh)))]\" dir=\"auto\" data-turn-id=\"request-68ca10e0-949c-832b-956e-d444d4093f5c-31\" data-testid=\"conversation-turn-180\" data-scroll-anchor=\"true\" data-turn=\"assistant\">\n<div class=\"text-base my-auto mx-auto pb-10 [--thread-content-margin:--spacing(4)] thread-sm:[--thread-content-margin:--spacing(6)] thread-lg:[--thread-content-margin:--spacing(16)] px-(--thread-content-margin)\">\n<div class=\"[--thread-content-max-width:40rem] thread-lg:[--thread-content-max-width:48rem] mx-auto max-w-(--thread-content-max-width) flex-1 group\/turn-messages focus-visible:outline-hidden relative flex w-full min-w-0 flex-col agent-turn\">\n<div class=\"flex max-w-full flex-col grow\">\n<div class=\"min-h-8 text-message relative flex w-full flex-col items-end gap-2 text-start break-words whitespace-normal [.text-message+&amp;]:mt-5\" dir=\"auto\" data-message-author-role=\"assistant\" data-message-id=\"fd1ea146-58d6-4431-82e9-1423de66ffa6\" data-message-model-slug=\"gpt-5\">\n<div class=\"flex w-full flex-col gap-1 empty:hidden first:pt-[3px]\">\n<div class=\"markdown prose dark:prose-invert w-full break-words light markdown-new-styling\">\n<p style=\"text-align: center\" data-start=\"0\" data-end=\"165\">Th\u01b0 gi\u00e3n c\u00f9ng <strong data-start=\"14\" data-end=\"28\">Happy Hour<\/strong> c\u1ee7a ch\u00fang t\u00f4i! Th\u01b0\u1edfng th\u1ee9c \u01b0u \u0111\u00e3i \u0111\u1ed9c quy\u1ec1n <strong data-start=\"73\" data-end=\"89\">mua 1 t\u1eb7ng 1<\/strong> cho c\u00e1c lo\u1ea1i \u0111\u1ed3 u\u1ed1ng v\u00e0 m\u00f3n \u0103n nh\u1eb9 trong kh\u00f4ng gian th\u01b0 th\u00e1i, phong c\u00e1ch.<\/p>\n<p style=\"text-align: center\" data-start=\"167\" data-end=\"301\">H\u00e3y \u0111\u1ec3 nh\u1eefng ly cocktail whisky \u0111\u1ea7y c\u00e1 t\u00ednh xua tan ng\u00e0y d\u00e0i v\u00e0 kh\u01a1i d\u1eady m\u1ed9t bu\u1ed5i t\u1ed1i \u0111\u1ea7y c\u1ea3m h\u1ee9ng d\u00e0nh ri\u00eang cho b\u1ea1n.<br data-start=\"285\" data-end=\"288\" \/>\u0110\u1eebng b\u1ecf l\u1ee1!<\/p>\n<p style=\"text-align: center\" data-start=\"303\" data-end=\"558\" data-is-last-node=\"\" data-is-only-node=\"\">\ud83c\udf78 <strong data-start=\"306\" data-end=\"336\">HAPPY HOUR COCKTAIL WHISKY<\/strong> \ud83c\udf78<br data-start=\"339\" data-end=\"342\" \/>Mua 1 T\u1eb7ng 1<br data-start=\"354\" data-end=\"357\" \/>\u2665<br data-start=\"358\" data-end=\"361\" \/><strong data-start=\"361\" data-end=\"373\">\u0110\u1ecba \u0111i\u1ec3m<\/strong>: Lobby Lounge \u2013 T\u1ea7ng 1<br data-start=\"396\" data-end=\"399\" \/><strong data-start=\"399\" data-end=\"412\">Th\u1eddi gian<\/strong>: H\u1eb1ng ng\u00e0y, t\u1eeb 17:00 \u0111\u1ebfn 19:00<br data-start=\"443\" data-end=\"446\" \/>\u2665<br data-start=\"447\" data-end=\"450\" \/><strong data-start=\"450\" data-end=\"482\">Th\u00f4ng tin chi ti\u1ebft | \u0110\u1eb7t ch\u1ed7<\/strong>:<br data-start=\"483\" data-end=\"486\" \/>Email: <a class=\"decorated-link cursor-pointer\" rel=\"noopener\" data-start=\"496\" data-end=\"525\">fb.reservation@icnhatrang.com<\/a><br data-start=\"525\" data-end=\"528\" \/>\u0110i\u1ec7n tho\u1ea1i: 0258 388 7777<\/p>\n<\/div>\n<\/div>\n<\/div>\n<\/div>\n<\/div>\n<\/div>\n<\/article>\n<\/div>\n<\/div>\n<\/div>\n<\/div>\n","protected":false},"excerpt":{"rendered":"<p>Th\u01b0 gi\u00e3n c\u00f9ng Happy Hour c\u1ee7a ch\u00fang t\u00f4i! Th\u01b0\u1edfng th\u1ee9c \u01b0u \u0111\u00e3i \u0111\u1ed9c quy\u1ec1n mua 1 t\u1eb7ng 1 cho c\u00e1c lo\u1ea1i \u0111\u1ed3 u\u1ed1ng v\u00e0 m\u00f3n \u0103n nh\u1eb9 trong kh\u00f4ng gian th\u01b0 th\u00e1i, phong c\u00e1ch. H\u00e3y \u0111\u1ec3 nh\u1eefng ly cocktail whisky \u0111\u1ea7y c\u00e1 t\u00ednh xua tan ng\u00e0y d\u00e0i v\u00e0 kh\u01a1i d\u1eady m\u1ed9t bu\u1ed5i t\u1ed1i \u0111\u1ea7y c\u1ea3m [&hellip;]<\/p>\n","protected":false},"author":6,"featured_media":2868,"parent":2245,"menu_order":0,"comment_status":"closed","ping_status":"closed","template":"template-event.php","meta":{"footnotes":""},"yoast_head":"<!-- This site is optimized with the Yoast SEO plugin v22.3 - https:\/\/yoast.com\/wordpress\/plugins\/seo\/ -->\n<title>\u01afu \u0111\u00e3i gi\u1edd v\u00e0ng cocktail t\u1ea1i Nha Trang 17:00\u201319:00 | Mua 1 t\u1eb7ng 1 \u0111\u1ed3 u\u1ed1ng<\/title>\n<meta name=\"description\" content=\"Ch\u01b0\u01a1ng tr\u00ecnh gi\u1edd v\u00e0ng h\u00e0ng ng\u00e0y t\u1ea1i Nha Trang t\u1eeb 17h \u0111\u1ebfn 19h v\u1edbi \u01b0u \u0111\u00e3i mua m\u1ed9t t\u1eb7ng m\u1ed9t cho cocktail, bia v\u00e0 r\u01b0\u1ee3u vang t\u1ea1i s\u1ea3nh ch\u1edd. \u0110\u1eb7t ch\u1ed7 ngay!\" \/>\n<meta name=\"robots\" content=\"index, follow, max-snippet:-1, max-image-preview:large, max-video-preview:-1\" \/>\n<link rel=\"canonical\" href=\"https:\/\/nhatrang.intercontinental.com\/vi\/dining\/happy-hour\/\" \/>\n<meta property=\"og:locale\" content=\"vi_VN\" \/>\n<meta property=\"og:type\" content=\"article\" \/>\n<meta property=\"og:title\" content=\"\u01afu \u0111\u00e3i gi\u1edd v\u00e0ng cocktail t\u1ea1i Nha Trang 17:00\u201319:00 | Mua 1 t\u1eb7ng 1 \u0111\u1ed3 u\u1ed1ng\" \/>\n<meta property=\"og:description\" content=\"Ch\u01b0\u01a1ng tr\u00ecnh gi\u1edd v\u00e0ng h\u00e0ng ng\u00e0y t\u1ea1i Nha Trang t\u1eeb 17h \u0111\u1ebfn 19h v\u1edbi \u01b0u \u0111\u00e3i mua m\u1ed9t t\u1eb7ng m\u1ed9t cho cocktail, bia v\u00e0 r\u01b0\u1ee3u vang t\u1ea1i s\u1ea3nh ch\u1edd. \u0110\u1eb7t ch\u1ed7 ngay!\" \/>\n<meta property=\"og:url\" content=\"https:\/\/nhatrang.intercontinental.com\/vi\/dining\/happy-hour\/\" \/>\n<meta property=\"og:site_name\" content=\"InterContinental Nha Trang\" \/>\n<meta property=\"article:modified_time\" content=\"2026-04-01T03:30:11+00:00\" \/>\n<meta property=\"og:image\" content=\"https:\/\/nhatrang.intercontinental.com\/wp-content\/uploads\/sites\/100\/2025\/08\/Anh-ngang-24.png\" \/>\n\t<meta property=\"og:image:width\" content=\"1200\" \/>\n\t<meta property=\"og:image:height\" content=\"800\" \/>\n\t<meta property=\"og:image:type\" content=\"image\/png\" \/>\n<meta name=\"twitter:card\" content=\"summary_large_image\" \/>\n<meta name=\"twitter:label1\" content=\"Est. reading time\" \/>\n\t<meta name=\"twitter:data1\" content=\"1 minute\" \/>\n<script type=\"application\/ld+json\" class=\"yoast-schema-graph\">{\"@context\":\"https:\/\/schema.org\",\"@graph\":[{\"@type\":\"WebPage\",\"@id\":\"https:\/\/nhatrang.intercontinental.com\/vi\/dining\/happy-hour\/\",\"url\":\"https:\/\/nhatrang.intercontinental.com\/vi\/dining\/happy-hour\/\",\"name\":\"\u01afu \u0111\u00e3i gi\u1edd v\u00e0ng cocktail t\u1ea1i Nha Trang 17:00\u201319:00 | Mua 1 t\u1eb7ng 1 \u0111\u1ed3 u\u1ed1ng\",\"isPartOf\":{\"@id\":\"https:\/\/nhatrang.intercontinental.com\/vi\/#website\"},\"primaryImageOfPage\":{\"@id\":\"https:\/\/nhatrang.intercontinental.com\/vi\/dining\/happy-hour\/#primaryimage\"},\"image\":{\"@id\":\"https:\/\/nhatrang.intercontinental.com\/vi\/dining\/happy-hour\/#primaryimage\"},\"thumbnailUrl\":\"https:\/\/nhatrang.intercontinental.com\/wp-content\/uploads\/sites\/100\/2025\/08\/Anh-ngang-24.png\",\"datePublished\":\"2025-05-07T09:24:33+00:00\",\"dateModified\":\"2026-04-01T03:30:11+00:00\",\"description\":\"Ch\u01b0\u01a1ng tr\u00ecnh gi\u1edd v\u00e0ng h\u00e0ng ng\u00e0y t\u1ea1i Nha Trang t\u1eeb 17h \u0111\u1ebfn 19h v\u1edbi \u01b0u \u0111\u00e3i mua m\u1ed9t t\u1eb7ng m\u1ed9t cho cocktail, bia v\u00e0 r\u01b0\u1ee3u vang t\u1ea1i s\u1ea3nh ch\u1edd. \u0110\u1eb7t ch\u1ed7 ngay!\",\"breadcrumb\":{\"@id\":\"https:\/\/nhatrang.intercontinental.com\/vi\/dining\/happy-hour\/#breadcrumb\"},\"inLanguage\":\"vi-VN\",\"potentialAction\":[{\"@type\":\"ReadAction\",\"target\":[\"https:\/\/nhatrang.intercontinental.com\/vi\/dining\/happy-hour\/\"]}]},{\"@type\":\"ImageObject\",\"inLanguage\":\"vi-VN\",\"@id\":\"https:\/\/nhatrang.intercontinental.com\/vi\/dining\/happy-hour\/#primaryimage\",\"url\":\"https:\/\/nhatrang.intercontinental.com\/wp-content\/uploads\/sites\/100\/2025\/08\/Anh-ngang-24.png\",\"contentUrl\":\"https:\/\/nhatrang.intercontinental.com\/wp-content\/uploads\/sites\/100\/2025\/08\/Anh-ngang-24.png\",\"width\":1200,\"height\":800},{\"@type\":\"BreadcrumbList\",\"@id\":\"https:\/\/nhatrang.intercontinental.com\/vi\/dining\/happy-hour\/#breadcrumb\",\"itemListElement\":[{\"@type\":\"ListItem\",\"position\":1,\"name\":\"Home\",\"item\":\"https:\/\/nhatrang.intercontinental.com\/vi\/\"},{\"@type\":\"ListItem\",\"position\":2,\"name\":\"\u1ea8m th\u1ef1c\",\"item\":\"https:\/\/nhatrang.intercontinental.com\/vi\/dining\/\"},{\"@type\":\"ListItem\",\"position\":3,\"name\":\"Happy Hour\"}]},{\"@type\":\"WebSite\",\"@id\":\"https:\/\/nhatrang.intercontinental.com\/vi\/#website\",\"url\":\"https:\/\/nhatrang.intercontinental.com\/vi\/\",\"name\":\"InterContinental Nha Trang\",\"description\":\"\",\"potentialAction\":[{\"@type\":\"SearchAction\",\"target\":{\"@type\":\"EntryPoint\",\"urlTemplate\":\"https:\/\/nhatrang.intercontinental.com\/vi\/?s={search_term_string}\"},\"query-input\":\"required name=search_term_string\"}],\"inLanguage\":\"vi-VN\"}]}<\/script>\n<!-- \/ Yoast SEO plugin. -->","yoast_head_json":{"title":"\u01afu \u0111\u00e3i gi\u1edd v\u00e0ng cocktail t\u1ea1i Nha Trang 17:00\u201319:00 | Mua 1 t\u1eb7ng 1 \u0111\u1ed3 u\u1ed1ng","description":"Ch\u01b0\u01a1ng tr\u00ecnh gi\u1edd v\u00e0ng h\u00e0ng ng\u00e0y t\u1ea1i Nha Trang t\u1eeb 17h \u0111\u1ebfn 19h v\u1edbi \u01b0u \u0111\u00e3i mua m\u1ed9t t\u1eb7ng m\u1ed9t cho cocktail, bia v\u00e0 r\u01b0\u1ee3u vang t\u1ea1i s\u1ea3nh ch\u1edd. \u0110\u1eb7t ch\u1ed7 ngay!","robots":{"index":"index","follow":"follow","max-snippet":"max-snippet:-1","max-image-preview":"max-image-preview:large","max-video-preview":"max-video-preview:-1"},"canonical":"https:\/\/nhatrang.intercontinental.com\/vi\/dining\/happy-hour\/","og_locale":"vi_VN","og_type":"article","og_title":"\u01afu \u0111\u00e3i gi\u1edd v\u00e0ng cocktail t\u1ea1i Nha Trang 17:00\u201319:00 | Mua 1 t\u1eb7ng 1 \u0111\u1ed3 u\u1ed1ng","og_description":"Ch\u01b0\u01a1ng tr\u00ecnh gi\u1edd v\u00e0ng h\u00e0ng ng\u00e0y t\u1ea1i Nha Trang t\u1eeb 17h \u0111\u1ebfn 19h v\u1edbi \u01b0u \u0111\u00e3i mua m\u1ed9t t\u1eb7ng m\u1ed9t cho cocktail, bia v\u00e0 r\u01b0\u1ee3u vang t\u1ea1i s\u1ea3nh ch\u1edd. \u0110\u1eb7t ch\u1ed7 ngay!","og_url":"https:\/\/nhatrang.intercontinental.com\/vi\/dining\/happy-hour\/","og_site_name":"InterContinental Nha Trang","article_modified_time":"2026-04-01T03:30:11+00:00","og_image":[{"width":1200,"height":800,"url":"https:\/\/nhatrang.intercontinental.com\/wp-content\/uploads\/sites\/100\/2025\/08\/Anh-ngang-24.png","type":"image\/png"}],"twitter_card":"summary_large_image","twitter_misc":{"Est. reading time":"1 minute"},"schema":{"@context":"https:\/\/schema.org","@graph":[{"@type":"WebPage","@id":"https:\/\/nhatrang.intercontinental.com\/vi\/dining\/happy-hour\/","url":"https:\/\/nhatrang.intercontinental.com\/vi\/dining\/happy-hour\/","name":"\u01afu \u0111\u00e3i gi\u1edd v\u00e0ng cocktail t\u1ea1i Nha Trang 17:00\u201319:00 | Mua 1 t\u1eb7ng 1 \u0111\u1ed3 u\u1ed1ng","isPartOf":{"@id":"https:\/\/nhatrang.intercontinental.com\/vi\/#website"},"primaryImageOfPage":{"@id":"https:\/\/nhatrang.intercontinental.com\/vi\/dining\/happy-hour\/#primaryimage"},"image":{"@id":"https:\/\/nhatrang.intercontinental.com\/vi\/dining\/happy-hour\/#primaryimage"},"thumbnailUrl":"https:\/\/nhatrang.intercontinental.com\/wp-content\/uploads\/sites\/100\/2025\/08\/Anh-ngang-24.png","datePublished":"2025-05-07T09:24:33+00:00","dateModified":"2026-04-01T03:30:11+00:00","description":"Ch\u01b0\u01a1ng tr\u00ecnh gi\u1edd v\u00e0ng h\u00e0ng ng\u00e0y t\u1ea1i Nha Trang t\u1eeb 17h \u0111\u1ebfn 19h v\u1edbi \u01b0u \u0111\u00e3i mua m\u1ed9t t\u1eb7ng m\u1ed9t cho cocktail, bia v\u00e0 r\u01b0\u1ee3u vang t\u1ea1i s\u1ea3nh ch\u1edd. \u0110\u1eb7t ch\u1ed7 ngay!","breadcrumb":{"@id":"https:\/\/nhatrang.intercontinental.com\/vi\/dining\/happy-hour\/#breadcrumb"},"inLanguage":"vi-VN","potentialAction":[{"@type":"ReadAction","target":["https:\/\/nhatrang.intercontinental.com\/vi\/dining\/happy-hour\/"]}]},{"@type":"ImageObject","inLanguage":"vi-VN","@id":"https:\/\/nhatrang.intercontinental.com\/vi\/dining\/happy-hour\/#primaryimage","url":"https:\/\/nhatrang.intercontinental.com\/wp-content\/uploads\/sites\/100\/2025\/08\/Anh-ngang-24.png","contentUrl":"https:\/\/nhatrang.intercontinental.com\/wp-content\/uploads\/sites\/100\/2025\/08\/Anh-ngang-24.png","width":1200,"height":800},{"@type":"BreadcrumbList","@id":"https:\/\/nhatrang.intercontinental.com\/vi\/dining\/happy-hour\/#breadcrumb","itemListElement":[{"@type":"ListItem","position":1,"name":"Home","item":"https:\/\/nhatrang.intercontinental.com\/vi\/"},{"@type":"ListItem","position":2,"name":"\u1ea8m th\u1ef1c","item":"https:\/\/nhatrang.intercontinental.com\/vi\/dining\/"},{"@type":"ListItem","position":3,"name":"Happy Hour"}]},{"@type":"WebSite","@id":"https:\/\/nhatrang.intercontinental.com\/vi\/#website","url":"https:\/\/nhatrang.intercontinental.com\/vi\/","name":"InterContinental Nha Trang","description":"","potentialAction":[{"@type":"SearchAction","target":{"@type":"EntryPoint","urlTemplate":"https:\/\/nhatrang.intercontinental.com\/vi\/?s={search_term_string}"},"query-input":"required name=search_term_string"}],"inLanguage":"vi-VN"}]}},"acf":[],"_links":{"self":[{"href":"https:\/\/nhatrang.intercontinental.com\/vi\/wp-json\/wp\/v2\/pages\/2249"}],"collection":[{"href":"https:\/\/nhatrang.intercontinental.com\/vi\/wp-json\/wp\/v2\/pages"}],"about":[{"href":"https:\/\/nhatrang.intercontinental.com\/vi\/wp-json\/wp\/v2\/types\/page"}],"author":[{"embeddable":true,"href":"https:\/\/nhatrang.intercontinental.com\/vi\/wp-json\/wp\/v2\/users\/6"}],"replies":[{"embeddable":true,"href":"https:\/\/nhatrang.intercontinental.com\/vi\/wp-json\/wp\/v2\/comments?post=2249"}],"version-history":[{"count":0,"href":"https:\/\/nhatrang.intercontinental.com\/vi\/wp-json\/wp\/v2\/pages\/2249\/revisions"}],"up":[{"embeddable":true,"href":"https:\/\/nhatrang.intercontinental.com\/vi\/wp-json\/wp\/v2\/pages\/2245"}],"wp:featuredmedia":[{"embeddable":true,"href":"https:\/\/nhatrang.intercontinental.com\/vi\/wp-json\/wp\/v2\/media\/2868"}],"wp:attachment":[{"href":"https:\/\/nhatrang.intercontinental.com\/vi\/wp-json\/wp\/v2\/media?parent=2249"}],"curies":[{"name":"wp","href":"https:\/\/api.w.org\/{rel}","templated":true}]}}