{"id":2252,"date":"2025-05-07T08:30:52","date_gmt":"2025-05-07T08:30:52","guid":{"rendered":"https:\/\/nhatrang.intercontinental.com\/dining\/cookbook-cafe\/"},"modified":"2026-01-27T03:39:25","modified_gmt":"2026-01-27T03:39:25","slug":"cookbook-cafe","status":"publish","type":"page","link":"https:\/\/nhatrang.intercontinental.com\/vi\/dining\/cookbook-cafe\/","title":{"rendered":"Cookbook Caf\u00e9"},"content":{"rendered":"<p>Cookbook Caf\u00e9 l\u00e0 nh\u00e0 h\u00e0ng \u0111\u1eb7c tr\u01b0ng c\u1ee7a ch\u00fang t\u00f4i, t\u1ecda l\u1ea1c c\u1ea1nh Lobby Bar t\u1ea1i t\u1ea7ng m\u1ed9t.<br \/>\nH\u1ec7 th\u1ed1ng b\u1ebfp m\u1edf \u0111a d\u1ea1ng mang \u0111\u1ebfn tr\u1ea3i nghi\u1ec7m \u1ea9m th\u1ef1c s\u00f4i \u0111\u1ed9ng v\u00e0 t\u01b0\u01a1ng t\u00e1c, \u0111\u1ed3ng th\u1eddi v\u1eabn \u0111\u1ea3m b\u1ea3o ch\u1ea5t l\u01b0\u1ee3ng v\u00e0 c\u00e1ch tr\u00ecnh b\u00e0y \u0111\u1eb3ng c\u1ea5p nh\u01b0 b\u1ea1n mong \u0111\u1ee3i t\u1ea1i InterContinental Nha Trang.<\/p>\n<p>Th\u1ef1c kh\u00e1ch c\u00f3 th\u1ec3 th\u01b0\u1edfng th\u1ee9c c\u00e1c m\u00f3n h\u1ea3i s\u1ea3n t\u01b0\u01a1i ngon, th\u1ecbt n\u01b0\u1edbng than h\u1ea5p d\u1eabn v\u00e0 \u0111\u1eb7c s\u1ea3n Vi\u1ec7t Nam trong kh\u00f4ng gian m\u00e1y l\u1ea1nh tho\u1ea3i m\u00e1i, ho\u1eb7c l\u1ef1a ch\u1ecdn d\u00f9ng b\u1eefa ngo\u00e0i tr\u1eddi t\u1ea1i khu s\u00e2n hi\u00ean nh\u00ecn ra v\u1ecbnh Nha Trang.<\/p>\n<p>Ph\u1ee5c v\u1ee5 b\u1eefa s\u00e1ng t\u1eeb 6:00 s\u00e1ng \u0111\u1ebfn 10:30 s\u00e1ng<br data-start=\"44\" data-end=\"47\" \/>Ph\u1ee5c v\u1ee5 b\u1eefa tr\u01b0a t\u1eeb 11:00 tr\u01b0a \u0111\u1ebfn 4:00 chi\u1ec1u<br data-start=\"92\" data-end=\"95\" \/>Ph\u1ee5c v\u1ee5 b\u1eefa t\u1ed1i t\u1eeb 5:00 chi\u1ec1u \u0111\u1ebfn 10:00 t\u1ed1i<\/p>\n","protected":false},"excerpt":{"rendered":"<p>Cookbook Caf\u00e9 l\u00e0 nh\u00e0 h\u00e0ng \u0111\u1eb7c tr\u01b0ng c\u1ee7a ch\u00fang t\u00f4i, t\u1ecda l\u1ea1c c\u1ea1nh Lobby Bar t\u1ea1i t\u1ea7ng m\u1ed9t. H\u1ec7 th\u1ed1ng b\u1ebfp m\u1edf \u0111a d\u1ea1ng mang \u0111\u1ebfn tr\u1ea3i nghi\u1ec7m \u1ea9m th\u1ef1c s\u00f4i \u0111\u1ed9ng v\u00e0 t\u01b0\u01a1ng t\u00e1c, \u0111\u1ed3ng th\u1eddi v\u1eabn \u0111\u1ea3m b\u1ea3o ch\u1ea5t l\u01b0\u1ee3ng v\u00e0 c\u00e1ch tr\u00ecnh b\u00e0y \u0111\u1eb3ng c\u1ea5p nh\u01b0 b\u1ea1n mong \u0111\u1ee3i t\u1ea1i InterContinental Nha [&hellip;]<\/p>\n","protected":false},"author":6,"featured_media":512,"parent":2245,"menu_order":1,"comment_status":"closed","ping_status":"closed","template":"template-dining.php","meta":{"footnotes":""},"yoast_head":"<!-- This site is optimized with the Yoast SEO plugin v22.3 - https:\/\/yoast.com\/wordpress\/plugins\/seo\/ -->\n<title>Cookbook Caf\u00e9 - InterContinental Nha Trang<\/title>\n<meta name=\"description\" content=\"Dine anytime at Cookbook Caf\u00e9 \u2013 enjoy set lunch, dinner, \u00e0 la carte menus, and weekend seafood buffet with steak, seafood, Vietnamese, and global flavors.\" \/>\n<meta name=\"robots\" content=\"index, follow, max-snippet:-1, max-image-preview:large, max-video-preview:-1\" \/>\n<link rel=\"canonical\" href=\"https:\/\/nhatrang.intercontinental.com\/vi\/dining\/cookbook-cafe\/\" \/>\n<meta property=\"og:locale\" content=\"vi_VN\" \/>\n<meta property=\"og:type\" content=\"article\" \/>\n<meta property=\"og:title\" content=\"Cookbook Caf\u00e9 - InterContinental Nha Trang\" \/>\n<meta property=\"og:description\" content=\"Dine anytime at Cookbook Caf\u00e9 \u2013 enjoy set lunch, dinner, \u00e0 la carte menus, and weekend seafood buffet with steak, seafood, Vietnamese, and global flavors.\" \/>\n<meta property=\"og:url\" content=\"https:\/\/nhatrang.intercontinental.com\/vi\/dining\/cookbook-cafe\/\" \/>\n<meta property=\"og:site_name\" content=\"InterContinental Nha Trang\" \/>\n<meta property=\"article:modified_time\" content=\"2026-01-27T03:39:25+00:00\" \/>\n<meta property=\"og:image\" content=\"https:\/\/nhatrang.intercontinental.com\/wp-content\/uploads\/sites\/100\/2025\/05\/CBC-1.jpg\" \/>\n\t<meta property=\"og:image:width\" content=\"2200\" \/>\n\t<meta property=\"og:image:height\" content=\"1200\" \/>\n\t<meta property=\"og:image:type\" content=\"image\/jpeg\" \/>\n<meta name=\"twitter:card\" content=\"summary_large_image\" \/>\n<meta name=\"twitter:label1\" content=\"Est. reading time\" \/>\n\t<meta name=\"twitter:data1\" content=\"1 minute\" \/>\n<script type=\"application\/ld+json\" class=\"yoast-schema-graph\">{\"@context\":\"https:\/\/schema.org\",\"@graph\":[{\"@type\":\"WebPage\",\"@id\":\"https:\/\/nhatrang.intercontinental.com\/vi\/dining\/cookbook-cafe\/\",\"url\":\"https:\/\/nhatrang.intercontinental.com\/vi\/dining\/cookbook-cafe\/\",\"name\":\"Cookbook Caf\u00e9 - InterContinental Nha Trang\",\"isPartOf\":{\"@id\":\"https:\/\/nhatrang.intercontinental.com\/vi\/#website\"},\"primaryImageOfPage\":{\"@id\":\"https:\/\/nhatrang.intercontinental.com\/vi\/dining\/cookbook-cafe\/#primaryimage\"},\"image\":{\"@id\":\"https:\/\/nhatrang.intercontinental.com\/vi\/dining\/cookbook-cafe\/#primaryimage\"},\"thumbnailUrl\":\"https:\/\/nhatrang.intercontinental.com\/wp-content\/uploads\/sites\/100\/2025\/05\/CBC-1.jpg\",\"datePublished\":\"2025-05-07T08:30:52+00:00\",\"dateModified\":\"2026-01-27T03:39:25+00:00\",\"description\":\"Dine anytime at Cookbook Caf\u00e9 \u2013 enjoy set lunch, dinner, \u00e0 la carte menus, and weekend seafood buffet with steak, seafood, Vietnamese, and global flavors.\",\"breadcrumb\":{\"@id\":\"https:\/\/nhatrang.intercontinental.com\/vi\/dining\/cookbook-cafe\/#breadcrumb\"},\"inLanguage\":\"vi-VN\",\"potentialAction\":[{\"@type\":\"ReadAction\",\"target\":[\"https:\/\/nhatrang.intercontinental.com\/vi\/dining\/cookbook-cafe\/\"]}]},{\"@type\":\"ImageObject\",\"inLanguage\":\"vi-VN\",\"@id\":\"https:\/\/nhatrang.intercontinental.com\/vi\/dining\/cookbook-cafe\/#primaryimage\",\"url\":\"https:\/\/nhatrang.intercontinental.com\/wp-content\/uploads\/sites\/100\/2025\/05\/CBC-1.jpg\",\"contentUrl\":\"https:\/\/nhatrang.intercontinental.com\/wp-content\/uploads\/sites\/100\/2025\/05\/CBC-1.jpg\",\"width\":2200,\"height\":1200},{\"@type\":\"BreadcrumbList\",\"@id\":\"https:\/\/nhatrang.intercontinental.com\/vi\/dining\/cookbook-cafe\/#breadcrumb\",\"itemListElement\":[{\"@type\":\"ListItem\",\"position\":1,\"name\":\"Home\",\"item\":\"https:\/\/nhatrang.intercontinental.com\/vi\/\"},{\"@type\":\"ListItem\",\"position\":2,\"name\":\"\u1ea8m th\u1ef1c\",\"item\":\"https:\/\/nhatrang.intercontinental.com\/vi\/dining\/\"},{\"@type\":\"ListItem\",\"position\":3,\"name\":\"Cookbook Caf\u00e9\"}]},{\"@type\":\"WebSite\",\"@id\":\"https:\/\/nhatrang.intercontinental.com\/vi\/#website\",\"url\":\"https:\/\/nhatrang.intercontinental.com\/vi\/\",\"name\":\"InterContinental Nha Trang\",\"description\":\"\",\"potentialAction\":[{\"@type\":\"SearchAction\",\"target\":{\"@type\":\"EntryPoint\",\"urlTemplate\":\"https:\/\/nhatrang.intercontinental.com\/vi\/?s={search_term_string}\"},\"query-input\":\"required name=search_term_string\"}],\"inLanguage\":\"vi-VN\"}]}<\/script>\n<!-- \/ Yoast SEO plugin. -->","yoast_head_json":{"title":"Cookbook Caf\u00e9 - InterContinental Nha Trang","description":"Dine anytime at Cookbook Caf\u00e9 \u2013 enjoy set lunch, dinner, \u00e0 la carte menus, and weekend seafood buffet with steak, seafood, Vietnamese, and global flavors.","robots":{"index":"index","follow":"follow","max-snippet":"max-snippet:-1","max-image-preview":"max-image-preview:large","max-video-preview":"max-video-preview:-1"},"canonical":"https:\/\/nhatrang.intercontinental.com\/vi\/dining\/cookbook-cafe\/","og_locale":"vi_VN","og_type":"article","og_title":"Cookbook Caf\u00e9 - InterContinental Nha Trang","og_description":"Dine anytime at Cookbook Caf\u00e9 \u2013 enjoy set lunch, dinner, \u00e0 la carte menus, and weekend seafood buffet with steak, seafood, Vietnamese, and global flavors.","og_url":"https:\/\/nhatrang.intercontinental.com\/vi\/dining\/cookbook-cafe\/","og_site_name":"InterContinental Nha Trang","article_modified_time":"2026-01-27T03:39:25+00:00","og_image":[{"width":2200,"height":1200,"url":"https:\/\/nhatrang.intercontinental.com\/wp-content\/uploads\/sites\/100\/2025\/05\/CBC-1.jpg","type":"image\/jpeg"}],"twitter_card":"summary_large_image","twitter_misc":{"Est. reading time":"1 minute"},"schema":{"@context":"https:\/\/schema.org","@graph":[{"@type":"WebPage","@id":"https:\/\/nhatrang.intercontinental.com\/vi\/dining\/cookbook-cafe\/","url":"https:\/\/nhatrang.intercontinental.com\/vi\/dining\/cookbook-cafe\/","name":"Cookbook Caf\u00e9 - InterContinental Nha Trang","isPartOf":{"@id":"https:\/\/nhatrang.intercontinental.com\/vi\/#website"},"primaryImageOfPage":{"@id":"https:\/\/nhatrang.intercontinental.com\/vi\/dining\/cookbook-cafe\/#primaryimage"},"image":{"@id":"https:\/\/nhatrang.intercontinental.com\/vi\/dining\/cookbook-cafe\/#primaryimage"},"thumbnailUrl":"https:\/\/nhatrang.intercontinental.com\/wp-content\/uploads\/sites\/100\/2025\/05\/CBC-1.jpg","datePublished":"2025-05-07T08:30:52+00:00","dateModified":"2026-01-27T03:39:25+00:00","description":"Dine anytime at Cookbook Caf\u00e9 \u2013 enjoy set lunch, dinner, \u00e0 la carte menus, and weekend seafood buffet with steak, seafood, Vietnamese, and global flavors.","breadcrumb":{"@id":"https:\/\/nhatrang.intercontinental.com\/vi\/dining\/cookbook-cafe\/#breadcrumb"},"inLanguage":"vi-VN","potentialAction":[{"@type":"ReadAction","target":["https:\/\/nhatrang.intercontinental.com\/vi\/dining\/cookbook-cafe\/"]}]},{"@type":"ImageObject","inLanguage":"vi-VN","@id":"https:\/\/nhatrang.intercontinental.com\/vi\/dining\/cookbook-cafe\/#primaryimage","url":"https:\/\/nhatrang.intercontinental.com\/wp-content\/uploads\/sites\/100\/2025\/05\/CBC-1.jpg","contentUrl":"https:\/\/nhatrang.intercontinental.com\/wp-content\/uploads\/sites\/100\/2025\/05\/CBC-1.jpg","width":2200,"height":1200},{"@type":"BreadcrumbList","@id":"https:\/\/nhatrang.intercontinental.com\/vi\/dining\/cookbook-cafe\/#breadcrumb","itemListElement":[{"@type":"ListItem","position":1,"name":"Home","item":"https:\/\/nhatrang.intercontinental.com\/vi\/"},{"@type":"ListItem","position":2,"name":"\u1ea8m th\u1ef1c","item":"https:\/\/nhatrang.intercontinental.com\/vi\/dining\/"},{"@type":"ListItem","position":3,"name":"Cookbook Caf\u00e9"}]},{"@type":"WebSite","@id":"https:\/\/nhatrang.intercontinental.com\/vi\/#website","url":"https:\/\/nhatrang.intercontinental.com\/vi\/","name":"InterContinental Nha Trang","description":"","potentialAction":[{"@type":"SearchAction","target":{"@type":"EntryPoint","urlTemplate":"https:\/\/nhatrang.intercontinental.com\/vi\/?s={search_term_string}"},"query-input":"required name=search_term_string"}],"inLanguage":"vi-VN"}]}},"acf":[],"_links":{"self":[{"href":"https:\/\/nhatrang.intercontinental.com\/vi\/wp-json\/wp\/v2\/pages\/2252"}],"collection":[{"href":"https:\/\/nhatrang.intercontinental.com\/vi\/wp-json\/wp\/v2\/pages"}],"about":[{"href":"https:\/\/nhatrang.intercontinental.com\/vi\/wp-json\/wp\/v2\/types\/page"}],"author":[{"embeddable":true,"href":"https:\/\/nhatrang.intercontinental.com\/vi\/wp-json\/wp\/v2\/users\/6"}],"replies":[{"embeddable":true,"href":"https:\/\/nhatrang.intercontinental.com\/vi\/wp-json\/wp\/v2\/comments?post=2252"}],"version-history":[{"count":0,"href":"https:\/\/nhatrang.intercontinental.com\/vi\/wp-json\/wp\/v2\/pages\/2252\/revisions"}],"up":[{"embeddable":true,"href":"https:\/\/nhatrang.intercontinental.com\/vi\/wp-json\/wp\/v2\/pages\/2245"}],"wp:featuredmedia":[{"embeddable":true,"href":"https:\/\/nhatrang.intercontinental.com\/vi\/wp-json\/wp\/v2\/media\/512"}],"wp:attachment":[{"href":"https:\/\/nhatrang.intercontinental.com\/vi\/wp-json\/wp\/v2\/media?parent=2252"}],"curies":[{"name":"wp","href":"https:\/\/api.w.org\/{rel}","templated":true}]}}