{"id":2253,"date":"2025-05-07T08:45:17","date_gmt":"2025-05-07T08:45:17","guid":{"rendered":"https:\/\/nhatrang.intercontinental.com\/dining\/the-lobby-lounge\/"},"modified":"2026-04-01T03:35:20","modified_gmt":"2026-04-01T03:35:20","slug":"lobby-lounge","status":"publish","type":"page","link":"https:\/\/nhatrang.intercontinental.com\/vi\/dining\/lobby-lounge\/","title":{"rendered":"Lobby Lounge"},"content":{"rendered":"<p>Lobby Lounge c\u1ee7a ch\u00fang t\u00f4i, t\u1ecda l\u1ea1c t\u1ea1i t\u1ea7ng m\u1ed9t, l\u00e0 \u0111i\u1ec3m \u0111\u1ebfn l\u00fd t\u01b0\u1edfng t\u1ea1i Nha Trang \u0111\u1ec3 th\u01b0\u1edfng th\u1ee9c c\u00e0 ph\u00ea, cocktail ho\u1eb7c m\u1ed9t ly r\u01b0\u1ee3u vang m\u00e1t l\u1ea1nh.<br \/>\nKh\u00f4ng gian sang tr\u1ecdng v\u00e0 \u1ea5m c\u00fang \u0111\u01b0\u1ee3c t\u00f4 \u0111i\u1ec3m b\u1edfi nh\u1eefng khung c\u1eeda k\u00ednh to\u00e0n c\u1ea3nh t\u1eeb s\u00e0n \u0111\u1ebfn tr\u1ea7n, mang \u0111\u1ebfn t\u1ea7m nh\u00ecn ho\u00e0n h\u1ea3o ra v\u1ecbnh Nha Trang c\u1ea3 ban ng\u00e0y l\u1eabn ban \u0111\u00eam.<\/p>\n<p>H\u00e3y \u0111\u1ec3 bartender c\u1ee7a ch\u00fang t\u00f4i pha ch\u1ebf cho b\u1ea1n m\u1ed9t trong nh\u1eefng lo\u1ea1i cocktail \u0111\u1eb7c tr\u01b0ng, ho\u1eb7c n\u1ebfu b\u1ea1n th\u00edch, c\u00f3 th\u1ec3 l\u1ef1a ch\u1ecdn t\u1eeb b\u1ed9 s\u01b0u t\u1eadp tr\u00e0 qu\u1ed1c t\u1ebf v\u00e0 c\u00e0 ph\u00ea \u0111\u1ecba ph\u01b0\u01a1ng \u2013 ph\u1ee5c v\u1ee5 n\u00f3ng ho\u1eb7c l\u1ea1nh s\u1ea3ng kho\u00e1i.<\/p>\n","protected":false},"excerpt":{"rendered":"<p>Lobby Lounge c\u1ee7a ch\u00fang t\u00f4i, t\u1ecda l\u1ea1c t\u1ea1i t\u1ea7ng m\u1ed9t, l\u00e0 \u0111i\u1ec3m \u0111\u1ebfn l\u00fd t\u01b0\u1edfng t\u1ea1i Nha Trang \u0111\u1ec3 th\u01b0\u1edfng th\u1ee9c c\u00e0 ph\u00ea, cocktail ho\u1eb7c m\u1ed9t ly r\u01b0\u1ee3u vang m\u00e1t l\u1ea1nh. Kh\u00f4ng gian sang tr\u1ecdng v\u00e0 \u1ea5m c\u00fang \u0111\u01b0\u1ee3c t\u00f4 \u0111i\u1ec3m b\u1edfi nh\u1eefng khung c\u1eeda k\u00ednh to\u00e0n c\u1ea3nh t\u1eeb s\u00e0n \u0111\u1ebfn tr\u1ea7n, mang \u0111\u1ebfn t\u1ea7m [&hellip;]<\/p>\n","protected":false},"author":6,"featured_media":537,"parent":2245,"menu_order":2,"comment_status":"closed","ping_status":"closed","template":"template-restaurant.php","meta":{"footnotes":""},"yoast_head":"<!-- This site is optimized with the Yoast SEO plugin v22.3 - https:\/\/yoast.com\/wordpress\/plugins\/seo\/ -->\n<title>Lobby Lounge | \u00e0 ph\u00ea, cocktail v\u00e0 r\u01b0\u1ee3u vang t\u1ea1i Nha Trang<\/title>\n<meta name=\"description\" content=\"Th\u01b0\u1edfng th\u1ee9c c\u00e0 ph\u00ea, r\u01b0\u1ee3u vang v\u00e0 c\u00e1c lo\u1ea1i cocktail pha ch\u1ebf th\u1ee7 c\u00f4ng trong kh\u00f4ng gian sang tr\u1ecdng v\u1edbi t\u1ea7m nh\u00ecn ra v\u1ecbnh Nha Trang. \u0110\u1eb7t ch\u1ed7 ngay!\" \/>\n<meta name=\"robots\" content=\"index, follow, max-snippet:-1, max-image-preview:large, max-video-preview:-1\" \/>\n<link rel=\"canonical\" href=\"https:\/\/nhatrang.intercontinental.com\/vi\/dining\/lobby-lounge\/\" \/>\n<meta property=\"og:locale\" content=\"vi_VN\" \/>\n<meta property=\"og:type\" content=\"article\" \/>\n<meta property=\"og:title\" content=\"Lobby Lounge | \u00e0 ph\u00ea, cocktail v\u00e0 r\u01b0\u1ee3u vang t\u1ea1i Nha Trang\" \/>\n<meta property=\"og:description\" content=\"Th\u01b0\u1edfng th\u1ee9c c\u00e0 ph\u00ea, r\u01b0\u1ee3u vang v\u00e0 c\u00e1c lo\u1ea1i cocktail pha ch\u1ebf th\u1ee7 c\u00f4ng trong kh\u00f4ng gian sang tr\u1ecdng v\u1edbi t\u1ea7m nh\u00ecn ra v\u1ecbnh Nha Trang. \u0110\u1eb7t ch\u1ed7 ngay!\" \/>\n<meta property=\"og:url\" content=\"https:\/\/nhatrang.intercontinental.com\/vi\/dining\/lobby-lounge\/\" \/>\n<meta property=\"og:site_name\" content=\"InterContinental Nha Trang\" \/>\n<meta property=\"article:modified_time\" content=\"2026-04-01T03:35:20+00:00\" \/>\n<meta property=\"og:image\" content=\"https:\/\/nhatrang.intercontinental.com\/wp-content\/uploads\/sites\/100\/2025\/05\/Lobby-Lounge-1.jpg\" \/>\n\t<meta property=\"og:image:width\" content=\"2200\" \/>\n\t<meta property=\"og:image:height\" content=\"1200\" \/>\n\t<meta property=\"og:image:type\" content=\"image\/jpeg\" \/>\n<meta name=\"twitter:card\" content=\"summary_large_image\" \/>\n<meta name=\"twitter:label1\" content=\"Est. reading time\" \/>\n\t<meta name=\"twitter:data1\" content=\"1 minute\" \/>\n<script type=\"application\/ld+json\" class=\"yoast-schema-graph\">{\"@context\":\"https:\/\/schema.org\",\"@graph\":[{\"@type\":\"WebPage\",\"@id\":\"https:\/\/nhatrang.intercontinental.com\/vi\/dining\/lobby-lounge\/\",\"url\":\"https:\/\/nhatrang.intercontinental.com\/vi\/dining\/lobby-lounge\/\",\"name\":\"Lobby Lounge | \u00e0 ph\u00ea, cocktail v\u00e0 r\u01b0\u1ee3u vang t\u1ea1i Nha Trang\",\"isPartOf\":{\"@id\":\"https:\/\/nhatrang.intercontinental.com\/vi\/#website\"},\"primaryImageOfPage\":{\"@id\":\"https:\/\/nhatrang.intercontinental.com\/vi\/dining\/lobby-lounge\/#primaryimage\"},\"image\":{\"@id\":\"https:\/\/nhatrang.intercontinental.com\/vi\/dining\/lobby-lounge\/#primaryimage\"},\"thumbnailUrl\":\"https:\/\/nhatrang.intercontinental.com\/wp-content\/uploads\/sites\/100\/2025\/05\/Lobby-Lounge-1.jpg\",\"datePublished\":\"2025-05-07T08:45:17+00:00\",\"dateModified\":\"2026-04-01T03:35:20+00:00\",\"description\":\"Th\u01b0\u1edfng th\u1ee9c c\u00e0 ph\u00ea, r\u01b0\u1ee3u vang v\u00e0 c\u00e1c lo\u1ea1i cocktail pha ch\u1ebf th\u1ee7 c\u00f4ng trong kh\u00f4ng gian sang tr\u1ecdng v\u1edbi t\u1ea7m nh\u00ecn ra v\u1ecbnh Nha Trang. \u0110\u1eb7t ch\u1ed7 ngay!\",\"breadcrumb\":{\"@id\":\"https:\/\/nhatrang.intercontinental.com\/vi\/dining\/lobby-lounge\/#breadcrumb\"},\"inLanguage\":\"vi-VN\",\"potentialAction\":[{\"@type\":\"ReadAction\",\"target\":[\"https:\/\/nhatrang.intercontinental.com\/vi\/dining\/lobby-lounge\/\"]}]},{\"@type\":\"ImageObject\",\"inLanguage\":\"vi-VN\",\"@id\":\"https:\/\/nhatrang.intercontinental.com\/vi\/dining\/lobby-lounge\/#primaryimage\",\"url\":\"https:\/\/nhatrang.intercontinental.com\/wp-content\/uploads\/sites\/100\/2025\/05\/Lobby-Lounge-1.jpg\",\"contentUrl\":\"https:\/\/nhatrang.intercontinental.com\/wp-content\/uploads\/sites\/100\/2025\/05\/Lobby-Lounge-1.jpg\",\"width\":2200,\"height\":1200},{\"@type\":\"BreadcrumbList\",\"@id\":\"https:\/\/nhatrang.intercontinental.com\/vi\/dining\/lobby-lounge\/#breadcrumb\",\"itemListElement\":[{\"@type\":\"ListItem\",\"position\":1,\"name\":\"Home\",\"item\":\"https:\/\/nhatrang.intercontinental.com\/vi\/\"},{\"@type\":\"ListItem\",\"position\":2,\"name\":\"\u1ea8m th\u1ef1c\",\"item\":\"https:\/\/nhatrang.intercontinental.com\/vi\/dining\/\"},{\"@type\":\"ListItem\",\"position\":3,\"name\":\"Lobby Lounge\"}]},{\"@type\":\"WebSite\",\"@id\":\"https:\/\/nhatrang.intercontinental.com\/vi\/#website\",\"url\":\"https:\/\/nhatrang.intercontinental.com\/vi\/\",\"name\":\"InterContinental Nha Trang\",\"description\":\"\",\"potentialAction\":[{\"@type\":\"SearchAction\",\"target\":{\"@type\":\"EntryPoint\",\"urlTemplate\":\"https:\/\/nhatrang.intercontinental.com\/vi\/?s={search_term_string}\"},\"query-input\":\"required name=search_term_string\"}],\"inLanguage\":\"vi-VN\"}]}<\/script>\n<!-- \/ Yoast SEO plugin. -->","yoast_head_json":{"title":"Lobby Lounge | \u00e0 ph\u00ea, cocktail v\u00e0 r\u01b0\u1ee3u vang t\u1ea1i Nha Trang","description":"Th\u01b0\u1edfng th\u1ee9c c\u00e0 ph\u00ea, r\u01b0\u1ee3u vang v\u00e0 c\u00e1c lo\u1ea1i cocktail pha ch\u1ebf th\u1ee7 c\u00f4ng trong kh\u00f4ng gian sang tr\u1ecdng v\u1edbi t\u1ea7m nh\u00ecn ra v\u1ecbnh Nha Trang. \u0110\u1eb7t ch\u1ed7 ngay!","robots":{"index":"index","follow":"follow","max-snippet":"max-snippet:-1","max-image-preview":"max-image-preview:large","max-video-preview":"max-video-preview:-1"},"canonical":"https:\/\/nhatrang.intercontinental.com\/vi\/dining\/lobby-lounge\/","og_locale":"vi_VN","og_type":"article","og_title":"Lobby Lounge | \u00e0 ph\u00ea, cocktail v\u00e0 r\u01b0\u1ee3u vang t\u1ea1i Nha Trang","og_description":"Th\u01b0\u1edfng th\u1ee9c c\u00e0 ph\u00ea, r\u01b0\u1ee3u vang v\u00e0 c\u00e1c lo\u1ea1i cocktail pha ch\u1ebf th\u1ee7 c\u00f4ng trong kh\u00f4ng gian sang tr\u1ecdng v\u1edbi t\u1ea7m nh\u00ecn ra v\u1ecbnh Nha Trang. \u0110\u1eb7t ch\u1ed7 ngay!","og_url":"https:\/\/nhatrang.intercontinental.com\/vi\/dining\/lobby-lounge\/","og_site_name":"InterContinental Nha Trang","article_modified_time":"2026-04-01T03:35:20+00:00","og_image":[{"width":2200,"height":1200,"url":"https:\/\/nhatrang.intercontinental.com\/wp-content\/uploads\/sites\/100\/2025\/05\/Lobby-Lounge-1.jpg","type":"image\/jpeg"}],"twitter_card":"summary_large_image","twitter_misc":{"Est. reading time":"1 minute"},"schema":{"@context":"https:\/\/schema.org","@graph":[{"@type":"WebPage","@id":"https:\/\/nhatrang.intercontinental.com\/vi\/dining\/lobby-lounge\/","url":"https:\/\/nhatrang.intercontinental.com\/vi\/dining\/lobby-lounge\/","name":"Lobby Lounge | \u00e0 ph\u00ea, cocktail v\u00e0 r\u01b0\u1ee3u vang t\u1ea1i Nha Trang","isPartOf":{"@id":"https:\/\/nhatrang.intercontinental.com\/vi\/#website"},"primaryImageOfPage":{"@id":"https:\/\/nhatrang.intercontinental.com\/vi\/dining\/lobby-lounge\/#primaryimage"},"image":{"@id":"https:\/\/nhatrang.intercontinental.com\/vi\/dining\/lobby-lounge\/#primaryimage"},"thumbnailUrl":"https:\/\/nhatrang.intercontinental.com\/wp-content\/uploads\/sites\/100\/2025\/05\/Lobby-Lounge-1.jpg","datePublished":"2025-05-07T08:45:17+00:00","dateModified":"2026-04-01T03:35:20+00:00","description":"Th\u01b0\u1edfng th\u1ee9c c\u00e0 ph\u00ea, r\u01b0\u1ee3u vang v\u00e0 c\u00e1c lo\u1ea1i cocktail pha ch\u1ebf th\u1ee7 c\u00f4ng trong kh\u00f4ng gian sang tr\u1ecdng v\u1edbi t\u1ea7m nh\u00ecn ra v\u1ecbnh Nha Trang. \u0110\u1eb7t ch\u1ed7 ngay!","breadcrumb":{"@id":"https:\/\/nhatrang.intercontinental.com\/vi\/dining\/lobby-lounge\/#breadcrumb"},"inLanguage":"vi-VN","potentialAction":[{"@type":"ReadAction","target":["https:\/\/nhatrang.intercontinental.com\/vi\/dining\/lobby-lounge\/"]}]},{"@type":"ImageObject","inLanguage":"vi-VN","@id":"https:\/\/nhatrang.intercontinental.com\/vi\/dining\/lobby-lounge\/#primaryimage","url":"https:\/\/nhatrang.intercontinental.com\/wp-content\/uploads\/sites\/100\/2025\/05\/Lobby-Lounge-1.jpg","contentUrl":"https:\/\/nhatrang.intercontinental.com\/wp-content\/uploads\/sites\/100\/2025\/05\/Lobby-Lounge-1.jpg","width":2200,"height":1200},{"@type":"BreadcrumbList","@id":"https:\/\/nhatrang.intercontinental.com\/vi\/dining\/lobby-lounge\/#breadcrumb","itemListElement":[{"@type":"ListItem","position":1,"name":"Home","item":"https:\/\/nhatrang.intercontinental.com\/vi\/"},{"@type":"ListItem","position":2,"name":"\u1ea8m th\u1ef1c","item":"https:\/\/nhatrang.intercontinental.com\/vi\/dining\/"},{"@type":"ListItem","position":3,"name":"Lobby Lounge"}]},{"@type":"WebSite","@id":"https:\/\/nhatrang.intercontinental.com\/vi\/#website","url":"https:\/\/nhatrang.intercontinental.com\/vi\/","name":"InterContinental Nha Trang","description":"","potentialAction":[{"@type":"SearchAction","target":{"@type":"EntryPoint","urlTemplate":"https:\/\/nhatrang.intercontinental.com\/vi\/?s={search_term_string}"},"query-input":"required name=search_term_string"}],"inLanguage":"vi-VN"}]}},"acf":[],"_links":{"self":[{"href":"https:\/\/nhatrang.intercontinental.com\/vi\/wp-json\/wp\/v2\/pages\/2253"}],"collection":[{"href":"https:\/\/nhatrang.intercontinental.com\/vi\/wp-json\/wp\/v2\/pages"}],"about":[{"href":"https:\/\/nhatrang.intercontinental.com\/vi\/wp-json\/wp\/v2\/types\/page"}],"author":[{"embeddable":true,"href":"https:\/\/nhatrang.intercontinental.com\/vi\/wp-json\/wp\/v2\/users\/6"}],"replies":[{"embeddable":true,"href":"https:\/\/nhatrang.intercontinental.com\/vi\/wp-json\/wp\/v2\/comments?post=2253"}],"version-history":[{"count":0,"href":"https:\/\/nhatrang.intercontinental.com\/vi\/wp-json\/wp\/v2\/pages\/2253\/revisions"}],"up":[{"embeddable":true,"href":"https:\/\/nhatrang.intercontinental.com\/vi\/wp-json\/wp\/v2\/pages\/2245"}],"wp:featuredmedia":[{"embeddable":true,"href":"https:\/\/nhatrang.intercontinental.com\/vi\/wp-json\/wp\/v2\/media\/537"}],"wp:attachment":[{"href":"https:\/\/nhatrang.intercontinental.com\/vi\/wp-json\/wp\/v2\/media?parent=2253"}],"curies":[{"name":"wp","href":"https:\/\/api.w.org\/{rel}","templated":true}]}}