{"id":2254,"date":"2025-05-07T08:51:12","date_gmt":"2025-05-07T08:51:12","guid":{"rendered":"https:\/\/nhatrang.intercontinental.com\/dining\/aqualine-bar\/"},"modified":"2025-09-09T06:55:30","modified_gmt":"2025-09-09T06:55:30","slug":"aqualine-bar","status":"publish","type":"page","link":"https:\/\/nhatrang.intercontinental.com\/vi\/dining\/aqualine-bar\/","title":{"rendered":"Aqualine"},"content":{"rendered":"<p>H\u00f2a m\u00ecnh v\u00e0o kh\u00f4ng gian th\u01b0 gi\u00e3n t\u1ea1i Aqualine \u2013 khu v\u1ef1c h\u1ed3 b\u01a1i t\u1ea7ng hai, n\u01a1i mang \u0111\u1ebfn t\u1ea7m nh\u00ecn \u0111\u1eb9p nh\u1ea5t th\u00e0nh ph\u1ed1.<br \/>\nPh\u00f3ng t\u1ea7m m\u1eaft ra v\u1ecbnh Nha Trang tuy\u1ec7t \u0111\u1eb9p, b\u1ea1n c\u00f3 th\u1ec3 th\u01b0 gi\u00e3n tr\u00ean nh\u1eefng gh\u1ebf t\u1eafm n\u1eafng \u00eam \u00e1i d\u01b0\u1edbi \u00e1nh n\u1eafng nhi\u1ec7t \u0111\u1edbi, trong khi l\u00e0n gi\u00f3 bi\u1ec3n m\u00e1t l\u00e0nh nh\u1eb9 nh\u00e0ng l\u01b0\u1edbt qua.<\/p>\n<p>N\u01b0\u1edbc \u00e9p tr\u00e1i c\u00e2y t\u01b0\u01a1i v\u00e0 c\u00e1c lo\u1ea1i sinh t\u1ed1 \u0111\u01b0\u1ee3c ph\u1ee5c v\u1ee5 k\u00e8m theo th\u1ef1c \u0111\u01a1n m\u00f3n nh\u1eb9 h\u1ea5p d\u1eabn, t\u1ea5t c\u1ea3 s\u1ebd \u0111\u01b0\u1ee3c mang \u0111\u1ebfn t\u1eadn gh\u1ebf cho b\u1ea1n.<br \/>\nCh\u00fang t\u00f4i c\u00f2n cung c\u1ea5p b\u1ed9 s\u01b0u t\u1eadp r\u01b0\u1ee3u rum, vodka nh\u1eadp kh\u1ea9u v\u00e0 whisky cao c\u1ea5p \u0111\u1ea7y \u1ea5n t\u01b0\u1ee3ng. \u0110\u1ed9i ng\u0169 nh\u00e2n vi\u00ean c\u1ee7a ch\u00fang t\u00f4i lu\u00f4n s\u1eb5n s\u00e0ng pha ch\u1ebf cocktail theo s\u1edf th\u00edch \u0111\u1ec3 b\u1ea1n th\u01b0\u1edfng th\u1ee9c ngay t\u1ea1i h\u1ed3 b\u01a1i.<\/p>\n","protected":false},"excerpt":{"rendered":"<p>H\u00f2a m\u00ecnh v\u00e0o kh\u00f4ng gian th\u01b0 gi\u00e3n t\u1ea1i Aqualine \u2013 khu v\u1ef1c h\u1ed3 b\u01a1i t\u1ea7ng hai, n\u01a1i mang \u0111\u1ebfn t\u1ea7m nh\u00ecn \u0111\u1eb9p nh\u1ea5t th\u00e0nh ph\u1ed1. Ph\u00f3ng t\u1ea7m m\u1eaft ra v\u1ecbnh Nha Trang tuy\u1ec7t \u0111\u1eb9p, b\u1ea1n c\u00f3 th\u1ec3 th\u01b0 gi\u00e3n tr\u00ean nh\u1eefng gh\u1ebf t\u1eafm n\u1eafng \u00eam \u00e1i d\u01b0\u1edbi \u00e1nh n\u1eafng nhi\u1ec7t \u0111\u1edbi, trong khi l\u00e0n gi\u00f3 [&hellip;]<\/p>\n","protected":false},"author":6,"featured_media":517,"parent":2245,"menu_order":3,"comment_status":"closed","ping_status":"closed","template":"template-restaurant.php","meta":{"footnotes":""},"yoast_head":"<!-- This site is optimized with the Yoast SEO plugin v22.3 - https:\/\/yoast.com\/wordpress\/plugins\/seo\/ -->\n<title>Aqualine - InterContinental Nha Trang<\/title>\n<meta name=\"robots\" content=\"index, follow, max-snippet:-1, max-image-preview:large, max-video-preview:-1\" \/>\n<link rel=\"canonical\" href=\"https:\/\/nhatrang.intercontinental.com\/vi\/dining\/aqualine-bar\/\" \/>\n<meta property=\"og:locale\" content=\"vi_VN\" \/>\n<meta property=\"og:type\" content=\"article\" \/>\n<meta property=\"og:title\" content=\"Aqualine - InterContinental Nha Trang\" \/>\n<meta property=\"og:description\" content=\"H\u00f2a m\u00ecnh v\u00e0o kh\u00f4ng gian th\u01b0 gi\u00e3n t\u1ea1i Aqualine \u2013 khu v\u1ef1c h\u1ed3 b\u01a1i t\u1ea7ng hai, n\u01a1i mang \u0111\u1ebfn t\u1ea7m nh\u00ecn \u0111\u1eb9p nh\u1ea5t th\u00e0nh ph\u1ed1. Ph\u00f3ng t\u1ea7m m\u1eaft ra v\u1ecbnh Nha Trang tuy\u1ec7t \u0111\u1eb9p, b\u1ea1n c\u00f3 th\u1ec3 th\u01b0 gi\u00e3n tr\u00ean nh\u1eefng gh\u1ebf t\u1eafm n\u1eafng \u00eam \u00e1i d\u01b0\u1edbi \u00e1nh n\u1eafng nhi\u1ec7t \u0111\u1edbi, trong khi l\u00e0n gi\u00f3 [&hellip;]\" \/>\n<meta property=\"og:url\" content=\"https:\/\/nhatrang.intercontinental.com\/vi\/dining\/aqualine-bar\/\" \/>\n<meta property=\"og:site_name\" content=\"InterContinental Nha Trang\" \/>\n<meta property=\"article:modified_time\" content=\"2025-09-09T06:55:30+00:00\" \/>\n<meta property=\"og:image\" content=\"https:\/\/nhatrang.intercontinental.com\/wp-content\/uploads\/sites\/100\/2025\/05\/Aqualine-1.jpg\" \/>\n\t<meta property=\"og:image:width\" content=\"2200\" \/>\n\t<meta property=\"og:image:height\" content=\"1200\" \/>\n\t<meta property=\"og:image:type\" content=\"image\/jpeg\" \/>\n<meta name=\"twitter:card\" content=\"summary_large_image\" \/>\n<meta name=\"twitter:label1\" content=\"Est. reading time\" \/>\n\t<meta name=\"twitter:data1\" content=\"1 minute\" \/>\n<script type=\"application\/ld+json\" class=\"yoast-schema-graph\">{\"@context\":\"https:\/\/schema.org\",\"@graph\":[{\"@type\":\"WebPage\",\"@id\":\"https:\/\/nhatrang.intercontinental.com\/vi\/dining\/aqualine-bar\/\",\"url\":\"https:\/\/nhatrang.intercontinental.com\/vi\/dining\/aqualine-bar\/\",\"name\":\"Aqualine - InterContinental Nha Trang\",\"isPartOf\":{\"@id\":\"https:\/\/nhatrang.intercontinental.com\/vi\/#website\"},\"primaryImageOfPage\":{\"@id\":\"https:\/\/nhatrang.intercontinental.com\/vi\/dining\/aqualine-bar\/#primaryimage\"},\"image\":{\"@id\":\"https:\/\/nhatrang.intercontinental.com\/vi\/dining\/aqualine-bar\/#primaryimage\"},\"thumbnailUrl\":\"https:\/\/nhatrang.intercontinental.com\/wp-content\/uploads\/sites\/100\/2025\/05\/Aqualine-1.jpg\",\"datePublished\":\"2025-05-07T08:51:12+00:00\",\"dateModified\":\"2025-09-09T06:55:30+00:00\",\"breadcrumb\":{\"@id\":\"https:\/\/nhatrang.intercontinental.com\/vi\/dining\/aqualine-bar\/#breadcrumb\"},\"inLanguage\":\"vi-VN\",\"potentialAction\":[{\"@type\":\"ReadAction\",\"target\":[\"https:\/\/nhatrang.intercontinental.com\/vi\/dining\/aqualine-bar\/\"]}]},{\"@type\":\"ImageObject\",\"inLanguage\":\"vi-VN\",\"@id\":\"https:\/\/nhatrang.intercontinental.com\/vi\/dining\/aqualine-bar\/#primaryimage\",\"url\":\"https:\/\/nhatrang.intercontinental.com\/wp-content\/uploads\/sites\/100\/2025\/05\/Aqualine-1.jpg\",\"contentUrl\":\"https:\/\/nhatrang.intercontinental.com\/wp-content\/uploads\/sites\/100\/2025\/05\/Aqualine-1.jpg\",\"width\":2200,\"height\":1200},{\"@type\":\"BreadcrumbList\",\"@id\":\"https:\/\/nhatrang.intercontinental.com\/vi\/dining\/aqualine-bar\/#breadcrumb\",\"itemListElement\":[{\"@type\":\"ListItem\",\"position\":1,\"name\":\"Home\",\"item\":\"https:\/\/nhatrang.intercontinental.com\/vi\/\"},{\"@type\":\"ListItem\",\"position\":2,\"name\":\"\u1ea8m th\u1ef1c\",\"item\":\"https:\/\/nhatrang.intercontinental.com\/vi\/dining\/\"},{\"@type\":\"ListItem\",\"position\":3,\"name\":\"Aqualine\"}]},{\"@type\":\"WebSite\",\"@id\":\"https:\/\/nhatrang.intercontinental.com\/vi\/#website\",\"url\":\"https:\/\/nhatrang.intercontinental.com\/vi\/\",\"name\":\"InterContinental Nha Trang\",\"description\":\"\",\"potentialAction\":[{\"@type\":\"SearchAction\",\"target\":{\"@type\":\"EntryPoint\",\"urlTemplate\":\"https:\/\/nhatrang.intercontinental.com\/vi\/?s={search_term_string}\"},\"query-input\":\"required name=search_term_string\"}],\"inLanguage\":\"vi-VN\"}]}<\/script>\n<!-- \/ Yoast SEO plugin. -->","yoast_head_json":{"title":"Aqualine - InterContinental Nha Trang","robots":{"index":"index","follow":"follow","max-snippet":"max-snippet:-1","max-image-preview":"max-image-preview:large","max-video-preview":"max-video-preview:-1"},"canonical":"https:\/\/nhatrang.intercontinental.com\/vi\/dining\/aqualine-bar\/","og_locale":"vi_VN","og_type":"article","og_title":"Aqualine - InterContinental Nha Trang","og_description":"H\u00f2a m\u00ecnh v\u00e0o kh\u00f4ng gian th\u01b0 gi\u00e3n t\u1ea1i Aqualine \u2013 khu v\u1ef1c h\u1ed3 b\u01a1i t\u1ea7ng hai, n\u01a1i mang \u0111\u1ebfn t\u1ea7m nh\u00ecn \u0111\u1eb9p nh\u1ea5t th\u00e0nh ph\u1ed1. Ph\u00f3ng t\u1ea7m m\u1eaft ra v\u1ecbnh Nha Trang tuy\u1ec7t \u0111\u1eb9p, b\u1ea1n c\u00f3 th\u1ec3 th\u01b0 gi\u00e3n tr\u00ean nh\u1eefng gh\u1ebf t\u1eafm n\u1eafng \u00eam \u00e1i d\u01b0\u1edbi \u00e1nh n\u1eafng nhi\u1ec7t \u0111\u1edbi, trong khi l\u00e0n gi\u00f3 [&hellip;]","og_url":"https:\/\/nhatrang.intercontinental.com\/vi\/dining\/aqualine-bar\/","og_site_name":"InterContinental Nha Trang","article_modified_time":"2025-09-09T06:55:30+00:00","og_image":[{"width":2200,"height":1200,"url":"https:\/\/nhatrang.intercontinental.com\/wp-content\/uploads\/sites\/100\/2025\/05\/Aqualine-1.jpg","type":"image\/jpeg"}],"twitter_card":"summary_large_image","twitter_misc":{"Est. reading time":"1 minute"},"schema":{"@context":"https:\/\/schema.org","@graph":[{"@type":"WebPage","@id":"https:\/\/nhatrang.intercontinental.com\/vi\/dining\/aqualine-bar\/","url":"https:\/\/nhatrang.intercontinental.com\/vi\/dining\/aqualine-bar\/","name":"Aqualine - InterContinental Nha Trang","isPartOf":{"@id":"https:\/\/nhatrang.intercontinental.com\/vi\/#website"},"primaryImageOfPage":{"@id":"https:\/\/nhatrang.intercontinental.com\/vi\/dining\/aqualine-bar\/#primaryimage"},"image":{"@id":"https:\/\/nhatrang.intercontinental.com\/vi\/dining\/aqualine-bar\/#primaryimage"},"thumbnailUrl":"https:\/\/nhatrang.intercontinental.com\/wp-content\/uploads\/sites\/100\/2025\/05\/Aqualine-1.jpg","datePublished":"2025-05-07T08:51:12+00:00","dateModified":"2025-09-09T06:55:30+00:00","breadcrumb":{"@id":"https:\/\/nhatrang.intercontinental.com\/vi\/dining\/aqualine-bar\/#breadcrumb"},"inLanguage":"vi-VN","potentialAction":[{"@type":"ReadAction","target":["https:\/\/nhatrang.intercontinental.com\/vi\/dining\/aqualine-bar\/"]}]},{"@type":"ImageObject","inLanguage":"vi-VN","@id":"https:\/\/nhatrang.intercontinental.com\/vi\/dining\/aqualine-bar\/#primaryimage","url":"https:\/\/nhatrang.intercontinental.com\/wp-content\/uploads\/sites\/100\/2025\/05\/Aqualine-1.jpg","contentUrl":"https:\/\/nhatrang.intercontinental.com\/wp-content\/uploads\/sites\/100\/2025\/05\/Aqualine-1.jpg","width":2200,"height":1200},{"@type":"BreadcrumbList","@id":"https:\/\/nhatrang.intercontinental.com\/vi\/dining\/aqualine-bar\/#breadcrumb","itemListElement":[{"@type":"ListItem","position":1,"name":"Home","item":"https:\/\/nhatrang.intercontinental.com\/vi\/"},{"@type":"ListItem","position":2,"name":"\u1ea8m th\u1ef1c","item":"https:\/\/nhatrang.intercontinental.com\/vi\/dining\/"},{"@type":"ListItem","position":3,"name":"Aqualine"}]},{"@type":"WebSite","@id":"https:\/\/nhatrang.intercontinental.com\/vi\/#website","url":"https:\/\/nhatrang.intercontinental.com\/vi\/","name":"InterContinental Nha Trang","description":"","potentialAction":[{"@type":"SearchAction","target":{"@type":"EntryPoint","urlTemplate":"https:\/\/nhatrang.intercontinental.com\/vi\/?s={search_term_string}"},"query-input":"required name=search_term_string"}],"inLanguage":"vi-VN"}]}},"acf":[],"_links":{"self":[{"href":"https:\/\/nhatrang.intercontinental.com\/vi\/wp-json\/wp\/v2\/pages\/2254"}],"collection":[{"href":"https:\/\/nhatrang.intercontinental.com\/vi\/wp-json\/wp\/v2\/pages"}],"about":[{"href":"https:\/\/nhatrang.intercontinental.com\/vi\/wp-json\/wp\/v2\/types\/page"}],"author":[{"embeddable":true,"href":"https:\/\/nhatrang.intercontinental.com\/vi\/wp-json\/wp\/v2\/users\/6"}],"replies":[{"embeddable":true,"href":"https:\/\/nhatrang.intercontinental.com\/vi\/wp-json\/wp\/v2\/comments?post=2254"}],"version-history":[{"count":0,"href":"https:\/\/nhatrang.intercontinental.com\/vi\/wp-json\/wp\/v2\/pages\/2254\/revisions"}],"up":[{"embeddable":true,"href":"https:\/\/nhatrang.intercontinental.com\/vi\/wp-json\/wp\/v2\/pages\/2245"}],"wp:featuredmedia":[{"embeddable":true,"href":"https:\/\/nhatrang.intercontinental.com\/vi\/wp-json\/wp\/v2\/media\/517"}],"wp:attachment":[{"href":"https:\/\/nhatrang.intercontinental.com\/vi\/wp-json\/wp\/v2\/media?parent=2254"}],"curies":[{"name":"wp","href":"https:\/\/api.w.org\/{rel}","templated":true}]}}