{"id":2257,"date":"2025-06-02T06:06:57","date_gmt":"2025-06-02T06:06:57","guid":{"rendered":"https:\/\/nhatrang.intercontinental.com\/5-star-hotel-facilities-in-nha-trang\/"},"modified":"2025-10-29T08:36:30","modified_gmt":"2025-10-29T08:36:30","slug":"facilities","status":"publish","type":"page","link":"https:\/\/nhatrang.intercontinental.com\/vi\/facilities\/","title":{"rendered":"Ti\u1ec7n \u00edch"},"content":{"rendered":"<p>T\u1ea1i InterContinental Nha Trang, ch\u00fang t\u00f4i tr\u00e2n tr\u1ecdng m\u1eddi b\u1ea1n n\u00e2ng t\u1ea7m k\u1ef3 ngh\u1ec9 v\u1edbi nh\u1eefng ti\u1ec7n \u00edch \u0111\u01b0\u1ee3c ch\u1ecdn l\u1ecdc k\u1ef9 l\u01b0\u1ee1ng, nh\u1eb1m h\u1ed3i ph\u1ee5c c\u01a1 th\u1ec3, truy\u1ec1n c\u1ea3m h\u1ee9ng cho tinh th\u1ea7n v\u00e0 mang \u0111\u1ebfn ni\u1ec1m vui cho m\u1ecdi th\u00e0nh vi\u00ean trong gia \u0111\u00ecnh.<br \/>\nD\u00f9 b\u1ea1n t\u00ecm ki\u1ebfm nh\u1eefng bu\u1ed5i t\u1eadp luy\u1ec7n tr\u00e0n \u0111\u1ea7y n\u0103ng l\u01b0\u1ee3ng, kho\u1ea3nh kh\u1eafc th\u01b0 gi\u00e3n hay ho\u1ea1t \u0111\u1ed9ng gi\u1ea3i tr\u00ed vui nh\u1ed9n, c\u00e1c ti\u1ec7n \u00edch c\u1ee7a ch\u00fang t\u00f4i mang \u0111\u1ebfn s\u1ef1 k\u1ebft h\u1ee3p h\u00e0i h\u00f2a gi\u1eefa s\u1ee9c kh\u1ecfe v\u00e0 n\u00e9t tinh t\u1ebf, ngay t\u1ea1i trung t\u00e2m b\u00e3i bi\u1ec3n th\u00e0nh ph\u1ed1.<\/p>\n","protected":false},"excerpt":{"rendered":"<p>T\u1ea1i InterContinental Nha Trang, ch\u00fang t\u00f4i tr\u00e2n tr\u1ecdng m\u1eddi b\u1ea1n n\u00e2ng t\u1ea7m k\u1ef3 ngh\u1ec9 v\u1edbi nh\u1eefng ti\u1ec7n \u00edch \u0111\u01b0\u1ee3c ch\u1ecdn l\u1ecdc k\u1ef9 l\u01b0\u1ee1ng, nh\u1eb1m h\u1ed3i ph\u1ee5c c\u01a1 th\u1ec3, truy\u1ec1n c\u1ea3m h\u1ee9ng cho tinh th\u1ea7n v\u00e0 mang \u0111\u1ebfn ni\u1ec1m vui cho m\u1ecdi th\u00e0nh vi\u00ean trong gia \u0111\u00ecnh. D\u00f9 b\u1ea1n t\u00ecm ki\u1ebfm nh\u1eefng bu\u1ed5i t\u1eadp luy\u1ec7n tr\u00e0n [&hellip;]<\/p>\n","protected":false},"author":8,"featured_media":552,"parent":0,"menu_order":0,"comment_status":"closed","ping_status":"closed","template":"template-dining.php","meta":{"footnotes":""},"yoast_head":"<!-- This site is optimized with the Yoast SEO plugin v22.3 - https:\/\/yoast.com\/wordpress\/plugins\/seo\/ -->\n<title>Ti\u1ec7n \u00edch - InterContinental Nha Trang<\/title>\n<meta name=\"description\" content=\"Discover premium facilities at InterContinental Nha Trang: outdoor pool, modern fitness center, tranquil spa, Kid\u2019s Club, and an indoor golf simulator.\" \/>\n<meta name=\"robots\" content=\"index, follow, max-snippet:-1, max-image-preview:large, max-video-preview:-1\" \/>\n<link rel=\"canonical\" href=\"https:\/\/nhatrang.intercontinental.com\/vi\/facilities\/\" \/>\n<meta property=\"og:locale\" content=\"vi_VN\" \/>\n<meta property=\"og:type\" content=\"article\" \/>\n<meta property=\"og:title\" content=\"Ti\u1ec7n \u00edch - InterContinental Nha Trang\" \/>\n<meta property=\"og:description\" content=\"Discover premium facilities at InterContinental Nha Trang: outdoor pool, modern fitness center, tranquil spa, Kid\u2019s Club, and an indoor golf simulator.\" \/>\n<meta property=\"og:url\" content=\"https:\/\/nhatrang.intercontinental.com\/vi\/facilities\/\" \/>\n<meta property=\"og:site_name\" content=\"InterContinental Nha Trang\" \/>\n<meta property=\"article:modified_time\" content=\"2025-10-29T08:36:30+00:00\" \/>\n<meta property=\"og:image\" content=\"https:\/\/nhatrang.intercontinental.com\/wp-content\/uploads\/sites\/100\/2025\/05\/Pool-1-1.jpg\" \/>\n\t<meta property=\"og:image:width\" content=\"2200\" \/>\n\t<meta property=\"og:image:height\" content=\"1200\" \/>\n\t<meta property=\"og:image:type\" content=\"image\/jpeg\" \/>\n<meta name=\"twitter:card\" content=\"summary_large_image\" \/>\n<meta name=\"twitter:label1\" content=\"Est. reading time\" \/>\n\t<meta name=\"twitter:data1\" content=\"1 minute\" \/>\n<script type=\"application\/ld+json\" class=\"yoast-schema-graph\">{\"@context\":\"https:\/\/schema.org\",\"@graph\":[{\"@type\":\"WebPage\",\"@id\":\"https:\/\/nhatrang.intercontinental.com\/vi\/facilities\/\",\"url\":\"https:\/\/nhatrang.intercontinental.com\/vi\/facilities\/\",\"name\":\"Ti\u1ec7n \u00edch - InterContinental Nha Trang\",\"isPartOf\":{\"@id\":\"https:\/\/nhatrang.intercontinental.com\/vi\/#website\"},\"primaryImageOfPage\":{\"@id\":\"https:\/\/nhatrang.intercontinental.com\/vi\/facilities\/#primaryimage\"},\"image\":{\"@id\":\"https:\/\/nhatrang.intercontinental.com\/vi\/facilities\/#primaryimage\"},\"thumbnailUrl\":\"https:\/\/nhatrang.intercontinental.com\/wp-content\/uploads\/sites\/100\/2025\/05\/Pool-1-1.jpg\",\"datePublished\":\"2025-06-02T06:06:57+00:00\",\"dateModified\":\"2025-10-29T08:36:30+00:00\",\"description\":\"Discover premium facilities at InterContinental Nha Trang: outdoor pool, modern fitness center, tranquil spa, Kid\u2019s Club, and an indoor golf simulator.\",\"breadcrumb\":{\"@id\":\"https:\/\/nhatrang.intercontinental.com\/vi\/facilities\/#breadcrumb\"},\"inLanguage\":\"vi-VN\",\"potentialAction\":[{\"@type\":\"ReadAction\",\"target\":[\"https:\/\/nhatrang.intercontinental.com\/vi\/facilities\/\"]}]},{\"@type\":\"ImageObject\",\"inLanguage\":\"vi-VN\",\"@id\":\"https:\/\/nhatrang.intercontinental.com\/vi\/facilities\/#primaryimage\",\"url\":\"https:\/\/nhatrang.intercontinental.com\/wp-content\/uploads\/sites\/100\/2025\/05\/Pool-1-1.jpg\",\"contentUrl\":\"https:\/\/nhatrang.intercontinental.com\/wp-content\/uploads\/sites\/100\/2025\/05\/Pool-1-1.jpg\",\"width\":2200,\"height\":1200},{\"@type\":\"BreadcrumbList\",\"@id\":\"https:\/\/nhatrang.intercontinental.com\/vi\/facilities\/#breadcrumb\",\"itemListElement\":[{\"@type\":\"ListItem\",\"position\":1,\"name\":\"Home\",\"item\":\"https:\/\/nhatrang.intercontinental.com\/vi\/\"},{\"@type\":\"ListItem\",\"position\":2,\"name\":\"Ti\u1ec7n \u00edch\"}]},{\"@type\":\"WebSite\",\"@id\":\"https:\/\/nhatrang.intercontinental.com\/vi\/#website\",\"url\":\"https:\/\/nhatrang.intercontinental.com\/vi\/\",\"name\":\"InterContinental Nha Trang\",\"description\":\"\",\"potentialAction\":[{\"@type\":\"SearchAction\",\"target\":{\"@type\":\"EntryPoint\",\"urlTemplate\":\"https:\/\/nhatrang.intercontinental.com\/vi\/?s={search_term_string}\"},\"query-input\":\"required name=search_term_string\"}],\"inLanguage\":\"vi-VN\"}]}<\/script>\n<!-- \/ Yoast SEO plugin. -->","yoast_head_json":{"title":"Ti\u1ec7n \u00edch - InterContinental Nha Trang","description":"Discover premium facilities at InterContinental Nha Trang: outdoor pool, modern fitness center, tranquil spa, Kid\u2019s Club, and an indoor golf simulator.","robots":{"index":"index","follow":"follow","max-snippet":"max-snippet:-1","max-image-preview":"max-image-preview:large","max-video-preview":"max-video-preview:-1"},"canonical":"https:\/\/nhatrang.intercontinental.com\/vi\/facilities\/","og_locale":"vi_VN","og_type":"article","og_title":"Ti\u1ec7n \u00edch - InterContinental Nha Trang","og_description":"Discover premium facilities at InterContinental Nha Trang: outdoor pool, modern fitness center, tranquil spa, Kid\u2019s Club, and an indoor golf simulator.","og_url":"https:\/\/nhatrang.intercontinental.com\/vi\/facilities\/","og_site_name":"InterContinental Nha Trang","article_modified_time":"2025-10-29T08:36:30+00:00","og_image":[{"width":2200,"height":1200,"url":"https:\/\/nhatrang.intercontinental.com\/wp-content\/uploads\/sites\/100\/2025\/05\/Pool-1-1.jpg","type":"image\/jpeg"}],"twitter_card":"summary_large_image","twitter_misc":{"Est. reading time":"1 minute"},"schema":{"@context":"https:\/\/schema.org","@graph":[{"@type":"WebPage","@id":"https:\/\/nhatrang.intercontinental.com\/vi\/facilities\/","url":"https:\/\/nhatrang.intercontinental.com\/vi\/facilities\/","name":"Ti\u1ec7n \u00edch - InterContinental Nha Trang","isPartOf":{"@id":"https:\/\/nhatrang.intercontinental.com\/vi\/#website"},"primaryImageOfPage":{"@id":"https:\/\/nhatrang.intercontinental.com\/vi\/facilities\/#primaryimage"},"image":{"@id":"https:\/\/nhatrang.intercontinental.com\/vi\/facilities\/#primaryimage"},"thumbnailUrl":"https:\/\/nhatrang.intercontinental.com\/wp-content\/uploads\/sites\/100\/2025\/05\/Pool-1-1.jpg","datePublished":"2025-06-02T06:06:57+00:00","dateModified":"2025-10-29T08:36:30+00:00","description":"Discover premium facilities at InterContinental Nha Trang: outdoor pool, modern fitness center, tranquil spa, Kid\u2019s Club, and an indoor golf simulator.","breadcrumb":{"@id":"https:\/\/nhatrang.intercontinental.com\/vi\/facilities\/#breadcrumb"},"inLanguage":"vi-VN","potentialAction":[{"@type":"ReadAction","target":["https:\/\/nhatrang.intercontinental.com\/vi\/facilities\/"]}]},{"@type":"ImageObject","inLanguage":"vi-VN","@id":"https:\/\/nhatrang.intercontinental.com\/vi\/facilities\/#primaryimage","url":"https:\/\/nhatrang.intercontinental.com\/wp-content\/uploads\/sites\/100\/2025\/05\/Pool-1-1.jpg","contentUrl":"https:\/\/nhatrang.intercontinental.com\/wp-content\/uploads\/sites\/100\/2025\/05\/Pool-1-1.jpg","width":2200,"height":1200},{"@type":"BreadcrumbList","@id":"https:\/\/nhatrang.intercontinental.com\/vi\/facilities\/#breadcrumb","itemListElement":[{"@type":"ListItem","position":1,"name":"Home","item":"https:\/\/nhatrang.intercontinental.com\/vi\/"},{"@type":"ListItem","position":2,"name":"Ti\u1ec7n \u00edch"}]},{"@type":"WebSite","@id":"https:\/\/nhatrang.intercontinental.com\/vi\/#website","url":"https:\/\/nhatrang.intercontinental.com\/vi\/","name":"InterContinental Nha Trang","description":"","potentialAction":[{"@type":"SearchAction","target":{"@type":"EntryPoint","urlTemplate":"https:\/\/nhatrang.intercontinental.com\/vi\/?s={search_term_string}"},"query-input":"required name=search_term_string"}],"inLanguage":"vi-VN"}]}},"acf":[],"_links":{"self":[{"href":"https:\/\/nhatrang.intercontinental.com\/vi\/wp-json\/wp\/v2\/pages\/2257"}],"collection":[{"href":"https:\/\/nhatrang.intercontinental.com\/vi\/wp-json\/wp\/v2\/pages"}],"about":[{"href":"https:\/\/nhatrang.intercontinental.com\/vi\/wp-json\/wp\/v2\/types\/page"}],"author":[{"embeddable":true,"href":"https:\/\/nhatrang.intercontinental.com\/vi\/wp-json\/wp\/v2\/users\/8"}],"replies":[{"embeddable":true,"href":"https:\/\/nhatrang.intercontinental.com\/vi\/wp-json\/wp\/v2\/comments?post=2257"}],"version-history":[{"count":0,"href":"https:\/\/nhatrang.intercontinental.com\/vi\/wp-json\/wp\/v2\/pages\/2257\/revisions"}],"wp:featuredmedia":[{"embeddable":true,"href":"https:\/\/nhatrang.intercontinental.com\/vi\/wp-json\/wp\/v2\/media\/552"}],"wp:attachment":[{"href":"https:\/\/nhatrang.intercontinental.com\/vi\/wp-json\/wp\/v2\/media?parent=2257"}],"curies":[{"name":"wp","href":"https:\/\/api.w.org\/{rel}","templated":true}]}}