{"id":2258,"date":"2025-06-02T06:07:46","date_gmt":"2025-06-02T06:07:46","guid":{"rendered":"https:\/\/nhatrang.intercontinental.com\/5-star-hotel-facilities-in-nha-trang\/swimming-pools\/"},"modified":"2025-07-23T05:46:27","modified_gmt":"2025-07-23T05:46:27","slug":"swimming-pools","status":"publish","type":"page","link":"https:\/\/nhatrang.intercontinental.com\/vi\/facilities\/swimming-pools\/","title":{"rendered":"H\u1ed3 b\u01a1i"},"content":{"rendered":"<p>T\u1ea1i InterContinental Nha Trang, qu\u00fd kh\u00e1ch c\u00f3 ba l\u1ef1a ch\u1ecdn \u0111\u1ec3 t\u1eadn h\u01b0\u1edfng \u00e1nh n\u1eafng \u1ea5m \u00e1p ho\u1eb7c \u0111\u1eafm m\u00ecnh trong l\u00e0n n\u01b0\u1edbc m\u00e1t l\u1ea1nh. M\u1ed7i h\u1ed3 b\u01a1i \u0111\u1ec1u \u0111\u01b0\u1ee3c trang b\u1ecb gi\u01b0\u1eddng Jacuzzi, mang \u0111\u1ebfn c\u1ea3m gi\u00e1c th\u01b0 gi\u00e3n tuy\u1ec7t \u0111\u1ed1i, gi\u00fap xua tan m\u1ecdi c\u0103ng th\u1eb3ng trong cu\u1ed9c s\u1ed1ng h\u1ed1i h\u1ea3.<\/p>\n<p>*Qu\u00fd kh\u00e1ch vui l\u00f2ng lu\u00f4n m\u1eb7c \u0111\u00fang trang ph\u1ee5c b\u01a1i khi s\u1eed d\u1ee5ng h\u1ed3 b\u01a1i.<\/p>\n","protected":false},"excerpt":{"rendered":"<p>T\u1ea1i InterContinental Nha Trang, qu\u00fd kh\u00e1ch c\u00f3 ba l\u1ef1a ch\u1ecdn \u0111\u1ec3 t\u1eadn h\u01b0\u1edfng \u00e1nh n\u1eafng \u1ea5m \u00e1p ho\u1eb7c \u0111\u1eafm m\u00ecnh trong l\u00e0n n\u01b0\u1edbc m\u00e1t l\u1ea1nh. M\u1ed7i h\u1ed3 b\u01a1i \u0111\u1ec1u \u0111\u01b0\u1ee3c trang b\u1ecb gi\u01b0\u1eddng Jacuzzi, mang \u0111\u1ebfn c\u1ea3m gi\u00e1c th\u01b0 gi\u00e3n tuy\u1ec7t \u0111\u1ed1i, gi\u00fap xua tan m\u1ecdi c\u0103ng th\u1eb3ng trong cu\u1ed9c s\u1ed1ng h\u1ed1i h\u1ea3. *Qu\u00fd kh\u00e1ch [&hellip;]<\/p>\n","protected":false},"author":8,"featured_media":552,"parent":2257,"menu_order":0,"comment_status":"closed","ping_status":"closed","template":"template-restaurant.php","meta":{"footnotes":""},"yoast_head":"<!-- This site is optimized with the Yoast SEO plugin v22.3 - https:\/\/yoast.com\/wordpress\/plugins\/seo\/ -->\n<title>H\u1ed3 b\u01a1i - InterContinental Nha Trang<\/title>\n<meta name=\"robots\" content=\"index, follow, max-snippet:-1, max-image-preview:large, max-video-preview:-1\" \/>\n<link rel=\"canonical\" href=\"https:\/\/nhatrang.intercontinental.com\/vi\/facilities\/swimming-pools\/\" \/>\n<meta property=\"og:locale\" content=\"vi_VN\" \/>\n<meta property=\"og:type\" content=\"article\" \/>\n<meta property=\"og:title\" content=\"H\u1ed3 b\u01a1i - InterContinental Nha Trang\" \/>\n<meta property=\"og:description\" content=\"T\u1ea1i InterContinental Nha Trang, qu\u00fd kh\u00e1ch c\u00f3 ba l\u1ef1a ch\u1ecdn \u0111\u1ec3 t\u1eadn h\u01b0\u1edfng \u00e1nh n\u1eafng \u1ea5m \u00e1p ho\u1eb7c \u0111\u1eafm m\u00ecnh trong l\u00e0n n\u01b0\u1edbc m\u00e1t l\u1ea1nh. M\u1ed7i h\u1ed3 b\u01a1i \u0111\u1ec1u \u0111\u01b0\u1ee3c trang b\u1ecb gi\u01b0\u1eddng Jacuzzi, mang \u0111\u1ebfn c\u1ea3m gi\u00e1c th\u01b0 gi\u00e3n tuy\u1ec7t \u0111\u1ed1i, gi\u00fap xua tan m\u1ecdi c\u0103ng th\u1eb3ng trong cu\u1ed9c s\u1ed1ng h\u1ed1i h\u1ea3. *Qu\u00fd kh\u00e1ch [&hellip;]\" \/>\n<meta property=\"og:url\" content=\"https:\/\/nhatrang.intercontinental.com\/vi\/facilities\/swimming-pools\/\" \/>\n<meta property=\"og:site_name\" content=\"InterContinental Nha Trang\" \/>\n<meta property=\"article:modified_time\" content=\"2025-07-23T05:46:27+00:00\" \/>\n<meta property=\"og:image\" content=\"https:\/\/nhatrang.intercontinental.com\/wp-content\/uploads\/sites\/100\/2025\/05\/Pool-1-1.jpg\" \/>\n\t<meta property=\"og:image:width\" content=\"2200\" \/>\n\t<meta property=\"og:image:height\" content=\"1200\" \/>\n\t<meta property=\"og:image:type\" content=\"image\/jpeg\" \/>\n<meta name=\"twitter:card\" content=\"summary_large_image\" \/>\n<meta name=\"twitter:label1\" content=\"Est. reading time\" \/>\n\t<meta name=\"twitter:data1\" content=\"1 minute\" \/>\n<script type=\"application\/ld+json\" class=\"yoast-schema-graph\">{\"@context\":\"https:\/\/schema.org\",\"@graph\":[{\"@type\":\"WebPage\",\"@id\":\"https:\/\/nhatrang.intercontinental.com\/vi\/facilities\/swimming-pools\/\",\"url\":\"https:\/\/nhatrang.intercontinental.com\/vi\/facilities\/swimming-pools\/\",\"name\":\"H\u1ed3 b\u01a1i - InterContinental Nha Trang\",\"isPartOf\":{\"@id\":\"https:\/\/nhatrang.intercontinental.com\/vi\/#website\"},\"primaryImageOfPage\":{\"@id\":\"https:\/\/nhatrang.intercontinental.com\/vi\/facilities\/swimming-pools\/#primaryimage\"},\"image\":{\"@id\":\"https:\/\/nhatrang.intercontinental.com\/vi\/facilities\/swimming-pools\/#primaryimage\"},\"thumbnailUrl\":\"https:\/\/nhatrang.intercontinental.com\/wp-content\/uploads\/sites\/100\/2025\/05\/Pool-1-1.jpg\",\"datePublished\":\"2025-06-02T06:07:46+00:00\",\"dateModified\":\"2025-07-23T05:46:27+00:00\",\"breadcrumb\":{\"@id\":\"https:\/\/nhatrang.intercontinental.com\/vi\/facilities\/swimming-pools\/#breadcrumb\"},\"inLanguage\":\"vi-VN\",\"potentialAction\":[{\"@type\":\"ReadAction\",\"target\":[\"https:\/\/nhatrang.intercontinental.com\/vi\/facilities\/swimming-pools\/\"]}]},{\"@type\":\"ImageObject\",\"inLanguage\":\"vi-VN\",\"@id\":\"https:\/\/nhatrang.intercontinental.com\/vi\/facilities\/swimming-pools\/#primaryimage\",\"url\":\"https:\/\/nhatrang.intercontinental.com\/wp-content\/uploads\/sites\/100\/2025\/05\/Pool-1-1.jpg\",\"contentUrl\":\"https:\/\/nhatrang.intercontinental.com\/wp-content\/uploads\/sites\/100\/2025\/05\/Pool-1-1.jpg\",\"width\":2200,\"height\":1200},{\"@type\":\"BreadcrumbList\",\"@id\":\"https:\/\/nhatrang.intercontinental.com\/vi\/facilities\/swimming-pools\/#breadcrumb\",\"itemListElement\":[{\"@type\":\"ListItem\",\"position\":1,\"name\":\"Home\",\"item\":\"https:\/\/nhatrang.intercontinental.com\/vi\/\"},{\"@type\":\"ListItem\",\"position\":2,\"name\":\"Ti\u1ec7n \u00edch\",\"item\":\"https:\/\/nhatrang.intercontinental.com\/vi\/facilities\/\"},{\"@type\":\"ListItem\",\"position\":3,\"name\":\"H\u1ed3 b\u01a1i\"}]},{\"@type\":\"WebSite\",\"@id\":\"https:\/\/nhatrang.intercontinental.com\/vi\/#website\",\"url\":\"https:\/\/nhatrang.intercontinental.com\/vi\/\",\"name\":\"InterContinental Nha Trang\",\"description\":\"\",\"potentialAction\":[{\"@type\":\"SearchAction\",\"target\":{\"@type\":\"EntryPoint\",\"urlTemplate\":\"https:\/\/nhatrang.intercontinental.com\/vi\/?s={search_term_string}\"},\"query-input\":\"required name=search_term_string\"}],\"inLanguage\":\"vi-VN\"}]}<\/script>\n<!-- \/ Yoast SEO plugin. -->","yoast_head_json":{"title":"H\u1ed3 b\u01a1i - InterContinental Nha Trang","robots":{"index":"index","follow":"follow","max-snippet":"max-snippet:-1","max-image-preview":"max-image-preview:large","max-video-preview":"max-video-preview:-1"},"canonical":"https:\/\/nhatrang.intercontinental.com\/vi\/facilities\/swimming-pools\/","og_locale":"vi_VN","og_type":"article","og_title":"H\u1ed3 b\u01a1i - InterContinental Nha Trang","og_description":"T\u1ea1i InterContinental Nha Trang, qu\u00fd kh\u00e1ch c\u00f3 ba l\u1ef1a ch\u1ecdn \u0111\u1ec3 t\u1eadn h\u01b0\u1edfng \u00e1nh n\u1eafng \u1ea5m \u00e1p ho\u1eb7c \u0111\u1eafm m\u00ecnh trong l\u00e0n n\u01b0\u1edbc m\u00e1t l\u1ea1nh. M\u1ed7i h\u1ed3 b\u01a1i \u0111\u1ec1u \u0111\u01b0\u1ee3c trang b\u1ecb gi\u01b0\u1eddng Jacuzzi, mang \u0111\u1ebfn c\u1ea3m gi\u00e1c th\u01b0 gi\u00e3n tuy\u1ec7t \u0111\u1ed1i, gi\u00fap xua tan m\u1ecdi c\u0103ng th\u1eb3ng trong cu\u1ed9c s\u1ed1ng h\u1ed1i h\u1ea3. *Qu\u00fd kh\u00e1ch [&hellip;]","og_url":"https:\/\/nhatrang.intercontinental.com\/vi\/facilities\/swimming-pools\/","og_site_name":"InterContinental Nha Trang","article_modified_time":"2025-07-23T05:46:27+00:00","og_image":[{"width":2200,"height":1200,"url":"https:\/\/nhatrang.intercontinental.com\/wp-content\/uploads\/sites\/100\/2025\/05\/Pool-1-1.jpg","type":"image\/jpeg"}],"twitter_card":"summary_large_image","twitter_misc":{"Est. reading time":"1 minute"},"schema":{"@context":"https:\/\/schema.org","@graph":[{"@type":"WebPage","@id":"https:\/\/nhatrang.intercontinental.com\/vi\/facilities\/swimming-pools\/","url":"https:\/\/nhatrang.intercontinental.com\/vi\/facilities\/swimming-pools\/","name":"H\u1ed3 b\u01a1i - InterContinental Nha Trang","isPartOf":{"@id":"https:\/\/nhatrang.intercontinental.com\/vi\/#website"},"primaryImageOfPage":{"@id":"https:\/\/nhatrang.intercontinental.com\/vi\/facilities\/swimming-pools\/#primaryimage"},"image":{"@id":"https:\/\/nhatrang.intercontinental.com\/vi\/facilities\/swimming-pools\/#primaryimage"},"thumbnailUrl":"https:\/\/nhatrang.intercontinental.com\/wp-content\/uploads\/sites\/100\/2025\/05\/Pool-1-1.jpg","datePublished":"2025-06-02T06:07:46+00:00","dateModified":"2025-07-23T05:46:27+00:00","breadcrumb":{"@id":"https:\/\/nhatrang.intercontinental.com\/vi\/facilities\/swimming-pools\/#breadcrumb"},"inLanguage":"vi-VN","potentialAction":[{"@type":"ReadAction","target":["https:\/\/nhatrang.intercontinental.com\/vi\/facilities\/swimming-pools\/"]}]},{"@type":"ImageObject","inLanguage":"vi-VN","@id":"https:\/\/nhatrang.intercontinental.com\/vi\/facilities\/swimming-pools\/#primaryimage","url":"https:\/\/nhatrang.intercontinental.com\/wp-content\/uploads\/sites\/100\/2025\/05\/Pool-1-1.jpg","contentUrl":"https:\/\/nhatrang.intercontinental.com\/wp-content\/uploads\/sites\/100\/2025\/05\/Pool-1-1.jpg","width":2200,"height":1200},{"@type":"BreadcrumbList","@id":"https:\/\/nhatrang.intercontinental.com\/vi\/facilities\/swimming-pools\/#breadcrumb","itemListElement":[{"@type":"ListItem","position":1,"name":"Home","item":"https:\/\/nhatrang.intercontinental.com\/vi\/"},{"@type":"ListItem","position":2,"name":"Ti\u1ec7n \u00edch","item":"https:\/\/nhatrang.intercontinental.com\/vi\/facilities\/"},{"@type":"ListItem","position":3,"name":"H\u1ed3 b\u01a1i"}]},{"@type":"WebSite","@id":"https:\/\/nhatrang.intercontinental.com\/vi\/#website","url":"https:\/\/nhatrang.intercontinental.com\/vi\/","name":"InterContinental Nha Trang","description":"","potentialAction":[{"@type":"SearchAction","target":{"@type":"EntryPoint","urlTemplate":"https:\/\/nhatrang.intercontinental.com\/vi\/?s={search_term_string}"},"query-input":"required name=search_term_string"}],"inLanguage":"vi-VN"}]}},"acf":[],"_links":{"self":[{"href":"https:\/\/nhatrang.intercontinental.com\/vi\/wp-json\/wp\/v2\/pages\/2258"}],"collection":[{"href":"https:\/\/nhatrang.intercontinental.com\/vi\/wp-json\/wp\/v2\/pages"}],"about":[{"href":"https:\/\/nhatrang.intercontinental.com\/vi\/wp-json\/wp\/v2\/types\/page"}],"author":[{"embeddable":true,"href":"https:\/\/nhatrang.intercontinental.com\/vi\/wp-json\/wp\/v2\/users\/8"}],"replies":[{"embeddable":true,"href":"https:\/\/nhatrang.intercontinental.com\/vi\/wp-json\/wp\/v2\/comments?post=2258"}],"version-history":[{"count":0,"href":"https:\/\/nhatrang.intercontinental.com\/vi\/wp-json\/wp\/v2\/pages\/2258\/revisions"}],"up":[{"embeddable":true,"href":"https:\/\/nhatrang.intercontinental.com\/vi\/wp-json\/wp\/v2\/pages\/2257"}],"wp:featuredmedia":[{"embeddable":true,"href":"https:\/\/nhatrang.intercontinental.com\/vi\/wp-json\/wp\/v2\/media\/552"}],"wp:attachment":[{"href":"https:\/\/nhatrang.intercontinental.com\/vi\/wp-json\/wp\/v2\/media?parent=2258"}],"curies":[{"name":"wp","href":"https:\/\/api.w.org\/{rel}","templated":true}]}}