{"id":2260,"date":"2025-06-02T06:21:15","date_gmt":"2025-06-02T06:21:15","guid":{"rendered":"https:\/\/nhatrang.intercontinental.com\/5-star-hotel-facilities-in-nha-trang\/planet-trekker\/"},"modified":"2025-07-23T05:47:08","modified_gmt":"2025-07-23T05:47:08","slug":"planet-trekker","status":"publish","type":"page","link":"https:\/\/nhatrang.intercontinental.com\/vi\/facilities\/planet-trekker\/","title":{"rendered":"Khu vui ch\u01a1i tr\u1ebb em &#8211; Planet Trekker"},"content":{"rendered":"<p>C\u00e2u l\u1ea1c b\u1ed9 thi\u1ebfu nhi Planet Trekkers t\u1ea1i InterContinental Nha Trang mang \u0111\u1ebfn ni\u1ec1m vui th\u00edch cho c\u00e1c v\u1ecb kh\u00e1ch nh\u00ed, \u0111\u1ed3ng th\u1eddi gi\u00fap c\u00e1c em kh\u00e1m ph\u00e1 nh\u1eefng s\u1eafc m\u00e0u, \u00e2m thanh v\u00e0 tr\u1ea3i nghi\u1ec7m \u0111\u1ed9c \u0111\u00e1o c\u1ee7a Nha Trang. Trong khi \u0111\u00f3, cha m\u1eb9 c\u00f3 th\u1ec3 t\u1eadn h\u01b0\u1edfng kho\u1ea3ng th\u1eddi gian ri\u00eang t\u01b0 qu\u00fd gi\u00e1, b\u1edfi con tr\u1ebb lu\u00f4n \u0111\u01b0\u1ee3c ch\u0103m s\u00f3c chu \u0111\u00e1o trong m\u1ed9t m\u00f4i tr\u01b0\u1eddng an to\u00e0n v\u00e0 \u0111\u1ea7y h\u1ee9ng kh\u1edfi d\u01b0\u1edbi s\u1ef1 gi\u00e1m s\u00e1t c\u1ee7a \u0111\u1ed9i ng\u0169 nh\u00e2n vi\u00ean chuy\u00ean nghi\u1ec7p.<\/p>\n<p>V\u1edbi kh\u00f4ng gian ri\u00eang bi\u1ec7t bao g\u1ed3m c\u1ea3 khu v\u1ef1c trong nh\u00e0 v\u00e0 ngo\u00e0i tr\u1eddi, ch\u00fang t\u00f4i mang \u0111\u1ebfn cho c\u00e1c em nh\u1ecf nh\u1eefng tr\u1ea3i nghi\u1ec7m v\u1eeba h\u1ecdc v\u1eeba ch\u01a1i th\u00fa v\u1ecb v\u00e0 t\u00edch c\u1ef1c, g\u00f3p ph\u1ea7n l\u00e0m phong ph\u00fa th\u00eam k\u1ef3 ngh\u1ec9 t\u1ea1i kh\u00e1ch s\u1ea1n v\u00e0 m\u1edf ra m\u1ed9t th\u1ebf gi\u1edbi m\u1edbi \u0111\u1ea7y s\u00e1ng t\u1ea1o v\u00e0 kh\u00e1m ph\u00e1.<\/p>\n","protected":false},"excerpt":{"rendered":"<p>C\u00e2u l\u1ea1c b\u1ed9 thi\u1ebfu nhi Planet Trekkers t\u1ea1i InterContinental Nha Trang mang \u0111\u1ebfn ni\u1ec1m vui th\u00edch cho c\u00e1c v\u1ecb kh\u00e1ch nh\u00ed, \u0111\u1ed3ng th\u1eddi gi\u00fap c\u00e1c em kh\u00e1m ph\u00e1 nh\u1eefng s\u1eafc m\u00e0u, \u00e2m thanh v\u00e0 tr\u1ea3i nghi\u1ec7m \u0111\u1ed9c \u0111\u00e1o c\u1ee7a Nha Trang. Trong khi \u0111\u00f3, cha m\u1eb9 c\u00f3 th\u1ec3 t\u1eadn h\u01b0\u1edfng kho\u1ea3ng th\u1eddi gian ri\u00eang t\u01b0 [&hellip;]<\/p>\n","protected":false},"author":8,"featured_media":1492,"parent":2257,"menu_order":0,"comment_status":"closed","ping_status":"closed","template":"template-restaurant.php","meta":{"footnotes":""},"yoast_head":"<!-- This site is optimized with the Yoast SEO plugin v22.3 - https:\/\/yoast.com\/wordpress\/plugins\/seo\/ -->\n<title>Khu vui ch\u01a1i tr\u1ebb em - Planet Trekker - InterContinental Nha Trang<\/title>\n<meta name=\"robots\" content=\"index, follow, max-snippet:-1, max-image-preview:large, max-video-preview:-1\" \/>\n<link rel=\"canonical\" href=\"https:\/\/nhatrang.intercontinental.com\/vi\/facilities\/planet-trekker\/\" \/>\n<meta property=\"og:locale\" content=\"vi_VN\" \/>\n<meta property=\"og:type\" content=\"article\" \/>\n<meta property=\"og:title\" content=\"Khu vui ch\u01a1i tr\u1ebb em - Planet Trekker - InterContinental Nha Trang\" \/>\n<meta property=\"og:description\" content=\"C\u00e2u l\u1ea1c b\u1ed9 thi\u1ebfu nhi Planet Trekkers t\u1ea1i InterContinental Nha Trang mang \u0111\u1ebfn ni\u1ec1m vui th\u00edch cho c\u00e1c v\u1ecb kh\u00e1ch nh\u00ed, \u0111\u1ed3ng th\u1eddi gi\u00fap c\u00e1c em kh\u00e1m ph\u00e1 nh\u1eefng s\u1eafc m\u00e0u, \u00e2m thanh v\u00e0 tr\u1ea3i nghi\u1ec7m \u0111\u1ed9c \u0111\u00e1o c\u1ee7a Nha Trang. Trong khi \u0111\u00f3, cha m\u1eb9 c\u00f3 th\u1ec3 t\u1eadn h\u01b0\u1edfng kho\u1ea3ng th\u1eddi gian ri\u00eang t\u01b0 [&hellip;]\" \/>\n<meta property=\"og:url\" content=\"https:\/\/nhatrang.intercontinental.com\/vi\/facilities\/planet-trekker\/\" \/>\n<meta property=\"og:site_name\" content=\"InterContinental Nha Trang\" \/>\n<meta property=\"article:modified_time\" content=\"2025-07-23T05:47:08+00:00\" \/>\n<meta property=\"og:image\" content=\"https:\/\/nhatrang.intercontinental.com\/wp-content\/uploads\/sites\/100\/2025\/05\/Kid-Club-1.jpg\" \/>\n\t<meta property=\"og:image:width\" content=\"2200\" \/>\n\t<meta property=\"og:image:height\" content=\"1200\" \/>\n\t<meta property=\"og:image:type\" content=\"image\/jpeg\" \/>\n<meta name=\"twitter:card\" content=\"summary_large_image\" \/>\n<meta name=\"twitter:label1\" content=\"Est. reading time\" \/>\n\t<meta name=\"twitter:data1\" content=\"1 minute\" \/>\n<script type=\"application\/ld+json\" class=\"yoast-schema-graph\">{\"@context\":\"https:\/\/schema.org\",\"@graph\":[{\"@type\":\"WebPage\",\"@id\":\"https:\/\/nhatrang.intercontinental.com\/vi\/facilities\/planet-trekker\/\",\"url\":\"https:\/\/nhatrang.intercontinental.com\/vi\/facilities\/planet-trekker\/\",\"name\":\"Khu vui ch\u01a1i tr\u1ebb em - Planet Trekker - InterContinental Nha Trang\",\"isPartOf\":{\"@id\":\"https:\/\/nhatrang.intercontinental.com\/vi\/#website\"},\"primaryImageOfPage\":{\"@id\":\"https:\/\/nhatrang.intercontinental.com\/vi\/facilities\/planet-trekker\/#primaryimage\"},\"image\":{\"@id\":\"https:\/\/nhatrang.intercontinental.com\/vi\/facilities\/planet-trekker\/#primaryimage\"},\"thumbnailUrl\":\"https:\/\/nhatrang.intercontinental.com\/wp-content\/uploads\/sites\/100\/2025\/05\/Kid-Club-1.jpg\",\"datePublished\":\"2025-06-02T06:21:15+00:00\",\"dateModified\":\"2025-07-23T05:47:08+00:00\",\"breadcrumb\":{\"@id\":\"https:\/\/nhatrang.intercontinental.com\/vi\/facilities\/planet-trekker\/#breadcrumb\"},\"inLanguage\":\"vi-VN\",\"potentialAction\":[{\"@type\":\"ReadAction\",\"target\":[\"https:\/\/nhatrang.intercontinental.com\/vi\/facilities\/planet-trekker\/\"]}]},{\"@type\":\"ImageObject\",\"inLanguage\":\"vi-VN\",\"@id\":\"https:\/\/nhatrang.intercontinental.com\/vi\/facilities\/planet-trekker\/#primaryimage\",\"url\":\"https:\/\/nhatrang.intercontinental.com\/wp-content\/uploads\/sites\/100\/2025\/05\/Kid-Club-1.jpg\",\"contentUrl\":\"https:\/\/nhatrang.intercontinental.com\/wp-content\/uploads\/sites\/100\/2025\/05\/Kid-Club-1.jpg\",\"width\":2200,\"height\":1200},{\"@type\":\"BreadcrumbList\",\"@id\":\"https:\/\/nhatrang.intercontinental.com\/vi\/facilities\/planet-trekker\/#breadcrumb\",\"itemListElement\":[{\"@type\":\"ListItem\",\"position\":1,\"name\":\"Home\",\"item\":\"https:\/\/nhatrang.intercontinental.com\/vi\/\"},{\"@type\":\"ListItem\",\"position\":2,\"name\":\"Ti\u1ec7n \u00edch\",\"item\":\"https:\/\/nhatrang.intercontinental.com\/vi\/facilities\/\"},{\"@type\":\"ListItem\",\"position\":3,\"name\":\"Khu vui ch\u01a1i tr\u1ebb em &#8211; Planet Trekker\"}]},{\"@type\":\"WebSite\",\"@id\":\"https:\/\/nhatrang.intercontinental.com\/vi\/#website\",\"url\":\"https:\/\/nhatrang.intercontinental.com\/vi\/\",\"name\":\"InterContinental Nha Trang\",\"description\":\"\",\"potentialAction\":[{\"@type\":\"SearchAction\",\"target\":{\"@type\":\"EntryPoint\",\"urlTemplate\":\"https:\/\/nhatrang.intercontinental.com\/vi\/?s={search_term_string}\"},\"query-input\":\"required name=search_term_string\"}],\"inLanguage\":\"vi-VN\"}]}<\/script>\n<!-- \/ Yoast SEO plugin. -->","yoast_head_json":{"title":"Khu vui ch\u01a1i tr\u1ebb em - Planet Trekker - InterContinental Nha Trang","robots":{"index":"index","follow":"follow","max-snippet":"max-snippet:-1","max-image-preview":"max-image-preview:large","max-video-preview":"max-video-preview:-1"},"canonical":"https:\/\/nhatrang.intercontinental.com\/vi\/facilities\/planet-trekker\/","og_locale":"vi_VN","og_type":"article","og_title":"Khu vui ch\u01a1i tr\u1ebb em - Planet Trekker - InterContinental Nha Trang","og_description":"C\u00e2u l\u1ea1c b\u1ed9 thi\u1ebfu nhi Planet Trekkers t\u1ea1i InterContinental Nha Trang mang \u0111\u1ebfn ni\u1ec1m vui th\u00edch cho c\u00e1c v\u1ecb kh\u00e1ch nh\u00ed, \u0111\u1ed3ng th\u1eddi gi\u00fap c\u00e1c em kh\u00e1m ph\u00e1 nh\u1eefng s\u1eafc m\u00e0u, \u00e2m thanh v\u00e0 tr\u1ea3i nghi\u1ec7m \u0111\u1ed9c \u0111\u00e1o c\u1ee7a Nha Trang. Trong khi \u0111\u00f3, cha m\u1eb9 c\u00f3 th\u1ec3 t\u1eadn h\u01b0\u1edfng kho\u1ea3ng th\u1eddi gian ri\u00eang t\u01b0 [&hellip;]","og_url":"https:\/\/nhatrang.intercontinental.com\/vi\/facilities\/planet-trekker\/","og_site_name":"InterContinental Nha Trang","article_modified_time":"2025-07-23T05:47:08+00:00","og_image":[{"width":2200,"height":1200,"url":"https:\/\/nhatrang.intercontinental.com\/wp-content\/uploads\/sites\/100\/2025\/05\/Kid-Club-1.jpg","type":"image\/jpeg"}],"twitter_card":"summary_large_image","twitter_misc":{"Est. reading time":"1 minute"},"schema":{"@context":"https:\/\/schema.org","@graph":[{"@type":"WebPage","@id":"https:\/\/nhatrang.intercontinental.com\/vi\/facilities\/planet-trekker\/","url":"https:\/\/nhatrang.intercontinental.com\/vi\/facilities\/planet-trekker\/","name":"Khu vui ch\u01a1i tr\u1ebb em - Planet Trekker - InterContinental Nha Trang","isPartOf":{"@id":"https:\/\/nhatrang.intercontinental.com\/vi\/#website"},"primaryImageOfPage":{"@id":"https:\/\/nhatrang.intercontinental.com\/vi\/facilities\/planet-trekker\/#primaryimage"},"image":{"@id":"https:\/\/nhatrang.intercontinental.com\/vi\/facilities\/planet-trekker\/#primaryimage"},"thumbnailUrl":"https:\/\/nhatrang.intercontinental.com\/wp-content\/uploads\/sites\/100\/2025\/05\/Kid-Club-1.jpg","datePublished":"2025-06-02T06:21:15+00:00","dateModified":"2025-07-23T05:47:08+00:00","breadcrumb":{"@id":"https:\/\/nhatrang.intercontinental.com\/vi\/facilities\/planet-trekker\/#breadcrumb"},"inLanguage":"vi-VN","potentialAction":[{"@type":"ReadAction","target":["https:\/\/nhatrang.intercontinental.com\/vi\/facilities\/planet-trekker\/"]}]},{"@type":"ImageObject","inLanguage":"vi-VN","@id":"https:\/\/nhatrang.intercontinental.com\/vi\/facilities\/planet-trekker\/#primaryimage","url":"https:\/\/nhatrang.intercontinental.com\/wp-content\/uploads\/sites\/100\/2025\/05\/Kid-Club-1.jpg","contentUrl":"https:\/\/nhatrang.intercontinental.com\/wp-content\/uploads\/sites\/100\/2025\/05\/Kid-Club-1.jpg","width":2200,"height":1200},{"@type":"BreadcrumbList","@id":"https:\/\/nhatrang.intercontinental.com\/vi\/facilities\/planet-trekker\/#breadcrumb","itemListElement":[{"@type":"ListItem","position":1,"name":"Home","item":"https:\/\/nhatrang.intercontinental.com\/vi\/"},{"@type":"ListItem","position":2,"name":"Ti\u1ec7n \u00edch","item":"https:\/\/nhatrang.intercontinental.com\/vi\/facilities\/"},{"@type":"ListItem","position":3,"name":"Khu vui ch\u01a1i tr\u1ebb em &#8211; Planet Trekker"}]},{"@type":"WebSite","@id":"https:\/\/nhatrang.intercontinental.com\/vi\/#website","url":"https:\/\/nhatrang.intercontinental.com\/vi\/","name":"InterContinental Nha Trang","description":"","potentialAction":[{"@type":"SearchAction","target":{"@type":"EntryPoint","urlTemplate":"https:\/\/nhatrang.intercontinental.com\/vi\/?s={search_term_string}"},"query-input":"required name=search_term_string"}],"inLanguage":"vi-VN"}]}},"acf":[],"_links":{"self":[{"href":"https:\/\/nhatrang.intercontinental.com\/vi\/wp-json\/wp\/v2\/pages\/2260"}],"collection":[{"href":"https:\/\/nhatrang.intercontinental.com\/vi\/wp-json\/wp\/v2\/pages"}],"about":[{"href":"https:\/\/nhatrang.intercontinental.com\/vi\/wp-json\/wp\/v2\/types\/page"}],"author":[{"embeddable":true,"href":"https:\/\/nhatrang.intercontinental.com\/vi\/wp-json\/wp\/v2\/users\/8"}],"replies":[{"embeddable":true,"href":"https:\/\/nhatrang.intercontinental.com\/vi\/wp-json\/wp\/v2\/comments?post=2260"}],"version-history":[{"count":0,"href":"https:\/\/nhatrang.intercontinental.com\/vi\/wp-json\/wp\/v2\/pages\/2260\/revisions"}],"up":[{"embeddable":true,"href":"https:\/\/nhatrang.intercontinental.com\/vi\/wp-json\/wp\/v2\/pages\/2257"}],"wp:featuredmedia":[{"embeddable":true,"href":"https:\/\/nhatrang.intercontinental.com\/vi\/wp-json\/wp\/v2\/media\/1492"}],"wp:attachment":[{"href":"https:\/\/nhatrang.intercontinental.com\/vi\/wp-json\/wp\/v2\/media?parent=2260"}],"curies":[{"name":"wp","href":"https:\/\/api.w.org\/{rel}","templated":true}]}}