{"id":2261,"date":"2025-06-02T06:30:20","date_gmt":"2025-06-02T06:30:20","guid":{"rendered":"https:\/\/nhatrang.intercontinental.com\/5-star-hotel-facilities-in-nha-trang\/the-spa\/"},"modified":"2025-10-29T11:08:42","modified_gmt":"2025-10-29T11:08:42","slug":"the-spa","status":"publish","type":"page","link":"https:\/\/nhatrang.intercontinental.com\/vi\/facilities\/the-spa\/","title":{"rendered":"The Spa"},"content":{"rendered":"<p data-start=\"0\" data-end=\"131\">The Spa \u0111\u00e1nh th\u1ee9c m\u1ecdi gi\u00e1c quan c\u1ee7a b\u1ea1n qua c\u00e1c li\u1ec7u ph\u00e1p h\u00f2a quy\u1ec7n gi\u1eefa truy\u1ec1n th\u1ed1ng Vi\u1ec7t Nam v\u00e0 ngh\u1ec7 thu\u1eadt hi\u1ebfu kh\u00e1ch Nh\u1eadt B\u1ea3n.<\/p>\n<p data-start=\"133\" data-end=\"402\" data-is-last-node=\"\" data-is-only-node=\"\">Danh m\u1ee5c d\u1ecbch v\u1ee5 \u0111\u01b0\u1ee3c thi\u1ebft k\u1ebf \u0111\u1ec3 mang l\u1ea1i s\u1ef1 th\u01b0 gi\u00e3n tuy\u1ec7t \u0111\u1ed1i cho t\u00e2m tr\u00ed, c\u01a1 th\u1ec3 v\u00e0 tinh th\u1ea7n, v\u1edbi c\u00e1c li\u1ec7u tr\u00ecnh ch\u0103m s\u00f3c da m\u1eb7t, to\u00e0n th\u00e2n v\u00e0 b\u1ea5m huy\u1ec7t, s\u1eed d\u1ee5ng s\u1ea3n ph\u1ea9m cao c\u1ea5p chi\u1ebft xu\u1ea5t t\u1eeb &#8220;kinpaku&#8221; (l\u00e1 v\u00e0ng) cho tr\u1ea3i nghi\u1ec7m tr\u1ecb li\u1ec7u sang tr\u1ecdng v\u00e0 tinh t\u1ebf.<\/p>\n","protected":false},"excerpt":{"rendered":"<p>The Spa \u0111\u00e1nh th\u1ee9c m\u1ecdi gi\u00e1c quan c\u1ee7a b\u1ea1n qua c\u00e1c li\u1ec7u ph\u00e1p h\u00f2a quy\u1ec7n gi\u1eefa truy\u1ec1n th\u1ed1ng Vi\u1ec7t Nam v\u00e0 ngh\u1ec7 thu\u1eadt hi\u1ebfu kh\u00e1ch Nh\u1eadt B\u1ea3n. Danh m\u1ee5c d\u1ecbch v\u1ee5 \u0111\u01b0\u1ee3c thi\u1ebft k\u1ebf \u0111\u1ec3 mang l\u1ea1i s\u1ef1 th\u01b0 gi\u00e3n tuy\u1ec7t \u0111\u1ed1i cho t\u00e2m tr\u00ed, c\u01a1 th\u1ec3 v\u00e0 tinh th\u1ea7n, v\u1edbi c\u00e1c li\u1ec7u tr\u00ecnh ch\u0103m [&hellip;]<\/p>\n","protected":false},"author":8,"featured_media":3928,"parent":2257,"menu_order":0,"comment_status":"closed","ping_status":"closed","template":"template-restaurant.php","meta":{"footnotes":""},"yoast_head":"<!-- This site is optimized with the Yoast SEO plugin v22.3 - https:\/\/yoast.com\/wordpress\/plugins\/seo\/ -->\n<title>The Spa - InterContinental Nha Trang<\/title>\n<meta name=\"robots\" content=\"index, follow, max-snippet:-1, max-image-preview:large, max-video-preview:-1\" \/>\n<link rel=\"canonical\" href=\"https:\/\/nhatrang.intercontinental.com\/vi\/facilities\/the-spa\/\" \/>\n<meta property=\"og:locale\" content=\"vi_VN\" \/>\n<meta property=\"og:type\" content=\"article\" \/>\n<meta property=\"og:title\" content=\"The Spa - InterContinental Nha Trang\" \/>\n<meta property=\"og:description\" content=\"The Spa \u0111\u00e1nh th\u1ee9c m\u1ecdi gi\u00e1c quan c\u1ee7a b\u1ea1n qua c\u00e1c li\u1ec7u ph\u00e1p h\u00f2a quy\u1ec7n gi\u1eefa truy\u1ec1n th\u1ed1ng Vi\u1ec7t Nam v\u00e0 ngh\u1ec7 thu\u1eadt hi\u1ebfu kh\u00e1ch Nh\u1eadt B\u1ea3n. Danh m\u1ee5c d\u1ecbch v\u1ee5 \u0111\u01b0\u1ee3c thi\u1ebft k\u1ebf \u0111\u1ec3 mang l\u1ea1i s\u1ef1 th\u01b0 gi\u00e3n tuy\u1ec7t \u0111\u1ed1i cho t\u00e2m tr\u00ed, c\u01a1 th\u1ec3 v\u00e0 tinh th\u1ea7n, v\u1edbi c\u00e1c li\u1ec7u tr\u00ecnh ch\u0103m [&hellip;]\" \/>\n<meta property=\"og:url\" content=\"https:\/\/nhatrang.intercontinental.com\/vi\/facilities\/the-spa\/\" \/>\n<meta property=\"og:site_name\" content=\"InterContinental Nha Trang\" \/>\n<meta property=\"article:modified_time\" content=\"2025-10-29T11:08:42+00:00\" \/>\n<meta property=\"og:image\" content=\"https:\/\/nhatrang.intercontinental.com\/wp-content\/uploads\/sites\/100\/2025\/10\/Anh-ngang-1000-x-800-px-1.jpg\" \/>\n\t<meta property=\"og:image:width\" content=\"1000\" \/>\n\t<meta property=\"og:image:height\" content=\"800\" \/>\n\t<meta property=\"og:image:type\" content=\"image\/jpeg\" \/>\n<meta name=\"twitter:card\" content=\"summary_large_image\" \/>\n<meta name=\"twitter:label1\" content=\"Est. reading time\" \/>\n\t<meta name=\"twitter:data1\" content=\"1 minute\" \/>\n<script type=\"application\/ld+json\" class=\"yoast-schema-graph\">{\"@context\":\"https:\/\/schema.org\",\"@graph\":[{\"@type\":\"WebPage\",\"@id\":\"https:\/\/nhatrang.intercontinental.com\/vi\/facilities\/the-spa\/\",\"url\":\"https:\/\/nhatrang.intercontinental.com\/vi\/facilities\/the-spa\/\",\"name\":\"The Spa - InterContinental Nha Trang\",\"isPartOf\":{\"@id\":\"https:\/\/nhatrang.intercontinental.com\/vi\/#website\"},\"primaryImageOfPage\":{\"@id\":\"https:\/\/nhatrang.intercontinental.com\/vi\/facilities\/the-spa\/#primaryimage\"},\"image\":{\"@id\":\"https:\/\/nhatrang.intercontinental.com\/vi\/facilities\/the-spa\/#primaryimage\"},\"thumbnailUrl\":\"https:\/\/nhatrang.intercontinental.com\/wp-content\/uploads\/sites\/100\/2025\/10\/Anh-ngang-1000-x-800-px-1.jpg\",\"datePublished\":\"2025-06-02T06:30:20+00:00\",\"dateModified\":\"2025-10-29T11:08:42+00:00\",\"breadcrumb\":{\"@id\":\"https:\/\/nhatrang.intercontinental.com\/vi\/facilities\/the-spa\/#breadcrumb\"},\"inLanguage\":\"vi-VN\",\"potentialAction\":[{\"@type\":\"ReadAction\",\"target\":[\"https:\/\/nhatrang.intercontinental.com\/vi\/facilities\/the-spa\/\"]}]},{\"@type\":\"ImageObject\",\"inLanguage\":\"vi-VN\",\"@id\":\"https:\/\/nhatrang.intercontinental.com\/vi\/facilities\/the-spa\/#primaryimage\",\"url\":\"https:\/\/nhatrang.intercontinental.com\/wp-content\/uploads\/sites\/100\/2025\/10\/Anh-ngang-1000-x-800-px-1.jpg\",\"contentUrl\":\"https:\/\/nhatrang.intercontinental.com\/wp-content\/uploads\/sites\/100\/2025\/10\/Anh-ngang-1000-x-800-px-1.jpg\",\"width\":1000,\"height\":800},{\"@type\":\"BreadcrumbList\",\"@id\":\"https:\/\/nhatrang.intercontinental.com\/vi\/facilities\/the-spa\/#breadcrumb\",\"itemListElement\":[{\"@type\":\"ListItem\",\"position\":1,\"name\":\"Home\",\"item\":\"https:\/\/nhatrang.intercontinental.com\/vi\/\"},{\"@type\":\"ListItem\",\"position\":2,\"name\":\"Ti\u1ec7n \u00edch\",\"item\":\"https:\/\/nhatrang.intercontinental.com\/vi\/facilities\/\"},{\"@type\":\"ListItem\",\"position\":3,\"name\":\"The Spa\"}]},{\"@type\":\"WebSite\",\"@id\":\"https:\/\/nhatrang.intercontinental.com\/vi\/#website\",\"url\":\"https:\/\/nhatrang.intercontinental.com\/vi\/\",\"name\":\"InterContinental Nha Trang\",\"description\":\"\",\"potentialAction\":[{\"@type\":\"SearchAction\",\"target\":{\"@type\":\"EntryPoint\",\"urlTemplate\":\"https:\/\/nhatrang.intercontinental.com\/vi\/?s={search_term_string}\"},\"query-input\":\"required name=search_term_string\"}],\"inLanguage\":\"vi-VN\"}]}<\/script>\n<!-- \/ Yoast SEO plugin. -->","yoast_head_json":{"title":"The Spa - InterContinental Nha Trang","robots":{"index":"index","follow":"follow","max-snippet":"max-snippet:-1","max-image-preview":"max-image-preview:large","max-video-preview":"max-video-preview:-1"},"canonical":"https:\/\/nhatrang.intercontinental.com\/vi\/facilities\/the-spa\/","og_locale":"vi_VN","og_type":"article","og_title":"The Spa - InterContinental Nha Trang","og_description":"The Spa \u0111\u00e1nh th\u1ee9c m\u1ecdi gi\u00e1c quan c\u1ee7a b\u1ea1n qua c\u00e1c li\u1ec7u ph\u00e1p h\u00f2a quy\u1ec7n gi\u1eefa truy\u1ec1n th\u1ed1ng Vi\u1ec7t Nam v\u00e0 ngh\u1ec7 thu\u1eadt hi\u1ebfu kh\u00e1ch Nh\u1eadt B\u1ea3n. Danh m\u1ee5c d\u1ecbch v\u1ee5 \u0111\u01b0\u1ee3c thi\u1ebft k\u1ebf \u0111\u1ec3 mang l\u1ea1i s\u1ef1 th\u01b0 gi\u00e3n tuy\u1ec7t \u0111\u1ed1i cho t\u00e2m tr\u00ed, c\u01a1 th\u1ec3 v\u00e0 tinh th\u1ea7n, v\u1edbi c\u00e1c li\u1ec7u tr\u00ecnh ch\u0103m [&hellip;]","og_url":"https:\/\/nhatrang.intercontinental.com\/vi\/facilities\/the-spa\/","og_site_name":"InterContinental Nha Trang","article_modified_time":"2025-10-29T11:08:42+00:00","og_image":[{"width":1000,"height":800,"url":"https:\/\/nhatrang.intercontinental.com\/wp-content\/uploads\/sites\/100\/2025\/10\/Anh-ngang-1000-x-800-px-1.jpg","type":"image\/jpeg"}],"twitter_card":"summary_large_image","twitter_misc":{"Est. reading time":"1 minute"},"schema":{"@context":"https:\/\/schema.org","@graph":[{"@type":"WebPage","@id":"https:\/\/nhatrang.intercontinental.com\/vi\/facilities\/the-spa\/","url":"https:\/\/nhatrang.intercontinental.com\/vi\/facilities\/the-spa\/","name":"The Spa - InterContinental Nha Trang","isPartOf":{"@id":"https:\/\/nhatrang.intercontinental.com\/vi\/#website"},"primaryImageOfPage":{"@id":"https:\/\/nhatrang.intercontinental.com\/vi\/facilities\/the-spa\/#primaryimage"},"image":{"@id":"https:\/\/nhatrang.intercontinental.com\/vi\/facilities\/the-spa\/#primaryimage"},"thumbnailUrl":"https:\/\/nhatrang.intercontinental.com\/wp-content\/uploads\/sites\/100\/2025\/10\/Anh-ngang-1000-x-800-px-1.jpg","datePublished":"2025-06-02T06:30:20+00:00","dateModified":"2025-10-29T11:08:42+00:00","breadcrumb":{"@id":"https:\/\/nhatrang.intercontinental.com\/vi\/facilities\/the-spa\/#breadcrumb"},"inLanguage":"vi-VN","potentialAction":[{"@type":"ReadAction","target":["https:\/\/nhatrang.intercontinental.com\/vi\/facilities\/the-spa\/"]}]},{"@type":"ImageObject","inLanguage":"vi-VN","@id":"https:\/\/nhatrang.intercontinental.com\/vi\/facilities\/the-spa\/#primaryimage","url":"https:\/\/nhatrang.intercontinental.com\/wp-content\/uploads\/sites\/100\/2025\/10\/Anh-ngang-1000-x-800-px-1.jpg","contentUrl":"https:\/\/nhatrang.intercontinental.com\/wp-content\/uploads\/sites\/100\/2025\/10\/Anh-ngang-1000-x-800-px-1.jpg","width":1000,"height":800},{"@type":"BreadcrumbList","@id":"https:\/\/nhatrang.intercontinental.com\/vi\/facilities\/the-spa\/#breadcrumb","itemListElement":[{"@type":"ListItem","position":1,"name":"Home","item":"https:\/\/nhatrang.intercontinental.com\/vi\/"},{"@type":"ListItem","position":2,"name":"Ti\u1ec7n \u00edch","item":"https:\/\/nhatrang.intercontinental.com\/vi\/facilities\/"},{"@type":"ListItem","position":3,"name":"The Spa"}]},{"@type":"WebSite","@id":"https:\/\/nhatrang.intercontinental.com\/vi\/#website","url":"https:\/\/nhatrang.intercontinental.com\/vi\/","name":"InterContinental Nha Trang","description":"","potentialAction":[{"@type":"SearchAction","target":{"@type":"EntryPoint","urlTemplate":"https:\/\/nhatrang.intercontinental.com\/vi\/?s={search_term_string}"},"query-input":"required name=search_term_string"}],"inLanguage":"vi-VN"}]}},"acf":[],"_links":{"self":[{"href":"https:\/\/nhatrang.intercontinental.com\/vi\/wp-json\/wp\/v2\/pages\/2261"}],"collection":[{"href":"https:\/\/nhatrang.intercontinental.com\/vi\/wp-json\/wp\/v2\/pages"}],"about":[{"href":"https:\/\/nhatrang.intercontinental.com\/vi\/wp-json\/wp\/v2\/types\/page"}],"author":[{"embeddable":true,"href":"https:\/\/nhatrang.intercontinental.com\/vi\/wp-json\/wp\/v2\/users\/8"}],"replies":[{"embeddable":true,"href":"https:\/\/nhatrang.intercontinental.com\/vi\/wp-json\/wp\/v2\/comments?post=2261"}],"version-history":[{"count":0,"href":"https:\/\/nhatrang.intercontinental.com\/vi\/wp-json\/wp\/v2\/pages\/2261\/revisions"}],"up":[{"embeddable":true,"href":"https:\/\/nhatrang.intercontinental.com\/vi\/wp-json\/wp\/v2\/pages\/2257"}],"wp:featuredmedia":[{"embeddable":true,"href":"https:\/\/nhatrang.intercontinental.com\/vi\/wp-json\/wp\/v2\/media\/3928"}],"wp:attachment":[{"href":"https:\/\/nhatrang.intercontinental.com\/vi\/wp-json\/wp\/v2\/media?parent=2261"}],"curies":[{"name":"wp","href":"https:\/\/api.w.org\/{rel}","templated":true}]}}