{"id":2262,"date":"2025-05-09T08:31:46","date_gmt":"2025-05-09T08:31:46","guid":{"rendered":"https:\/\/nhatrang.intercontinental.com\/club-intercontinental\/"},"modified":"2025-09-11T12:19:24","modified_gmt":"2025-09-11T12:19:24","slug":"club-intercontinental","status":"publish","type":"page","link":"https:\/\/nhatrang.intercontinental.com\/vi\/club-intercontinental\/","title":{"rendered":"Club InterContinental"},"content":{"rendered":"<p>Club InterContinental Lounge t\u1ecda l\u1ea1c t\u1ea1i t\u1ea7ng 18, mang \u0111\u1ebfn kh\u00f4ng gian trong nh\u00e0 \u0111\u01b0\u1ee3c \u0111i\u1ec1u h\u00f2a m\u00e1t m\u1ebb v\u00e0 khu v\u1ef1c s\u00e2n hi\u00ean ngo\u00e0i tr\u1eddi h\u01b0\u1edbng ra \u0111\u1ea1i d\u01b0\u01a1ng xanh bi\u1ebfc \u2013 m\u1ed9t g\u00f3c y\u00ean b\u00ecnh l\u00fd t\u01b0\u1edfng \u0111\u1ec3 t\u1eadn h\u01b0\u1edfng kh\u00f4ng kh\u00ed th\u01b0 th\u00e1i c\u00f9ng nh\u1eefng b\u1eefa \u0103n nh\u1eb9, th\u1ee9c u\u1ed1ng hay cocktail chi\u1ec1u \u0111\u1ea7y thi v\u1ecb.<\/p>\n<p>Vui l\u00f2ng li\u00ean h\u1ec7 qu\u1ea7y l\u1ec5 t\u00e2n \u0111\u1ec3 m\u1edf kh\u00f3a tr\u1ea3i nghi\u1ec7m \u0111\u1eb3ng c\u1ea5p n\u00e0y, ho\u1eb7c g\u1eedi email \u0111\u1ebfn reservation.icnt@ihg.com \u0111\u1ec3 th\u00eam quy\u1ec1n s\u1eed d\u1ee5ng Club Lounge v\u00e0o \u0111\u1eb7t ph\u00f2ng hi\u1ec7n t\u1ea1i ho\u1eb7c m\u1edbi.<\/p>\n","protected":false},"excerpt":{"rendered":"<p>Club InterContinental Lounge t\u1ecda l\u1ea1c t\u1ea1i t\u1ea7ng 18, mang \u0111\u1ebfn kh\u00f4ng gian trong nh\u00e0 \u0111\u01b0\u1ee3c \u0111i\u1ec1u h\u00f2a m\u00e1t m\u1ebb v\u00e0 khu v\u1ef1c s\u00e2n hi\u00ean ngo\u00e0i tr\u1eddi h\u01b0\u1edbng ra \u0111\u1ea1i d\u01b0\u01a1ng xanh bi\u1ebfc \u2013 m\u1ed9t g\u00f3c y\u00ean b\u00ecnh l\u00fd t\u01b0\u1edfng \u0111\u1ec3 t\u1eadn h\u01b0\u1edfng kh\u00f4ng kh\u00ed th\u01b0 th\u00e1i c\u00f9ng nh\u1eefng b\u1eefa \u0103n nh\u1eb9, th\u1ee9c u\u1ed1ng hay cocktail [&hellip;]<\/p>\n","protected":false},"author":8,"featured_media":578,"parent":0,"menu_order":0,"comment_status":"closed","ping_status":"closed","template":"","meta":{"footnotes":""},"yoast_head":"<!-- This site is optimized with the Yoast SEO plugin v22.3 - https:\/\/yoast.com\/wordpress\/plugins\/seo\/ -->\n<title>Club InterContinental - InterContinental Nha Trang<\/title>\n<meta name=\"robots\" content=\"index, follow, max-snippet:-1, max-image-preview:large, max-video-preview:-1\" \/>\n<link rel=\"canonical\" href=\"https:\/\/nhatrang.intercontinental.com\/vi\/club-intercontinental\/\" \/>\n<meta property=\"og:locale\" content=\"vi_VN\" \/>\n<meta property=\"og:type\" content=\"article\" \/>\n<meta property=\"og:title\" content=\"Club InterContinental - InterContinental Nha Trang\" \/>\n<meta property=\"og:description\" content=\"Club InterContinental Lounge t\u1ecda l\u1ea1c t\u1ea1i t\u1ea7ng 18, mang \u0111\u1ebfn kh\u00f4ng gian trong nh\u00e0 \u0111\u01b0\u1ee3c \u0111i\u1ec1u h\u00f2a m\u00e1t m\u1ebb v\u00e0 khu v\u1ef1c s\u00e2n hi\u00ean ngo\u00e0i tr\u1eddi h\u01b0\u1edbng ra \u0111\u1ea1i d\u01b0\u01a1ng xanh bi\u1ebfc \u2013 m\u1ed9t g\u00f3c y\u00ean b\u00ecnh l\u00fd t\u01b0\u1edfng \u0111\u1ec3 t\u1eadn h\u01b0\u1edfng kh\u00f4ng kh\u00ed th\u01b0 th\u00e1i c\u00f9ng nh\u1eefng b\u1eefa \u0103n nh\u1eb9, th\u1ee9c u\u1ed1ng hay cocktail [&hellip;]\" \/>\n<meta property=\"og:url\" content=\"https:\/\/nhatrang.intercontinental.com\/vi\/club-intercontinental\/\" \/>\n<meta property=\"og:site_name\" content=\"InterContinental Nha Trang\" \/>\n<meta property=\"article:modified_time\" content=\"2025-09-11T12:19:24+00:00\" \/>\n<meta property=\"og:image\" content=\"https:\/\/nhatrang.intercontinental.com\/wp-content\/uploads\/sites\/100\/2025\/05\/Club-Lounge.jpg\" \/>\n\t<meta property=\"og:image:width\" content=\"2200\" \/>\n\t<meta property=\"og:image:height\" content=\"1200\" \/>\n\t<meta property=\"og:image:type\" content=\"image\/jpeg\" \/>\n<meta name=\"twitter:card\" content=\"summary_large_image\" \/>\n<meta name=\"twitter:label1\" content=\"Est. reading time\" \/>\n\t<meta name=\"twitter:data1\" content=\"1 minute\" \/>\n<script type=\"application\/ld+json\" class=\"yoast-schema-graph\">{\"@context\":\"https:\/\/schema.org\",\"@graph\":[{\"@type\":\"WebPage\",\"@id\":\"https:\/\/nhatrang.intercontinental.com\/vi\/club-intercontinental\/\",\"url\":\"https:\/\/nhatrang.intercontinental.com\/vi\/club-intercontinental\/\",\"name\":\"Club InterContinental - InterContinental Nha Trang\",\"isPartOf\":{\"@id\":\"https:\/\/nhatrang.intercontinental.com\/vi\/#website\"},\"primaryImageOfPage\":{\"@id\":\"https:\/\/nhatrang.intercontinental.com\/vi\/club-intercontinental\/#primaryimage\"},\"image\":{\"@id\":\"https:\/\/nhatrang.intercontinental.com\/vi\/club-intercontinental\/#primaryimage\"},\"thumbnailUrl\":\"https:\/\/nhatrang.intercontinental.com\/wp-content\/uploads\/sites\/100\/2025\/05\/Club-Lounge.jpg\",\"datePublished\":\"2025-05-09T08:31:46+00:00\",\"dateModified\":\"2025-09-11T12:19:24+00:00\",\"breadcrumb\":{\"@id\":\"https:\/\/nhatrang.intercontinental.com\/vi\/club-intercontinental\/#breadcrumb\"},\"inLanguage\":\"vi-VN\",\"potentialAction\":[{\"@type\":\"ReadAction\",\"target\":[\"https:\/\/nhatrang.intercontinental.com\/vi\/club-intercontinental\/\"]}]},{\"@type\":\"ImageObject\",\"inLanguage\":\"vi-VN\",\"@id\":\"https:\/\/nhatrang.intercontinental.com\/vi\/club-intercontinental\/#primaryimage\",\"url\":\"https:\/\/nhatrang.intercontinental.com\/wp-content\/uploads\/sites\/100\/2025\/05\/Club-Lounge.jpg\",\"contentUrl\":\"https:\/\/nhatrang.intercontinental.com\/wp-content\/uploads\/sites\/100\/2025\/05\/Club-Lounge.jpg\",\"width\":2200,\"height\":1200},{\"@type\":\"BreadcrumbList\",\"@id\":\"https:\/\/nhatrang.intercontinental.com\/vi\/club-intercontinental\/#breadcrumb\",\"itemListElement\":[{\"@type\":\"ListItem\",\"position\":1,\"name\":\"Home\",\"item\":\"https:\/\/nhatrang.intercontinental.com\/vi\/\"},{\"@type\":\"ListItem\",\"position\":2,\"name\":\"Club InterContinental\"}]},{\"@type\":\"WebSite\",\"@id\":\"https:\/\/nhatrang.intercontinental.com\/vi\/#website\",\"url\":\"https:\/\/nhatrang.intercontinental.com\/vi\/\",\"name\":\"InterContinental Nha Trang\",\"description\":\"\",\"potentialAction\":[{\"@type\":\"SearchAction\",\"target\":{\"@type\":\"EntryPoint\",\"urlTemplate\":\"https:\/\/nhatrang.intercontinental.com\/vi\/?s={search_term_string}\"},\"query-input\":\"required name=search_term_string\"}],\"inLanguage\":\"vi-VN\"}]}<\/script>\n<!-- \/ Yoast SEO plugin. -->","yoast_head_json":{"title":"Club InterContinental - InterContinental Nha Trang","robots":{"index":"index","follow":"follow","max-snippet":"max-snippet:-1","max-image-preview":"max-image-preview:large","max-video-preview":"max-video-preview:-1"},"canonical":"https:\/\/nhatrang.intercontinental.com\/vi\/club-intercontinental\/","og_locale":"vi_VN","og_type":"article","og_title":"Club InterContinental - InterContinental Nha Trang","og_description":"Club InterContinental Lounge t\u1ecda l\u1ea1c t\u1ea1i t\u1ea7ng 18, mang \u0111\u1ebfn kh\u00f4ng gian trong nh\u00e0 \u0111\u01b0\u1ee3c \u0111i\u1ec1u h\u00f2a m\u00e1t m\u1ebb v\u00e0 khu v\u1ef1c s\u00e2n hi\u00ean ngo\u00e0i tr\u1eddi h\u01b0\u1edbng ra \u0111\u1ea1i d\u01b0\u01a1ng xanh bi\u1ebfc \u2013 m\u1ed9t g\u00f3c y\u00ean b\u00ecnh l\u00fd t\u01b0\u1edfng \u0111\u1ec3 t\u1eadn h\u01b0\u1edfng kh\u00f4ng kh\u00ed th\u01b0 th\u00e1i c\u00f9ng nh\u1eefng b\u1eefa \u0103n nh\u1eb9, th\u1ee9c u\u1ed1ng hay cocktail [&hellip;]","og_url":"https:\/\/nhatrang.intercontinental.com\/vi\/club-intercontinental\/","og_site_name":"InterContinental Nha Trang","article_modified_time":"2025-09-11T12:19:24+00:00","og_image":[{"width":2200,"height":1200,"url":"https:\/\/nhatrang.intercontinental.com\/wp-content\/uploads\/sites\/100\/2025\/05\/Club-Lounge.jpg","type":"image\/jpeg"}],"twitter_card":"summary_large_image","twitter_misc":{"Est. reading time":"1 minute"},"schema":{"@context":"https:\/\/schema.org","@graph":[{"@type":"WebPage","@id":"https:\/\/nhatrang.intercontinental.com\/vi\/club-intercontinental\/","url":"https:\/\/nhatrang.intercontinental.com\/vi\/club-intercontinental\/","name":"Club InterContinental - InterContinental Nha Trang","isPartOf":{"@id":"https:\/\/nhatrang.intercontinental.com\/vi\/#website"},"primaryImageOfPage":{"@id":"https:\/\/nhatrang.intercontinental.com\/vi\/club-intercontinental\/#primaryimage"},"image":{"@id":"https:\/\/nhatrang.intercontinental.com\/vi\/club-intercontinental\/#primaryimage"},"thumbnailUrl":"https:\/\/nhatrang.intercontinental.com\/wp-content\/uploads\/sites\/100\/2025\/05\/Club-Lounge.jpg","datePublished":"2025-05-09T08:31:46+00:00","dateModified":"2025-09-11T12:19:24+00:00","breadcrumb":{"@id":"https:\/\/nhatrang.intercontinental.com\/vi\/club-intercontinental\/#breadcrumb"},"inLanguage":"vi-VN","potentialAction":[{"@type":"ReadAction","target":["https:\/\/nhatrang.intercontinental.com\/vi\/club-intercontinental\/"]}]},{"@type":"ImageObject","inLanguage":"vi-VN","@id":"https:\/\/nhatrang.intercontinental.com\/vi\/club-intercontinental\/#primaryimage","url":"https:\/\/nhatrang.intercontinental.com\/wp-content\/uploads\/sites\/100\/2025\/05\/Club-Lounge.jpg","contentUrl":"https:\/\/nhatrang.intercontinental.com\/wp-content\/uploads\/sites\/100\/2025\/05\/Club-Lounge.jpg","width":2200,"height":1200},{"@type":"BreadcrumbList","@id":"https:\/\/nhatrang.intercontinental.com\/vi\/club-intercontinental\/#breadcrumb","itemListElement":[{"@type":"ListItem","position":1,"name":"Home","item":"https:\/\/nhatrang.intercontinental.com\/vi\/"},{"@type":"ListItem","position":2,"name":"Club InterContinental"}]},{"@type":"WebSite","@id":"https:\/\/nhatrang.intercontinental.com\/vi\/#website","url":"https:\/\/nhatrang.intercontinental.com\/vi\/","name":"InterContinental Nha Trang","description":"","potentialAction":[{"@type":"SearchAction","target":{"@type":"EntryPoint","urlTemplate":"https:\/\/nhatrang.intercontinental.com\/vi\/?s={search_term_string}"},"query-input":"required name=search_term_string"}],"inLanguage":"vi-VN"}]}},"acf":[],"_links":{"self":[{"href":"https:\/\/nhatrang.intercontinental.com\/vi\/wp-json\/wp\/v2\/pages\/2262"}],"collection":[{"href":"https:\/\/nhatrang.intercontinental.com\/vi\/wp-json\/wp\/v2\/pages"}],"about":[{"href":"https:\/\/nhatrang.intercontinental.com\/vi\/wp-json\/wp\/v2\/types\/page"}],"author":[{"embeddable":true,"href":"https:\/\/nhatrang.intercontinental.com\/vi\/wp-json\/wp\/v2\/users\/8"}],"replies":[{"embeddable":true,"href":"https:\/\/nhatrang.intercontinental.com\/vi\/wp-json\/wp\/v2\/comments?post=2262"}],"version-history":[{"count":0,"href":"https:\/\/nhatrang.intercontinental.com\/vi\/wp-json\/wp\/v2\/pages\/2262\/revisions"}],"wp:featuredmedia":[{"embeddable":true,"href":"https:\/\/nhatrang.intercontinental.com\/vi\/wp-json\/wp\/v2\/media\/578"}],"wp:attachment":[{"href":"https:\/\/nhatrang.intercontinental.com\/vi\/wp-json\/wp\/v2\/media?parent=2262"}],"curies":[{"name":"wp","href":"https:\/\/api.w.org\/{rel}","templated":true}]}}