{"id":2265,"date":"2025-05-15T03:09:18","date_gmt":"2025-05-15T03:09:18","guid":{"rendered":"https:\/\/nhatrang.intercontinental.com\/children-policy\/"},"modified":"2025-09-04T02:54:40","modified_gmt":"2025-09-04T02:54:40","slug":"children-policy","status":"publish","type":"page","link":"https:\/\/nhatrang.intercontinental.com\/vi\/children-policy\/","title":{"rendered":"Ch\u00ednh s\u00e1ch tr\u1ebb em t\u1ea1i Club InterContinental"},"content":{"rendered":"<p style=\"text-align: justify\">Tr\u1ebb em lu\u00f4n \u0111\u01b0\u1ee3c ch\u00e0o \u0111\u00f3n n\u1ed3ng nhi\u1ec7t t\u1ea1i Club InterContinental Lounge su\u1ed1t c\u1ea3 ng\u00e0y. V\u00ec s\u1ef1 an to\u00e0n v\u00e0 tho\u1ea3i m\u00e1i, tr\u1ebb d\u01b0\u1edbi 12 tu\u1ed5i c\u1ea7n c\u00f3 ng\u01b0\u1eddi l\u1edbn \u0111i k\u00e8m m\u1ecdi l\u00fac.<\/p>\n<p style=\"text-align: justify\">Xin l\u01b0u \u00fd r\u1eb1ng trong khung gi\u1edd ph\u1ee5c v\u1ee5 cocktail bu\u1ed5i t\u1ed1i, t\u1eeb 17:30 \u0111\u1ebfn 19:30, Club Lounge s\u1ebd duy tr\u00ec kh\u00f4ng gian y\u00ean t\u0129nh d\u00e0nh ri\u00eang cho ng\u01b0\u1eddi l\u1edbn. Trong th\u1eddi gian n\u00e0y, c\u00e1c gia \u0111\u00ecnh \u0111\u01b0\u1ee3c m\u1eddi th\u01b0\u1edfng th\u1ee9c c\u00f9ng lo\u1ea1i canap\u00e9 v\u00e0 \u0111\u1ed3 u\u1ed1ng t\u1ea1i Lobby Lounge \u1edf t\u1ea7ng 1 \u2013 m\u1ed9t l\u1ef1a ch\u1ecdn th\u01b0 gi\u00e3n v\u00e0 th\u00e2n thi\u1ec7n v\u1edbi tr\u1ebb nh\u1ecf h\u01a1n.<\/p>\n<p style=\"text-align: justify\">\u0110\u1ed1i v\u1edbi c\u00e1c v\u1ecb kh\u00e1ch nh\u00ed, c\u00e2u l\u1ea1c b\u1ed9 tr\u1ebb em Planet Trekkers m\u1edf c\u1eeda \u0111\u1ebfn 18:00 h\u1eb1ng ng\u00e0y, ho\u00e0n to\u00e0n mi\u1ec5n ph\u00ed. D\u1ecbch v\u1ee5 n\u00e0y cho ph\u00e9p ph\u1ee5 huynh y\u00ean t\u00e2m t\u1eadn h\u01b0\u1edfng th\u1eddi gian ri\u00eang t\u01b0 trong khi c\u00e1c b\u00e9 \u0111\u01b0\u1ee3c vui ch\u01a1i trong m\u00f4i tr\u01b0\u1eddng an to\u00e0n v\u00e0 l\u00fd th\u00fa.<\/p>\n","protected":false},"excerpt":{"rendered":"<p>Tr\u1ebb em lu\u00f4n \u0111\u01b0\u1ee3c ch\u00e0o \u0111\u00f3n n\u1ed3ng nhi\u1ec7t t\u1ea1i Club InterContinental Lounge su\u1ed1t c\u1ea3 ng\u00e0y. V\u00ec s\u1ef1 an to\u00e0n v\u00e0 tho\u1ea3i m\u00e1i, tr\u1ebb d\u01b0\u1edbi 12 tu\u1ed5i c\u1ea7n c\u00f3 ng\u01b0\u1eddi l\u1edbn \u0111i k\u00e8m m\u1ecdi l\u00fac. Xin l\u01b0u \u00fd r\u1eb1ng trong khung gi\u1edd ph\u1ee5c v\u1ee5 cocktail bu\u1ed5i t\u1ed1i, t\u1eeb 17:30 \u0111\u1ebfn 19:30, Club Lounge s\u1ebd duy tr\u00ec [&hellip;]<\/p>\n","protected":false},"author":8,"featured_media":1630,"parent":0,"menu_order":0,"comment_status":"closed","ping_status":"closed","template":"","meta":{"footnotes":""},"yoast_head":"<!-- This site is optimized with the Yoast SEO plugin v22.3 - https:\/\/yoast.com\/wordpress\/plugins\/seo\/ -->\n<title>Ch\u00ednh s\u00e1ch tr\u1ebb em t\u1ea1i Club InterContinental - InterContinental Nha Trang<\/title>\n<meta name=\"robots\" content=\"index, follow, max-snippet:-1, max-image-preview:large, max-video-preview:-1\" \/>\n<link rel=\"canonical\" href=\"https:\/\/nhatrang.intercontinental.com\/vi\/children-policy\/\" \/>\n<meta property=\"og:locale\" content=\"vi_VN\" \/>\n<meta property=\"og:type\" content=\"article\" \/>\n<meta property=\"og:title\" content=\"Ch\u00ednh s\u00e1ch tr\u1ebb em t\u1ea1i Club InterContinental - InterContinental Nha Trang\" \/>\n<meta property=\"og:description\" content=\"Tr\u1ebb em lu\u00f4n \u0111\u01b0\u1ee3c ch\u00e0o \u0111\u00f3n n\u1ed3ng nhi\u1ec7t t\u1ea1i Club InterContinental Lounge su\u1ed1t c\u1ea3 ng\u00e0y. V\u00ec s\u1ef1 an to\u00e0n v\u00e0 tho\u1ea3i m\u00e1i, tr\u1ebb d\u01b0\u1edbi 12 tu\u1ed5i c\u1ea7n c\u00f3 ng\u01b0\u1eddi l\u1edbn \u0111i k\u00e8m m\u1ecdi l\u00fac. Xin l\u01b0u \u00fd r\u1eb1ng trong khung gi\u1edd ph\u1ee5c v\u1ee5 cocktail bu\u1ed5i t\u1ed1i, t\u1eeb 17:30 \u0111\u1ebfn 19:30, Club Lounge s\u1ebd duy tr\u00ec [&hellip;]\" \/>\n<meta property=\"og:url\" content=\"https:\/\/nhatrang.intercontinental.com\/vi\/children-policy\/\" \/>\n<meta property=\"og:site_name\" content=\"InterContinental Nha Trang\" \/>\n<meta property=\"article:modified_time\" content=\"2025-09-04T02:54:40+00:00\" \/>\n<meta property=\"og:image\" content=\"https:\/\/nhatrang.intercontinental.com\/wp-content\/uploads\/sites\/100\/2025\/05\/Club-Lounge-3.jpg\" \/>\n\t<meta property=\"og:image:width\" content=\"2200\" \/>\n\t<meta property=\"og:image:height\" content=\"1200\" \/>\n\t<meta property=\"og:image:type\" content=\"image\/jpeg\" \/>\n<meta name=\"twitter:card\" content=\"summary_large_image\" \/>\n<meta name=\"twitter:label1\" content=\"Est. reading time\" \/>\n\t<meta name=\"twitter:data1\" content=\"1 minute\" \/>\n<script type=\"application\/ld+json\" class=\"yoast-schema-graph\">{\"@context\":\"https:\/\/schema.org\",\"@graph\":[{\"@type\":\"WebPage\",\"@id\":\"https:\/\/nhatrang.intercontinental.com\/vi\/children-policy\/\",\"url\":\"https:\/\/nhatrang.intercontinental.com\/vi\/children-policy\/\",\"name\":\"Ch\u00ednh s\u00e1ch tr\u1ebb em t\u1ea1i Club InterContinental - InterContinental Nha Trang\",\"isPartOf\":{\"@id\":\"https:\/\/nhatrang.intercontinental.com\/vi\/#website\"},\"primaryImageOfPage\":{\"@id\":\"https:\/\/nhatrang.intercontinental.com\/vi\/children-policy\/#primaryimage\"},\"image\":{\"@id\":\"https:\/\/nhatrang.intercontinental.com\/vi\/children-policy\/#primaryimage\"},\"thumbnailUrl\":\"https:\/\/nhatrang.intercontinental.com\/wp-content\/uploads\/sites\/100\/2025\/05\/Club-Lounge-3.jpg\",\"datePublished\":\"2025-05-15T03:09:18+00:00\",\"dateModified\":\"2025-09-04T02:54:40+00:00\",\"breadcrumb\":{\"@id\":\"https:\/\/nhatrang.intercontinental.com\/vi\/children-policy\/#breadcrumb\"},\"inLanguage\":\"vi-VN\",\"potentialAction\":[{\"@type\":\"ReadAction\",\"target\":[\"https:\/\/nhatrang.intercontinental.com\/vi\/children-policy\/\"]}]},{\"@type\":\"ImageObject\",\"inLanguage\":\"vi-VN\",\"@id\":\"https:\/\/nhatrang.intercontinental.com\/vi\/children-policy\/#primaryimage\",\"url\":\"https:\/\/nhatrang.intercontinental.com\/wp-content\/uploads\/sites\/100\/2025\/05\/Club-Lounge-3.jpg\",\"contentUrl\":\"https:\/\/nhatrang.intercontinental.com\/wp-content\/uploads\/sites\/100\/2025\/05\/Club-Lounge-3.jpg\",\"width\":2200,\"height\":1200},{\"@type\":\"BreadcrumbList\",\"@id\":\"https:\/\/nhatrang.intercontinental.com\/vi\/children-policy\/#breadcrumb\",\"itemListElement\":[{\"@type\":\"ListItem\",\"position\":1,\"name\":\"Home\",\"item\":\"https:\/\/nhatrang.intercontinental.com\/vi\/\"},{\"@type\":\"ListItem\",\"position\":2,\"name\":\"Ch\u00ednh s\u00e1ch tr\u1ebb em t\u1ea1i Club InterContinental\"}]},{\"@type\":\"WebSite\",\"@id\":\"https:\/\/nhatrang.intercontinental.com\/vi\/#website\",\"url\":\"https:\/\/nhatrang.intercontinental.com\/vi\/\",\"name\":\"InterContinental Nha Trang\",\"description\":\"\",\"potentialAction\":[{\"@type\":\"SearchAction\",\"target\":{\"@type\":\"EntryPoint\",\"urlTemplate\":\"https:\/\/nhatrang.intercontinental.com\/vi\/?s={search_term_string}\"},\"query-input\":\"required name=search_term_string\"}],\"inLanguage\":\"vi-VN\"}]}<\/script>\n<!-- \/ Yoast SEO plugin. -->","yoast_head_json":{"title":"Ch\u00ednh s\u00e1ch tr\u1ebb em t\u1ea1i Club InterContinental - InterContinental Nha Trang","robots":{"index":"index","follow":"follow","max-snippet":"max-snippet:-1","max-image-preview":"max-image-preview:large","max-video-preview":"max-video-preview:-1"},"canonical":"https:\/\/nhatrang.intercontinental.com\/vi\/children-policy\/","og_locale":"vi_VN","og_type":"article","og_title":"Ch\u00ednh s\u00e1ch tr\u1ebb em t\u1ea1i Club InterContinental - InterContinental Nha Trang","og_description":"Tr\u1ebb em lu\u00f4n \u0111\u01b0\u1ee3c ch\u00e0o \u0111\u00f3n n\u1ed3ng nhi\u1ec7t t\u1ea1i Club InterContinental Lounge su\u1ed1t c\u1ea3 ng\u00e0y. V\u00ec s\u1ef1 an to\u00e0n v\u00e0 tho\u1ea3i m\u00e1i, tr\u1ebb d\u01b0\u1edbi 12 tu\u1ed5i c\u1ea7n c\u00f3 ng\u01b0\u1eddi l\u1edbn \u0111i k\u00e8m m\u1ecdi l\u00fac. Xin l\u01b0u \u00fd r\u1eb1ng trong khung gi\u1edd ph\u1ee5c v\u1ee5 cocktail bu\u1ed5i t\u1ed1i, t\u1eeb 17:30 \u0111\u1ebfn 19:30, Club Lounge s\u1ebd duy tr\u00ec [&hellip;]","og_url":"https:\/\/nhatrang.intercontinental.com\/vi\/children-policy\/","og_site_name":"InterContinental Nha Trang","article_modified_time":"2025-09-04T02:54:40+00:00","og_image":[{"width":2200,"height":1200,"url":"https:\/\/nhatrang.intercontinental.com\/wp-content\/uploads\/sites\/100\/2025\/05\/Club-Lounge-3.jpg","type":"image\/jpeg"}],"twitter_card":"summary_large_image","twitter_misc":{"Est. reading time":"1 minute"},"schema":{"@context":"https:\/\/schema.org","@graph":[{"@type":"WebPage","@id":"https:\/\/nhatrang.intercontinental.com\/vi\/children-policy\/","url":"https:\/\/nhatrang.intercontinental.com\/vi\/children-policy\/","name":"Ch\u00ednh s\u00e1ch tr\u1ebb em t\u1ea1i Club InterContinental - InterContinental Nha Trang","isPartOf":{"@id":"https:\/\/nhatrang.intercontinental.com\/vi\/#website"},"primaryImageOfPage":{"@id":"https:\/\/nhatrang.intercontinental.com\/vi\/children-policy\/#primaryimage"},"image":{"@id":"https:\/\/nhatrang.intercontinental.com\/vi\/children-policy\/#primaryimage"},"thumbnailUrl":"https:\/\/nhatrang.intercontinental.com\/wp-content\/uploads\/sites\/100\/2025\/05\/Club-Lounge-3.jpg","datePublished":"2025-05-15T03:09:18+00:00","dateModified":"2025-09-04T02:54:40+00:00","breadcrumb":{"@id":"https:\/\/nhatrang.intercontinental.com\/vi\/children-policy\/#breadcrumb"},"inLanguage":"vi-VN","potentialAction":[{"@type":"ReadAction","target":["https:\/\/nhatrang.intercontinental.com\/vi\/children-policy\/"]}]},{"@type":"ImageObject","inLanguage":"vi-VN","@id":"https:\/\/nhatrang.intercontinental.com\/vi\/children-policy\/#primaryimage","url":"https:\/\/nhatrang.intercontinental.com\/wp-content\/uploads\/sites\/100\/2025\/05\/Club-Lounge-3.jpg","contentUrl":"https:\/\/nhatrang.intercontinental.com\/wp-content\/uploads\/sites\/100\/2025\/05\/Club-Lounge-3.jpg","width":2200,"height":1200},{"@type":"BreadcrumbList","@id":"https:\/\/nhatrang.intercontinental.com\/vi\/children-policy\/#breadcrumb","itemListElement":[{"@type":"ListItem","position":1,"name":"Home","item":"https:\/\/nhatrang.intercontinental.com\/vi\/"},{"@type":"ListItem","position":2,"name":"Ch\u00ednh s\u00e1ch tr\u1ebb em t\u1ea1i Club InterContinental"}]},{"@type":"WebSite","@id":"https:\/\/nhatrang.intercontinental.com\/vi\/#website","url":"https:\/\/nhatrang.intercontinental.com\/vi\/","name":"InterContinental Nha Trang","description":"","potentialAction":[{"@type":"SearchAction","target":{"@type":"EntryPoint","urlTemplate":"https:\/\/nhatrang.intercontinental.com\/vi\/?s={search_term_string}"},"query-input":"required name=search_term_string"}],"inLanguage":"vi-VN"}]}},"acf":[],"_links":{"self":[{"href":"https:\/\/nhatrang.intercontinental.com\/vi\/wp-json\/wp\/v2\/pages\/2265"}],"collection":[{"href":"https:\/\/nhatrang.intercontinental.com\/vi\/wp-json\/wp\/v2\/pages"}],"about":[{"href":"https:\/\/nhatrang.intercontinental.com\/vi\/wp-json\/wp\/v2\/types\/page"}],"author":[{"embeddable":true,"href":"https:\/\/nhatrang.intercontinental.com\/vi\/wp-json\/wp\/v2\/users\/8"}],"replies":[{"embeddable":true,"href":"https:\/\/nhatrang.intercontinental.com\/vi\/wp-json\/wp\/v2\/comments?post=2265"}],"version-history":[{"count":0,"href":"https:\/\/nhatrang.intercontinental.com\/vi\/wp-json\/wp\/v2\/pages\/2265\/revisions"}],"wp:featuredmedia":[{"embeddable":true,"href":"https:\/\/nhatrang.intercontinental.com\/vi\/wp-json\/wp\/v2\/media\/1630"}],"wp:attachment":[{"href":"https:\/\/nhatrang.intercontinental.com\/vi\/wp-json\/wp\/v2\/media?parent=2265"}],"curies":[{"name":"wp","href":"https:\/\/api.w.org\/{rel}","templated":true}]}}