{"id":2266,"date":"2025-05-15T02:45:00","date_gmt":"2025-05-15T02:45:00","guid":{"rendered":"https:\/\/nhatrang.intercontinental.com\/contact-intercontinental-nha-trang-get-in-touch-today\/"},"modified":"2025-09-04T02:56:58","modified_gmt":"2025-09-04T02:56:58","slug":"contact-intercontinental-nha-trang-get-in-touch-today","status":"publish","type":"page","link":"https:\/\/nhatrang.intercontinental.com\/vi\/contact-intercontinental-nha-trang-get-in-touch-today\/","title":{"rendered":"Li\u00ean h\u1ec7 v\u1edbi ch\u00fang t\u00f4i"},"content":{"rendered":"<p style=\"text-align: justify\">D\u00f9 b\u1ea1n \u0111ang l\u00ean k\u1ebf ho\u1ea1ch cho k\u1ef3 ngh\u1ec9 b\u00ean b\u1edd bi\u1ec3n, m\u1ed9t tr\u1ea3i nghi\u1ec7m \u1ea9m th\u1ef1c \u0111\u00e1ng nh\u1edb hay m\u1ed9t s\u1ef1 ki\u1ec7n \u0111\u1eb7c bi\u1ec7t, ch\u00fang t\u00f4i lu\u00f4n s\u1eb5n s\u00e0ng \u0111\u1ed3ng h\u00e0nh c\u00f9ng b\u1ea1n tr\u00ean t\u1eebng b\u01b0\u1edbc h\u00e0nh tr\u00ecnh.<\/p>\n<p>InterContinental Nha Trang v\u00e0 InterContinental Residences Nha Trang t\u1ecda l\u1ea1c \u0111\u1ed9c \u0111\u00e1o trong c\u00f9ng m\u1ed9t khu ph\u1ee9c h\u1ee3p s\u00f4i \u0111\u1ed9ng ven bi\u1ec3n, mang \u0111\u1ebfn s\u1ef1 k\u1ebft n\u1ed1i li\u1ec1n m\u1ea1ch gi\u1eefa l\u01b0u tr\u00fa sang tr\u1ecdng v\u00e0 phong c\u00e1ch s\u1ed1ng d\u00e0i h\u1ea1n.<br \/>\nH\u00e0nh tr\u00ecnh c\u1ee7a b\u1ea1n b\u1eaft \u0111\u1ea7u t\u1eeb m\u1ed9t k\u1ebft n\u1ed1i c\u00e1 nh\u00e2n \u2013 v\u00e0 n\u00f3 b\u1eaft \u0111\u1ea7u t\u1eeb ch\u00ednh n\u01a1i \u0111\u00e2y.<\/p>\n<p>&nbsp;<\/p>\n<p style=\"text-align: justify\">InterContinental Nha Trang Hotel &amp; Residences<br \/>\n32\u201334 \u0110\u01b0\u1eddng Tr\u1ea7n Ph\u00fa, Ph\u01b0\u1eddng L\u1ed9c Th\u1ecd, Th\u00e0nh ph\u1ed1 Nha Trang, T\u1ec9nh Kh\u00e1nh H\u00f2a, Vi\u1ec7t Nam<\/p>\n<p>&nbsp;<\/p>\n<p style=\"text-align: justify\">Zalo Official Account: <a href=\"https:\/\/zalo.me\/4330583059155161906\">https:\/\/zalo.me\/4330583059155161906<\/a><br \/>\nWhatsApp Business: <a href=\"https:\/\/wa.me\/84914671133\">https:\/\/wa.me\/84914671133<\/a><br \/>\nFacebook page inbox:<a href=\"http:\/\/m.me\/intercontinentalnhatrang.official\">http:\/\/m.me\/intercontinentalnhatrang.official <\/a><\/p>\n","protected":false},"excerpt":{"rendered":"<p>D\u00f9 b\u1ea1n \u0111ang l\u00ean k\u1ebf ho\u1ea1ch cho k\u1ef3 ngh\u1ec9 b\u00ean b\u1edd bi\u1ec3n, m\u1ed9t tr\u1ea3i nghi\u1ec7m \u1ea9m th\u1ef1c \u0111\u00e1ng nh\u1edb hay m\u1ed9t s\u1ef1 ki\u1ec7n \u0111\u1eb7c bi\u1ec7t, ch\u00fang t\u00f4i lu\u00f4n s\u1eb5n s\u00e0ng \u0111\u1ed3ng h\u00e0nh c\u00f9ng b\u1ea1n tr\u00ean t\u1eebng b\u01b0\u1edbc h\u00e0nh tr\u00ecnh. InterContinental Nha Trang v\u00e0 InterContinental Residences Nha Trang t\u1ecda l\u1ea1c \u0111\u1ed9c \u0111\u00e1o trong c\u00f9ng m\u1ed9t khu [&hellip;]<\/p>\n","protected":false},"author":8,"featured_media":0,"parent":0,"menu_order":0,"comment_status":"closed","ping_status":"closed","template":"","meta":{"footnotes":""},"yoast_head":"<!-- This site is optimized with the Yoast SEO plugin v22.3 - https:\/\/yoast.com\/wordpress\/plugins\/seo\/ -->\n<title>Li\u00ean h\u1ec7 v\u1edbi ch\u00fang t\u00f4i - InterContinental Nha Trang<\/title>\n<meta name=\"description\" content=\"Contact InterContinental Nha Trang for bookings, inquiries, and assistance. Reach us easily via phone, email, or online contact form.\" \/>\n<meta name=\"robots\" content=\"index, follow, max-snippet:-1, max-image-preview:large, max-video-preview:-1\" \/>\n<link rel=\"canonical\" href=\"https:\/\/nhatrang.intercontinental.com\/vi\/contact-intercontinental-nha-trang-get-in-touch-today\/\" \/>\n<meta property=\"og:locale\" content=\"vi_VN\" \/>\n<meta property=\"og:type\" content=\"article\" \/>\n<meta property=\"og:title\" content=\"Li\u00ean h\u1ec7 v\u1edbi ch\u00fang t\u00f4i - InterContinental Nha Trang\" \/>\n<meta property=\"og:description\" content=\"Contact InterContinental Nha Trang for bookings, inquiries, and assistance. Reach us easily via phone, email, or online contact form.\" \/>\n<meta property=\"og:url\" content=\"https:\/\/nhatrang.intercontinental.com\/vi\/contact-intercontinental-nha-trang-get-in-touch-today\/\" \/>\n<meta property=\"og:site_name\" content=\"InterContinental Nha Trang\" \/>\n<meta property=\"article:modified_time\" content=\"2025-09-04T02:56:58+00:00\" \/>\n<meta name=\"twitter:card\" content=\"summary_large_image\" \/>\n<meta name=\"twitter:label1\" content=\"Est. reading time\" \/>\n\t<meta name=\"twitter:data1\" content=\"1 minute\" \/>\n<script type=\"application\/ld+json\" class=\"yoast-schema-graph\">{\"@context\":\"https:\/\/schema.org\",\"@graph\":[{\"@type\":\"WebPage\",\"@id\":\"https:\/\/nhatrang.intercontinental.com\/vi\/contact-intercontinental-nha-trang-get-in-touch-today\/\",\"url\":\"https:\/\/nhatrang.intercontinental.com\/vi\/contact-intercontinental-nha-trang-get-in-touch-today\/\",\"name\":\"Li\u00ean h\u1ec7 v\u1edbi ch\u00fang t\u00f4i - InterContinental Nha Trang\",\"isPartOf\":{\"@id\":\"https:\/\/nhatrang.intercontinental.com\/vi\/#website\"},\"datePublished\":\"2025-05-15T02:45:00+00:00\",\"dateModified\":\"2025-09-04T02:56:58+00:00\",\"description\":\"Contact InterContinental Nha Trang for bookings, inquiries, and assistance. Reach us easily via phone, email, or online contact form.\",\"breadcrumb\":{\"@id\":\"https:\/\/nhatrang.intercontinental.com\/vi\/contact-intercontinental-nha-trang-get-in-touch-today\/#breadcrumb\"},\"inLanguage\":\"vi-VN\",\"potentialAction\":[{\"@type\":\"ReadAction\",\"target\":[\"https:\/\/nhatrang.intercontinental.com\/vi\/contact-intercontinental-nha-trang-get-in-touch-today\/\"]}]},{\"@type\":\"BreadcrumbList\",\"@id\":\"https:\/\/nhatrang.intercontinental.com\/vi\/contact-intercontinental-nha-trang-get-in-touch-today\/#breadcrumb\",\"itemListElement\":[{\"@type\":\"ListItem\",\"position\":1,\"name\":\"Home\",\"item\":\"https:\/\/nhatrang.intercontinental.com\/vi\/\"},{\"@type\":\"ListItem\",\"position\":2,\"name\":\"Li\u00ean h\u1ec7 v\u1edbi ch\u00fang t\u00f4i\"}]},{\"@type\":\"WebSite\",\"@id\":\"https:\/\/nhatrang.intercontinental.com\/vi\/#website\",\"url\":\"https:\/\/nhatrang.intercontinental.com\/vi\/\",\"name\":\"InterContinental Nha Trang\",\"description\":\"\",\"potentialAction\":[{\"@type\":\"SearchAction\",\"target\":{\"@type\":\"EntryPoint\",\"urlTemplate\":\"https:\/\/nhatrang.intercontinental.com\/vi\/?s={search_term_string}\"},\"query-input\":\"required name=search_term_string\"}],\"inLanguage\":\"vi-VN\"}]}<\/script>\n<!-- \/ Yoast SEO plugin. -->","yoast_head_json":{"title":"Li\u00ean h\u1ec7 v\u1edbi ch\u00fang t\u00f4i - InterContinental Nha Trang","description":"Contact InterContinental Nha Trang for bookings, inquiries, and assistance. Reach us easily via phone, email, or online contact form.","robots":{"index":"index","follow":"follow","max-snippet":"max-snippet:-1","max-image-preview":"max-image-preview:large","max-video-preview":"max-video-preview:-1"},"canonical":"https:\/\/nhatrang.intercontinental.com\/vi\/contact-intercontinental-nha-trang-get-in-touch-today\/","og_locale":"vi_VN","og_type":"article","og_title":"Li\u00ean h\u1ec7 v\u1edbi ch\u00fang t\u00f4i - InterContinental Nha Trang","og_description":"Contact InterContinental Nha Trang for bookings, inquiries, and assistance. Reach us easily via phone, email, or online contact form.","og_url":"https:\/\/nhatrang.intercontinental.com\/vi\/contact-intercontinental-nha-trang-get-in-touch-today\/","og_site_name":"InterContinental Nha Trang","article_modified_time":"2025-09-04T02:56:58+00:00","twitter_card":"summary_large_image","twitter_misc":{"Est. reading time":"1 minute"},"schema":{"@context":"https:\/\/schema.org","@graph":[{"@type":"WebPage","@id":"https:\/\/nhatrang.intercontinental.com\/vi\/contact-intercontinental-nha-trang-get-in-touch-today\/","url":"https:\/\/nhatrang.intercontinental.com\/vi\/contact-intercontinental-nha-trang-get-in-touch-today\/","name":"Li\u00ean h\u1ec7 v\u1edbi ch\u00fang t\u00f4i - InterContinental Nha Trang","isPartOf":{"@id":"https:\/\/nhatrang.intercontinental.com\/vi\/#website"},"datePublished":"2025-05-15T02:45:00+00:00","dateModified":"2025-09-04T02:56:58+00:00","description":"Contact InterContinental Nha Trang for bookings, inquiries, and assistance. Reach us easily via phone, email, or online contact form.","breadcrumb":{"@id":"https:\/\/nhatrang.intercontinental.com\/vi\/contact-intercontinental-nha-trang-get-in-touch-today\/#breadcrumb"},"inLanguage":"vi-VN","potentialAction":[{"@type":"ReadAction","target":["https:\/\/nhatrang.intercontinental.com\/vi\/contact-intercontinental-nha-trang-get-in-touch-today\/"]}]},{"@type":"BreadcrumbList","@id":"https:\/\/nhatrang.intercontinental.com\/vi\/contact-intercontinental-nha-trang-get-in-touch-today\/#breadcrumb","itemListElement":[{"@type":"ListItem","position":1,"name":"Home","item":"https:\/\/nhatrang.intercontinental.com\/vi\/"},{"@type":"ListItem","position":2,"name":"Li\u00ean h\u1ec7 v\u1edbi ch\u00fang t\u00f4i"}]},{"@type":"WebSite","@id":"https:\/\/nhatrang.intercontinental.com\/vi\/#website","url":"https:\/\/nhatrang.intercontinental.com\/vi\/","name":"InterContinental Nha Trang","description":"","potentialAction":[{"@type":"SearchAction","target":{"@type":"EntryPoint","urlTemplate":"https:\/\/nhatrang.intercontinental.com\/vi\/?s={search_term_string}"},"query-input":"required name=search_term_string"}],"inLanguage":"vi-VN"}]}},"acf":[],"_links":{"self":[{"href":"https:\/\/nhatrang.intercontinental.com\/vi\/wp-json\/wp\/v2\/pages\/2266"}],"collection":[{"href":"https:\/\/nhatrang.intercontinental.com\/vi\/wp-json\/wp\/v2\/pages"}],"about":[{"href":"https:\/\/nhatrang.intercontinental.com\/vi\/wp-json\/wp\/v2\/types\/page"}],"author":[{"embeddable":true,"href":"https:\/\/nhatrang.intercontinental.com\/vi\/wp-json\/wp\/v2\/users\/8"}],"replies":[{"embeddable":true,"href":"https:\/\/nhatrang.intercontinental.com\/vi\/wp-json\/wp\/v2\/comments?post=2266"}],"version-history":[{"count":0,"href":"https:\/\/nhatrang.intercontinental.com\/vi\/wp-json\/wp\/v2\/pages\/2266\/revisions"}],"wp:attachment":[{"href":"https:\/\/nhatrang.intercontinental.com\/vi\/wp-json\/wp\/v2\/media?parent=2266"}],"curies":[{"name":"wp","href":"https:\/\/api.w.org\/{rel}","templated":true}]}}