{"id":2267,"date":"2025-05-15T03:13:24","date_gmt":"2025-05-15T03:13:24","guid":{"rendered":"https:\/\/nhatrang.intercontinental.com\/privacy-statement\/"},"modified":"2025-07-23T06:06:55","modified_gmt":"2025-07-23T06:06:55","slug":"privacy-statement","status":"publish","type":"page","link":"https:\/\/nhatrang.intercontinental.com\/vi\/privacy-statement\/","title":{"rendered":"Ch\u00ednh s\u00e1ch b\u1ea3o m\u1eadt th\u00f4ng tin c\u00e1 nh\u00e2n"},"content":{"rendered":"<p>Ch\u00ednh s\u00e1ch Quy\u1ec1n Ri\u00eang T\u01b0 \u2013 InterContinental Nha Trang<br \/>\n&#8211; M\u1ee5c \u0111\u00edch<br \/>\nCh\u00ednh s\u00e1ch n\u00e0y \u0111\u01b0\u1ee3c \u0111\u01b0a ra nh\u1eb1m b\u1ea3o v\u1ec7 th\u00f4ng tin c\u00e1 nh\u00e2n m\u00e0 kh\u00e1ch truy c\u1eadp cung c\u1ea5p khi s\u1eed d\u1ee5ng website nhatrang.intercontinental.com, \u0111\u1eb7c bi\u1ec7t l\u00e0 khi \u0111\u1eb7t ph\u00f2ng tr\u1ef1c tuy\u1ebfn ho\u1eb7c \u0111\u0103ng k\u00fd nh\u1eadn th\u00f4ng tin t\u1eeb kh\u00e1ch s\u1ea1n.<\/p>\n<p>&#8211; B\u1ea3o m\u1eadt \u0111\u1eb7t ph\u00f2ng<br \/>\nKhi b\u1ea1n \u0111\u1eb7t ph\u00f2ng tr\u1ef1c tuy\u1ebfn, b\u1ea1n s\u1ebd \u0111\u01b0\u1ee3c chuy\u1ec3n \u0111\u1ebfn h\u1ec7 th\u1ed1ng \u0111\u1eb7t ph\u00f2ng c\u1ee7a b\u00ean th\u1ee9 ba (ihg.com ho\u1eb7c RoomKey), c\u00f3 giao di\u1ec7n gi\u1ed1ng website kh\u00e1ch s\u1ea1n nh\u01b0ng \u0111\u01b0\u1ee3c qu\u1ea3n l\u00fd b\u1edfi m\u1ed9t b\u00ean kh\u00e1c, tu\u00e2n theo ch\u00ednh s\u00e1ch ri\u00eang c\u1ee7a h\u1ecd.<\/p>\n<p>T\u1ea5t c\u1ea3 d\u1eef li\u1ec7u c\u00e1 nh\u00e2n \u0111\u01b0\u1ee3c m\u00e3 h\u00f3a b\u1eb1ng c\u00f4ng ngh\u1ec7 SSL (Secure Socket Layer).<\/p>\n<p>&#8211; Lo\u1ea1i th\u00f4ng tin \u0111\u01b0\u1ee3c thu th\u1eadp<br \/>\nTh\u00f4ng tin c\u00e1 nh\u00e2n (do b\u1ea1n t\u1ef1 nguy\u1ec7n cung c\u1ea5p): H\u1ecd t\u00ean, email, s\u1ed1 \u0111i\u1ec7n tho\u1ea1i, \u0111\u1ecba ch\u1ec9, t\u00ean c\u00f4ng ty&#8230;<\/p>\n<p>Th\u00f4ng tin t\u1ed5ng h\u1ee3p: D\u1eef li\u1ec7u chung nh\u01b0 s\u1ed1 l\u1ea7n truy c\u1eadp website, s\u1ed1 trang \u0111\u00e3 xem, th\u1eddi gian s\u1eed d\u1ee5ng site\u2026 kh\u00f4ng \u0111\u1ecbnh danh c\u00e1 nh\u00e2n.<\/p>\n<p>&#8211; M\u1ee5c \u0111\u00edch s\u1eed d\u1ee5ng th\u00f4ng tin c\u00e1 nh\u00e2n<br \/>\n\u0110\u0103ng k\u00fd th\u00e0nh vi\u00ean<\/p>\n<p>\u0110\u1eb7t v\u00e0 thanh to\u00e1n d\u1ecbch v\u1ee5 l\u01b0u tr\u00fa<\/p>\n<p>G\u1eedi th\u01b0 qu\u1ea3ng b\u00e1, kh\u1ea3o s\u00e1t, khuy\u1ebfn m\u00e3i<\/p>\n<p>Tr\u1ea3 l\u1eddi c\u00e1c c\u00e2u h\u1ecfi, \u0111\u1ec1 xu\u1ea5t<\/p>\n<p>C\u1ea3i thi\u1ec7n tr\u1ea3i nghi\u1ec7m ng\u01b0\u1eddi d\u00f9ng<\/p>\n<p>&#8211; Ng\u01b0\u1eddi d\u00f9ng c\u00f3 th\u1ec3 t\u1eeb ch\u1ed1i nh\u1eadn email ti\u1ebfp th\u1ecb b\u1ea5t k\u1ef3 l\u00fac n\u00e0o qua n\u00fat \u201cUnsubscribe\u201d ho\u1eb7c g\u1eedi y\u00eau c\u1ea7u.<\/p>\n<p>&#8211; B\u1ea3o v\u1ec7 th\u00f4ng tin<br \/>\nD\u1eef li\u1ec7u \u0111\u01b0\u1ee3c l\u01b0u tr\u1eef trong m\u00f4i tr\u01b0\u1eddng b\u1ea3o m\u1eadt v\u1edbi t\u01b0\u1eddng l\u1eeda v\u00e0 c\u00f4ng ngh\u1ec7 m\u00e3 h\u00f3a hi\u1ec7n \u0111\u1ea1i.<\/p>\n<p>Kh\u00e1ch s\u1ea1n cam k\u1ebft kh\u00f4ng chia s\u1ebb, b\u00e1n ho\u1eb7c cho thu\u00ea th\u00f4ng tin c\u00e1 nh\u00e2n cho b\u00ean th\u1ee9 ba khi ch\u01b0a c\u00f3 s\u1ef1 \u0111\u1ed3ng \u00fd c\u1ee7a ng\u01b0\u1eddi d\u00f9ng.<\/p>\n<p>&#8211; Ch\u00ednh s\u00e1ch b\u1ea3o m\u1eadt cho tr\u1ebb em<br \/>\nWebsite kh\u00f4ng d\u00e0nh cho ng\u01b0\u1eddi d\u01b0\u1edbi 18 tu\u1ed5i.<\/p>\n<p>N\u1ebfu ph\u00e1t hi\u1ec7n th\u00f4ng tin tr\u1ebb v\u1ecb th\u00e0nh ni\u00ean g\u1eedi \u0111\u1ebfn, kh\u00e1ch s\u1ea1n s\u1ebd kh\u00f4ng s\u1eed d\u1ee5ng ho\u1eb7c chia s\u1ebb nh\u1eefng d\u1eef li\u1ec7u \u0111\u00f3.<\/p>\n<p>&#8211; Cookies<br \/>\nWebsite s\u1eed d\u1ee5ng cookies \u0111\u1ec3 c\u1ea3i thi\u1ec7n t\u1ed1c \u0111\u1ed9 truy c\u1eadp, l\u01b0u th\u00f4ng tin truy c\u1eadp v\u00e0 t\u1ed1i \u01b0u tr\u1ea3i nghi\u1ec7m ng\u01b0\u1eddi d\u00f9ng.<\/p>\n<p>M\u1ed9t s\u1ed1 cookies c\u00f3 th\u1ec3 \u0111\u1ebfn t\u1eeb b\u00ean th\u1ee9 ba (qu\u1ea3ng c\u00e1o ho\u1eb7c li\u00ean k\u1ebft ngo\u00e0i) v\u00e0 kh\u00f4ng thu\u1ed9c ph\u1ea1m vi ki\u1ec3m so\u00e1t c\u1ee7a kh\u00e1ch s\u1ea1n.<\/p>\n<p>&#8211; Li\u00ean k\u1ebft b\u00ean ngo\u00e0i<br \/>\nWebsite c\u00f3 th\u1ec3 ch\u1ee9a li\u00ean k\u1ebft \u0111\u1ebfn c\u00e1c website kh\u00e1c. Tuy nhi\u00ean, kh\u00e1ch s\u1ea1n kh\u00f4ng ch\u1ecbu tr\u00e1ch nhi\u1ec7m v\u1ec1 ch\u00ednh s\u00e1ch b\u1ea3o m\u1eadt c\u1ee7a nh\u1eefng website \u0111\u00f3.<\/p>\n<p>&#8211; Li\u00ean h\u1ec7<br \/>\nN\u1ebfu c\u00f3 th\u1eafc m\u1eafc, b\u1ea1n c\u00f3 th\u1ec3 li\u00ean h\u1ec7:<br \/>\nInterContinental Nha Trang Hotel &amp; Residences 32\u201334 Tr\u1ea7n Ph\u00fa, Ph\u01b0\u1eddng L\u1ed9c Th\u1ecd, TP. Nha Trang, T\u1ec9nh Kh\u00e1nh H\u00f2a, Vi\u1ec7t Nam<\/p>\n<p>&#8211; K\u1ebft lu\u1eadn<br \/>\nKhi s\u1eed d\u1ee5ng website, b\u1ea1n \u0111\u1ed3ng \u00fd v\u1edbi c\u00e1c \u0111i\u1ec1u kho\u1ea3n c\u1ee7a ch\u00ednh s\u00e1ch quy\u1ec1n ri\u00eang t\u01b0 n\u00e0y. N\u1ebfu b\u1ea1n ti\u1ebfp t\u1ee5c truy c\u1eadp v\u00e0 s\u1eed d\u1ee5ng website, \u0111i\u1ec1u \u0111\u00f3 c\u00f3 ngh\u0129a b\u1ea1n \u0111\u00e3 ch\u1ea5p nh\u1eadn to\u00e0n b\u1ed9 \u0111i\u1ec1u kho\u1ea3n v\u1ec1 thu th\u1eadp v\u00e0 s\u1eed d\u1ee5ng th\u00f4ng tin.<\/p>\n","protected":false},"excerpt":{"rendered":"<p>Ch\u00ednh s\u00e1ch Quy\u1ec1n Ri\u00eang T\u01b0 \u2013 InterContinental Nha Trang &#8211; M\u1ee5c \u0111\u00edch Ch\u00ednh s\u00e1ch n\u00e0y \u0111\u01b0\u1ee3c \u0111\u01b0a ra nh\u1eb1m b\u1ea3o v\u1ec7 th\u00f4ng tin c\u00e1 nh\u00e2n m\u00e0 kh\u00e1ch truy c\u1eadp cung c\u1ea5p khi s\u1eed d\u1ee5ng website nhatrang.intercontinental.com, \u0111\u1eb7c bi\u1ec7t l\u00e0 khi \u0111\u1eb7t ph\u00f2ng tr\u1ef1c tuy\u1ebfn ho\u1eb7c \u0111\u0103ng k\u00fd nh\u1eadn th\u00f4ng tin t\u1eeb kh\u00e1ch s\u1ea1n. &#8211; B\u1ea3o [&hellip;]<\/p>\n","protected":false},"author":8,"featured_media":0,"parent":0,"menu_order":0,"comment_status":"closed","ping_status":"closed","template":"template-legal-notice.php","meta":{"footnotes":""},"yoast_head":"<!-- This site is optimized with the Yoast SEO plugin v22.3 - https:\/\/yoast.com\/wordpress\/plugins\/seo\/ -->\n<title>Ch\u00ednh s\u00e1ch b\u1ea3o m\u1eadt th\u00f4ng tin c\u00e1 nh\u00e2n - InterContinental Nha Trang<\/title>\n<meta name=\"robots\" content=\"index, follow, max-snippet:-1, max-image-preview:large, max-video-preview:-1\" \/>\n<link rel=\"canonical\" href=\"https:\/\/nhatrang.intercontinental.com\/vi\/privacy-statement\/\" \/>\n<meta property=\"og:locale\" content=\"vi_VN\" \/>\n<meta property=\"og:type\" content=\"article\" \/>\n<meta property=\"og:title\" content=\"Ch\u00ednh s\u00e1ch b\u1ea3o m\u1eadt th\u00f4ng tin c\u00e1 nh\u00e2n - InterContinental Nha Trang\" \/>\n<meta property=\"og:description\" content=\"Ch\u00ednh s\u00e1ch Quy\u1ec1n Ri\u00eang T\u01b0 \u2013 InterContinental Nha Trang &#8211; M\u1ee5c \u0111\u00edch Ch\u00ednh s\u00e1ch n\u00e0y \u0111\u01b0\u1ee3c \u0111\u01b0a ra nh\u1eb1m b\u1ea3o v\u1ec7 th\u00f4ng tin c\u00e1 nh\u00e2n m\u00e0 kh\u00e1ch truy c\u1eadp cung c\u1ea5p khi s\u1eed d\u1ee5ng website nhatrang.intercontinental.com, \u0111\u1eb7c bi\u1ec7t l\u00e0 khi \u0111\u1eb7t ph\u00f2ng tr\u1ef1c tuy\u1ebfn ho\u1eb7c \u0111\u0103ng k\u00fd nh\u1eadn th\u00f4ng tin t\u1eeb kh\u00e1ch s\u1ea1n. &#8211; B\u1ea3o [&hellip;]\" \/>\n<meta property=\"og:url\" content=\"https:\/\/nhatrang.intercontinental.com\/vi\/privacy-statement\/\" \/>\n<meta property=\"og:site_name\" content=\"InterContinental Nha Trang\" \/>\n<meta property=\"article:modified_time\" content=\"2025-07-23T06:06:55+00:00\" \/>\n<meta name=\"twitter:card\" content=\"summary_large_image\" \/>\n<meta name=\"twitter:label1\" content=\"Est. reading time\" \/>\n\t<meta name=\"twitter:data1\" content=\"3 minutes\" \/>\n<script type=\"application\/ld+json\" class=\"yoast-schema-graph\">{\"@context\":\"https:\/\/schema.org\",\"@graph\":[{\"@type\":\"WebPage\",\"@id\":\"https:\/\/nhatrang.intercontinental.com\/vi\/privacy-statement\/\",\"url\":\"https:\/\/nhatrang.intercontinental.com\/vi\/privacy-statement\/\",\"name\":\"Ch\u00ednh s\u00e1ch b\u1ea3o m\u1eadt th\u00f4ng tin c\u00e1 nh\u00e2n - InterContinental Nha Trang\",\"isPartOf\":{\"@id\":\"https:\/\/nhatrang.intercontinental.com\/vi\/#website\"},\"datePublished\":\"2025-05-15T03:13:24+00:00\",\"dateModified\":\"2025-07-23T06:06:55+00:00\",\"breadcrumb\":{\"@id\":\"https:\/\/nhatrang.intercontinental.com\/vi\/privacy-statement\/#breadcrumb\"},\"inLanguage\":\"vi-VN\",\"potentialAction\":[{\"@type\":\"ReadAction\",\"target\":[\"https:\/\/nhatrang.intercontinental.com\/vi\/privacy-statement\/\"]}]},{\"@type\":\"BreadcrumbList\",\"@id\":\"https:\/\/nhatrang.intercontinental.com\/vi\/privacy-statement\/#breadcrumb\",\"itemListElement\":[{\"@type\":\"ListItem\",\"position\":1,\"name\":\"Home\",\"item\":\"https:\/\/nhatrang.intercontinental.com\/vi\/\"},{\"@type\":\"ListItem\",\"position\":2,\"name\":\"Ch\u00ednh s\u00e1ch b\u1ea3o m\u1eadt th\u00f4ng tin c\u00e1 nh\u00e2n\"}]},{\"@type\":\"WebSite\",\"@id\":\"https:\/\/nhatrang.intercontinental.com\/vi\/#website\",\"url\":\"https:\/\/nhatrang.intercontinental.com\/vi\/\",\"name\":\"InterContinental Nha Trang\",\"description\":\"\",\"potentialAction\":[{\"@type\":\"SearchAction\",\"target\":{\"@type\":\"EntryPoint\",\"urlTemplate\":\"https:\/\/nhatrang.intercontinental.com\/vi\/?s={search_term_string}\"},\"query-input\":\"required name=search_term_string\"}],\"inLanguage\":\"vi-VN\"}]}<\/script>\n<!-- \/ Yoast SEO plugin. -->","yoast_head_json":{"title":"Ch\u00ednh s\u00e1ch b\u1ea3o m\u1eadt th\u00f4ng tin c\u00e1 nh\u00e2n - InterContinental Nha Trang","robots":{"index":"index","follow":"follow","max-snippet":"max-snippet:-1","max-image-preview":"max-image-preview:large","max-video-preview":"max-video-preview:-1"},"canonical":"https:\/\/nhatrang.intercontinental.com\/vi\/privacy-statement\/","og_locale":"vi_VN","og_type":"article","og_title":"Ch\u00ednh s\u00e1ch b\u1ea3o m\u1eadt th\u00f4ng tin c\u00e1 nh\u00e2n - InterContinental Nha Trang","og_description":"Ch\u00ednh s\u00e1ch Quy\u1ec1n Ri\u00eang T\u01b0 \u2013 InterContinental Nha Trang &#8211; M\u1ee5c \u0111\u00edch Ch\u00ednh s\u00e1ch n\u00e0y \u0111\u01b0\u1ee3c \u0111\u01b0a ra nh\u1eb1m b\u1ea3o v\u1ec7 th\u00f4ng tin c\u00e1 nh\u00e2n m\u00e0 kh\u00e1ch truy c\u1eadp cung c\u1ea5p khi s\u1eed d\u1ee5ng website nhatrang.intercontinental.com, \u0111\u1eb7c bi\u1ec7t l\u00e0 khi \u0111\u1eb7t ph\u00f2ng tr\u1ef1c tuy\u1ebfn ho\u1eb7c \u0111\u0103ng k\u00fd nh\u1eadn th\u00f4ng tin t\u1eeb kh\u00e1ch s\u1ea1n. &#8211; B\u1ea3o [&hellip;]","og_url":"https:\/\/nhatrang.intercontinental.com\/vi\/privacy-statement\/","og_site_name":"InterContinental Nha Trang","article_modified_time":"2025-07-23T06:06:55+00:00","twitter_card":"summary_large_image","twitter_misc":{"Est. reading time":"3 minutes"},"schema":{"@context":"https:\/\/schema.org","@graph":[{"@type":"WebPage","@id":"https:\/\/nhatrang.intercontinental.com\/vi\/privacy-statement\/","url":"https:\/\/nhatrang.intercontinental.com\/vi\/privacy-statement\/","name":"Ch\u00ednh s\u00e1ch b\u1ea3o m\u1eadt th\u00f4ng tin c\u00e1 nh\u00e2n - InterContinental Nha Trang","isPartOf":{"@id":"https:\/\/nhatrang.intercontinental.com\/vi\/#website"},"datePublished":"2025-05-15T03:13:24+00:00","dateModified":"2025-07-23T06:06:55+00:00","breadcrumb":{"@id":"https:\/\/nhatrang.intercontinental.com\/vi\/privacy-statement\/#breadcrumb"},"inLanguage":"vi-VN","potentialAction":[{"@type":"ReadAction","target":["https:\/\/nhatrang.intercontinental.com\/vi\/privacy-statement\/"]}]},{"@type":"BreadcrumbList","@id":"https:\/\/nhatrang.intercontinental.com\/vi\/privacy-statement\/#breadcrumb","itemListElement":[{"@type":"ListItem","position":1,"name":"Home","item":"https:\/\/nhatrang.intercontinental.com\/vi\/"},{"@type":"ListItem","position":2,"name":"Ch\u00ednh s\u00e1ch b\u1ea3o m\u1eadt th\u00f4ng tin c\u00e1 nh\u00e2n"}]},{"@type":"WebSite","@id":"https:\/\/nhatrang.intercontinental.com\/vi\/#website","url":"https:\/\/nhatrang.intercontinental.com\/vi\/","name":"InterContinental Nha Trang","description":"","potentialAction":[{"@type":"SearchAction","target":{"@type":"EntryPoint","urlTemplate":"https:\/\/nhatrang.intercontinental.com\/vi\/?s={search_term_string}"},"query-input":"required name=search_term_string"}],"inLanguage":"vi-VN"}]}},"acf":[],"_links":{"self":[{"href":"https:\/\/nhatrang.intercontinental.com\/vi\/wp-json\/wp\/v2\/pages\/2267"}],"collection":[{"href":"https:\/\/nhatrang.intercontinental.com\/vi\/wp-json\/wp\/v2\/pages"}],"about":[{"href":"https:\/\/nhatrang.intercontinental.com\/vi\/wp-json\/wp\/v2\/types\/page"}],"author":[{"embeddable":true,"href":"https:\/\/nhatrang.intercontinental.com\/vi\/wp-json\/wp\/v2\/users\/8"}],"replies":[{"embeddable":true,"href":"https:\/\/nhatrang.intercontinental.com\/vi\/wp-json\/wp\/v2\/comments?post=2267"}],"version-history":[{"count":0,"href":"https:\/\/nhatrang.intercontinental.com\/vi\/wp-json\/wp\/v2\/pages\/2267\/revisions"}],"wp:attachment":[{"href":"https:\/\/nhatrang.intercontinental.com\/vi\/wp-json\/wp\/v2\/media?parent=2267"}],"curies":[{"name":"wp","href":"https:\/\/api.w.org\/{rel}","templated":true}]}}