{"id":2268,"date":"2025-06-06T01:34:27","date_gmt":"2025-06-06T01:34:27","guid":{"rendered":"https:\/\/nhatrang.intercontinental.com\/cookie-policy\/"},"modified":"2025-07-23T06:11:28","modified_gmt":"2025-07-23T06:11:28","slug":"cookie-policy","status":"publish","type":"page","link":"https:\/\/nhatrang.intercontinental.com\/vi\/cookie-policy\/","title":{"rendered":"Ch\u00ednh s\u00e1ch s\u1eed d\u1ee5ng Cookie"},"content":{"rendered":"<p>Website c\u1ee7a ch\u00fang t\u00f4i s\u1eed d\u1ee5ng cookie nh\u1eb1m t\u1ed1i \u01b0u h\u00f3a tr\u1ea3i nghi\u1ec7m tr\u1ef1c tuy\u1ebfn c\u1ee7a b\u1ea1n.<\/p>\n<p>Cookie l\u00e0 m\u1ed9t \u0111o\u1ea1n v\u0103n b\u1ea3n nh\u1ecf \u0111\u01b0\u1ee3c g\u1eedi \u0111\u1ebfn tr\u00ecnh duy\u1ec7t c\u1ee7a b\u1ea1n b\u1edfi m\u1ed9t website m\u00e0 b\u1ea1n truy c\u1eadp. N\u00f3 \u0111\u01b0\u1ee3c l\u01b0u tr\u00ean thi\u1ebft b\u1ecb c\u1ee7a b\u1ea1n v\u00e0 c\u00f3 th\u1ec3 \u0111\u01b0\u1ee3c website \u0111\u00f3 truy xu\u1ea5t l\u1ea1i trong c\u00e1c l\u1ea7n truy c\u1eadp sau.<br \/>\nCookie gi\u00fap website th\u1ef1c hi\u1ec7n c\u00e1c ch\u1ee9c n\u0103ng sau:<br \/>\n\u2022        Ghi nh\u1edb c\u00e0i \u0111\u1eb7t c\u1ee7a b\u1ea1n (nh\u01b0 ng\u00f4n ng\u1eef \u01b0a th\u00edch ho\u1eb7c t\u00ean \u0111\u0103ng nh\u1eadp) \u0111\u1ec3 mang l\u1ea1i tr\u1ea3i nghi\u1ec7m li\u1ec1n m\u1ea1ch h\u01a1n.<br \/>\n\u2022        Hi\u1ec3n th\u1ecb \u0111\u00fang giao di\u1ec7n d\u1ef1a tr\u00ean thi\u1ebft b\u1ecb, tr\u00ecnh duy\u1ec7t, h\u1ec7 \u0111i\u1ec1u h\u00e0nh ho\u1eb7c m\u00e0n h\u00ecnh b\u1ea1n \u0111ang s\u1eed d\u1ee5ng. (C\u00e1c cookie k\u1ef9 thu\u1eadt n\u00e0y kh\u00f4ng \u0111\u1ecbnh danh c\u00e1 nh\u00e2n b\u1ea1n.)<br \/>\n\u2022        C\u1ea3i thi\u1ec7n hi\u1ec7u su\u1ea5t website b\u1eb1ng c\u00e1ch ghi nh\u1eadn tr\u1ea3i nghi\u1ec7m ng\u01b0\u1eddi d\u00f9ng (c\u0169ng kh\u00f4ng \u0111\u1ecbnh danh c\u00e1 nh\u00e2n).<br \/>\n\u2022        Chia s\u1ebb n\u1ed9i dung d\u1ec5 d\u00e0ng l\u00ean m\u1ea1ng x\u00e3 h\u1ed9i (th\u00f4ng qua n\u00fat \u201cLike\u201d, \u201cTweet\u201d ho\u1eb7c \u201cShare\u201d). Ngay c\u1ea3 khi b\u1ea1n kh\u00f4ng nh\u1ea5n n\u00fat, n\u1ebfu \u0111\u00e3 \u0111\u0103ng nh\u1eadp m\u1ea1ng x\u00e3 h\u1ed9i tr\u00ean thi\u1ebft b\u1ecb, c\u00e1c n\u1ec1n t\u1ea3ng n\u00e0y c\u00f3 th\u1ec3 v\u1eabn nh\u1eadn d\u1ea1ng b\u1ea1n. Vui l\u00f2ng ki\u1ec3m tra ch\u00ednh s\u00e1ch b\u1ea3o m\u1eadt c\u1ee7a m\u1ea1ng x\u00e3 h\u1ed9i \u0111\u1ec3 bi\u1ebft h\u1ecd thu th\u1eadp v\u00e0 s\u1eed d\u1ee5ng d\u1eef li\u1ec7u th\u1ebf n\u00e0o.<br \/>\n\u2022        Hi\u1ec3n th\u1ecb qu\u1ea3ng c\u00e1o ph\u00f9 h\u1ee3p v\u1edbi s\u1edf th\u00edch c\u1ee7a b\u1ea1n, \u0111\u1ed3ng th\u1eddi gi\u1edbi h\u1ea1n s\u1ed1 l\u1ea7n hi\u1ec3n th\u1ecb qu\u1ea3ng c\u00e1o.<br \/>\n\u2022        Cho ph\u00e9p \u0111\u1ed1i t\u00e1c ti\u1ebfp th\u1ecb b\u00ean th\u1ee9 ba nh\u1eadn \u0111\u01b0\u1ee3c hoa h\u1ed3ng khi gi\u1edbi thi\u1ec7u b\u1ea1n \u0111\u1ebfn website c\u1ee7a ch\u00fang t\u00f4i.<\/p>\n<p>C\u00e1ch ch\u00fang t\u00f4i s\u1eed d\u1ee5ng cookie tr\u00ean website:<br \/>\n\u2022        T\u1ed1i \u01b0u h\u00f3a k\u00edch th\u01b0\u1edbc v\u00e0 giao di\u1ec7n website cho thi\u1ebft b\u1ecb v\u00e0 tr\u00ecnh duy\u1ec7t c\u1ee7a b\u1ea1n<br \/>\n\u2022        Hi\u1ec3n th\u1ecb n\u1ed9i dung theo ng\u00f4n ng\u1eef b\u1ea1n ch\u1ecdn<br \/>\n\u2022        Ghi nh\u1edb th\u00f4ng tin b\u1ea1n \u0111\u00e3 \u0111i\u1ec1n tr\u01b0\u1edbc \u0111\u00f3 \u0111\u1ec3 t\u1ef1 \u0111\u1ed9ng \u0111i\u1ec1n bi\u1ec3u m\u1eabu, \u0111\u0103ng nh\u1eadp nhanh h\u01a1n<br \/>\n\u2022        C\u00e1 nh\u00e2n h\u00f3a tr\u1ea3i nghi\u1ec7m truy c\u1eadp<br \/>\n\u2022        T\u0103ng c\u01b0\u1eddng b\u1ea3o m\u1eadt<br \/>\n\u2022        Ph\u00e2n t\u00edch h\u00e0nh vi truy c\u1eadp v\u00e0 s\u1ed1 l\u1ea7n b\u1ea1n gh\u00e9 th\u0103m c\u00e1c trang \u0111\u1ec3 c\u1ea3i thi\u1ec7n n\u1ed9i dung v\u00e0 hi\u1ec7u su\u1ea5t website<\/p>\n<p>V\u1ec1 cookie c\u1ee7a b\u00ean th\u1ee9 ba:<br \/>\nM\u1ed9t s\u1ed1 li\u00ean k\u1ebft tr\u00ean website c\u00f3 th\u1ec3 d\u1eabn \u0111\u1ebfn c\u00e1c trang web c\u1ee7a b\u00ean th\u1ee9 ba. N\u1ebfu b\u1ea1n nh\u1ea5p v\u00e0o c\u00e1c li\u00ean k\u1ebft \u0111\u00f3, b\u00ean th\u1ee9 ba c\u00f3 th\u1ec3 thu th\u1eadp th\u00f4ng tin c\u00e1 nh\u00e2n c\u1ee7a b\u1ea1n. Ch\u00ednh s\u00e1ch Cookie c\u1ee7a ch\u00fang t\u00f4i kh\u00f4ng \u00e1p d\u1ee5ng cho c\u00e1c trang web b\u00ean ngo\u00e0i v\u00e0 ch\u00fang t\u00f4i kh\u00f4ng ch\u1ecbu tr\u00e1ch nhi\u1ec7m v\u1edbi c\u00e1ch h\u1ecd x\u1eed l\u00fd d\u1eef li\u1ec7u c\u00e1 nh\u00e2n c\u1ee7a b\u1ea1n.<\/p>\n<p>C\u00e1ch \u0111i\u1ec1u ch\u1ec9nh cookie trong tr\u00ecnh duy\u1ec7t c\u1ee7a b\u1ea1n:<br \/>\nB\u1ea1n c\u00f3 th\u1ec3 thay \u0111\u1ed5i c\u00e0i \u0111\u1eb7t cookie trong c\u00e1c tr\u00ecnh duy\u1ec7t Internet ph\u1ed5 bi\u1ebfn nh\u01b0 Firefox, Safari, Chrome, Internet Explorer ho\u1eb7c Opera. D\u01b0\u1edbi \u0111\u00e2y l\u00e0 c\u00e1c li\u00ean k\u1ebft h\u1ed7 tr\u1ee3:<br \/>\n\u2022        Firefox: https:\/\/support.mozilla.org\/en-US\/kb\/enable-and-disable-cookies-website-preferences<br \/>\n\u2022        Safari: http:\/\/support.apple.com\/kb\/HT1677<br \/>\n\u2022        Chrome: https:\/\/support.google.com\/chrome\/answer\/95647<br \/>\n\u2022        Explorer: http:\/\/windows.microsoft.com\/en-US\/internet-explorer\/delete-manage-cookies#ie=ie-11<br \/>\n\u2022        Opera: http:\/\/www.opera.com\/help\/tutorials\/security\/privacy<\/p>\n","protected":false},"excerpt":{"rendered":"<p>Website c\u1ee7a ch\u00fang t\u00f4i s\u1eed d\u1ee5ng cookie nh\u1eb1m t\u1ed1i \u01b0u h\u00f3a tr\u1ea3i nghi\u1ec7m tr\u1ef1c tuy\u1ebfn c\u1ee7a b\u1ea1n. Cookie l\u00e0 m\u1ed9t \u0111o\u1ea1n v\u0103n b\u1ea3n nh\u1ecf \u0111\u01b0\u1ee3c g\u1eedi \u0111\u1ebfn tr\u00ecnh duy\u1ec7t c\u1ee7a b\u1ea1n b\u1edfi m\u1ed9t website m\u00e0 b\u1ea1n truy c\u1eadp. N\u00f3 \u0111\u01b0\u1ee3c l\u01b0u tr\u00ean thi\u1ebft b\u1ecb c\u1ee7a b\u1ea1n v\u00e0 c\u00f3 th\u1ec3 \u0111\u01b0\u1ee3c website \u0111\u00f3 truy xu\u1ea5t l\u1ea1i [&hellip;]<\/p>\n","protected":false},"author":8,"featured_media":0,"parent":0,"menu_order":0,"comment_status":"closed","ping_status":"closed","template":"template-legal-notice.php","meta":{"footnotes":""},"yoast_head":"<!-- This site is optimized with the Yoast SEO plugin v22.3 - https:\/\/yoast.com\/wordpress\/plugins\/seo\/ -->\n<title>Ch\u00ednh s\u00e1ch s\u1eed d\u1ee5ng Cookie - InterContinental Nha Trang<\/title>\n<meta name=\"robots\" content=\"index, follow, max-snippet:-1, max-image-preview:large, max-video-preview:-1\" \/>\n<link rel=\"canonical\" href=\"https:\/\/nhatrang.intercontinental.com\/vi\/cookie-policy\/\" \/>\n<meta property=\"og:locale\" content=\"vi_VN\" \/>\n<meta property=\"og:type\" content=\"article\" \/>\n<meta property=\"og:title\" content=\"Ch\u00ednh s\u00e1ch s\u1eed d\u1ee5ng Cookie - InterContinental Nha Trang\" \/>\n<meta property=\"og:description\" content=\"Website c\u1ee7a ch\u00fang t\u00f4i s\u1eed d\u1ee5ng cookie nh\u1eb1m t\u1ed1i \u01b0u h\u00f3a tr\u1ea3i nghi\u1ec7m tr\u1ef1c tuy\u1ebfn c\u1ee7a b\u1ea1n. Cookie l\u00e0 m\u1ed9t \u0111o\u1ea1n v\u0103n b\u1ea3n nh\u1ecf \u0111\u01b0\u1ee3c g\u1eedi \u0111\u1ebfn tr\u00ecnh duy\u1ec7t c\u1ee7a b\u1ea1n b\u1edfi m\u1ed9t website m\u00e0 b\u1ea1n truy c\u1eadp. N\u00f3 \u0111\u01b0\u1ee3c l\u01b0u tr\u00ean thi\u1ebft b\u1ecb c\u1ee7a b\u1ea1n v\u00e0 c\u00f3 th\u1ec3 \u0111\u01b0\u1ee3c website \u0111\u00f3 truy xu\u1ea5t l\u1ea1i [&hellip;]\" \/>\n<meta property=\"og:url\" content=\"https:\/\/nhatrang.intercontinental.com\/vi\/cookie-policy\/\" \/>\n<meta property=\"og:site_name\" content=\"InterContinental Nha Trang\" \/>\n<meta property=\"article:modified_time\" content=\"2025-07-23T06:11:28+00:00\" \/>\n<meta name=\"twitter:card\" content=\"summary_large_image\" \/>\n<meta name=\"twitter:label1\" content=\"Est. reading time\" \/>\n\t<meta name=\"twitter:data1\" content=\"3 minutes\" \/>\n<script type=\"application\/ld+json\" class=\"yoast-schema-graph\">{\"@context\":\"https:\/\/schema.org\",\"@graph\":[{\"@type\":\"WebPage\",\"@id\":\"https:\/\/nhatrang.intercontinental.com\/vi\/cookie-policy\/\",\"url\":\"https:\/\/nhatrang.intercontinental.com\/vi\/cookie-policy\/\",\"name\":\"Ch\u00ednh s\u00e1ch s\u1eed d\u1ee5ng Cookie - InterContinental Nha Trang\",\"isPartOf\":{\"@id\":\"https:\/\/nhatrang.intercontinental.com\/vi\/#website\"},\"datePublished\":\"2025-06-06T01:34:27+00:00\",\"dateModified\":\"2025-07-23T06:11:28+00:00\",\"breadcrumb\":{\"@id\":\"https:\/\/nhatrang.intercontinental.com\/vi\/cookie-policy\/#breadcrumb\"},\"inLanguage\":\"vi-VN\",\"potentialAction\":[{\"@type\":\"ReadAction\",\"target\":[\"https:\/\/nhatrang.intercontinental.com\/vi\/cookie-policy\/\"]}]},{\"@type\":\"BreadcrumbList\",\"@id\":\"https:\/\/nhatrang.intercontinental.com\/vi\/cookie-policy\/#breadcrumb\",\"itemListElement\":[{\"@type\":\"ListItem\",\"position\":1,\"name\":\"Home\",\"item\":\"https:\/\/nhatrang.intercontinental.com\/vi\/\"},{\"@type\":\"ListItem\",\"position\":2,\"name\":\"Ch\u00ednh s\u00e1ch s\u1eed d\u1ee5ng Cookie\"}]},{\"@type\":\"WebSite\",\"@id\":\"https:\/\/nhatrang.intercontinental.com\/vi\/#website\",\"url\":\"https:\/\/nhatrang.intercontinental.com\/vi\/\",\"name\":\"InterContinental Nha Trang\",\"description\":\"\",\"potentialAction\":[{\"@type\":\"SearchAction\",\"target\":{\"@type\":\"EntryPoint\",\"urlTemplate\":\"https:\/\/nhatrang.intercontinental.com\/vi\/?s={search_term_string}\"},\"query-input\":\"required name=search_term_string\"}],\"inLanguage\":\"vi-VN\"}]}<\/script>\n<!-- \/ Yoast SEO plugin. -->","yoast_head_json":{"title":"Ch\u00ednh s\u00e1ch s\u1eed d\u1ee5ng Cookie - InterContinental Nha Trang","robots":{"index":"index","follow":"follow","max-snippet":"max-snippet:-1","max-image-preview":"max-image-preview:large","max-video-preview":"max-video-preview:-1"},"canonical":"https:\/\/nhatrang.intercontinental.com\/vi\/cookie-policy\/","og_locale":"vi_VN","og_type":"article","og_title":"Ch\u00ednh s\u00e1ch s\u1eed d\u1ee5ng Cookie - InterContinental Nha Trang","og_description":"Website c\u1ee7a ch\u00fang t\u00f4i s\u1eed d\u1ee5ng cookie nh\u1eb1m t\u1ed1i \u01b0u h\u00f3a tr\u1ea3i nghi\u1ec7m tr\u1ef1c tuy\u1ebfn c\u1ee7a b\u1ea1n. Cookie l\u00e0 m\u1ed9t \u0111o\u1ea1n v\u0103n b\u1ea3n nh\u1ecf \u0111\u01b0\u1ee3c g\u1eedi \u0111\u1ebfn tr\u00ecnh duy\u1ec7t c\u1ee7a b\u1ea1n b\u1edfi m\u1ed9t website m\u00e0 b\u1ea1n truy c\u1eadp. N\u00f3 \u0111\u01b0\u1ee3c l\u01b0u tr\u00ean thi\u1ebft b\u1ecb c\u1ee7a b\u1ea1n v\u00e0 c\u00f3 th\u1ec3 \u0111\u01b0\u1ee3c website \u0111\u00f3 truy xu\u1ea5t l\u1ea1i [&hellip;]","og_url":"https:\/\/nhatrang.intercontinental.com\/vi\/cookie-policy\/","og_site_name":"InterContinental Nha Trang","article_modified_time":"2025-07-23T06:11:28+00:00","twitter_card":"summary_large_image","twitter_misc":{"Est. reading time":"3 minutes"},"schema":{"@context":"https:\/\/schema.org","@graph":[{"@type":"WebPage","@id":"https:\/\/nhatrang.intercontinental.com\/vi\/cookie-policy\/","url":"https:\/\/nhatrang.intercontinental.com\/vi\/cookie-policy\/","name":"Ch\u00ednh s\u00e1ch s\u1eed d\u1ee5ng Cookie - InterContinental Nha Trang","isPartOf":{"@id":"https:\/\/nhatrang.intercontinental.com\/vi\/#website"},"datePublished":"2025-06-06T01:34:27+00:00","dateModified":"2025-07-23T06:11:28+00:00","breadcrumb":{"@id":"https:\/\/nhatrang.intercontinental.com\/vi\/cookie-policy\/#breadcrumb"},"inLanguage":"vi-VN","potentialAction":[{"@type":"ReadAction","target":["https:\/\/nhatrang.intercontinental.com\/vi\/cookie-policy\/"]}]},{"@type":"BreadcrumbList","@id":"https:\/\/nhatrang.intercontinental.com\/vi\/cookie-policy\/#breadcrumb","itemListElement":[{"@type":"ListItem","position":1,"name":"Home","item":"https:\/\/nhatrang.intercontinental.com\/vi\/"},{"@type":"ListItem","position":2,"name":"Ch\u00ednh s\u00e1ch s\u1eed d\u1ee5ng Cookie"}]},{"@type":"WebSite","@id":"https:\/\/nhatrang.intercontinental.com\/vi\/#website","url":"https:\/\/nhatrang.intercontinental.com\/vi\/","name":"InterContinental Nha Trang","description":"","potentialAction":[{"@type":"SearchAction","target":{"@type":"EntryPoint","urlTemplate":"https:\/\/nhatrang.intercontinental.com\/vi\/?s={search_term_string}"},"query-input":"required name=search_term_string"}],"inLanguage":"vi-VN"}]}},"acf":[],"_links":{"self":[{"href":"https:\/\/nhatrang.intercontinental.com\/vi\/wp-json\/wp\/v2\/pages\/2268"}],"collection":[{"href":"https:\/\/nhatrang.intercontinental.com\/vi\/wp-json\/wp\/v2\/pages"}],"about":[{"href":"https:\/\/nhatrang.intercontinental.com\/vi\/wp-json\/wp\/v2\/types\/page"}],"author":[{"embeddable":true,"href":"https:\/\/nhatrang.intercontinental.com\/vi\/wp-json\/wp\/v2\/users\/8"}],"replies":[{"embeddable":true,"href":"https:\/\/nhatrang.intercontinental.com\/vi\/wp-json\/wp\/v2\/comments?post=2268"}],"version-history":[{"count":0,"href":"https:\/\/nhatrang.intercontinental.com\/vi\/wp-json\/wp\/v2\/pages\/2268\/revisions"}],"wp:attachment":[{"href":"https:\/\/nhatrang.intercontinental.com\/vi\/wp-json\/wp\/v2\/media?parent=2268"}],"curies":[{"name":"wp","href":"https:\/\/api.w.org\/{rel}","templated":true}]}}