{"id":2270,"date":"2025-05-05T09:03:43","date_gmt":"2025-05-05T09:03:43","guid":{"rendered":"https:\/\/nhatrang.intercontinental.com\/top-things-to-do-in-nha-trang-intercontinental-nha-trang-guide\/"},"modified":"2025-09-03T02:40:38","modified_gmt":"2025-09-03T02:40:38","slug":"destination","status":"publish","type":"page","link":"https:\/\/nhatrang.intercontinental.com\/vi\/destination\/","title":{"rendered":"\u0110i\u1ec3m \u0111\u1ebfn"},"content":{"rendered":"<p>V\u1edbi nh\u1eefng b\u00e3i bi\u1ec3n nguy\u00ean s\u01a1 v\u00e0 c\u00e1c ho\u1ea1t \u0111\u1ed9ng l\u1eb7n bi\u1ec3n tuy\u1ec7t v\u1eddi, Nha Trang \u0111ang nhanh ch\u00f3ng tr\u1edf th\u00e0nh m\u1ed9t \u0111i\u1ec3m \u0111\u1ebfn n\u1ed5i ti\u1ebfng \u0111\u1ed1i v\u1edbi du kh\u00e1ch qu\u1ed1c t\u1ebf.<br \/>\nV\u1ecbnh Nha Trang \u0111\u00e3 \u0111\u01b0\u1ee3c Travel + Leisure vinh danh trong hai n\u0103m li\u00ean ti\u1ebfp v\u00e0 hi\u1ec7n \u0111\u01b0\u1ee3c c\u00f4ng nh\u1eadn l\u00e0 v\u1ecbnh \u0111\u1eb9p th\u1ee9 29 tr\u00ean th\u1ebf gi\u1edbi.<\/p>\n","protected":false},"excerpt":{"rendered":"<p>V\u1edbi nh\u1eefng b\u00e3i bi\u1ec3n nguy\u00ean s\u01a1 v\u00e0 c\u00e1c ho\u1ea1t \u0111\u1ed9ng l\u1eb7n bi\u1ec3n tuy\u1ec7t v\u1eddi, Nha Trang \u0111ang nhanh ch\u00f3ng tr\u1edf th\u00e0nh m\u1ed9t \u0111i\u1ec3m \u0111\u1ebfn n\u1ed5i ti\u1ebfng \u0111\u1ed1i v\u1edbi du kh\u00e1ch qu\u1ed1c t\u1ebf. V\u1ecbnh Nha Trang \u0111\u00e3 \u0111\u01b0\u1ee3c Travel + Leisure vinh danh trong hai n\u0103m li\u00ean ti\u1ebfp v\u00e0 hi\u1ec7n \u0111\u01b0\u1ee3c c\u00f4ng nh\u1eadn l\u00e0 v\u1ecbnh \u0111\u1eb9p [&hellip;]<\/p>\n","protected":false},"author":11,"featured_media":609,"parent":0,"menu_order":0,"comment_status":"closed","ping_status":"closed","template":"template-destination.php","meta":{"footnotes":""},"yoast_head":"<!-- This site is optimized with the Yoast SEO plugin v22.3 - https:\/\/yoast.com\/wordpress\/plugins\/seo\/ -->\n<title>\u0110i\u1ec3m \u0111\u1ebfn - InterContinental Nha Trang<\/title>\n<meta name=\"description\" content=\"Discover the best attractions and experiences in Nha Trang. Explore local culture, beaches, and must-see destinations with InterContinental\u2019s curated guide.\" \/>\n<meta name=\"robots\" content=\"index, follow, max-snippet:-1, max-image-preview:large, max-video-preview:-1\" \/>\n<link rel=\"canonical\" href=\"https:\/\/nhatrang.intercontinental.com\/vi\/destination\/\" \/>\n<meta property=\"og:locale\" content=\"vi_VN\" \/>\n<meta property=\"og:type\" content=\"article\" \/>\n<meta property=\"og:title\" content=\"\u0110i\u1ec3m \u0111\u1ebfn - InterContinental Nha Trang\" \/>\n<meta property=\"og:description\" content=\"Discover the best attractions and experiences in Nha Trang. Explore local culture, beaches, and must-see destinations with InterContinental\u2019s curated guide.\" \/>\n<meta property=\"og:url\" content=\"https:\/\/nhatrang.intercontinental.com\/vi\/destination\/\" \/>\n<meta property=\"og:site_name\" content=\"InterContinental Nha Trang\" \/>\n<meta property=\"article:modified_time\" content=\"2025-09-03T02:40:38+00:00\" \/>\n<meta property=\"og:image\" content=\"https:\/\/nhatrang.intercontinental.com\/wp-content\/uploads\/sites\/100\/2025\/05\/Island-2.jpg\" \/>\n\t<meta property=\"og:image:width\" content=\"2200\" \/>\n\t<meta property=\"og:image:height\" content=\"1200\" \/>\n\t<meta property=\"og:image:type\" content=\"image\/jpeg\" \/>\n<meta name=\"twitter:card\" content=\"summary_large_image\" \/>\n<meta name=\"twitter:label1\" content=\"Est. reading time\" \/>\n\t<meta name=\"twitter:data1\" content=\"1 minute\" \/>\n<script type=\"application\/ld+json\" class=\"yoast-schema-graph\">{\"@context\":\"https:\/\/schema.org\",\"@graph\":[{\"@type\":\"WebPage\",\"@id\":\"https:\/\/nhatrang.intercontinental.com\/vi\/destination\/\",\"url\":\"https:\/\/nhatrang.intercontinental.com\/vi\/destination\/\",\"name\":\"\u0110i\u1ec3m \u0111\u1ebfn - InterContinental Nha Trang\",\"isPartOf\":{\"@id\":\"https:\/\/nhatrang.intercontinental.com\/vi\/#website\"},\"primaryImageOfPage\":{\"@id\":\"https:\/\/nhatrang.intercontinental.com\/vi\/destination\/#primaryimage\"},\"image\":{\"@id\":\"https:\/\/nhatrang.intercontinental.com\/vi\/destination\/#primaryimage\"},\"thumbnailUrl\":\"https:\/\/nhatrang.intercontinental.com\/wp-content\/uploads\/sites\/100\/2025\/05\/Island-2.jpg\",\"datePublished\":\"2025-05-05T09:03:43+00:00\",\"dateModified\":\"2025-09-03T02:40:38+00:00\",\"description\":\"Discover the best attractions and experiences in Nha Trang. Explore local culture, beaches, and must-see destinations with InterContinental\u2019s curated guide.\",\"breadcrumb\":{\"@id\":\"https:\/\/nhatrang.intercontinental.com\/vi\/destination\/#breadcrumb\"},\"inLanguage\":\"vi-VN\",\"potentialAction\":[{\"@type\":\"ReadAction\",\"target\":[\"https:\/\/nhatrang.intercontinental.com\/vi\/destination\/\"]}]},{\"@type\":\"ImageObject\",\"inLanguage\":\"vi-VN\",\"@id\":\"https:\/\/nhatrang.intercontinental.com\/vi\/destination\/#primaryimage\",\"url\":\"https:\/\/nhatrang.intercontinental.com\/wp-content\/uploads\/sites\/100\/2025\/05\/Island-2.jpg\",\"contentUrl\":\"https:\/\/nhatrang.intercontinental.com\/wp-content\/uploads\/sites\/100\/2025\/05\/Island-2.jpg\",\"width\":2200,\"height\":1200},{\"@type\":\"BreadcrumbList\",\"@id\":\"https:\/\/nhatrang.intercontinental.com\/vi\/destination\/#breadcrumb\",\"itemListElement\":[{\"@type\":\"ListItem\",\"position\":1,\"name\":\"Home\",\"item\":\"https:\/\/nhatrang.intercontinental.com\/vi\/\"},{\"@type\":\"ListItem\",\"position\":2,\"name\":\"\u0110i\u1ec3m \u0111\u1ebfn\"}]},{\"@type\":\"WebSite\",\"@id\":\"https:\/\/nhatrang.intercontinental.com\/vi\/#website\",\"url\":\"https:\/\/nhatrang.intercontinental.com\/vi\/\",\"name\":\"InterContinental Nha Trang\",\"description\":\"\",\"potentialAction\":[{\"@type\":\"SearchAction\",\"target\":{\"@type\":\"EntryPoint\",\"urlTemplate\":\"https:\/\/nhatrang.intercontinental.com\/vi\/?s={search_term_string}\"},\"query-input\":\"required name=search_term_string\"}],\"inLanguage\":\"vi-VN\"}]}<\/script>\n<!-- \/ Yoast SEO plugin. -->","yoast_head_json":{"title":"\u0110i\u1ec3m \u0111\u1ebfn - InterContinental Nha Trang","description":"Discover the best attractions and experiences in Nha Trang. Explore local culture, beaches, and must-see destinations with InterContinental\u2019s curated guide.","robots":{"index":"index","follow":"follow","max-snippet":"max-snippet:-1","max-image-preview":"max-image-preview:large","max-video-preview":"max-video-preview:-1"},"canonical":"https:\/\/nhatrang.intercontinental.com\/vi\/destination\/","og_locale":"vi_VN","og_type":"article","og_title":"\u0110i\u1ec3m \u0111\u1ebfn - InterContinental Nha Trang","og_description":"Discover the best attractions and experiences in Nha Trang. Explore local culture, beaches, and must-see destinations with InterContinental\u2019s curated guide.","og_url":"https:\/\/nhatrang.intercontinental.com\/vi\/destination\/","og_site_name":"InterContinental Nha Trang","article_modified_time":"2025-09-03T02:40:38+00:00","og_image":[{"width":2200,"height":1200,"url":"https:\/\/nhatrang.intercontinental.com\/wp-content\/uploads\/sites\/100\/2025\/05\/Island-2.jpg","type":"image\/jpeg"}],"twitter_card":"summary_large_image","twitter_misc":{"Est. reading time":"1 minute"},"schema":{"@context":"https:\/\/schema.org","@graph":[{"@type":"WebPage","@id":"https:\/\/nhatrang.intercontinental.com\/vi\/destination\/","url":"https:\/\/nhatrang.intercontinental.com\/vi\/destination\/","name":"\u0110i\u1ec3m \u0111\u1ebfn - InterContinental Nha Trang","isPartOf":{"@id":"https:\/\/nhatrang.intercontinental.com\/vi\/#website"},"primaryImageOfPage":{"@id":"https:\/\/nhatrang.intercontinental.com\/vi\/destination\/#primaryimage"},"image":{"@id":"https:\/\/nhatrang.intercontinental.com\/vi\/destination\/#primaryimage"},"thumbnailUrl":"https:\/\/nhatrang.intercontinental.com\/wp-content\/uploads\/sites\/100\/2025\/05\/Island-2.jpg","datePublished":"2025-05-05T09:03:43+00:00","dateModified":"2025-09-03T02:40:38+00:00","description":"Discover the best attractions and experiences in Nha Trang. Explore local culture, beaches, and must-see destinations with InterContinental\u2019s curated guide.","breadcrumb":{"@id":"https:\/\/nhatrang.intercontinental.com\/vi\/destination\/#breadcrumb"},"inLanguage":"vi-VN","potentialAction":[{"@type":"ReadAction","target":["https:\/\/nhatrang.intercontinental.com\/vi\/destination\/"]}]},{"@type":"ImageObject","inLanguage":"vi-VN","@id":"https:\/\/nhatrang.intercontinental.com\/vi\/destination\/#primaryimage","url":"https:\/\/nhatrang.intercontinental.com\/wp-content\/uploads\/sites\/100\/2025\/05\/Island-2.jpg","contentUrl":"https:\/\/nhatrang.intercontinental.com\/wp-content\/uploads\/sites\/100\/2025\/05\/Island-2.jpg","width":2200,"height":1200},{"@type":"BreadcrumbList","@id":"https:\/\/nhatrang.intercontinental.com\/vi\/destination\/#breadcrumb","itemListElement":[{"@type":"ListItem","position":1,"name":"Home","item":"https:\/\/nhatrang.intercontinental.com\/vi\/"},{"@type":"ListItem","position":2,"name":"\u0110i\u1ec3m \u0111\u1ebfn"}]},{"@type":"WebSite","@id":"https:\/\/nhatrang.intercontinental.com\/vi\/#website","url":"https:\/\/nhatrang.intercontinental.com\/vi\/","name":"InterContinental Nha Trang","description":"","potentialAction":[{"@type":"SearchAction","target":{"@type":"EntryPoint","urlTemplate":"https:\/\/nhatrang.intercontinental.com\/vi\/?s={search_term_string}"},"query-input":"required name=search_term_string"}],"inLanguage":"vi-VN"}]}},"acf":[],"_links":{"self":[{"href":"https:\/\/nhatrang.intercontinental.com\/vi\/wp-json\/wp\/v2\/pages\/2270"}],"collection":[{"href":"https:\/\/nhatrang.intercontinental.com\/vi\/wp-json\/wp\/v2\/pages"}],"about":[{"href":"https:\/\/nhatrang.intercontinental.com\/vi\/wp-json\/wp\/v2\/types\/page"}],"author":[{"embeddable":true,"href":"https:\/\/nhatrang.intercontinental.com\/vi\/wp-json\/wp\/v2\/users\/11"}],"replies":[{"embeddable":true,"href":"https:\/\/nhatrang.intercontinental.com\/vi\/wp-json\/wp\/v2\/comments?post=2270"}],"version-history":[{"count":0,"href":"https:\/\/nhatrang.intercontinental.com\/vi\/wp-json\/wp\/v2\/pages\/2270\/revisions"}],"wp:featuredmedia":[{"embeddable":true,"href":"https:\/\/nhatrang.intercontinental.com\/vi\/wp-json\/wp\/v2\/media\/609"}],"wp:attachment":[{"href":"https:\/\/nhatrang.intercontinental.com\/vi\/wp-json\/wp\/v2\/media?parent=2270"}],"curies":[{"name":"wp","href":"https:\/\/api.w.org\/{rel}","templated":true}]}}