{"id":2272,"date":"2025-05-05T09:04:29","date_gmt":"2025-05-05T09:04:29","guid":{"rendered":"https:\/\/nhatrang.intercontinental.com\/residences\/"},"modified":"2025-11-24T03:24:06","modified_gmt":"2025-11-24T03:24:06","slug":"residences","status":"publish","type":"page","link":"https:\/\/nhatrang.intercontinental.com\/vi\/residences\/","title":{"rendered":"Stay Residences"},"content":{"rendered":"<p>Ch\u00e0o m\u1eebng b\u1ea1n \u0111\u1ebfn v\u1edbi InterContinental Residences Nha Trang, n\u01a1i m\u1ed7i k\u1ef3 ngh\u1ec9 l\u00e0 m\u1ed9t ch\u01b0\u01a1ng m\u1edbi trong h\u00e0nh tr\u00ecnh c\u1ee7a b\u1ea1n, m\u1edf ra gi\u1eefa trung t\u00e2m th\u00e0nh ph\u1ed1 Nha Trang. D\u00f9 b\u1ea1n \u0111\u1ebfn \u0111\u00e2y v\u00ec c\u00f4ng vi\u1ec7c hay ngh\u1ec9 d\u01b0\u1ee1ng, c\u00e1c c\u0103n h\u1ed9 c\u1ee7a ch\u00fang t\u00f4i mang \u0111\u1ebfn m\u1ed9t ch\u1ed1n b\u00ecnh y\u00ean, n\u01a1i t\u1eebng kho\u1ea3nh kh\u1eafc m\u1eddi g\u1ecdi b\u1ea1n th\u01b0 gi\u00e3n trong s\u1ef1 thanh th\u1ea3n v\u00e0 ti\u1ec7n nghi tinh t\u1ebf.<\/p>\n<p>T\u1eeb c\u0103n studio \u0111\u1ebfn c\u0103n h\u1ed9 ba ph\u00f2ng ng\u1ee7 \u0111\u01b0\u1ee3c thi\u1ebft k\u1ebf d\u00e0nh ri\u00eang cho c\u00e1c c\u1eb7p \u0111\u00f4i, gia \u0111\u00ecnh v\u00e0 nh\u00f3m b\u1ea1n. M\u1ed7i c\u0103n h\u1ed9 \u0111\u1ec1u trang b\u1ecb ti\u1ec7n nghi t\u1ef1 ph\u1ee5c v\u1ee5, ban c\u00f4ng ri\u00eang v\u1edbi n\u1ed9i th\u1ea5t ngo\u00e0i tr\u1eddi v\u00e0 m\u00e1y gi\u1eb7t, \u0111\u1ea3m b\u1ea3o k\u1ef3 ngh\u1ec9 c\u1ee7a b\u1ea1n v\u1eeba thu\u1eadn ti\u1ec7n v\u1eeba tr\u1ecdn v\u1eb9n. \u1ede \u0111\u00e2y, m\u1ed7i kho\u1ea3nh kh\u1eafc \u0111\u1ec1u \u0111\u01b0\u1ee3c thi\u1ebft k\u1ebf \u0111\u1ec3 l\u01b0u gi\u1eef trong k\u00fd \u1ee9c, mang \u0111\u1ebfn tr\u1ea3i nghi\u1ec7m \u0111\u1eb7c bi\u1ec7t ch\u1ec9 d\u00e0nh ri\u00eang cho b\u1ea1n.<\/p>\n","protected":false},"excerpt":{"rendered":"<p>Ch\u00e0o m\u1eebng b\u1ea1n \u0111\u1ebfn v\u1edbi InterContinental Residences Nha Trang, n\u01a1i m\u1ed7i k\u1ef3 ngh\u1ec9 l\u00e0 m\u1ed9t ch\u01b0\u01a1ng m\u1edbi trong h\u00e0nh tr\u00ecnh c\u1ee7a b\u1ea1n, m\u1edf ra gi\u1eefa trung t\u00e2m th\u00e0nh ph\u1ed1 Nha Trang. D\u00f9 b\u1ea1n \u0111\u1ebfn \u0111\u00e2y v\u00ec c\u00f4ng vi\u1ec7c hay ngh\u1ec9 d\u01b0\u1ee1ng, c\u00e1c c\u0103n h\u1ed9 c\u1ee7a ch\u00fang t\u00f4i mang \u0111\u1ebfn m\u1ed9t ch\u1ed1n b\u00ecnh y\u00ean, n\u01a1i t\u1eebng [&hellip;]<\/p>\n","protected":false},"author":11,"featured_media":699,"parent":0,"menu_order":0,"comment_status":"closed","ping_status":"closed","template":"template-ic-residences.php","meta":{"footnotes":""},"yoast_head":"<!-- This site is optimized with the Yoast SEO plugin v22.3 - https:\/\/yoast.com\/wordpress\/plugins\/seo\/ -->\n<title>Stay Residences - InterContinental Nha Trang<\/title>\n<meta name=\"description\" content=\"Discover InterContinental Residences Nha Trang \u2014 ideal for extended stays and families. Enjoy spacious layouts, bunk bed family rooms, kitchen, and sea views.\" \/>\n<meta name=\"robots\" content=\"index, follow, max-snippet:-1, max-image-preview:large, max-video-preview:-1\" \/>\n<link rel=\"canonical\" href=\"https:\/\/nhatrang.intercontinental.com\/vi\/residences\/\" \/>\n<meta property=\"og:locale\" content=\"vi_VN\" \/>\n<meta property=\"og:type\" content=\"article\" \/>\n<meta property=\"og:title\" content=\"Stay Residences - InterContinental Nha Trang\" \/>\n<meta property=\"og:description\" content=\"Discover InterContinental Residences Nha Trang \u2014 ideal for extended stays and families. Enjoy spacious layouts, bunk bed family rooms, kitchen, and sea views.\" \/>\n<meta property=\"og:url\" content=\"https:\/\/nhatrang.intercontinental.com\/vi\/residences\/\" \/>\n<meta property=\"og:site_name\" content=\"InterContinental Nha Trang\" \/>\n<meta property=\"article:modified_time\" content=\"2025-11-24T03:24:06+00:00\" \/>\n<meta property=\"og:image\" content=\"https:\/\/nhatrang.intercontinental.com\/wp-content\/uploads\/sites\/100\/2025\/05\/Hero-Picture-1.jpg\" \/>\n\t<meta property=\"og:image:width\" content=\"2200\" \/>\n\t<meta property=\"og:image:height\" content=\"1200\" \/>\n\t<meta property=\"og:image:type\" content=\"image\/jpeg\" \/>\n<meta name=\"twitter:card\" content=\"summary_large_image\" \/>\n<meta name=\"twitter:label1\" content=\"Est. reading time\" \/>\n\t<meta name=\"twitter:data1\" content=\"1 minute\" \/>\n<script type=\"application\/ld+json\" class=\"yoast-schema-graph\">{\"@context\":\"https:\/\/schema.org\",\"@graph\":[{\"@type\":\"WebPage\",\"@id\":\"https:\/\/nhatrang.intercontinental.com\/vi\/residences\/\",\"url\":\"https:\/\/nhatrang.intercontinental.com\/vi\/residences\/\",\"name\":\"Stay Residences - InterContinental Nha Trang\",\"isPartOf\":{\"@id\":\"https:\/\/nhatrang.intercontinental.com\/vi\/#website\"},\"primaryImageOfPage\":{\"@id\":\"https:\/\/nhatrang.intercontinental.com\/vi\/residences\/#primaryimage\"},\"image\":{\"@id\":\"https:\/\/nhatrang.intercontinental.com\/vi\/residences\/#primaryimage\"},\"thumbnailUrl\":\"https:\/\/nhatrang.intercontinental.com\/wp-content\/uploads\/sites\/100\/2025\/05\/Hero-Picture-1.jpg\",\"datePublished\":\"2025-05-05T09:04:29+00:00\",\"dateModified\":\"2025-11-24T03:24:06+00:00\",\"description\":\"Discover InterContinental Residences Nha Trang \u2014 ideal for extended stays and families. Enjoy spacious layouts, bunk bed family rooms, kitchen, and sea views.\",\"breadcrumb\":{\"@id\":\"https:\/\/nhatrang.intercontinental.com\/vi\/residences\/#breadcrumb\"},\"inLanguage\":\"vi-VN\",\"potentialAction\":[{\"@type\":\"ReadAction\",\"target\":[\"https:\/\/nhatrang.intercontinental.com\/vi\/residences\/\"]}]},{\"@type\":\"ImageObject\",\"inLanguage\":\"vi-VN\",\"@id\":\"https:\/\/nhatrang.intercontinental.com\/vi\/residences\/#primaryimage\",\"url\":\"https:\/\/nhatrang.intercontinental.com\/wp-content\/uploads\/sites\/100\/2025\/05\/Hero-Picture-1.jpg\",\"contentUrl\":\"https:\/\/nhatrang.intercontinental.com\/wp-content\/uploads\/sites\/100\/2025\/05\/Hero-Picture-1.jpg\",\"width\":2200,\"height\":1200},{\"@type\":\"BreadcrumbList\",\"@id\":\"https:\/\/nhatrang.intercontinental.com\/vi\/residences\/#breadcrumb\",\"itemListElement\":[{\"@type\":\"ListItem\",\"position\":1,\"name\":\"Home\",\"item\":\"https:\/\/nhatrang.intercontinental.com\/vi\/\"},{\"@type\":\"ListItem\",\"position\":2,\"name\":\"Stay Residences\"}]},{\"@type\":\"WebSite\",\"@id\":\"https:\/\/nhatrang.intercontinental.com\/vi\/#website\",\"url\":\"https:\/\/nhatrang.intercontinental.com\/vi\/\",\"name\":\"InterContinental Nha Trang\",\"description\":\"\",\"potentialAction\":[{\"@type\":\"SearchAction\",\"target\":{\"@type\":\"EntryPoint\",\"urlTemplate\":\"https:\/\/nhatrang.intercontinental.com\/vi\/?s={search_term_string}\"},\"query-input\":\"required name=search_term_string\"}],\"inLanguage\":\"vi-VN\"}]}<\/script>\n<!-- \/ Yoast SEO plugin. -->","yoast_head_json":{"title":"Stay Residences - InterContinental Nha Trang","description":"Discover InterContinental Residences Nha Trang \u2014 ideal for extended stays and families. Enjoy spacious layouts, bunk bed family rooms, kitchen, and sea views.","robots":{"index":"index","follow":"follow","max-snippet":"max-snippet:-1","max-image-preview":"max-image-preview:large","max-video-preview":"max-video-preview:-1"},"canonical":"https:\/\/nhatrang.intercontinental.com\/vi\/residences\/","og_locale":"vi_VN","og_type":"article","og_title":"Stay Residences - InterContinental Nha Trang","og_description":"Discover InterContinental Residences Nha Trang \u2014 ideal for extended stays and families. Enjoy spacious layouts, bunk bed family rooms, kitchen, and sea views.","og_url":"https:\/\/nhatrang.intercontinental.com\/vi\/residences\/","og_site_name":"InterContinental Nha Trang","article_modified_time":"2025-11-24T03:24:06+00:00","og_image":[{"width":2200,"height":1200,"url":"https:\/\/nhatrang.intercontinental.com\/wp-content\/uploads\/sites\/100\/2025\/05\/Hero-Picture-1.jpg","type":"image\/jpeg"}],"twitter_card":"summary_large_image","twitter_misc":{"Est. reading time":"1 minute"},"schema":{"@context":"https:\/\/schema.org","@graph":[{"@type":"WebPage","@id":"https:\/\/nhatrang.intercontinental.com\/vi\/residences\/","url":"https:\/\/nhatrang.intercontinental.com\/vi\/residences\/","name":"Stay Residences - InterContinental Nha Trang","isPartOf":{"@id":"https:\/\/nhatrang.intercontinental.com\/vi\/#website"},"primaryImageOfPage":{"@id":"https:\/\/nhatrang.intercontinental.com\/vi\/residences\/#primaryimage"},"image":{"@id":"https:\/\/nhatrang.intercontinental.com\/vi\/residences\/#primaryimage"},"thumbnailUrl":"https:\/\/nhatrang.intercontinental.com\/wp-content\/uploads\/sites\/100\/2025\/05\/Hero-Picture-1.jpg","datePublished":"2025-05-05T09:04:29+00:00","dateModified":"2025-11-24T03:24:06+00:00","description":"Discover InterContinental Residences Nha Trang \u2014 ideal for extended stays and families. Enjoy spacious layouts, bunk bed family rooms, kitchen, and sea views.","breadcrumb":{"@id":"https:\/\/nhatrang.intercontinental.com\/vi\/residences\/#breadcrumb"},"inLanguage":"vi-VN","potentialAction":[{"@type":"ReadAction","target":["https:\/\/nhatrang.intercontinental.com\/vi\/residences\/"]}]},{"@type":"ImageObject","inLanguage":"vi-VN","@id":"https:\/\/nhatrang.intercontinental.com\/vi\/residences\/#primaryimage","url":"https:\/\/nhatrang.intercontinental.com\/wp-content\/uploads\/sites\/100\/2025\/05\/Hero-Picture-1.jpg","contentUrl":"https:\/\/nhatrang.intercontinental.com\/wp-content\/uploads\/sites\/100\/2025\/05\/Hero-Picture-1.jpg","width":2200,"height":1200},{"@type":"BreadcrumbList","@id":"https:\/\/nhatrang.intercontinental.com\/vi\/residences\/#breadcrumb","itemListElement":[{"@type":"ListItem","position":1,"name":"Home","item":"https:\/\/nhatrang.intercontinental.com\/vi\/"},{"@type":"ListItem","position":2,"name":"Stay Residences"}]},{"@type":"WebSite","@id":"https:\/\/nhatrang.intercontinental.com\/vi\/#website","url":"https:\/\/nhatrang.intercontinental.com\/vi\/","name":"InterContinental Nha Trang","description":"","potentialAction":[{"@type":"SearchAction","target":{"@type":"EntryPoint","urlTemplate":"https:\/\/nhatrang.intercontinental.com\/vi\/?s={search_term_string}"},"query-input":"required name=search_term_string"}],"inLanguage":"vi-VN"}]}},"acf":[],"_links":{"self":[{"href":"https:\/\/nhatrang.intercontinental.com\/vi\/wp-json\/wp\/v2\/pages\/2272"}],"collection":[{"href":"https:\/\/nhatrang.intercontinental.com\/vi\/wp-json\/wp\/v2\/pages"}],"about":[{"href":"https:\/\/nhatrang.intercontinental.com\/vi\/wp-json\/wp\/v2\/types\/page"}],"author":[{"embeddable":true,"href":"https:\/\/nhatrang.intercontinental.com\/vi\/wp-json\/wp\/v2\/users\/11"}],"replies":[{"embeddable":true,"href":"https:\/\/nhatrang.intercontinental.com\/vi\/wp-json\/wp\/v2\/comments?post=2272"}],"version-history":[{"count":0,"href":"https:\/\/nhatrang.intercontinental.com\/vi\/wp-json\/wp\/v2\/pages\/2272\/revisions"}],"wp:featuredmedia":[{"embeddable":true,"href":"https:\/\/nhatrang.intercontinental.com\/vi\/wp-json\/wp\/v2\/media\/699"}],"wp:attachment":[{"href":"https:\/\/nhatrang.intercontinental.com\/vi\/wp-json\/wp\/v2\/media?parent=2272"}],"curies":[{"name":"wp","href":"https:\/\/api.w.org\/{rel}","templated":true}]}}