{"id":2289,"date":"2025-05-05T09:04:51","date_gmt":"2025-05-05T09:04:51","guid":{"rendered":"https:\/\/nhatrang.intercontinental.com\/elegant-event-venues-meeting-spaces-in-nha-trang-intercontinental\/"},"modified":"2025-10-01T11:31:19","modified_gmt":"2025-10-01T11:31:19","slug":"meetings-and-events","status":"publish","type":"page","link":"https:\/\/nhatrang.intercontinental.com\/vi\/meetings-and-events\/","title":{"rendered":"H\u1ed9i Ngh\u1ecb &amp; S\u1ef1 Ki\u1ec7n"},"content":{"rendered":"<p style=\"text-align: center\">Trung t\u00e2m H\u1ed9i ngh\u1ecb &amp; S\u1ef1 ki\u1ec7n c\u1ee7a ch\u00fang t\u00f4i cung c\u1ea5p h\u01a1n 1.200 m\u00e9t vu\u00f4ng kh\u00f4ng gian linh ho\u1ea1t, c\u00f3 th\u1ec3 \u0111\u01b0\u1ee3c thi\u1ebft k\u1ebf ri\u00eang theo y\u00eau c\u1ea7u c\u1ee7a qu\u00fd kh\u00e1ch.<\/p>\n<p style=\"text-align: center\">Ph\u00f2ng \u0111\u1ea1i ti\u1ec7c \u0111\u01b0\u1ee3c x\u00e2y d\u1ef1ng chuy\u00ean bi\u1ec7t c\u1ee7a kh\u00e1ch s\u1ea1n l\u00e0 kh\u00f4ng gian kh\u00f4ng c\u1ed9t l\u1edbn nh\u1ea5t t\u1ea1i th\u00e0nh ph\u1ed1, m\u1edf ra v\u00f4 v\u00e0n c\u01a1 h\u1ed9i t\u1ed5 ch\u1ee9c s\u1ef1 ki\u1ec7n \u0111\u1eb3ng c\u1ea5p.<\/p>\n<p style=\"text-align: center\">Ngo\u00e0i ra, kh\u00e1ch s\u1ea1n c\u00f2n c\u00f3 7 ph\u00f2ng h\u1ecdp kh\u00e1c, ph\u00f9 h\u1ee3p cho c\u00e1c bu\u1ed5i h\u1ecdp t\u1eeb 2 \u0111\u1ebfn 85 kh\u00e1ch.<\/p>\n","protected":false},"excerpt":{"rendered":"<p>Trung t\u00e2m H\u1ed9i ngh\u1ecb &amp; S\u1ef1 ki\u1ec7n c\u1ee7a ch\u00fang t\u00f4i cung c\u1ea5p h\u01a1n 1.200 m\u00e9t vu\u00f4ng kh\u00f4ng gian linh ho\u1ea1t, c\u00f3 th\u1ec3 \u0111\u01b0\u1ee3c thi\u1ebft k\u1ebf ri\u00eang theo y\u00eau c\u1ea7u c\u1ee7a qu\u00fd kh\u00e1ch. Ph\u00f2ng \u0111\u1ea1i ti\u1ec7c \u0111\u01b0\u1ee3c x\u00e2y d\u1ef1ng chuy\u00ean bi\u1ec7t c\u1ee7a kh\u00e1ch s\u1ea1n l\u00e0 kh\u00f4ng gian kh\u00f4ng c\u1ed9t l\u1edbn nh\u1ea5t t\u1ea1i th\u00e0nh ph\u1ed1, m\u1edf ra [&hellip;]<\/p>\n","protected":false},"author":11,"featured_media":1462,"parent":0,"menu_order":0,"comment_status":"closed","ping_status":"closed","template":"template-meetings.php","meta":{"footnotes":""},"yoast_head":"<!-- This site is optimized with the Yoast SEO plugin v22.3 - https:\/\/yoast.com\/wordpress\/plugins\/seo\/ -->\n<title>H\u1ed9i Ngh\u1ecb &amp; S\u1ef1 Ki\u1ec7n - InterContinental Nha Trang<\/title>\n<meta name=\"description\" content=\"Host your next meeting, wedding, or event in Nha Trang with InterContinental. Flexible venues, ocean views, and full-service event planning.\" \/>\n<meta name=\"robots\" content=\"index, follow, max-snippet:-1, max-image-preview:large, max-video-preview:-1\" \/>\n<link rel=\"canonical\" href=\"https:\/\/nhatrang.intercontinental.com\/vi\/meetings-and-events\/\" \/>\n<meta property=\"og:locale\" content=\"vi_VN\" \/>\n<meta property=\"og:type\" content=\"article\" \/>\n<meta property=\"og:title\" content=\"H\u1ed9i Ngh\u1ecb &amp; S\u1ef1 Ki\u1ec7n - InterContinental Nha Trang\" \/>\n<meta property=\"og:description\" content=\"Host your next meeting, wedding, or event in Nha Trang with InterContinental. Flexible venues, ocean views, and full-service event planning.\" \/>\n<meta property=\"og:url\" content=\"https:\/\/nhatrang.intercontinental.com\/vi\/meetings-and-events\/\" \/>\n<meta property=\"og:site_name\" content=\"InterContinental Nha Trang\" \/>\n<meta property=\"article:modified_time\" content=\"2025-10-01T11:31:19+00:00\" \/>\n<meta property=\"og:image\" content=\"https:\/\/nhatrang.intercontinental.com\/wp-content\/uploads\/sites\/100\/2025\/05\/Ballroom-Meeting2-2.jpg\" \/>\n\t<meta property=\"og:image:width\" content=\"2200\" \/>\n\t<meta property=\"og:image:height\" content=\"1200\" \/>\n\t<meta property=\"og:image:type\" content=\"image\/jpeg\" \/>\n<meta name=\"twitter:card\" content=\"summary_large_image\" \/>\n<meta name=\"twitter:label1\" content=\"Est. reading time\" \/>\n\t<meta name=\"twitter:data1\" content=\"1 minute\" \/>\n<script type=\"application\/ld+json\" class=\"yoast-schema-graph\">{\"@context\":\"https:\/\/schema.org\",\"@graph\":[{\"@type\":\"WebPage\",\"@id\":\"https:\/\/nhatrang.intercontinental.com\/vi\/meetings-and-events\/\",\"url\":\"https:\/\/nhatrang.intercontinental.com\/vi\/meetings-and-events\/\",\"name\":\"H\u1ed9i Ngh\u1ecb &amp; S\u1ef1 Ki\u1ec7n - InterContinental Nha Trang\",\"isPartOf\":{\"@id\":\"https:\/\/nhatrang.intercontinental.com\/vi\/#website\"},\"primaryImageOfPage\":{\"@id\":\"https:\/\/nhatrang.intercontinental.com\/vi\/meetings-and-events\/#primaryimage\"},\"image\":{\"@id\":\"https:\/\/nhatrang.intercontinental.com\/vi\/meetings-and-events\/#primaryimage\"},\"thumbnailUrl\":\"https:\/\/nhatrang.intercontinental.com\/wp-content\/uploads\/sites\/100\/2025\/05\/Ballroom-Meeting2-2.jpg\",\"datePublished\":\"2025-05-05T09:04:51+00:00\",\"dateModified\":\"2025-10-01T11:31:19+00:00\",\"description\":\"Host your next meeting, wedding, or event in Nha Trang with InterContinental. Flexible venues, ocean views, and full-service event planning.\",\"breadcrumb\":{\"@id\":\"https:\/\/nhatrang.intercontinental.com\/vi\/meetings-and-events\/#breadcrumb\"},\"inLanguage\":\"vi-VN\",\"potentialAction\":[{\"@type\":\"ReadAction\",\"target\":[\"https:\/\/nhatrang.intercontinental.com\/vi\/meetings-and-events\/\"]}]},{\"@type\":\"ImageObject\",\"inLanguage\":\"vi-VN\",\"@id\":\"https:\/\/nhatrang.intercontinental.com\/vi\/meetings-and-events\/#primaryimage\",\"url\":\"https:\/\/nhatrang.intercontinental.com\/wp-content\/uploads\/sites\/100\/2025\/05\/Ballroom-Meeting2-2.jpg\",\"contentUrl\":\"https:\/\/nhatrang.intercontinental.com\/wp-content\/uploads\/sites\/100\/2025\/05\/Ballroom-Meeting2-2.jpg\",\"width\":2200,\"height\":1200},{\"@type\":\"BreadcrumbList\",\"@id\":\"https:\/\/nhatrang.intercontinental.com\/vi\/meetings-and-events\/#breadcrumb\",\"itemListElement\":[{\"@type\":\"ListItem\",\"position\":1,\"name\":\"Home\",\"item\":\"https:\/\/nhatrang.intercontinental.com\/vi\/\"},{\"@type\":\"ListItem\",\"position\":2,\"name\":\"H\u1ed9i Ngh\u1ecb &amp; S\u1ef1 Ki\u1ec7n\"}]},{\"@type\":\"WebSite\",\"@id\":\"https:\/\/nhatrang.intercontinental.com\/vi\/#website\",\"url\":\"https:\/\/nhatrang.intercontinental.com\/vi\/\",\"name\":\"InterContinental Nha Trang\",\"description\":\"\",\"potentialAction\":[{\"@type\":\"SearchAction\",\"target\":{\"@type\":\"EntryPoint\",\"urlTemplate\":\"https:\/\/nhatrang.intercontinental.com\/vi\/?s={search_term_string}\"},\"query-input\":\"required name=search_term_string\"}],\"inLanguage\":\"vi-VN\"}]}<\/script>\n<!-- \/ Yoast SEO plugin. -->","yoast_head_json":{"title":"H\u1ed9i Ngh\u1ecb &amp; S\u1ef1 Ki\u1ec7n - InterContinental Nha Trang","description":"Host your next meeting, wedding, or event in Nha Trang with InterContinental. Flexible venues, ocean views, and full-service event planning.","robots":{"index":"index","follow":"follow","max-snippet":"max-snippet:-1","max-image-preview":"max-image-preview:large","max-video-preview":"max-video-preview:-1"},"canonical":"https:\/\/nhatrang.intercontinental.com\/vi\/meetings-and-events\/","og_locale":"vi_VN","og_type":"article","og_title":"H\u1ed9i Ngh\u1ecb &amp; S\u1ef1 Ki\u1ec7n - InterContinental Nha Trang","og_description":"Host your next meeting, wedding, or event in Nha Trang with InterContinental. Flexible venues, ocean views, and full-service event planning.","og_url":"https:\/\/nhatrang.intercontinental.com\/vi\/meetings-and-events\/","og_site_name":"InterContinental Nha Trang","article_modified_time":"2025-10-01T11:31:19+00:00","og_image":[{"width":2200,"height":1200,"url":"https:\/\/nhatrang.intercontinental.com\/wp-content\/uploads\/sites\/100\/2025\/05\/Ballroom-Meeting2-2.jpg","type":"image\/jpeg"}],"twitter_card":"summary_large_image","twitter_misc":{"Est. reading time":"1 minute"},"schema":{"@context":"https:\/\/schema.org","@graph":[{"@type":"WebPage","@id":"https:\/\/nhatrang.intercontinental.com\/vi\/meetings-and-events\/","url":"https:\/\/nhatrang.intercontinental.com\/vi\/meetings-and-events\/","name":"H\u1ed9i Ngh\u1ecb &amp; S\u1ef1 Ki\u1ec7n - InterContinental Nha Trang","isPartOf":{"@id":"https:\/\/nhatrang.intercontinental.com\/vi\/#website"},"primaryImageOfPage":{"@id":"https:\/\/nhatrang.intercontinental.com\/vi\/meetings-and-events\/#primaryimage"},"image":{"@id":"https:\/\/nhatrang.intercontinental.com\/vi\/meetings-and-events\/#primaryimage"},"thumbnailUrl":"https:\/\/nhatrang.intercontinental.com\/wp-content\/uploads\/sites\/100\/2025\/05\/Ballroom-Meeting2-2.jpg","datePublished":"2025-05-05T09:04:51+00:00","dateModified":"2025-10-01T11:31:19+00:00","description":"Host your next meeting, wedding, or event in Nha Trang with InterContinental. Flexible venues, ocean views, and full-service event planning.","breadcrumb":{"@id":"https:\/\/nhatrang.intercontinental.com\/vi\/meetings-and-events\/#breadcrumb"},"inLanguage":"vi-VN","potentialAction":[{"@type":"ReadAction","target":["https:\/\/nhatrang.intercontinental.com\/vi\/meetings-and-events\/"]}]},{"@type":"ImageObject","inLanguage":"vi-VN","@id":"https:\/\/nhatrang.intercontinental.com\/vi\/meetings-and-events\/#primaryimage","url":"https:\/\/nhatrang.intercontinental.com\/wp-content\/uploads\/sites\/100\/2025\/05\/Ballroom-Meeting2-2.jpg","contentUrl":"https:\/\/nhatrang.intercontinental.com\/wp-content\/uploads\/sites\/100\/2025\/05\/Ballroom-Meeting2-2.jpg","width":2200,"height":1200},{"@type":"BreadcrumbList","@id":"https:\/\/nhatrang.intercontinental.com\/vi\/meetings-and-events\/#breadcrumb","itemListElement":[{"@type":"ListItem","position":1,"name":"Home","item":"https:\/\/nhatrang.intercontinental.com\/vi\/"},{"@type":"ListItem","position":2,"name":"H\u1ed9i Ngh\u1ecb &amp; S\u1ef1 Ki\u1ec7n"}]},{"@type":"WebSite","@id":"https:\/\/nhatrang.intercontinental.com\/vi\/#website","url":"https:\/\/nhatrang.intercontinental.com\/vi\/","name":"InterContinental Nha Trang","description":"","potentialAction":[{"@type":"SearchAction","target":{"@type":"EntryPoint","urlTemplate":"https:\/\/nhatrang.intercontinental.com\/vi\/?s={search_term_string}"},"query-input":"required name=search_term_string"}],"inLanguage":"vi-VN"}]}},"acf":[],"_links":{"self":[{"href":"https:\/\/nhatrang.intercontinental.com\/vi\/wp-json\/wp\/v2\/pages\/2289"}],"collection":[{"href":"https:\/\/nhatrang.intercontinental.com\/vi\/wp-json\/wp\/v2\/pages"}],"about":[{"href":"https:\/\/nhatrang.intercontinental.com\/vi\/wp-json\/wp\/v2\/types\/page"}],"author":[{"embeddable":true,"href":"https:\/\/nhatrang.intercontinental.com\/vi\/wp-json\/wp\/v2\/users\/11"}],"replies":[{"embeddable":true,"href":"https:\/\/nhatrang.intercontinental.com\/vi\/wp-json\/wp\/v2\/comments?post=2289"}],"version-history":[{"count":0,"href":"https:\/\/nhatrang.intercontinental.com\/vi\/wp-json\/wp\/v2\/pages\/2289\/revisions"}],"wp:featuredmedia":[{"embeddable":true,"href":"https:\/\/nhatrang.intercontinental.com\/vi\/wp-json\/wp\/v2\/media\/1462"}],"wp:attachment":[{"href":"https:\/\/nhatrang.intercontinental.com\/vi\/wp-json\/wp\/v2\/media?parent=2289"}],"curies":[{"name":"wp","href":"https:\/\/api.w.org\/{rel}","templated":true}]}}