{"id":2291,"date":"2025-05-08T05:44:52","date_gmt":"2025-05-08T05:44:52","guid":{"rendered":"https:\/\/nhatrang.intercontinental.com\/elegant-event-venues-meeting-spaces-in-nha-trang-intercontinental\/insider-location\/"},"modified":"2025-09-09T11:12:31","modified_gmt":"2025-09-09T11:12:31","slug":"insider-location","status":"publish","type":"page","link":"https:\/\/nhatrang.intercontinental.com\/vi\/meetings-and-events\/insider-location\/","title":{"rendered":"Insider Location"},"content":{"rendered":"<p>Insider Locations mang \u0111\u1ebfn cho b\u1ea1n c\u01a1 h\u1ed9i t\u1ed5 ch\u1ee9c m\u1ed9t ph\u1ea7n s\u1ef1 ki\u1ec7n ngo\u00e0i khu\u00f4n vi\u00ean kh\u00e1ch s\u1ea1n. Ch\u00fang t\u00f4i cung c\u1ea5p quy\u1ec1n ti\u1ebfp c\u1eadn \u0111\u1ed9c quy\u1ec1n \u0111\u1ebfn nhi\u1ec1u \u0111\u1ecba \u0111i\u1ec3m \u0111\u1eb7c bi\u1ec7t, cho ph\u00e9p kh\u00e1ch tham d\u1ef1 tr\u1ea3i nghi\u1ec7m nh\u1eefng kh\u00eda c\u1ea1nh \u0111\u1ed9c \u0111\u00e1o c\u1ee7a \u0111i\u1ec3m \u0111\u1ebfn m\u00e0 \u00edt du kh\u00e1ch c\u00f3 d\u1ecbp kh\u00e1m ph\u00e1.<\/p>\n","protected":false},"excerpt":{"rendered":"<p>Insider Locations mang \u0111\u1ebfn cho b\u1ea1n c\u01a1 h\u1ed9i t\u1ed5 ch\u1ee9c m\u1ed9t ph\u1ea7n s\u1ef1 ki\u1ec7n ngo\u00e0i khu\u00f4n vi\u00ean kh\u00e1ch s\u1ea1n. Ch\u00fang t\u00f4i cung c\u1ea5p quy\u1ec1n ti\u1ebfp c\u1eadn \u0111\u1ed9c quy\u1ec1n \u0111\u1ebfn nhi\u1ec1u \u0111\u1ecba \u0111i\u1ec3m \u0111\u1eb7c bi\u1ec7t, cho ph\u00e9p kh\u00e1ch tham d\u1ef1 tr\u1ea3i nghi\u1ec7m nh\u1eefng kh\u00eda c\u1ea1nh \u0111\u1ed9c \u0111\u00e1o c\u1ee7a \u0111i\u1ec3m \u0111\u1ebfn m\u00e0 \u00edt du kh\u00e1ch c\u00f3 d\u1ecbp [&hellip;]<\/p>\n","protected":false},"author":6,"featured_media":780,"parent":2289,"menu_order":0,"comment_status":"closed","ping_status":"closed","template":"","meta":{"footnotes":""},"yoast_head":"<!-- This site is optimized with the Yoast SEO plugin v22.3 - https:\/\/yoast.com\/wordpress\/plugins\/seo\/ -->\n<title>Insider Location - InterContinental Nha Trang<\/title>\n<meta name=\"robots\" content=\"index, follow, max-snippet:-1, max-image-preview:large, max-video-preview:-1\" \/>\n<link rel=\"canonical\" href=\"https:\/\/nhatrang.intercontinental.com\/vi\/meetings-and-events\/insider-location\/\" \/>\n<meta property=\"og:locale\" content=\"vi_VN\" \/>\n<meta property=\"og:type\" content=\"article\" \/>\n<meta property=\"og:title\" content=\"Insider Location - InterContinental Nha Trang\" \/>\n<meta property=\"og:description\" content=\"Insider Locations mang \u0111\u1ebfn cho b\u1ea1n c\u01a1 h\u1ed9i t\u1ed5 ch\u1ee9c m\u1ed9t ph\u1ea7n s\u1ef1 ki\u1ec7n ngo\u00e0i khu\u00f4n vi\u00ean kh\u00e1ch s\u1ea1n. Ch\u00fang t\u00f4i cung c\u1ea5p quy\u1ec1n ti\u1ebfp c\u1eadn \u0111\u1ed9c quy\u1ec1n \u0111\u1ebfn nhi\u1ec1u \u0111\u1ecba \u0111i\u1ec3m \u0111\u1eb7c bi\u1ec7t, cho ph\u00e9p kh\u00e1ch tham d\u1ef1 tr\u1ea3i nghi\u1ec7m nh\u1eefng kh\u00eda c\u1ea1nh \u0111\u1ed9c \u0111\u00e1o c\u1ee7a \u0111i\u1ec3m \u0111\u1ebfn m\u00e0 \u00edt du kh\u00e1ch c\u00f3 d\u1ecbp [&hellip;]\" \/>\n<meta property=\"og:url\" content=\"https:\/\/nhatrang.intercontinental.com\/vi\/meetings-and-events\/insider-location\/\" \/>\n<meta property=\"og:site_name\" content=\"InterContinental Nha Trang\" \/>\n<meta property=\"article:modified_time\" content=\"2025-09-09T11:12:31+00:00\" \/>\n<meta property=\"og:image\" content=\"https:\/\/nhatrang.intercontinental.com\/wp-content\/uploads\/sites\/100\/2025\/05\/Insider-Location.jpg\" \/>\n\t<meta property=\"og:image:width\" content=\"2200\" \/>\n\t<meta property=\"og:image:height\" content=\"1200\" \/>\n\t<meta property=\"og:image:type\" content=\"image\/jpeg\" \/>\n<meta name=\"twitter:card\" content=\"summary_large_image\" \/>\n<meta name=\"twitter:label1\" content=\"Est. reading time\" \/>\n\t<meta name=\"twitter:data1\" content=\"1 minute\" \/>\n<script type=\"application\/ld+json\" class=\"yoast-schema-graph\">{\"@context\":\"https:\/\/schema.org\",\"@graph\":[{\"@type\":\"WebPage\",\"@id\":\"https:\/\/nhatrang.intercontinental.com\/vi\/meetings-and-events\/insider-location\/\",\"url\":\"https:\/\/nhatrang.intercontinental.com\/vi\/meetings-and-events\/insider-location\/\",\"name\":\"Insider Location - InterContinental Nha Trang\",\"isPartOf\":{\"@id\":\"https:\/\/nhatrang.intercontinental.com\/vi\/#website\"},\"primaryImageOfPage\":{\"@id\":\"https:\/\/nhatrang.intercontinental.com\/vi\/meetings-and-events\/insider-location\/#primaryimage\"},\"image\":{\"@id\":\"https:\/\/nhatrang.intercontinental.com\/vi\/meetings-and-events\/insider-location\/#primaryimage\"},\"thumbnailUrl\":\"https:\/\/nhatrang.intercontinental.com\/wp-content\/uploads\/sites\/100\/2025\/05\/Insider-Location.jpg\",\"datePublished\":\"2025-05-08T05:44:52+00:00\",\"dateModified\":\"2025-09-09T11:12:31+00:00\",\"breadcrumb\":{\"@id\":\"https:\/\/nhatrang.intercontinental.com\/vi\/meetings-and-events\/insider-location\/#breadcrumb\"},\"inLanguage\":\"vi-VN\",\"potentialAction\":[{\"@type\":\"ReadAction\",\"target\":[\"https:\/\/nhatrang.intercontinental.com\/vi\/meetings-and-events\/insider-location\/\"]}]},{\"@type\":\"ImageObject\",\"inLanguage\":\"vi-VN\",\"@id\":\"https:\/\/nhatrang.intercontinental.com\/vi\/meetings-and-events\/insider-location\/#primaryimage\",\"url\":\"https:\/\/nhatrang.intercontinental.com\/wp-content\/uploads\/sites\/100\/2025\/05\/Insider-Location.jpg\",\"contentUrl\":\"https:\/\/nhatrang.intercontinental.com\/wp-content\/uploads\/sites\/100\/2025\/05\/Insider-Location.jpg\",\"width\":2200,\"height\":1200},{\"@type\":\"BreadcrumbList\",\"@id\":\"https:\/\/nhatrang.intercontinental.com\/vi\/meetings-and-events\/insider-location\/#breadcrumb\",\"itemListElement\":[{\"@type\":\"ListItem\",\"position\":1,\"name\":\"Home\",\"item\":\"https:\/\/nhatrang.intercontinental.com\/vi\/\"},{\"@type\":\"ListItem\",\"position\":2,\"name\":\"H\u1ed9i Ngh\u1ecb &amp; S\u1ef1 Ki\u1ec7n\",\"item\":\"https:\/\/nhatrang.intercontinental.com\/vi\/meetings-and-events\/\"},{\"@type\":\"ListItem\",\"position\":3,\"name\":\"Insider Location\"}]},{\"@type\":\"WebSite\",\"@id\":\"https:\/\/nhatrang.intercontinental.com\/vi\/#website\",\"url\":\"https:\/\/nhatrang.intercontinental.com\/vi\/\",\"name\":\"InterContinental Nha Trang\",\"description\":\"\",\"potentialAction\":[{\"@type\":\"SearchAction\",\"target\":{\"@type\":\"EntryPoint\",\"urlTemplate\":\"https:\/\/nhatrang.intercontinental.com\/vi\/?s={search_term_string}\"},\"query-input\":\"required name=search_term_string\"}],\"inLanguage\":\"vi-VN\"}]}<\/script>\n<!-- \/ Yoast SEO plugin. -->","yoast_head_json":{"title":"Insider Location - InterContinental Nha Trang","robots":{"index":"index","follow":"follow","max-snippet":"max-snippet:-1","max-image-preview":"max-image-preview:large","max-video-preview":"max-video-preview:-1"},"canonical":"https:\/\/nhatrang.intercontinental.com\/vi\/meetings-and-events\/insider-location\/","og_locale":"vi_VN","og_type":"article","og_title":"Insider Location - InterContinental Nha Trang","og_description":"Insider Locations mang \u0111\u1ebfn cho b\u1ea1n c\u01a1 h\u1ed9i t\u1ed5 ch\u1ee9c m\u1ed9t ph\u1ea7n s\u1ef1 ki\u1ec7n ngo\u00e0i khu\u00f4n vi\u00ean kh\u00e1ch s\u1ea1n. Ch\u00fang t\u00f4i cung c\u1ea5p quy\u1ec1n ti\u1ebfp c\u1eadn \u0111\u1ed9c quy\u1ec1n \u0111\u1ebfn nhi\u1ec1u \u0111\u1ecba \u0111i\u1ec3m \u0111\u1eb7c bi\u1ec7t, cho ph\u00e9p kh\u00e1ch tham d\u1ef1 tr\u1ea3i nghi\u1ec7m nh\u1eefng kh\u00eda c\u1ea1nh \u0111\u1ed9c \u0111\u00e1o c\u1ee7a \u0111i\u1ec3m \u0111\u1ebfn m\u00e0 \u00edt du kh\u00e1ch c\u00f3 d\u1ecbp [&hellip;]","og_url":"https:\/\/nhatrang.intercontinental.com\/vi\/meetings-and-events\/insider-location\/","og_site_name":"InterContinental Nha Trang","article_modified_time":"2025-09-09T11:12:31+00:00","og_image":[{"width":2200,"height":1200,"url":"https:\/\/nhatrang.intercontinental.com\/wp-content\/uploads\/sites\/100\/2025\/05\/Insider-Location.jpg","type":"image\/jpeg"}],"twitter_card":"summary_large_image","twitter_misc":{"Est. reading time":"1 minute"},"schema":{"@context":"https:\/\/schema.org","@graph":[{"@type":"WebPage","@id":"https:\/\/nhatrang.intercontinental.com\/vi\/meetings-and-events\/insider-location\/","url":"https:\/\/nhatrang.intercontinental.com\/vi\/meetings-and-events\/insider-location\/","name":"Insider Location - InterContinental Nha Trang","isPartOf":{"@id":"https:\/\/nhatrang.intercontinental.com\/vi\/#website"},"primaryImageOfPage":{"@id":"https:\/\/nhatrang.intercontinental.com\/vi\/meetings-and-events\/insider-location\/#primaryimage"},"image":{"@id":"https:\/\/nhatrang.intercontinental.com\/vi\/meetings-and-events\/insider-location\/#primaryimage"},"thumbnailUrl":"https:\/\/nhatrang.intercontinental.com\/wp-content\/uploads\/sites\/100\/2025\/05\/Insider-Location.jpg","datePublished":"2025-05-08T05:44:52+00:00","dateModified":"2025-09-09T11:12:31+00:00","breadcrumb":{"@id":"https:\/\/nhatrang.intercontinental.com\/vi\/meetings-and-events\/insider-location\/#breadcrumb"},"inLanguage":"vi-VN","potentialAction":[{"@type":"ReadAction","target":["https:\/\/nhatrang.intercontinental.com\/vi\/meetings-and-events\/insider-location\/"]}]},{"@type":"ImageObject","inLanguage":"vi-VN","@id":"https:\/\/nhatrang.intercontinental.com\/vi\/meetings-and-events\/insider-location\/#primaryimage","url":"https:\/\/nhatrang.intercontinental.com\/wp-content\/uploads\/sites\/100\/2025\/05\/Insider-Location.jpg","contentUrl":"https:\/\/nhatrang.intercontinental.com\/wp-content\/uploads\/sites\/100\/2025\/05\/Insider-Location.jpg","width":2200,"height":1200},{"@type":"BreadcrumbList","@id":"https:\/\/nhatrang.intercontinental.com\/vi\/meetings-and-events\/insider-location\/#breadcrumb","itemListElement":[{"@type":"ListItem","position":1,"name":"Home","item":"https:\/\/nhatrang.intercontinental.com\/vi\/"},{"@type":"ListItem","position":2,"name":"H\u1ed9i Ngh\u1ecb &amp; S\u1ef1 Ki\u1ec7n","item":"https:\/\/nhatrang.intercontinental.com\/vi\/meetings-and-events\/"},{"@type":"ListItem","position":3,"name":"Insider Location"}]},{"@type":"WebSite","@id":"https:\/\/nhatrang.intercontinental.com\/vi\/#website","url":"https:\/\/nhatrang.intercontinental.com\/vi\/","name":"InterContinental Nha Trang","description":"","potentialAction":[{"@type":"SearchAction","target":{"@type":"EntryPoint","urlTemplate":"https:\/\/nhatrang.intercontinental.com\/vi\/?s={search_term_string}"},"query-input":"required name=search_term_string"}],"inLanguage":"vi-VN"}]}},"acf":[],"_links":{"self":[{"href":"https:\/\/nhatrang.intercontinental.com\/vi\/wp-json\/wp\/v2\/pages\/2291"}],"collection":[{"href":"https:\/\/nhatrang.intercontinental.com\/vi\/wp-json\/wp\/v2\/pages"}],"about":[{"href":"https:\/\/nhatrang.intercontinental.com\/vi\/wp-json\/wp\/v2\/types\/page"}],"author":[{"embeddable":true,"href":"https:\/\/nhatrang.intercontinental.com\/vi\/wp-json\/wp\/v2\/users\/6"}],"replies":[{"embeddable":true,"href":"https:\/\/nhatrang.intercontinental.com\/vi\/wp-json\/wp\/v2\/comments?post=2291"}],"version-history":[{"count":0,"href":"https:\/\/nhatrang.intercontinental.com\/vi\/wp-json\/wp\/v2\/pages\/2291\/revisions"}],"up":[{"embeddable":true,"href":"https:\/\/nhatrang.intercontinental.com\/vi\/wp-json\/wp\/v2\/pages\/2289"}],"wp:featuredmedia":[{"embeddable":true,"href":"https:\/\/nhatrang.intercontinental.com\/vi\/wp-json\/wp\/v2\/media\/780"}],"wp:attachment":[{"href":"https:\/\/nhatrang.intercontinental.com\/vi\/wp-json\/wp\/v2\/media?parent=2291"}],"curies":[{"name":"wp","href":"https:\/\/api.w.org\/{rel}","templated":true}]}}