{"id":2292,"date":"2025-05-08T05:45:54","date_gmt":"2025-05-08T05:45:54","guid":{"rendered":"https:\/\/nhatrang.intercontinental.com\/elegant-event-venues-meeting-spaces-in-nha-trang-intercontinental\/insider-speaks\/"},"modified":"2025-09-04T02:56:11","modified_gmt":"2025-09-04T02:56:11","slug":"insider-speaks","status":"publish","type":"page","link":"https:\/\/nhatrang.intercontinental.com\/vi\/meetings-and-events\/insider-speaks\/","title":{"rendered":"The Insiders"},"content":{"rendered":"<p>M\u1ed9t di\u1ec5n gi\u1ea3 \u0111\u01b0\u1ee3c l\u1ef1a ch\u1ecdn k\u1ef9 l\u01b0\u1ee1ng c\u00f3 th\u1ec3 th\u1ed5i h\u1ed3n v\u00e0o s\u1ef1 ki\u1ec7n c\u1ee7a b\u1ea1n v\u00e0 truy\u1ec1n c\u1ea3m h\u1ee9ng m\u1ea1nh m\u1ebd \u0111\u1ebfn c\u00e1c kh\u00e1ch tham d\u1ef1.<\/p>\n<p>Insider Speakers c\u1ee7a ch\u00fang t\u00f4i bao g\u1ed3m t\u1eeb nh\u1eefng ng\u01b0\u1eddi n\u1ed5i ti\u1ebfng, chuy\u00ean gia v\u0103n h\u00f3a \u0111\u1ebfn v\u1eadn \u0111\u1ed9ng vi\u00ean th\u1ec3 thao, v\u00e0 t\u1ea5t c\u1ea3 \u0111\u1ec1u c\u00f3 m\u1ed1i li\u00ean k\u1ebft \u0111\u1eb7c bi\u1ec7t v\u1edbi \u0111\u1ecba ph\u01b0\u01a1ng.<\/p>\n","protected":false},"excerpt":{"rendered":"<p>M\u1ed9t di\u1ec5n gi\u1ea3 \u0111\u01b0\u1ee3c l\u1ef1a ch\u1ecdn k\u1ef9 l\u01b0\u1ee1ng c\u00f3 th\u1ec3 th\u1ed5i h\u1ed3n v\u00e0o s\u1ef1 ki\u1ec7n c\u1ee7a b\u1ea1n v\u00e0 truy\u1ec1n c\u1ea3m h\u1ee9ng m\u1ea1nh m\u1ebd \u0111\u1ebfn c\u00e1c kh\u00e1ch tham d\u1ef1. Insider Speakers c\u1ee7a ch\u00fang t\u00f4i bao g\u1ed3m t\u1eeb nh\u1eefng ng\u01b0\u1eddi n\u1ed5i ti\u1ebfng, chuy\u00ean gia v\u0103n h\u00f3a \u0111\u1ebfn v\u1eadn \u0111\u1ed9ng vi\u00ean th\u1ec3 thao, v\u00e0 t\u1ea5t c\u1ea3 \u0111\u1ec1u c\u00f3 [&hellip;]<\/p>\n","protected":false},"author":6,"featured_media":785,"parent":2289,"menu_order":0,"comment_status":"closed","ping_status":"closed","template":"","meta":{"footnotes":""},"yoast_head":"<!-- This site is optimized with the Yoast SEO plugin v22.3 - https:\/\/yoast.com\/wordpress\/plugins\/seo\/ -->\n<title>The Insiders - InterContinental Nha Trang<\/title>\n<meta name=\"robots\" content=\"index, follow, max-snippet:-1, max-image-preview:large, max-video-preview:-1\" \/>\n<link rel=\"canonical\" href=\"https:\/\/nhatrang.intercontinental.com\/vi\/meetings-and-events\/insider-speaks\/\" \/>\n<meta property=\"og:locale\" content=\"vi_VN\" \/>\n<meta property=\"og:type\" content=\"article\" \/>\n<meta property=\"og:title\" content=\"The Insiders - InterContinental Nha Trang\" \/>\n<meta property=\"og:description\" content=\"M\u1ed9t di\u1ec5n gi\u1ea3 \u0111\u01b0\u1ee3c l\u1ef1a ch\u1ecdn k\u1ef9 l\u01b0\u1ee1ng c\u00f3 th\u1ec3 th\u1ed5i h\u1ed3n v\u00e0o s\u1ef1 ki\u1ec7n c\u1ee7a b\u1ea1n v\u00e0 truy\u1ec1n c\u1ea3m h\u1ee9ng m\u1ea1nh m\u1ebd \u0111\u1ebfn c\u00e1c kh\u00e1ch tham d\u1ef1. Insider Speakers c\u1ee7a ch\u00fang t\u00f4i bao g\u1ed3m t\u1eeb nh\u1eefng ng\u01b0\u1eddi n\u1ed5i ti\u1ebfng, chuy\u00ean gia v\u0103n h\u00f3a \u0111\u1ebfn v\u1eadn \u0111\u1ed9ng vi\u00ean th\u1ec3 thao, v\u00e0 t\u1ea5t c\u1ea3 \u0111\u1ec1u c\u00f3 [&hellip;]\" \/>\n<meta property=\"og:url\" content=\"https:\/\/nhatrang.intercontinental.com\/vi\/meetings-and-events\/insider-speaks\/\" \/>\n<meta property=\"og:site_name\" content=\"InterContinental Nha Trang\" \/>\n<meta property=\"article:modified_time\" content=\"2025-09-04T02:56:11+00:00\" \/>\n<meta property=\"og:image\" content=\"https:\/\/nhatrang.intercontinental.com\/wp-content\/uploads\/sites\/100\/2025\/05\/Insider-Speaks.jpg\" \/>\n\t<meta property=\"og:image:width\" content=\"2200\" \/>\n\t<meta property=\"og:image:height\" content=\"1200\" \/>\n\t<meta property=\"og:image:type\" content=\"image\/jpeg\" \/>\n<meta name=\"twitter:card\" content=\"summary_large_image\" \/>\n<meta name=\"twitter:label1\" content=\"Est. reading time\" \/>\n\t<meta name=\"twitter:data1\" content=\"1 minute\" \/>\n<script type=\"application\/ld+json\" class=\"yoast-schema-graph\">{\"@context\":\"https:\/\/schema.org\",\"@graph\":[{\"@type\":\"WebPage\",\"@id\":\"https:\/\/nhatrang.intercontinental.com\/vi\/meetings-and-events\/insider-speaks\/\",\"url\":\"https:\/\/nhatrang.intercontinental.com\/vi\/meetings-and-events\/insider-speaks\/\",\"name\":\"The Insiders - InterContinental Nha Trang\",\"isPartOf\":{\"@id\":\"https:\/\/nhatrang.intercontinental.com\/vi\/#website\"},\"primaryImageOfPage\":{\"@id\":\"https:\/\/nhatrang.intercontinental.com\/vi\/meetings-and-events\/insider-speaks\/#primaryimage\"},\"image\":{\"@id\":\"https:\/\/nhatrang.intercontinental.com\/vi\/meetings-and-events\/insider-speaks\/#primaryimage\"},\"thumbnailUrl\":\"https:\/\/nhatrang.intercontinental.com\/wp-content\/uploads\/sites\/100\/2025\/05\/Insider-Speaks.jpg\",\"datePublished\":\"2025-05-08T05:45:54+00:00\",\"dateModified\":\"2025-09-04T02:56:11+00:00\",\"breadcrumb\":{\"@id\":\"https:\/\/nhatrang.intercontinental.com\/vi\/meetings-and-events\/insider-speaks\/#breadcrumb\"},\"inLanguage\":\"vi-VN\",\"potentialAction\":[{\"@type\":\"ReadAction\",\"target\":[\"https:\/\/nhatrang.intercontinental.com\/vi\/meetings-and-events\/insider-speaks\/\"]}]},{\"@type\":\"ImageObject\",\"inLanguage\":\"vi-VN\",\"@id\":\"https:\/\/nhatrang.intercontinental.com\/vi\/meetings-and-events\/insider-speaks\/#primaryimage\",\"url\":\"https:\/\/nhatrang.intercontinental.com\/wp-content\/uploads\/sites\/100\/2025\/05\/Insider-Speaks.jpg\",\"contentUrl\":\"https:\/\/nhatrang.intercontinental.com\/wp-content\/uploads\/sites\/100\/2025\/05\/Insider-Speaks.jpg\",\"width\":2200,\"height\":1200},{\"@type\":\"BreadcrumbList\",\"@id\":\"https:\/\/nhatrang.intercontinental.com\/vi\/meetings-and-events\/insider-speaks\/#breadcrumb\",\"itemListElement\":[{\"@type\":\"ListItem\",\"position\":1,\"name\":\"Home\",\"item\":\"https:\/\/nhatrang.intercontinental.com\/vi\/\"},{\"@type\":\"ListItem\",\"position\":2,\"name\":\"H\u1ed9i Ngh\u1ecb &amp; S\u1ef1 Ki\u1ec7n\",\"item\":\"https:\/\/nhatrang.intercontinental.com\/vi\/meetings-and-events\/\"},{\"@type\":\"ListItem\",\"position\":3,\"name\":\"The Insiders\"}]},{\"@type\":\"WebSite\",\"@id\":\"https:\/\/nhatrang.intercontinental.com\/vi\/#website\",\"url\":\"https:\/\/nhatrang.intercontinental.com\/vi\/\",\"name\":\"InterContinental Nha Trang\",\"description\":\"\",\"potentialAction\":[{\"@type\":\"SearchAction\",\"target\":{\"@type\":\"EntryPoint\",\"urlTemplate\":\"https:\/\/nhatrang.intercontinental.com\/vi\/?s={search_term_string}\"},\"query-input\":\"required name=search_term_string\"}],\"inLanguage\":\"vi-VN\"}]}<\/script>\n<!-- \/ Yoast SEO plugin. -->","yoast_head_json":{"title":"The Insiders - InterContinental Nha Trang","robots":{"index":"index","follow":"follow","max-snippet":"max-snippet:-1","max-image-preview":"max-image-preview:large","max-video-preview":"max-video-preview:-1"},"canonical":"https:\/\/nhatrang.intercontinental.com\/vi\/meetings-and-events\/insider-speaks\/","og_locale":"vi_VN","og_type":"article","og_title":"The Insiders - InterContinental Nha Trang","og_description":"M\u1ed9t di\u1ec5n gi\u1ea3 \u0111\u01b0\u1ee3c l\u1ef1a ch\u1ecdn k\u1ef9 l\u01b0\u1ee1ng c\u00f3 th\u1ec3 th\u1ed5i h\u1ed3n v\u00e0o s\u1ef1 ki\u1ec7n c\u1ee7a b\u1ea1n v\u00e0 truy\u1ec1n c\u1ea3m h\u1ee9ng m\u1ea1nh m\u1ebd \u0111\u1ebfn c\u00e1c kh\u00e1ch tham d\u1ef1. Insider Speakers c\u1ee7a ch\u00fang t\u00f4i bao g\u1ed3m t\u1eeb nh\u1eefng ng\u01b0\u1eddi n\u1ed5i ti\u1ebfng, chuy\u00ean gia v\u0103n h\u00f3a \u0111\u1ebfn v\u1eadn \u0111\u1ed9ng vi\u00ean th\u1ec3 thao, v\u00e0 t\u1ea5t c\u1ea3 \u0111\u1ec1u c\u00f3 [&hellip;]","og_url":"https:\/\/nhatrang.intercontinental.com\/vi\/meetings-and-events\/insider-speaks\/","og_site_name":"InterContinental Nha Trang","article_modified_time":"2025-09-04T02:56:11+00:00","og_image":[{"width":2200,"height":1200,"url":"https:\/\/nhatrang.intercontinental.com\/wp-content\/uploads\/sites\/100\/2025\/05\/Insider-Speaks.jpg","type":"image\/jpeg"}],"twitter_card":"summary_large_image","twitter_misc":{"Est. reading time":"1 minute"},"schema":{"@context":"https:\/\/schema.org","@graph":[{"@type":"WebPage","@id":"https:\/\/nhatrang.intercontinental.com\/vi\/meetings-and-events\/insider-speaks\/","url":"https:\/\/nhatrang.intercontinental.com\/vi\/meetings-and-events\/insider-speaks\/","name":"The Insiders - InterContinental Nha Trang","isPartOf":{"@id":"https:\/\/nhatrang.intercontinental.com\/vi\/#website"},"primaryImageOfPage":{"@id":"https:\/\/nhatrang.intercontinental.com\/vi\/meetings-and-events\/insider-speaks\/#primaryimage"},"image":{"@id":"https:\/\/nhatrang.intercontinental.com\/vi\/meetings-and-events\/insider-speaks\/#primaryimage"},"thumbnailUrl":"https:\/\/nhatrang.intercontinental.com\/wp-content\/uploads\/sites\/100\/2025\/05\/Insider-Speaks.jpg","datePublished":"2025-05-08T05:45:54+00:00","dateModified":"2025-09-04T02:56:11+00:00","breadcrumb":{"@id":"https:\/\/nhatrang.intercontinental.com\/vi\/meetings-and-events\/insider-speaks\/#breadcrumb"},"inLanguage":"vi-VN","potentialAction":[{"@type":"ReadAction","target":["https:\/\/nhatrang.intercontinental.com\/vi\/meetings-and-events\/insider-speaks\/"]}]},{"@type":"ImageObject","inLanguage":"vi-VN","@id":"https:\/\/nhatrang.intercontinental.com\/vi\/meetings-and-events\/insider-speaks\/#primaryimage","url":"https:\/\/nhatrang.intercontinental.com\/wp-content\/uploads\/sites\/100\/2025\/05\/Insider-Speaks.jpg","contentUrl":"https:\/\/nhatrang.intercontinental.com\/wp-content\/uploads\/sites\/100\/2025\/05\/Insider-Speaks.jpg","width":2200,"height":1200},{"@type":"BreadcrumbList","@id":"https:\/\/nhatrang.intercontinental.com\/vi\/meetings-and-events\/insider-speaks\/#breadcrumb","itemListElement":[{"@type":"ListItem","position":1,"name":"Home","item":"https:\/\/nhatrang.intercontinental.com\/vi\/"},{"@type":"ListItem","position":2,"name":"H\u1ed9i Ngh\u1ecb &amp; S\u1ef1 Ki\u1ec7n","item":"https:\/\/nhatrang.intercontinental.com\/vi\/meetings-and-events\/"},{"@type":"ListItem","position":3,"name":"The Insiders"}]},{"@type":"WebSite","@id":"https:\/\/nhatrang.intercontinental.com\/vi\/#website","url":"https:\/\/nhatrang.intercontinental.com\/vi\/","name":"InterContinental Nha Trang","description":"","potentialAction":[{"@type":"SearchAction","target":{"@type":"EntryPoint","urlTemplate":"https:\/\/nhatrang.intercontinental.com\/vi\/?s={search_term_string}"},"query-input":"required name=search_term_string"}],"inLanguage":"vi-VN"}]}},"acf":[],"_links":{"self":[{"href":"https:\/\/nhatrang.intercontinental.com\/vi\/wp-json\/wp\/v2\/pages\/2292"}],"collection":[{"href":"https:\/\/nhatrang.intercontinental.com\/vi\/wp-json\/wp\/v2\/pages"}],"about":[{"href":"https:\/\/nhatrang.intercontinental.com\/vi\/wp-json\/wp\/v2\/types\/page"}],"author":[{"embeddable":true,"href":"https:\/\/nhatrang.intercontinental.com\/vi\/wp-json\/wp\/v2\/users\/6"}],"replies":[{"embeddable":true,"href":"https:\/\/nhatrang.intercontinental.com\/vi\/wp-json\/wp\/v2\/comments?post=2292"}],"version-history":[{"count":0,"href":"https:\/\/nhatrang.intercontinental.com\/vi\/wp-json\/wp\/v2\/pages\/2292\/revisions"}],"up":[{"embeddable":true,"href":"https:\/\/nhatrang.intercontinental.com\/vi\/wp-json\/wp\/v2\/pages\/2289"}],"wp:featuredmedia":[{"embeddable":true,"href":"https:\/\/nhatrang.intercontinental.com\/vi\/wp-json\/wp\/v2\/media\/785"}],"wp:attachment":[{"href":"https:\/\/nhatrang.intercontinental.com\/vi\/wp-json\/wp\/v2\/media?parent=2292"}],"curies":[{"name":"wp","href":"https:\/\/api.w.org\/{rel}","templated":true}]}}