{"id":2293,"date":"2025-05-08T05:46:55","date_gmt":"2025-05-08T05:46:55","guid":{"rendered":"https:\/\/nhatrang.intercontinental.com\/elegant-event-venues-meeting-spaces-in-nha-trang-intercontinental\/insider-community\/"},"modified":"2025-09-04T02:56:06","modified_gmt":"2025-09-04T02:56:06","slug":"insider-community","status":"publish","type":"page","link":"https:\/\/nhatrang.intercontinental.com\/vi\/meetings-and-events\/insider-community\/","title":{"rendered":"Insider Community"},"content":{"rendered":"<p>Insider Community mang \u0111\u1ebfn cho kh\u00e1ch tham d\u1ef1 c\u01a1 h\u1ed9i g\u00f3p ph\u1ea7n t\u1ea1o n\u00ean nh\u1eefng t\u00e1c \u0111\u1ed9ng t\u00edch c\u1ef1c cho c\u1ed9ng \u0111\u1ed3ng \u0111\u1ecba ph\u01b0\u01a1ng n\u01a1i h\u1ecd \u0111ang gh\u00e9 th\u0103m.<\/p>\n<p>Ho\u1ea1t \u0111\u1ed9ng c\u00f3 th\u1ec3 \u0111a d\u1ea1ng, t\u1eeb v\u1ebd tranh t\u01b0\u1eddng t\u1ea1i m\u1ed9t tr\u01b0\u1eddng h\u1ecdc \u0111\u1ecba ph\u01b0\u01a1ng \u0111\u1ebfn chu\u1ea9n b\u1ecb b\u1eefa tr\u01b0a t\u1ea1i m\u1ed9t trung t\u00e2m h\u1ed7 tr\u1ee3 ng\u01b0\u1eddi v\u00f4 gia c\u01b0, t\u1ea5t c\u1ea3 \u0111\u1ec1u nh\u1eb1m mang l\u1ea1i gi\u00e1 tr\u1ecb \u00fd ngh\u0129a v\u00e0 g\u1eafn k\u1ebft s\u00e2u s\u1eafc h\u01a1n v\u1edbi \u0111i\u1ec3m \u0111\u1ebfn.<\/p>\n","protected":false},"excerpt":{"rendered":"<p>Insider Community mang \u0111\u1ebfn cho kh\u00e1ch tham d\u1ef1 c\u01a1 h\u1ed9i g\u00f3p ph\u1ea7n t\u1ea1o n\u00ean nh\u1eefng t\u00e1c \u0111\u1ed9ng t\u00edch c\u1ef1c cho c\u1ed9ng \u0111\u1ed3ng \u0111\u1ecba ph\u01b0\u01a1ng n\u01a1i h\u1ecd \u0111ang gh\u00e9 th\u0103m. Ho\u1ea1t \u0111\u1ed9ng c\u00f3 th\u1ec3 \u0111a d\u1ea1ng, t\u1eeb v\u1ebd tranh t\u01b0\u1eddng t\u1ea1i m\u1ed9t tr\u01b0\u1eddng h\u1ecdc \u0111\u1ecba ph\u01b0\u01a1ng \u0111\u1ebfn chu\u1ea9n b\u1ecb b\u1eefa tr\u01b0a t\u1ea1i m\u1ed9t trung t\u00e2m h\u1ed7 [&hellip;]<\/p>\n","protected":false},"author":6,"featured_media":790,"parent":2289,"menu_order":0,"comment_status":"closed","ping_status":"closed","template":"","meta":{"footnotes":""},"yoast_head":"<!-- This site is optimized with the Yoast SEO plugin v22.3 - https:\/\/yoast.com\/wordpress\/plugins\/seo\/ -->\n<title>Insider Community - InterContinental Nha Trang<\/title>\n<meta name=\"robots\" content=\"index, follow, max-snippet:-1, max-image-preview:large, max-video-preview:-1\" \/>\n<link rel=\"canonical\" href=\"https:\/\/nhatrang.intercontinental.com\/vi\/meetings-and-events\/insider-community\/\" \/>\n<meta property=\"og:locale\" content=\"vi_VN\" \/>\n<meta property=\"og:type\" content=\"article\" \/>\n<meta property=\"og:title\" content=\"Insider Community - InterContinental Nha Trang\" \/>\n<meta property=\"og:description\" content=\"Insider Community mang \u0111\u1ebfn cho kh\u00e1ch tham d\u1ef1 c\u01a1 h\u1ed9i g\u00f3p ph\u1ea7n t\u1ea1o n\u00ean nh\u1eefng t\u00e1c \u0111\u1ed9ng t\u00edch c\u1ef1c cho c\u1ed9ng \u0111\u1ed3ng \u0111\u1ecba ph\u01b0\u01a1ng n\u01a1i h\u1ecd \u0111ang gh\u00e9 th\u0103m. Ho\u1ea1t \u0111\u1ed9ng c\u00f3 th\u1ec3 \u0111a d\u1ea1ng, t\u1eeb v\u1ebd tranh t\u01b0\u1eddng t\u1ea1i m\u1ed9t tr\u01b0\u1eddng h\u1ecdc \u0111\u1ecba ph\u01b0\u01a1ng \u0111\u1ebfn chu\u1ea9n b\u1ecb b\u1eefa tr\u01b0a t\u1ea1i m\u1ed9t trung t\u00e2m h\u1ed7 [&hellip;]\" \/>\n<meta property=\"og:url\" content=\"https:\/\/nhatrang.intercontinental.com\/vi\/meetings-and-events\/insider-community\/\" \/>\n<meta property=\"og:site_name\" content=\"InterContinental Nha Trang\" \/>\n<meta property=\"article:modified_time\" content=\"2025-09-04T02:56:06+00:00\" \/>\n<meta property=\"og:image\" content=\"https:\/\/nhatrang.intercontinental.com\/wp-content\/uploads\/sites\/100\/2025\/05\/Insider-Community.jpg\" \/>\n\t<meta property=\"og:image:width\" content=\"2200\" \/>\n\t<meta property=\"og:image:height\" content=\"1200\" \/>\n\t<meta property=\"og:image:type\" content=\"image\/jpeg\" \/>\n<meta name=\"twitter:card\" content=\"summary_large_image\" \/>\n<meta name=\"twitter:label1\" content=\"Est. reading time\" \/>\n\t<meta name=\"twitter:data1\" content=\"1 minute\" \/>\n<script type=\"application\/ld+json\" class=\"yoast-schema-graph\">{\"@context\":\"https:\/\/schema.org\",\"@graph\":[{\"@type\":\"WebPage\",\"@id\":\"https:\/\/nhatrang.intercontinental.com\/vi\/meetings-and-events\/insider-community\/\",\"url\":\"https:\/\/nhatrang.intercontinental.com\/vi\/meetings-and-events\/insider-community\/\",\"name\":\"Insider Community - InterContinental Nha Trang\",\"isPartOf\":{\"@id\":\"https:\/\/nhatrang.intercontinental.com\/vi\/#website\"},\"primaryImageOfPage\":{\"@id\":\"https:\/\/nhatrang.intercontinental.com\/vi\/meetings-and-events\/insider-community\/#primaryimage\"},\"image\":{\"@id\":\"https:\/\/nhatrang.intercontinental.com\/vi\/meetings-and-events\/insider-community\/#primaryimage\"},\"thumbnailUrl\":\"https:\/\/nhatrang.intercontinental.com\/wp-content\/uploads\/sites\/100\/2025\/05\/Insider-Community.jpg\",\"datePublished\":\"2025-05-08T05:46:55+00:00\",\"dateModified\":\"2025-09-04T02:56:06+00:00\",\"breadcrumb\":{\"@id\":\"https:\/\/nhatrang.intercontinental.com\/vi\/meetings-and-events\/insider-community\/#breadcrumb\"},\"inLanguage\":\"vi-VN\",\"potentialAction\":[{\"@type\":\"ReadAction\",\"target\":[\"https:\/\/nhatrang.intercontinental.com\/vi\/meetings-and-events\/insider-community\/\"]}]},{\"@type\":\"ImageObject\",\"inLanguage\":\"vi-VN\",\"@id\":\"https:\/\/nhatrang.intercontinental.com\/vi\/meetings-and-events\/insider-community\/#primaryimage\",\"url\":\"https:\/\/nhatrang.intercontinental.com\/wp-content\/uploads\/sites\/100\/2025\/05\/Insider-Community.jpg\",\"contentUrl\":\"https:\/\/nhatrang.intercontinental.com\/wp-content\/uploads\/sites\/100\/2025\/05\/Insider-Community.jpg\",\"width\":2200,\"height\":1200},{\"@type\":\"BreadcrumbList\",\"@id\":\"https:\/\/nhatrang.intercontinental.com\/vi\/meetings-and-events\/insider-community\/#breadcrumb\",\"itemListElement\":[{\"@type\":\"ListItem\",\"position\":1,\"name\":\"Home\",\"item\":\"https:\/\/nhatrang.intercontinental.com\/vi\/\"},{\"@type\":\"ListItem\",\"position\":2,\"name\":\"H\u1ed9i Ngh\u1ecb &amp; S\u1ef1 Ki\u1ec7n\",\"item\":\"https:\/\/nhatrang.intercontinental.com\/vi\/meetings-and-events\/\"},{\"@type\":\"ListItem\",\"position\":3,\"name\":\"Insider Community\"}]},{\"@type\":\"WebSite\",\"@id\":\"https:\/\/nhatrang.intercontinental.com\/vi\/#website\",\"url\":\"https:\/\/nhatrang.intercontinental.com\/vi\/\",\"name\":\"InterContinental Nha Trang\",\"description\":\"\",\"potentialAction\":[{\"@type\":\"SearchAction\",\"target\":{\"@type\":\"EntryPoint\",\"urlTemplate\":\"https:\/\/nhatrang.intercontinental.com\/vi\/?s={search_term_string}\"},\"query-input\":\"required name=search_term_string\"}],\"inLanguage\":\"vi-VN\"}]}<\/script>\n<!-- \/ Yoast SEO plugin. -->","yoast_head_json":{"title":"Insider Community - InterContinental Nha Trang","robots":{"index":"index","follow":"follow","max-snippet":"max-snippet:-1","max-image-preview":"max-image-preview:large","max-video-preview":"max-video-preview:-1"},"canonical":"https:\/\/nhatrang.intercontinental.com\/vi\/meetings-and-events\/insider-community\/","og_locale":"vi_VN","og_type":"article","og_title":"Insider Community - InterContinental Nha Trang","og_description":"Insider Community mang \u0111\u1ebfn cho kh\u00e1ch tham d\u1ef1 c\u01a1 h\u1ed9i g\u00f3p ph\u1ea7n t\u1ea1o n\u00ean nh\u1eefng t\u00e1c \u0111\u1ed9ng t\u00edch c\u1ef1c cho c\u1ed9ng \u0111\u1ed3ng \u0111\u1ecba ph\u01b0\u01a1ng n\u01a1i h\u1ecd \u0111ang gh\u00e9 th\u0103m. Ho\u1ea1t \u0111\u1ed9ng c\u00f3 th\u1ec3 \u0111a d\u1ea1ng, t\u1eeb v\u1ebd tranh t\u01b0\u1eddng t\u1ea1i m\u1ed9t tr\u01b0\u1eddng h\u1ecdc \u0111\u1ecba ph\u01b0\u01a1ng \u0111\u1ebfn chu\u1ea9n b\u1ecb b\u1eefa tr\u01b0a t\u1ea1i m\u1ed9t trung t\u00e2m h\u1ed7 [&hellip;]","og_url":"https:\/\/nhatrang.intercontinental.com\/vi\/meetings-and-events\/insider-community\/","og_site_name":"InterContinental Nha Trang","article_modified_time":"2025-09-04T02:56:06+00:00","og_image":[{"width":2200,"height":1200,"url":"https:\/\/nhatrang.intercontinental.com\/wp-content\/uploads\/sites\/100\/2025\/05\/Insider-Community.jpg","type":"image\/jpeg"}],"twitter_card":"summary_large_image","twitter_misc":{"Est. reading time":"1 minute"},"schema":{"@context":"https:\/\/schema.org","@graph":[{"@type":"WebPage","@id":"https:\/\/nhatrang.intercontinental.com\/vi\/meetings-and-events\/insider-community\/","url":"https:\/\/nhatrang.intercontinental.com\/vi\/meetings-and-events\/insider-community\/","name":"Insider Community - InterContinental Nha Trang","isPartOf":{"@id":"https:\/\/nhatrang.intercontinental.com\/vi\/#website"},"primaryImageOfPage":{"@id":"https:\/\/nhatrang.intercontinental.com\/vi\/meetings-and-events\/insider-community\/#primaryimage"},"image":{"@id":"https:\/\/nhatrang.intercontinental.com\/vi\/meetings-and-events\/insider-community\/#primaryimage"},"thumbnailUrl":"https:\/\/nhatrang.intercontinental.com\/wp-content\/uploads\/sites\/100\/2025\/05\/Insider-Community.jpg","datePublished":"2025-05-08T05:46:55+00:00","dateModified":"2025-09-04T02:56:06+00:00","breadcrumb":{"@id":"https:\/\/nhatrang.intercontinental.com\/vi\/meetings-and-events\/insider-community\/#breadcrumb"},"inLanguage":"vi-VN","potentialAction":[{"@type":"ReadAction","target":["https:\/\/nhatrang.intercontinental.com\/vi\/meetings-and-events\/insider-community\/"]}]},{"@type":"ImageObject","inLanguage":"vi-VN","@id":"https:\/\/nhatrang.intercontinental.com\/vi\/meetings-and-events\/insider-community\/#primaryimage","url":"https:\/\/nhatrang.intercontinental.com\/wp-content\/uploads\/sites\/100\/2025\/05\/Insider-Community.jpg","contentUrl":"https:\/\/nhatrang.intercontinental.com\/wp-content\/uploads\/sites\/100\/2025\/05\/Insider-Community.jpg","width":2200,"height":1200},{"@type":"BreadcrumbList","@id":"https:\/\/nhatrang.intercontinental.com\/vi\/meetings-and-events\/insider-community\/#breadcrumb","itemListElement":[{"@type":"ListItem","position":1,"name":"Home","item":"https:\/\/nhatrang.intercontinental.com\/vi\/"},{"@type":"ListItem","position":2,"name":"H\u1ed9i Ngh\u1ecb &amp; S\u1ef1 Ki\u1ec7n","item":"https:\/\/nhatrang.intercontinental.com\/vi\/meetings-and-events\/"},{"@type":"ListItem","position":3,"name":"Insider Community"}]},{"@type":"WebSite","@id":"https:\/\/nhatrang.intercontinental.com\/vi\/#website","url":"https:\/\/nhatrang.intercontinental.com\/vi\/","name":"InterContinental Nha Trang","description":"","potentialAction":[{"@type":"SearchAction","target":{"@type":"EntryPoint","urlTemplate":"https:\/\/nhatrang.intercontinental.com\/vi\/?s={search_term_string}"},"query-input":"required name=search_term_string"}],"inLanguage":"vi-VN"}]}},"acf":[],"_links":{"self":[{"href":"https:\/\/nhatrang.intercontinental.com\/vi\/wp-json\/wp\/v2\/pages\/2293"}],"collection":[{"href":"https:\/\/nhatrang.intercontinental.com\/vi\/wp-json\/wp\/v2\/pages"}],"about":[{"href":"https:\/\/nhatrang.intercontinental.com\/vi\/wp-json\/wp\/v2\/types\/page"}],"author":[{"embeddable":true,"href":"https:\/\/nhatrang.intercontinental.com\/vi\/wp-json\/wp\/v2\/users\/6"}],"replies":[{"embeddable":true,"href":"https:\/\/nhatrang.intercontinental.com\/vi\/wp-json\/wp\/v2\/comments?post=2293"}],"version-history":[{"count":0,"href":"https:\/\/nhatrang.intercontinental.com\/vi\/wp-json\/wp\/v2\/pages\/2293\/revisions"}],"up":[{"embeddable":true,"href":"https:\/\/nhatrang.intercontinental.com\/vi\/wp-json\/wp\/v2\/pages\/2289"}],"wp:featuredmedia":[{"embeddable":true,"href":"https:\/\/nhatrang.intercontinental.com\/vi\/wp-json\/wp\/v2\/media\/790"}],"wp:attachment":[{"href":"https:\/\/nhatrang.intercontinental.com\/vi\/wp-json\/wp\/v2\/media?parent=2293"}],"curies":[{"name":"wp","href":"https:\/\/api.w.org\/{rel}","templated":true}]}}