{"id":2294,"date":"2025-05-08T05:48:06","date_gmt":"2025-05-08T05:48:06","guid":{"rendered":"https:\/\/nhatrang.intercontinental.com\/elegant-event-venues-meeting-spaces-in-nha-trang-intercontinental\/insider-interations\/"},"modified":"2025-09-04T02:56:16","modified_gmt":"2025-09-04T02:56:16","slug":"insider-interations","status":"publish","type":"page","link":"https:\/\/nhatrang.intercontinental.com\/vi\/meetings-and-events\/insider-interations\/","title":{"rendered":"T\u01b0\u01a1ng t\u00e1c n\u1ed9i b\u1ed9"},"content":{"rendered":"<p>Ch\u00fang t\u00f4i cung c\u1ea5p nhi\u1ec1u ho\u1ea1t \u0111\u1ed9ng x\u00e2y d\u1ef1ng tinh th\u1ea7n \u0111\u1ed3ng \u0111\u1ed9i (team-building) \u0111a d\u1ea1ng, c\u00f3 th\u1ec3 t\u1ed5 ch\u1ee9c ngay t\u1ea1i kh\u00e1ch s\u1ea1n ho\u1eb7c t\u1ea1i c\u00e1c \u0111\u1ecba \u0111i\u1ec3m \u0111\u1ecba ph\u01b0\u01a1ng l\u00e2n c\u1eadn.<\/p>\n<p>\u0110\u00e2y l\u00e0 m\u1ed9t c\u00e1ch \u0111\u1ed9c \u0111\u00e1o \u0111\u1ec3 g\u1eafn k\u1ebft v\u00e0 truy\u1ec1n c\u1ea3m h\u1ee9ng cho kh\u00e1ch tham d\u1ef1, \u0111\u1ed3ng th\u1eddi t\u1ea1o c\u01a1 h\u1ed9i \u0111\u1ec3 h\u1ecd t\u01b0\u01a1ng t\u00e1c v\u00e0 kh\u00e1m ph\u00e1 \u0111i\u1ec3m \u0111\u1ebfn m\u1ed9t c\u00e1ch \u0111\u1ea7y th\u00fa v\u1ecb.<\/p>\n","protected":false},"excerpt":{"rendered":"<p>Ch\u00fang t\u00f4i cung c\u1ea5p nhi\u1ec1u ho\u1ea1t \u0111\u1ed9ng x\u00e2y d\u1ef1ng tinh th\u1ea7n \u0111\u1ed3ng \u0111\u1ed9i (team-building) \u0111a d\u1ea1ng, c\u00f3 th\u1ec3 t\u1ed5 ch\u1ee9c ngay t\u1ea1i kh\u00e1ch s\u1ea1n ho\u1eb7c t\u1ea1i c\u00e1c \u0111\u1ecba \u0111i\u1ec3m \u0111\u1ecba ph\u01b0\u01a1ng l\u00e2n c\u1eadn. \u0110\u00e2y l\u00e0 m\u1ed9t c\u00e1ch \u0111\u1ed9c \u0111\u00e1o \u0111\u1ec3 g\u1eafn k\u1ebft v\u00e0 truy\u1ec1n c\u1ea3m h\u1ee9ng cho kh\u00e1ch tham d\u1ef1, \u0111\u1ed3ng th\u1eddi t\u1ea1o c\u01a1 h\u1ed9i [&hellip;]<\/p>\n","protected":false},"author":6,"featured_media":795,"parent":2289,"menu_order":0,"comment_status":"closed","ping_status":"closed","template":"","meta":{"footnotes":""},"yoast_head":"<!-- This site is optimized with the Yoast SEO plugin v22.3 - https:\/\/yoast.com\/wordpress\/plugins\/seo\/ -->\n<title>T\u01b0\u01a1ng t\u00e1c n\u1ed9i b\u1ed9 - InterContinental Nha Trang<\/title>\n<meta name=\"robots\" content=\"index, follow, max-snippet:-1, max-image-preview:large, max-video-preview:-1\" \/>\n<link rel=\"canonical\" href=\"https:\/\/nhatrang.intercontinental.com\/vi\/meetings-and-events\/insider-interations\/\" \/>\n<meta property=\"og:locale\" content=\"vi_VN\" \/>\n<meta property=\"og:type\" content=\"article\" \/>\n<meta property=\"og:title\" content=\"T\u01b0\u01a1ng t\u00e1c n\u1ed9i b\u1ed9 - InterContinental Nha Trang\" \/>\n<meta property=\"og:description\" content=\"Ch\u00fang t\u00f4i cung c\u1ea5p nhi\u1ec1u ho\u1ea1t \u0111\u1ed9ng x\u00e2y d\u1ef1ng tinh th\u1ea7n \u0111\u1ed3ng \u0111\u1ed9i (team-building) \u0111a d\u1ea1ng, c\u00f3 th\u1ec3 t\u1ed5 ch\u1ee9c ngay t\u1ea1i kh\u00e1ch s\u1ea1n ho\u1eb7c t\u1ea1i c\u00e1c \u0111\u1ecba \u0111i\u1ec3m \u0111\u1ecba ph\u01b0\u01a1ng l\u00e2n c\u1eadn. \u0110\u00e2y l\u00e0 m\u1ed9t c\u00e1ch \u0111\u1ed9c \u0111\u00e1o \u0111\u1ec3 g\u1eafn k\u1ebft v\u00e0 truy\u1ec1n c\u1ea3m h\u1ee9ng cho kh\u00e1ch tham d\u1ef1, \u0111\u1ed3ng th\u1eddi t\u1ea1o c\u01a1 h\u1ed9i [&hellip;]\" \/>\n<meta property=\"og:url\" content=\"https:\/\/nhatrang.intercontinental.com\/vi\/meetings-and-events\/insider-interations\/\" \/>\n<meta property=\"og:site_name\" content=\"InterContinental Nha Trang\" \/>\n<meta property=\"article:modified_time\" content=\"2025-09-04T02:56:16+00:00\" \/>\n<meta property=\"og:image\" content=\"https:\/\/nhatrang.intercontinental.com\/wp-content\/uploads\/sites\/100\/2025\/05\/Insider-Interations.jpg\" \/>\n\t<meta property=\"og:image:width\" content=\"2200\" \/>\n\t<meta property=\"og:image:height\" content=\"1200\" \/>\n\t<meta property=\"og:image:type\" content=\"image\/jpeg\" \/>\n<meta name=\"twitter:card\" content=\"summary_large_image\" \/>\n<meta name=\"twitter:label1\" content=\"Est. reading time\" \/>\n\t<meta name=\"twitter:data1\" content=\"1 minute\" \/>\n<script type=\"application\/ld+json\" class=\"yoast-schema-graph\">{\"@context\":\"https:\/\/schema.org\",\"@graph\":[{\"@type\":\"WebPage\",\"@id\":\"https:\/\/nhatrang.intercontinental.com\/vi\/meetings-and-events\/insider-interations\/\",\"url\":\"https:\/\/nhatrang.intercontinental.com\/vi\/meetings-and-events\/insider-interations\/\",\"name\":\"T\u01b0\u01a1ng t\u00e1c n\u1ed9i b\u1ed9 - InterContinental Nha Trang\",\"isPartOf\":{\"@id\":\"https:\/\/nhatrang.intercontinental.com\/vi\/#website\"},\"primaryImageOfPage\":{\"@id\":\"https:\/\/nhatrang.intercontinental.com\/vi\/meetings-and-events\/insider-interations\/#primaryimage\"},\"image\":{\"@id\":\"https:\/\/nhatrang.intercontinental.com\/vi\/meetings-and-events\/insider-interations\/#primaryimage\"},\"thumbnailUrl\":\"https:\/\/nhatrang.intercontinental.com\/wp-content\/uploads\/sites\/100\/2025\/05\/Insider-Interations.jpg\",\"datePublished\":\"2025-05-08T05:48:06+00:00\",\"dateModified\":\"2025-09-04T02:56:16+00:00\",\"breadcrumb\":{\"@id\":\"https:\/\/nhatrang.intercontinental.com\/vi\/meetings-and-events\/insider-interations\/#breadcrumb\"},\"inLanguage\":\"vi-VN\",\"potentialAction\":[{\"@type\":\"ReadAction\",\"target\":[\"https:\/\/nhatrang.intercontinental.com\/vi\/meetings-and-events\/insider-interations\/\"]}]},{\"@type\":\"ImageObject\",\"inLanguage\":\"vi-VN\",\"@id\":\"https:\/\/nhatrang.intercontinental.com\/vi\/meetings-and-events\/insider-interations\/#primaryimage\",\"url\":\"https:\/\/nhatrang.intercontinental.com\/wp-content\/uploads\/sites\/100\/2025\/05\/Insider-Interations.jpg\",\"contentUrl\":\"https:\/\/nhatrang.intercontinental.com\/wp-content\/uploads\/sites\/100\/2025\/05\/Insider-Interations.jpg\",\"width\":2200,\"height\":1200},{\"@type\":\"BreadcrumbList\",\"@id\":\"https:\/\/nhatrang.intercontinental.com\/vi\/meetings-and-events\/insider-interations\/#breadcrumb\",\"itemListElement\":[{\"@type\":\"ListItem\",\"position\":1,\"name\":\"Home\",\"item\":\"https:\/\/nhatrang.intercontinental.com\/vi\/\"},{\"@type\":\"ListItem\",\"position\":2,\"name\":\"H\u1ed9i Ngh\u1ecb &amp; S\u1ef1 Ki\u1ec7n\",\"item\":\"https:\/\/nhatrang.intercontinental.com\/vi\/meetings-and-events\/\"},{\"@type\":\"ListItem\",\"position\":3,\"name\":\"T\u01b0\u01a1ng t\u00e1c n\u1ed9i b\u1ed9\"}]},{\"@type\":\"WebSite\",\"@id\":\"https:\/\/nhatrang.intercontinental.com\/vi\/#website\",\"url\":\"https:\/\/nhatrang.intercontinental.com\/vi\/\",\"name\":\"InterContinental Nha Trang\",\"description\":\"\",\"potentialAction\":[{\"@type\":\"SearchAction\",\"target\":{\"@type\":\"EntryPoint\",\"urlTemplate\":\"https:\/\/nhatrang.intercontinental.com\/vi\/?s={search_term_string}\"},\"query-input\":\"required name=search_term_string\"}],\"inLanguage\":\"vi-VN\"}]}<\/script>\n<!-- \/ Yoast SEO plugin. -->","yoast_head_json":{"title":"T\u01b0\u01a1ng t\u00e1c n\u1ed9i b\u1ed9 - InterContinental Nha Trang","robots":{"index":"index","follow":"follow","max-snippet":"max-snippet:-1","max-image-preview":"max-image-preview:large","max-video-preview":"max-video-preview:-1"},"canonical":"https:\/\/nhatrang.intercontinental.com\/vi\/meetings-and-events\/insider-interations\/","og_locale":"vi_VN","og_type":"article","og_title":"T\u01b0\u01a1ng t\u00e1c n\u1ed9i b\u1ed9 - InterContinental Nha Trang","og_description":"Ch\u00fang t\u00f4i cung c\u1ea5p nhi\u1ec1u ho\u1ea1t \u0111\u1ed9ng x\u00e2y d\u1ef1ng tinh th\u1ea7n \u0111\u1ed3ng \u0111\u1ed9i (team-building) \u0111a d\u1ea1ng, c\u00f3 th\u1ec3 t\u1ed5 ch\u1ee9c ngay t\u1ea1i kh\u00e1ch s\u1ea1n ho\u1eb7c t\u1ea1i c\u00e1c \u0111\u1ecba \u0111i\u1ec3m \u0111\u1ecba ph\u01b0\u01a1ng l\u00e2n c\u1eadn. \u0110\u00e2y l\u00e0 m\u1ed9t c\u00e1ch \u0111\u1ed9c \u0111\u00e1o \u0111\u1ec3 g\u1eafn k\u1ebft v\u00e0 truy\u1ec1n c\u1ea3m h\u1ee9ng cho kh\u00e1ch tham d\u1ef1, \u0111\u1ed3ng th\u1eddi t\u1ea1o c\u01a1 h\u1ed9i [&hellip;]","og_url":"https:\/\/nhatrang.intercontinental.com\/vi\/meetings-and-events\/insider-interations\/","og_site_name":"InterContinental Nha Trang","article_modified_time":"2025-09-04T02:56:16+00:00","og_image":[{"width":2200,"height":1200,"url":"https:\/\/nhatrang.intercontinental.com\/wp-content\/uploads\/sites\/100\/2025\/05\/Insider-Interations.jpg","type":"image\/jpeg"}],"twitter_card":"summary_large_image","twitter_misc":{"Est. reading time":"1 minute"},"schema":{"@context":"https:\/\/schema.org","@graph":[{"@type":"WebPage","@id":"https:\/\/nhatrang.intercontinental.com\/vi\/meetings-and-events\/insider-interations\/","url":"https:\/\/nhatrang.intercontinental.com\/vi\/meetings-and-events\/insider-interations\/","name":"T\u01b0\u01a1ng t\u00e1c n\u1ed9i b\u1ed9 - InterContinental Nha Trang","isPartOf":{"@id":"https:\/\/nhatrang.intercontinental.com\/vi\/#website"},"primaryImageOfPage":{"@id":"https:\/\/nhatrang.intercontinental.com\/vi\/meetings-and-events\/insider-interations\/#primaryimage"},"image":{"@id":"https:\/\/nhatrang.intercontinental.com\/vi\/meetings-and-events\/insider-interations\/#primaryimage"},"thumbnailUrl":"https:\/\/nhatrang.intercontinental.com\/wp-content\/uploads\/sites\/100\/2025\/05\/Insider-Interations.jpg","datePublished":"2025-05-08T05:48:06+00:00","dateModified":"2025-09-04T02:56:16+00:00","breadcrumb":{"@id":"https:\/\/nhatrang.intercontinental.com\/vi\/meetings-and-events\/insider-interations\/#breadcrumb"},"inLanguage":"vi-VN","potentialAction":[{"@type":"ReadAction","target":["https:\/\/nhatrang.intercontinental.com\/vi\/meetings-and-events\/insider-interations\/"]}]},{"@type":"ImageObject","inLanguage":"vi-VN","@id":"https:\/\/nhatrang.intercontinental.com\/vi\/meetings-and-events\/insider-interations\/#primaryimage","url":"https:\/\/nhatrang.intercontinental.com\/wp-content\/uploads\/sites\/100\/2025\/05\/Insider-Interations.jpg","contentUrl":"https:\/\/nhatrang.intercontinental.com\/wp-content\/uploads\/sites\/100\/2025\/05\/Insider-Interations.jpg","width":2200,"height":1200},{"@type":"BreadcrumbList","@id":"https:\/\/nhatrang.intercontinental.com\/vi\/meetings-and-events\/insider-interations\/#breadcrumb","itemListElement":[{"@type":"ListItem","position":1,"name":"Home","item":"https:\/\/nhatrang.intercontinental.com\/vi\/"},{"@type":"ListItem","position":2,"name":"H\u1ed9i Ngh\u1ecb &amp; S\u1ef1 Ki\u1ec7n","item":"https:\/\/nhatrang.intercontinental.com\/vi\/meetings-and-events\/"},{"@type":"ListItem","position":3,"name":"T\u01b0\u01a1ng t\u00e1c n\u1ed9i b\u1ed9"}]},{"@type":"WebSite","@id":"https:\/\/nhatrang.intercontinental.com\/vi\/#website","url":"https:\/\/nhatrang.intercontinental.com\/vi\/","name":"InterContinental Nha Trang","description":"","potentialAction":[{"@type":"SearchAction","target":{"@type":"EntryPoint","urlTemplate":"https:\/\/nhatrang.intercontinental.com\/vi\/?s={search_term_string}"},"query-input":"required name=search_term_string"}],"inLanguage":"vi-VN"}]}},"acf":[],"_links":{"self":[{"href":"https:\/\/nhatrang.intercontinental.com\/vi\/wp-json\/wp\/v2\/pages\/2294"}],"collection":[{"href":"https:\/\/nhatrang.intercontinental.com\/vi\/wp-json\/wp\/v2\/pages"}],"about":[{"href":"https:\/\/nhatrang.intercontinental.com\/vi\/wp-json\/wp\/v2\/types\/page"}],"author":[{"embeddable":true,"href":"https:\/\/nhatrang.intercontinental.com\/vi\/wp-json\/wp\/v2\/users\/6"}],"replies":[{"embeddable":true,"href":"https:\/\/nhatrang.intercontinental.com\/vi\/wp-json\/wp\/v2\/comments?post=2294"}],"version-history":[{"count":0,"href":"https:\/\/nhatrang.intercontinental.com\/vi\/wp-json\/wp\/v2\/pages\/2294\/revisions"}],"up":[{"embeddable":true,"href":"https:\/\/nhatrang.intercontinental.com\/vi\/wp-json\/wp\/v2\/pages\/2289"}],"wp:featuredmedia":[{"embeddable":true,"href":"https:\/\/nhatrang.intercontinental.com\/vi\/wp-json\/wp\/v2\/media\/795"}],"wp:attachment":[{"href":"https:\/\/nhatrang.intercontinental.com\/vi\/wp-json\/wp\/v2\/media?parent=2294"}],"curies":[{"name":"wp","href":"https:\/\/api.w.org\/{rel}","templated":true}]}}