{"id":2295,"date":"2025-05-08T05:49:02","date_gmt":"2025-05-08T05:49:02","guid":{"rendered":"https:\/\/nhatrang.intercontinental.com\/elegant-event-venues-meeting-spaces-in-nha-trang-intercontinental\/insider-breaks\/"},"modified":"2025-09-04T02:55:47","modified_gmt":"2025-09-04T02:55:47","slug":"insider-breaks","status":"publish","type":"page","link":"https:\/\/nhatrang.intercontinental.com\/vi\/meetings-and-events\/insider-breaks\/","title":{"rendered":"Insider Breaks"},"content":{"rendered":"<p>V\u1edbi Insider Breaks, ch\u1ec9 v\u00e0i ph\u00fat ngh\u1ec9 gi\u1eefa m\u1ed9t ng\u00e0y l\u00e0m vi\u1ec7c b\u1eadn r\u1ed9n c\u0169ng c\u00f3 th\u1ec3 tr\u1edf th\u00e0nh m\u1ed9t tr\u1ea3i nghi\u1ec7m \u0111\u1ea7y th\u00fa v\u1ecb.<\/p>\n<p>\u0110\u00f3 c\u00f3 th\u1ec3 l\u00e0 m\u1ed9t bu\u1ed5i tr\u00f2 chuy\u1ec7n ng\u1eafn v\u1edbi nh\u00e2n vi\u00ean concierge v\u1ec1 nh\u1eefng \u0111i\u1ec3m tham quan \u0111\u1ecba ph\u01b0\u01a1ng, ho\u1eb7c m\u1ed9t qu\u1ea7y n\u1ea5u \u0103n tr\u1ef1c ti\u1ebfp do \u0111\u1ea7u b\u1ebfp th\u1ef1c hi\u1ec7n, gi\u1edbi thi\u1ec7u nh\u1eefng c\u00f4ng th\u1ee9c m\u00f3n \u0103n \u0111\u1eb7c tr\u01b0ng c\u1ee7a v\u00f9ng mi\u1ec1n.<\/p>\n","protected":false},"excerpt":{"rendered":"<p>V\u1edbi Insider Breaks, ch\u1ec9 v\u00e0i ph\u00fat ngh\u1ec9 gi\u1eefa m\u1ed9t ng\u00e0y l\u00e0m vi\u1ec7c b\u1eadn r\u1ed9n c\u0169ng c\u00f3 th\u1ec3 tr\u1edf th\u00e0nh m\u1ed9t tr\u1ea3i nghi\u1ec7m \u0111\u1ea7y th\u00fa v\u1ecb. \u0110\u00f3 c\u00f3 th\u1ec3 l\u00e0 m\u1ed9t bu\u1ed5i tr\u00f2 chuy\u1ec7n ng\u1eafn v\u1edbi nh\u00e2n vi\u00ean concierge v\u1ec1 nh\u1eefng \u0111i\u1ec3m tham quan \u0111\u1ecba ph\u01b0\u01a1ng, ho\u1eb7c m\u1ed9t qu\u1ea7y n\u1ea5u \u0103n tr\u1ef1c ti\u1ebfp do \u0111\u1ea7u b\u1ebfp [&hellip;]<\/p>\n","protected":false},"author":6,"featured_media":800,"parent":2289,"menu_order":10,"comment_status":"closed","ping_status":"closed","template":"","meta":{"footnotes":""},"yoast_head":"<!-- This site is optimized with the Yoast SEO plugin v22.3 - https:\/\/yoast.com\/wordpress\/plugins\/seo\/ -->\n<title>Insider Breaks - InterContinental Nha Trang<\/title>\n<meta name=\"robots\" content=\"index, follow, max-snippet:-1, max-image-preview:large, max-video-preview:-1\" \/>\n<link rel=\"canonical\" href=\"https:\/\/nhatrang.intercontinental.com\/vi\/meetings-and-events\/insider-breaks\/\" \/>\n<meta property=\"og:locale\" content=\"vi_VN\" \/>\n<meta property=\"og:type\" content=\"article\" \/>\n<meta property=\"og:title\" content=\"Insider Breaks - InterContinental Nha Trang\" \/>\n<meta property=\"og:description\" content=\"V\u1edbi Insider Breaks, ch\u1ec9 v\u00e0i ph\u00fat ngh\u1ec9 gi\u1eefa m\u1ed9t ng\u00e0y l\u00e0m vi\u1ec7c b\u1eadn r\u1ed9n c\u0169ng c\u00f3 th\u1ec3 tr\u1edf th\u00e0nh m\u1ed9t tr\u1ea3i nghi\u1ec7m \u0111\u1ea7y th\u00fa v\u1ecb. \u0110\u00f3 c\u00f3 th\u1ec3 l\u00e0 m\u1ed9t bu\u1ed5i tr\u00f2 chuy\u1ec7n ng\u1eafn v\u1edbi nh\u00e2n vi\u00ean concierge v\u1ec1 nh\u1eefng \u0111i\u1ec3m tham quan \u0111\u1ecba ph\u01b0\u01a1ng, ho\u1eb7c m\u1ed9t qu\u1ea7y n\u1ea5u \u0103n tr\u1ef1c ti\u1ebfp do \u0111\u1ea7u b\u1ebfp [&hellip;]\" \/>\n<meta property=\"og:url\" content=\"https:\/\/nhatrang.intercontinental.com\/vi\/meetings-and-events\/insider-breaks\/\" \/>\n<meta property=\"og:site_name\" content=\"InterContinental Nha Trang\" \/>\n<meta property=\"article:modified_time\" content=\"2025-09-04T02:55:47+00:00\" \/>\n<meta property=\"og:image\" content=\"https:\/\/nhatrang.intercontinental.com\/wp-content\/uploads\/sites\/100\/2025\/05\/Insider-Breaks.jpg\" \/>\n\t<meta property=\"og:image:width\" content=\"2200\" \/>\n\t<meta property=\"og:image:height\" content=\"1200\" \/>\n\t<meta property=\"og:image:type\" content=\"image\/jpeg\" \/>\n<meta name=\"twitter:card\" content=\"summary_large_image\" \/>\n<meta name=\"twitter:label1\" content=\"Est. reading time\" \/>\n\t<meta name=\"twitter:data1\" content=\"1 minute\" \/>\n<script type=\"application\/ld+json\" class=\"yoast-schema-graph\">{\"@context\":\"https:\/\/schema.org\",\"@graph\":[{\"@type\":\"WebPage\",\"@id\":\"https:\/\/nhatrang.intercontinental.com\/vi\/meetings-and-events\/insider-breaks\/\",\"url\":\"https:\/\/nhatrang.intercontinental.com\/vi\/meetings-and-events\/insider-breaks\/\",\"name\":\"Insider Breaks - InterContinental Nha Trang\",\"isPartOf\":{\"@id\":\"https:\/\/nhatrang.intercontinental.com\/vi\/#website\"},\"primaryImageOfPage\":{\"@id\":\"https:\/\/nhatrang.intercontinental.com\/vi\/meetings-and-events\/insider-breaks\/#primaryimage\"},\"image\":{\"@id\":\"https:\/\/nhatrang.intercontinental.com\/vi\/meetings-and-events\/insider-breaks\/#primaryimage\"},\"thumbnailUrl\":\"https:\/\/nhatrang.intercontinental.com\/wp-content\/uploads\/sites\/100\/2025\/05\/Insider-Breaks.jpg\",\"datePublished\":\"2025-05-08T05:49:02+00:00\",\"dateModified\":\"2025-09-04T02:55:47+00:00\",\"breadcrumb\":{\"@id\":\"https:\/\/nhatrang.intercontinental.com\/vi\/meetings-and-events\/insider-breaks\/#breadcrumb\"},\"inLanguage\":\"vi-VN\",\"potentialAction\":[{\"@type\":\"ReadAction\",\"target\":[\"https:\/\/nhatrang.intercontinental.com\/vi\/meetings-and-events\/insider-breaks\/\"]}]},{\"@type\":\"ImageObject\",\"inLanguage\":\"vi-VN\",\"@id\":\"https:\/\/nhatrang.intercontinental.com\/vi\/meetings-and-events\/insider-breaks\/#primaryimage\",\"url\":\"https:\/\/nhatrang.intercontinental.com\/wp-content\/uploads\/sites\/100\/2025\/05\/Insider-Breaks.jpg\",\"contentUrl\":\"https:\/\/nhatrang.intercontinental.com\/wp-content\/uploads\/sites\/100\/2025\/05\/Insider-Breaks.jpg\",\"width\":2200,\"height\":1200},{\"@type\":\"BreadcrumbList\",\"@id\":\"https:\/\/nhatrang.intercontinental.com\/vi\/meetings-and-events\/insider-breaks\/#breadcrumb\",\"itemListElement\":[{\"@type\":\"ListItem\",\"position\":1,\"name\":\"Home\",\"item\":\"https:\/\/nhatrang.intercontinental.com\/vi\/\"},{\"@type\":\"ListItem\",\"position\":2,\"name\":\"H\u1ed9i Ngh\u1ecb &amp; S\u1ef1 Ki\u1ec7n\",\"item\":\"https:\/\/nhatrang.intercontinental.com\/vi\/meetings-and-events\/\"},{\"@type\":\"ListItem\",\"position\":3,\"name\":\"Insider Breaks\"}]},{\"@type\":\"WebSite\",\"@id\":\"https:\/\/nhatrang.intercontinental.com\/vi\/#website\",\"url\":\"https:\/\/nhatrang.intercontinental.com\/vi\/\",\"name\":\"InterContinental Nha Trang\",\"description\":\"\",\"potentialAction\":[{\"@type\":\"SearchAction\",\"target\":{\"@type\":\"EntryPoint\",\"urlTemplate\":\"https:\/\/nhatrang.intercontinental.com\/vi\/?s={search_term_string}\"},\"query-input\":\"required name=search_term_string\"}],\"inLanguage\":\"vi-VN\"}]}<\/script>\n<!-- \/ Yoast SEO plugin. -->","yoast_head_json":{"title":"Insider Breaks - InterContinental Nha Trang","robots":{"index":"index","follow":"follow","max-snippet":"max-snippet:-1","max-image-preview":"max-image-preview:large","max-video-preview":"max-video-preview:-1"},"canonical":"https:\/\/nhatrang.intercontinental.com\/vi\/meetings-and-events\/insider-breaks\/","og_locale":"vi_VN","og_type":"article","og_title":"Insider Breaks - InterContinental Nha Trang","og_description":"V\u1edbi Insider Breaks, ch\u1ec9 v\u00e0i ph\u00fat ngh\u1ec9 gi\u1eefa m\u1ed9t ng\u00e0y l\u00e0m vi\u1ec7c b\u1eadn r\u1ed9n c\u0169ng c\u00f3 th\u1ec3 tr\u1edf th\u00e0nh m\u1ed9t tr\u1ea3i nghi\u1ec7m \u0111\u1ea7y th\u00fa v\u1ecb. \u0110\u00f3 c\u00f3 th\u1ec3 l\u00e0 m\u1ed9t bu\u1ed5i tr\u00f2 chuy\u1ec7n ng\u1eafn v\u1edbi nh\u00e2n vi\u00ean concierge v\u1ec1 nh\u1eefng \u0111i\u1ec3m tham quan \u0111\u1ecba ph\u01b0\u01a1ng, ho\u1eb7c m\u1ed9t qu\u1ea7y n\u1ea5u \u0103n tr\u1ef1c ti\u1ebfp do \u0111\u1ea7u b\u1ebfp [&hellip;]","og_url":"https:\/\/nhatrang.intercontinental.com\/vi\/meetings-and-events\/insider-breaks\/","og_site_name":"InterContinental Nha Trang","article_modified_time":"2025-09-04T02:55:47+00:00","og_image":[{"width":2200,"height":1200,"url":"https:\/\/nhatrang.intercontinental.com\/wp-content\/uploads\/sites\/100\/2025\/05\/Insider-Breaks.jpg","type":"image\/jpeg"}],"twitter_card":"summary_large_image","twitter_misc":{"Est. reading time":"1 minute"},"schema":{"@context":"https:\/\/schema.org","@graph":[{"@type":"WebPage","@id":"https:\/\/nhatrang.intercontinental.com\/vi\/meetings-and-events\/insider-breaks\/","url":"https:\/\/nhatrang.intercontinental.com\/vi\/meetings-and-events\/insider-breaks\/","name":"Insider Breaks - InterContinental Nha Trang","isPartOf":{"@id":"https:\/\/nhatrang.intercontinental.com\/vi\/#website"},"primaryImageOfPage":{"@id":"https:\/\/nhatrang.intercontinental.com\/vi\/meetings-and-events\/insider-breaks\/#primaryimage"},"image":{"@id":"https:\/\/nhatrang.intercontinental.com\/vi\/meetings-and-events\/insider-breaks\/#primaryimage"},"thumbnailUrl":"https:\/\/nhatrang.intercontinental.com\/wp-content\/uploads\/sites\/100\/2025\/05\/Insider-Breaks.jpg","datePublished":"2025-05-08T05:49:02+00:00","dateModified":"2025-09-04T02:55:47+00:00","breadcrumb":{"@id":"https:\/\/nhatrang.intercontinental.com\/vi\/meetings-and-events\/insider-breaks\/#breadcrumb"},"inLanguage":"vi-VN","potentialAction":[{"@type":"ReadAction","target":["https:\/\/nhatrang.intercontinental.com\/vi\/meetings-and-events\/insider-breaks\/"]}]},{"@type":"ImageObject","inLanguage":"vi-VN","@id":"https:\/\/nhatrang.intercontinental.com\/vi\/meetings-and-events\/insider-breaks\/#primaryimage","url":"https:\/\/nhatrang.intercontinental.com\/wp-content\/uploads\/sites\/100\/2025\/05\/Insider-Breaks.jpg","contentUrl":"https:\/\/nhatrang.intercontinental.com\/wp-content\/uploads\/sites\/100\/2025\/05\/Insider-Breaks.jpg","width":2200,"height":1200},{"@type":"BreadcrumbList","@id":"https:\/\/nhatrang.intercontinental.com\/vi\/meetings-and-events\/insider-breaks\/#breadcrumb","itemListElement":[{"@type":"ListItem","position":1,"name":"Home","item":"https:\/\/nhatrang.intercontinental.com\/vi\/"},{"@type":"ListItem","position":2,"name":"H\u1ed9i Ngh\u1ecb &amp; S\u1ef1 Ki\u1ec7n","item":"https:\/\/nhatrang.intercontinental.com\/vi\/meetings-and-events\/"},{"@type":"ListItem","position":3,"name":"Insider Breaks"}]},{"@type":"WebSite","@id":"https:\/\/nhatrang.intercontinental.com\/vi\/#website","url":"https:\/\/nhatrang.intercontinental.com\/vi\/","name":"InterContinental Nha Trang","description":"","potentialAction":[{"@type":"SearchAction","target":{"@type":"EntryPoint","urlTemplate":"https:\/\/nhatrang.intercontinental.com\/vi\/?s={search_term_string}"},"query-input":"required name=search_term_string"}],"inLanguage":"vi-VN"}]}},"acf":[],"_links":{"self":[{"href":"https:\/\/nhatrang.intercontinental.com\/vi\/wp-json\/wp\/v2\/pages\/2295"}],"collection":[{"href":"https:\/\/nhatrang.intercontinental.com\/vi\/wp-json\/wp\/v2\/pages"}],"about":[{"href":"https:\/\/nhatrang.intercontinental.com\/vi\/wp-json\/wp\/v2\/types\/page"}],"author":[{"embeddable":true,"href":"https:\/\/nhatrang.intercontinental.com\/vi\/wp-json\/wp\/v2\/users\/6"}],"replies":[{"embeddable":true,"href":"https:\/\/nhatrang.intercontinental.com\/vi\/wp-json\/wp\/v2\/comments?post=2295"}],"version-history":[{"count":0,"href":"https:\/\/nhatrang.intercontinental.com\/vi\/wp-json\/wp\/v2\/pages\/2295\/revisions"}],"up":[{"embeddable":true,"href":"https:\/\/nhatrang.intercontinental.com\/vi\/wp-json\/wp\/v2\/pages\/2289"}],"wp:featuredmedia":[{"embeddable":true,"href":"https:\/\/nhatrang.intercontinental.com\/vi\/wp-json\/wp\/v2\/media\/800"}],"wp:attachment":[{"href":"https:\/\/nhatrang.intercontinental.com\/vi\/wp-json\/wp\/v2\/media?parent=2295"}],"curies":[{"name":"wp","href":"https:\/\/api.w.org\/{rel}","templated":true}]}}