{"id":2296,"date":"2025-05-05T09:06:02","date_gmt":"2025-05-05T09:06:02","guid":{"rendered":"https:\/\/nhatrang.intercontinental.com\/dream-beach-weddings-in-nha-trang-intercontinental\/"},"modified":"2026-02-26T09:54:13","modified_gmt":"2026-02-26T09:54:13","slug":"wedding","status":"publish","type":"page","link":"https:\/\/nhatrang.intercontinental.com\/vi\/wedding\/","title":{"rendered":"InterContinental World of Wedding"},"content":{"rendered":"<p style=\"text-align: center\">Ng\u00e0y c\u01b0\u1edbi trong m\u01a1 t\u1ea1i InterContinental Nha Trang, n\u01a1i sang tr\u1ecdng v\u00e0 tinh t\u1ebf h\u1ed9i t\u1ee5. T\u1eeb l\u1ec5 c\u01b0\u1edbi \u1ea5m c\u00fang b\u00ean bi\u1ec3n \u0111\u1ebfn y\u1ebfn ti\u1ec7c ho\u00e0nh tr\u00e1ng,<\/p>\n<p style=\"text-align: center\">\u0111\u1ed9i ng\u0169 chuy\u00ean nghi\u1ec7p c\u1ee7a ch\u00fang t\u00f4i s\u1ebd ch\u0103m ch\u00fat t\u1eebng chi ti\u1ebft \u0111\u1ec3 ng\u00e0y tr\u1ecdng \u0111\u1ea1i tr\u1edf n\u00ean tr\u1ecdn v\u1eb9n v\u00e0 \u0111\u00e1ng nh\u1edb.<\/p>\n","protected":false},"excerpt":{"rendered":"<p>Ng\u00e0y c\u01b0\u1edbi trong m\u01a1 t\u1ea1i InterContinental Nha Trang, n\u01a1i sang tr\u1ecdng v\u00e0 tinh t\u1ebf h\u1ed9i t\u1ee5. T\u1eeb l\u1ec5 c\u01b0\u1edbi \u1ea5m c\u00fang b\u00ean bi\u1ec3n \u0111\u1ebfn y\u1ebfn ti\u1ec7c ho\u00e0nh tr\u00e1ng, \u0111\u1ed9i ng\u0169 chuy\u00ean nghi\u1ec7p c\u1ee7a ch\u00fang t\u00f4i s\u1ebd ch\u0103m ch\u00fat t\u1eebng chi ti\u1ebft \u0111\u1ec3 ng\u00e0y tr\u1ecdng \u0111\u1ea1i tr\u1edf n\u00ean tr\u1ecdn v\u1eb9n v\u00e0 \u0111\u00e1ng nh\u1edb.<\/p>\n","protected":false},"author":11,"featured_media":875,"parent":0,"menu_order":0,"comment_status":"closed","ping_status":"closed","template":"template-weddings.php","meta":{"footnotes":""},"yoast_head":"<!-- This site is optimized with the Yoast SEO plugin v22.3 - https:\/\/yoast.com\/wordpress\/plugins\/seo\/ -->\n<title>InterContinental World of Wedding - InterContinental Nha Trang<\/title>\n<meta name=\"description\" content=\"Plan your picture-perfect wedding at InterContinental Nha Trang. Romantic beachfront ceremonies, expert planners, and tailored wedding packages await.\" \/>\n<meta name=\"robots\" content=\"index, follow, max-snippet:-1, max-image-preview:large, max-video-preview:-1\" \/>\n<link rel=\"canonical\" href=\"https:\/\/nhatrang.intercontinental.com\/vi\/wedding\/\" \/>\n<meta property=\"og:locale\" content=\"vi_VN\" \/>\n<meta property=\"og:type\" content=\"article\" \/>\n<meta property=\"og:title\" content=\"InterContinental World of Wedding - InterContinental Nha Trang\" \/>\n<meta property=\"og:description\" content=\"Plan your picture-perfect wedding at InterContinental Nha Trang. Romantic beachfront ceremonies, expert planners, and tailored wedding packages await.\" \/>\n<meta property=\"og:url\" content=\"https:\/\/nhatrang.intercontinental.com\/vi\/wedding\/\" \/>\n<meta property=\"og:site_name\" content=\"InterContinental Nha Trang\" \/>\n<meta property=\"article:modified_time\" content=\"2026-02-26T09:54:13+00:00\" \/>\n<meta property=\"og:image\" content=\"https:\/\/nhatrang.intercontinental.com\/wp-content\/uploads\/sites\/100\/2025\/05\/Wedding-menu.jpg\" \/>\n\t<meta property=\"og:image:width\" content=\"2200\" \/>\n\t<meta property=\"og:image:height\" content=\"1200\" \/>\n\t<meta property=\"og:image:type\" content=\"image\/jpeg\" \/>\n<meta name=\"twitter:card\" content=\"summary_large_image\" \/>\n<meta name=\"twitter:label1\" content=\"Est. reading time\" \/>\n\t<meta name=\"twitter:data1\" content=\"1 minute\" \/>\n<script type=\"application\/ld+json\" class=\"yoast-schema-graph\">{\"@context\":\"https:\/\/schema.org\",\"@graph\":[{\"@type\":\"WebPage\",\"@id\":\"https:\/\/nhatrang.intercontinental.com\/vi\/wedding\/\",\"url\":\"https:\/\/nhatrang.intercontinental.com\/vi\/wedding\/\",\"name\":\"InterContinental World of Wedding - InterContinental Nha Trang\",\"isPartOf\":{\"@id\":\"https:\/\/nhatrang.intercontinental.com\/vi\/#website\"},\"primaryImageOfPage\":{\"@id\":\"https:\/\/nhatrang.intercontinental.com\/vi\/wedding\/#primaryimage\"},\"image\":{\"@id\":\"https:\/\/nhatrang.intercontinental.com\/vi\/wedding\/#primaryimage\"},\"thumbnailUrl\":\"https:\/\/nhatrang.intercontinental.com\/wp-content\/uploads\/sites\/100\/2025\/05\/Wedding-menu.jpg\",\"datePublished\":\"2025-05-05T09:06:02+00:00\",\"dateModified\":\"2026-02-26T09:54:13+00:00\",\"description\":\"Plan your picture-perfect wedding at InterContinental Nha Trang. Romantic beachfront ceremonies, expert planners, and tailored wedding packages await.\",\"breadcrumb\":{\"@id\":\"https:\/\/nhatrang.intercontinental.com\/vi\/wedding\/#breadcrumb\"},\"inLanguage\":\"vi-VN\",\"potentialAction\":[{\"@type\":\"ReadAction\",\"target\":[\"https:\/\/nhatrang.intercontinental.com\/vi\/wedding\/\"]}]},{\"@type\":\"ImageObject\",\"inLanguage\":\"vi-VN\",\"@id\":\"https:\/\/nhatrang.intercontinental.com\/vi\/wedding\/#primaryimage\",\"url\":\"https:\/\/nhatrang.intercontinental.com\/wp-content\/uploads\/sites\/100\/2025\/05\/Wedding-menu.jpg\",\"contentUrl\":\"https:\/\/nhatrang.intercontinental.com\/wp-content\/uploads\/sites\/100\/2025\/05\/Wedding-menu.jpg\",\"width\":2200,\"height\":1200},{\"@type\":\"BreadcrumbList\",\"@id\":\"https:\/\/nhatrang.intercontinental.com\/vi\/wedding\/#breadcrumb\",\"itemListElement\":[{\"@type\":\"ListItem\",\"position\":1,\"name\":\"Home\",\"item\":\"https:\/\/nhatrang.intercontinental.com\/vi\/\"},{\"@type\":\"ListItem\",\"position\":2,\"name\":\"InterContinental World of Wedding\"}]},{\"@type\":\"WebSite\",\"@id\":\"https:\/\/nhatrang.intercontinental.com\/vi\/#website\",\"url\":\"https:\/\/nhatrang.intercontinental.com\/vi\/\",\"name\":\"InterContinental Nha Trang\",\"description\":\"\",\"potentialAction\":[{\"@type\":\"SearchAction\",\"target\":{\"@type\":\"EntryPoint\",\"urlTemplate\":\"https:\/\/nhatrang.intercontinental.com\/vi\/?s={search_term_string}\"},\"query-input\":\"required name=search_term_string\"}],\"inLanguage\":\"vi-VN\"}]}<\/script>\n<!-- \/ Yoast SEO plugin. -->","yoast_head_json":{"title":"InterContinental World of Wedding - InterContinental Nha Trang","description":"Plan your picture-perfect wedding at InterContinental Nha Trang. Romantic beachfront ceremonies, expert planners, and tailored wedding packages await.","robots":{"index":"index","follow":"follow","max-snippet":"max-snippet:-1","max-image-preview":"max-image-preview:large","max-video-preview":"max-video-preview:-1"},"canonical":"https:\/\/nhatrang.intercontinental.com\/vi\/wedding\/","og_locale":"vi_VN","og_type":"article","og_title":"InterContinental World of Wedding - InterContinental Nha Trang","og_description":"Plan your picture-perfect wedding at InterContinental Nha Trang. Romantic beachfront ceremonies, expert planners, and tailored wedding packages await.","og_url":"https:\/\/nhatrang.intercontinental.com\/vi\/wedding\/","og_site_name":"InterContinental Nha Trang","article_modified_time":"2026-02-26T09:54:13+00:00","og_image":[{"width":2200,"height":1200,"url":"https:\/\/nhatrang.intercontinental.com\/wp-content\/uploads\/sites\/100\/2025\/05\/Wedding-menu.jpg","type":"image\/jpeg"}],"twitter_card":"summary_large_image","twitter_misc":{"Est. reading time":"1 minute"},"schema":{"@context":"https:\/\/schema.org","@graph":[{"@type":"WebPage","@id":"https:\/\/nhatrang.intercontinental.com\/vi\/wedding\/","url":"https:\/\/nhatrang.intercontinental.com\/vi\/wedding\/","name":"InterContinental World of Wedding - InterContinental Nha Trang","isPartOf":{"@id":"https:\/\/nhatrang.intercontinental.com\/vi\/#website"},"primaryImageOfPage":{"@id":"https:\/\/nhatrang.intercontinental.com\/vi\/wedding\/#primaryimage"},"image":{"@id":"https:\/\/nhatrang.intercontinental.com\/vi\/wedding\/#primaryimage"},"thumbnailUrl":"https:\/\/nhatrang.intercontinental.com\/wp-content\/uploads\/sites\/100\/2025\/05\/Wedding-menu.jpg","datePublished":"2025-05-05T09:06:02+00:00","dateModified":"2026-02-26T09:54:13+00:00","description":"Plan your picture-perfect wedding at InterContinental Nha Trang. Romantic beachfront ceremonies, expert planners, and tailored wedding packages await.","breadcrumb":{"@id":"https:\/\/nhatrang.intercontinental.com\/vi\/wedding\/#breadcrumb"},"inLanguage":"vi-VN","potentialAction":[{"@type":"ReadAction","target":["https:\/\/nhatrang.intercontinental.com\/vi\/wedding\/"]}]},{"@type":"ImageObject","inLanguage":"vi-VN","@id":"https:\/\/nhatrang.intercontinental.com\/vi\/wedding\/#primaryimage","url":"https:\/\/nhatrang.intercontinental.com\/wp-content\/uploads\/sites\/100\/2025\/05\/Wedding-menu.jpg","contentUrl":"https:\/\/nhatrang.intercontinental.com\/wp-content\/uploads\/sites\/100\/2025\/05\/Wedding-menu.jpg","width":2200,"height":1200},{"@type":"BreadcrumbList","@id":"https:\/\/nhatrang.intercontinental.com\/vi\/wedding\/#breadcrumb","itemListElement":[{"@type":"ListItem","position":1,"name":"Home","item":"https:\/\/nhatrang.intercontinental.com\/vi\/"},{"@type":"ListItem","position":2,"name":"InterContinental World of Wedding"}]},{"@type":"WebSite","@id":"https:\/\/nhatrang.intercontinental.com\/vi\/#website","url":"https:\/\/nhatrang.intercontinental.com\/vi\/","name":"InterContinental Nha Trang","description":"","potentialAction":[{"@type":"SearchAction","target":{"@type":"EntryPoint","urlTemplate":"https:\/\/nhatrang.intercontinental.com\/vi\/?s={search_term_string}"},"query-input":"required name=search_term_string"}],"inLanguage":"vi-VN"}]}},"acf":[],"_links":{"self":[{"href":"https:\/\/nhatrang.intercontinental.com\/vi\/wp-json\/wp\/v2\/pages\/2296"}],"collection":[{"href":"https:\/\/nhatrang.intercontinental.com\/vi\/wp-json\/wp\/v2\/pages"}],"about":[{"href":"https:\/\/nhatrang.intercontinental.com\/vi\/wp-json\/wp\/v2\/types\/page"}],"author":[{"embeddable":true,"href":"https:\/\/nhatrang.intercontinental.com\/vi\/wp-json\/wp\/v2\/users\/11"}],"replies":[{"embeddable":true,"href":"https:\/\/nhatrang.intercontinental.com\/vi\/wp-json\/wp\/v2\/comments?post=2296"}],"version-history":[{"count":0,"href":"https:\/\/nhatrang.intercontinental.com\/vi\/wp-json\/wp\/v2\/pages\/2296\/revisions"}],"wp:featuredmedia":[{"embeddable":true,"href":"https:\/\/nhatrang.intercontinental.com\/vi\/wp-json\/wp\/v2\/media\/875"}],"wp:attachment":[{"href":"https:\/\/nhatrang.intercontinental.com\/vi\/wp-json\/wp\/v2\/media?parent=2296"}],"curies":[{"name":"wp","href":"https:\/\/api.w.org\/{rel}","templated":true}]}}