{"id":2298,"date":"2025-05-05T09:05:36","date_gmt":"2025-05-05T09:05:36","guid":{"rendered":"https:\/\/nhatrang.intercontinental.com\/exclusive-nha-trang-hotel-deals-offers-intercontinental\/"},"modified":"2025-10-15T06:35:32","modified_gmt":"2025-10-15T06:35:32","slug":"special-offer","status":"publish","type":"page","link":"https:\/\/nhatrang.intercontinental.com\/vi\/special-offer\/","title":{"rendered":"\u01afu \u0111\u00e3i \u0111\u1ed9c quy\u1ec1n"},"content":{"rendered":"<p>Kh\u00e1m ph\u00e1 c\u00e1c \u01b0u \u0111\u00e3i \u0111\u1eb7c bi\u1ec7t t\u1ea1i InterContinental Nha Trang d\u00e0nh cho l\u01b0u tr\u00fa, \u1ea9m th\u1ef1c thi\u1ebft k\u1ebf ri\u00eang, h\u1ed9i h\u1ecdp v\u00e0 nhi\u1ec1u d\u1ecbch v\u1ee5 kh\u00e1c.<\/p>\n","protected":false},"excerpt":{"rendered":"<p>Kh\u00e1m ph\u00e1 c\u00e1c \u01b0u \u0111\u00e3i \u0111\u1eb7c bi\u1ec7t t\u1ea1i InterContinental Nha Trang d\u00e0nh cho l\u01b0u tr\u00fa, \u1ea9m th\u1ef1c thi\u1ebft k\u1ebf ri\u00eang, h\u1ed9i h\u1ecdp v\u00e0 nhi\u1ec1u d\u1ecbch v\u1ee5 kh\u00e1c.<\/p>\n","protected":false},"author":11,"featured_media":547,"parent":0,"menu_order":0,"comment_status":"closed","ping_status":"closed","template":"template-special-offers.php","meta":{"footnotes":""},"yoast_head":"<!-- This site is optimized with the Yoast SEO plugin v22.3 - https:\/\/yoast.com\/wordpress\/plugins\/seo\/ -->\n<title>\u01afu \u0111\u00e3i \u0111\u1ed9c quy\u1ec1n - InterContinental Nha Trang<\/title>\n<meta name=\"description\" content=\"Discover the best deals at InterContinental Nha Trang. Save on stays, dining, and spa with our exclusive offers and holiday packages.\" \/>\n<meta name=\"robots\" content=\"index, follow, max-snippet:-1, max-image-preview:large, max-video-preview:-1\" \/>\n<link rel=\"canonical\" href=\"https:\/\/nhatrang.intercontinental.com\/vi\/special-offer\/\" \/>\n<meta property=\"og:locale\" content=\"vi_VN\" \/>\n<meta property=\"og:type\" content=\"article\" \/>\n<meta property=\"og:title\" content=\"\u01afu \u0111\u00e3i \u0111\u1ed9c quy\u1ec1n - InterContinental Nha Trang\" \/>\n<meta property=\"og:description\" content=\"Discover the best deals at InterContinental Nha Trang. Save on stays, dining, and spa with our exclusive offers and holiday packages.\" \/>\n<meta property=\"og:url\" content=\"https:\/\/nhatrang.intercontinental.com\/vi\/special-offer\/\" \/>\n<meta property=\"og:site_name\" content=\"InterContinental Nha Trang\" \/>\n<meta property=\"article:modified_time\" content=\"2025-10-15T06:35:32+00:00\" \/>\n<meta property=\"og:image\" content=\"https:\/\/nhatrang.intercontinental.com\/wp-content\/uploads\/sites\/100\/2025\/05\/Pool-2-4.jpg\" \/>\n\t<meta property=\"og:image:width\" content=\"2200\" \/>\n\t<meta property=\"og:image:height\" content=\"1200\" \/>\n\t<meta property=\"og:image:type\" content=\"image\/jpeg\" \/>\n<meta name=\"twitter:card\" content=\"summary_large_image\" \/>\n<meta name=\"twitter:label1\" content=\"Est. reading time\" \/>\n\t<meta name=\"twitter:data1\" content=\"1 minute\" \/>\n<script type=\"application\/ld+json\" class=\"yoast-schema-graph\">{\"@context\":\"https:\/\/schema.org\",\"@graph\":[{\"@type\":\"WebPage\",\"@id\":\"https:\/\/nhatrang.intercontinental.com\/vi\/special-offer\/\",\"url\":\"https:\/\/nhatrang.intercontinental.com\/vi\/special-offer\/\",\"name\":\"\u01afu \u0111\u00e3i \u0111\u1ed9c quy\u1ec1n - InterContinental Nha Trang\",\"isPartOf\":{\"@id\":\"https:\/\/nhatrang.intercontinental.com\/vi\/#website\"},\"primaryImageOfPage\":{\"@id\":\"https:\/\/nhatrang.intercontinental.com\/vi\/special-offer\/#primaryimage\"},\"image\":{\"@id\":\"https:\/\/nhatrang.intercontinental.com\/vi\/special-offer\/#primaryimage\"},\"thumbnailUrl\":\"https:\/\/nhatrang.intercontinental.com\/wp-content\/uploads\/sites\/100\/2025\/05\/Pool-2-4.jpg\",\"datePublished\":\"2025-05-05T09:05:36+00:00\",\"dateModified\":\"2025-10-15T06:35:32+00:00\",\"description\":\"Discover the best deals at InterContinental Nha Trang. Save on stays, dining, and spa with our exclusive offers and holiday packages.\",\"breadcrumb\":{\"@id\":\"https:\/\/nhatrang.intercontinental.com\/vi\/special-offer\/#breadcrumb\"},\"inLanguage\":\"vi-VN\",\"potentialAction\":[{\"@type\":\"ReadAction\",\"target\":[\"https:\/\/nhatrang.intercontinental.com\/vi\/special-offer\/\"]}]},{\"@type\":\"ImageObject\",\"inLanguage\":\"vi-VN\",\"@id\":\"https:\/\/nhatrang.intercontinental.com\/vi\/special-offer\/#primaryimage\",\"url\":\"https:\/\/nhatrang.intercontinental.com\/wp-content\/uploads\/sites\/100\/2025\/05\/Pool-2-4.jpg\",\"contentUrl\":\"https:\/\/nhatrang.intercontinental.com\/wp-content\/uploads\/sites\/100\/2025\/05\/Pool-2-4.jpg\",\"width\":2200,\"height\":1200},{\"@type\":\"BreadcrumbList\",\"@id\":\"https:\/\/nhatrang.intercontinental.com\/vi\/special-offer\/#breadcrumb\",\"itemListElement\":[{\"@type\":\"ListItem\",\"position\":1,\"name\":\"Home\",\"item\":\"https:\/\/nhatrang.intercontinental.com\/vi\/\"},{\"@type\":\"ListItem\",\"position\":2,\"name\":\"\u01afu \u0111\u00e3i \u0111\u1ed9c quy\u1ec1n\"}]},{\"@type\":\"WebSite\",\"@id\":\"https:\/\/nhatrang.intercontinental.com\/vi\/#website\",\"url\":\"https:\/\/nhatrang.intercontinental.com\/vi\/\",\"name\":\"InterContinental Nha Trang\",\"description\":\"\",\"potentialAction\":[{\"@type\":\"SearchAction\",\"target\":{\"@type\":\"EntryPoint\",\"urlTemplate\":\"https:\/\/nhatrang.intercontinental.com\/vi\/?s={search_term_string}\"},\"query-input\":\"required name=search_term_string\"}],\"inLanguage\":\"vi-VN\"}]}<\/script>\n<!-- \/ Yoast SEO plugin. -->","yoast_head_json":{"title":"\u01afu \u0111\u00e3i \u0111\u1ed9c quy\u1ec1n - InterContinental Nha Trang","description":"Discover the best deals at InterContinental Nha Trang. Save on stays, dining, and spa with our exclusive offers and holiday packages.","robots":{"index":"index","follow":"follow","max-snippet":"max-snippet:-1","max-image-preview":"max-image-preview:large","max-video-preview":"max-video-preview:-1"},"canonical":"https:\/\/nhatrang.intercontinental.com\/vi\/special-offer\/","og_locale":"vi_VN","og_type":"article","og_title":"\u01afu \u0111\u00e3i \u0111\u1ed9c quy\u1ec1n - InterContinental Nha Trang","og_description":"Discover the best deals at InterContinental Nha Trang. Save on stays, dining, and spa with our exclusive offers and holiday packages.","og_url":"https:\/\/nhatrang.intercontinental.com\/vi\/special-offer\/","og_site_name":"InterContinental Nha Trang","article_modified_time":"2025-10-15T06:35:32+00:00","og_image":[{"width":2200,"height":1200,"url":"https:\/\/nhatrang.intercontinental.com\/wp-content\/uploads\/sites\/100\/2025\/05\/Pool-2-4.jpg","type":"image\/jpeg"}],"twitter_card":"summary_large_image","twitter_misc":{"Est. reading time":"1 minute"},"schema":{"@context":"https:\/\/schema.org","@graph":[{"@type":"WebPage","@id":"https:\/\/nhatrang.intercontinental.com\/vi\/special-offer\/","url":"https:\/\/nhatrang.intercontinental.com\/vi\/special-offer\/","name":"\u01afu \u0111\u00e3i \u0111\u1ed9c quy\u1ec1n - InterContinental Nha Trang","isPartOf":{"@id":"https:\/\/nhatrang.intercontinental.com\/vi\/#website"},"primaryImageOfPage":{"@id":"https:\/\/nhatrang.intercontinental.com\/vi\/special-offer\/#primaryimage"},"image":{"@id":"https:\/\/nhatrang.intercontinental.com\/vi\/special-offer\/#primaryimage"},"thumbnailUrl":"https:\/\/nhatrang.intercontinental.com\/wp-content\/uploads\/sites\/100\/2025\/05\/Pool-2-4.jpg","datePublished":"2025-05-05T09:05:36+00:00","dateModified":"2025-10-15T06:35:32+00:00","description":"Discover the best deals at InterContinental Nha Trang. Save on stays, dining, and spa with our exclusive offers and holiday packages.","breadcrumb":{"@id":"https:\/\/nhatrang.intercontinental.com\/vi\/special-offer\/#breadcrumb"},"inLanguage":"vi-VN","potentialAction":[{"@type":"ReadAction","target":["https:\/\/nhatrang.intercontinental.com\/vi\/special-offer\/"]}]},{"@type":"ImageObject","inLanguage":"vi-VN","@id":"https:\/\/nhatrang.intercontinental.com\/vi\/special-offer\/#primaryimage","url":"https:\/\/nhatrang.intercontinental.com\/wp-content\/uploads\/sites\/100\/2025\/05\/Pool-2-4.jpg","contentUrl":"https:\/\/nhatrang.intercontinental.com\/wp-content\/uploads\/sites\/100\/2025\/05\/Pool-2-4.jpg","width":2200,"height":1200},{"@type":"BreadcrumbList","@id":"https:\/\/nhatrang.intercontinental.com\/vi\/special-offer\/#breadcrumb","itemListElement":[{"@type":"ListItem","position":1,"name":"Home","item":"https:\/\/nhatrang.intercontinental.com\/vi\/"},{"@type":"ListItem","position":2,"name":"\u01afu \u0111\u00e3i \u0111\u1ed9c quy\u1ec1n"}]},{"@type":"WebSite","@id":"https:\/\/nhatrang.intercontinental.com\/vi\/#website","url":"https:\/\/nhatrang.intercontinental.com\/vi\/","name":"InterContinental Nha Trang","description":"","potentialAction":[{"@type":"SearchAction","target":{"@type":"EntryPoint","urlTemplate":"https:\/\/nhatrang.intercontinental.com\/vi\/?s={search_term_string}"},"query-input":"required name=search_term_string"}],"inLanguage":"vi-VN"}]}},"acf":[],"_links":{"self":[{"href":"https:\/\/nhatrang.intercontinental.com\/vi\/wp-json\/wp\/v2\/pages\/2298"}],"collection":[{"href":"https:\/\/nhatrang.intercontinental.com\/vi\/wp-json\/wp\/v2\/pages"}],"about":[{"href":"https:\/\/nhatrang.intercontinental.com\/vi\/wp-json\/wp\/v2\/types\/page"}],"author":[{"embeddable":true,"href":"https:\/\/nhatrang.intercontinental.com\/vi\/wp-json\/wp\/v2\/users\/11"}],"replies":[{"embeddable":true,"href":"https:\/\/nhatrang.intercontinental.com\/vi\/wp-json\/wp\/v2\/comments?post=2298"}],"version-history":[{"count":0,"href":"https:\/\/nhatrang.intercontinental.com\/vi\/wp-json\/wp\/v2\/pages\/2298\/revisions"}],"wp:featuredmedia":[{"embeddable":true,"href":"https:\/\/nhatrang.intercontinental.com\/vi\/wp-json\/wp\/v2\/media\/547"}],"wp:attachment":[{"href":"https:\/\/nhatrang.intercontinental.com\/vi\/wp-json\/wp\/v2\/media?parent=2298"}],"curies":[{"name":"wp","href":"https:\/\/api.w.org\/{rel}","templated":true}]}}