{"id":3333,"date":"2025-09-11T10:04:22","date_gmt":"2025-09-11T10:04:22","guid":{"rendered":"https:\/\/nhatrang.intercontinental.com\/?page_id=3333"},"modified":"2025-09-12T01:47:33","modified_gmt":"2025-09-12T01:47:33","slug":"lech-mui-gio-da-la-qua-khu","status":"publish","type":"page","link":"https:\/\/nhatrang.intercontinental.com\/vi\/special-offer\/lech-mui-gio-da-la-qua-khu\/","title":{"rendered":"L\u1ec7ch M\u00fai Gi\u1edd \u0110\u00e3 L\u00e0 Qu\u00e1 Kh\u1ee9"},"content":{"rendered":"<p class=\"cvGsUA direction-ltr align-center para-style-body\" style=\"text-align: center\"><span class=\"a_GcMg font-feature-liga-off font-feature-clig-off font-feature-calt-off text-decoration-none text-strikethrough-none\">T\u1ea1i InterContinental Hotels &amp; Resorts, ch\u00fang t\u00f4i mu\u1ed1n b\u1ea1n lu\u00f4n \u1edf trong tr\u1ea1ng th\u00e1i t\u1ed1t nh\u1ea5t khi \u0111i du l\u1ecbch. <\/span><span class=\"a_GcMg font-feature-liga-off font-feature-clig-off font-feature-calt-off text-decoration-none text-strikethrough-none\">H\u00e3y th\u1eed s\u1eed d\u1ee5ng Timeshifter tr\u00ean \u0111\u01b0\u1eddng v\u1ec1 nh\u00e0 <\/span><span class=\"a_GcMg font-feature-liga-off font-feature-clig-off font-feature-calt-off text-decoration-none text-strikethrough-none\">ho\u1eb7c trong chuy\u1ebfn \u0111i ti\u1ebfp theo c\u1ee7a b\u1ea1n \u0111\u1ec3 <\/span><span class=\"a_GcMg font-feature-liga-off font-feature-clig-off font-feature-calt-off text-decoration-none text-strikethrough-none\">gi\u1ea3m thi\u1ec3u t\u00ecnh tr\u1ea1ng l\u1ec7ch m\u00fai gi\u1edd.<\/span><\/p>\n","protected":false},"excerpt":{"rendered":"<p>T\u1ea1i InterContinental Hotels &amp; Resorts, ch\u00fang t\u00f4i mu\u1ed1n b\u1ea1n lu\u00f4n \u1edf trong tr\u1ea1ng th\u00e1i t\u1ed1t nh\u1ea5t khi \u0111i du l\u1ecbch. H\u00e3y th\u1eed s\u1eed d\u1ee5ng Timeshifter tr\u00ean \u0111\u01b0\u1eddng v\u1ec1 nh\u00e0 ho\u1eb7c trong chuy\u1ebfn \u0111i ti\u1ebfp theo c\u1ee7a b\u1ea1n \u0111\u1ec3 gi\u1ea3m thi\u1ec3u t\u00ecnh tr\u1ea1ng l\u1ec7ch m\u00fai gi\u1edd.<\/p>\n","protected":false},"author":192,"featured_media":3268,"parent":2298,"menu_order":-10,"comment_status":"closed","ping_status":"closed","template":"","meta":{"footnotes":""},"yoast_head":"<!-- This site is optimized with the Yoast SEO plugin v22.3 - https:\/\/yoast.com\/wordpress\/plugins\/seo\/ -->\n<title>InterContinental Nha Trang<\/title>\n<meta name=\"robots\" content=\"index, follow, max-snippet:-1, max-image-preview:large, max-video-preview:-1\" \/>\n<link rel=\"canonical\" href=\"https:\/\/nhatrang.intercontinental.com\/vi\/special-offer\/lech-mui-gio-da-la-qua-khu\/\" \/>\n<meta property=\"og:locale\" content=\"vi_VN\" \/>\n<meta property=\"og:type\" content=\"article\" \/>\n<meta property=\"og:title\" content=\"InterContinental Nha Trang\" \/>\n<meta property=\"og:description\" content=\"T\u1ea1i InterContinental Hotels &amp; Resorts, ch\u00fang t\u00f4i mu\u1ed1n b\u1ea1n lu\u00f4n \u1edf trong tr\u1ea1ng th\u00e1i t\u1ed1t nh\u1ea5t khi \u0111i du l\u1ecbch. H\u00e3y th\u1eed s\u1eed d\u1ee5ng Timeshifter tr\u00ean \u0111\u01b0\u1eddng v\u1ec1 nh\u00e0 ho\u1eb7c trong chuy\u1ebfn \u0111i ti\u1ebfp theo c\u1ee7a b\u1ea1n \u0111\u1ec3 gi\u1ea3m thi\u1ec3u t\u00ecnh tr\u1ea1ng l\u1ec7ch m\u00fai gi\u1edd.\" \/>\n<meta property=\"og:url\" content=\"https:\/\/nhatrang.intercontinental.com\/vi\/special-offer\/lech-mui-gio-da-la-qua-khu\/\" \/>\n<meta property=\"og:site_name\" content=\"InterContinental Nha Trang\" \/>\n<meta property=\"article:modified_time\" content=\"2025-09-12T01:47:33+00:00\" \/>\n<meta property=\"og:image\" content=\"https:\/\/nhatrang.intercontinental.com\/wp-content\/uploads\/sites\/100\/2025\/09\/Jet-Lag-1024x559.png\" \/>\n\t<meta property=\"og:image:width\" content=\"1024\" \/>\n\t<meta property=\"og:image:height\" content=\"559\" \/>\n\t<meta property=\"og:image:type\" content=\"image\/png\" \/>\n<meta name=\"twitter:card\" content=\"summary_large_image\" \/>\n<meta name=\"twitter:label1\" content=\"Est. reading time\" \/>\n\t<meta name=\"twitter:data1\" content=\"1 minute\" \/>\n<script type=\"application\/ld+json\" class=\"yoast-schema-graph\">{\"@context\":\"https:\/\/schema.org\",\"@graph\":[{\"@type\":\"WebPage\",\"@id\":\"https:\/\/nhatrang.intercontinental.com\/vi\/special-offer\/lech-mui-gio-da-la-qua-khu\/\",\"url\":\"https:\/\/nhatrang.intercontinental.com\/vi\/special-offer\/lech-mui-gio-da-la-qua-khu\/\",\"name\":\"InterContinental Nha Trang\",\"isPartOf\":{\"@id\":\"https:\/\/nhatrang.intercontinental.com\/vi\/#website\"},\"primaryImageOfPage\":{\"@id\":\"https:\/\/nhatrang.intercontinental.com\/vi\/special-offer\/lech-mui-gio-da-la-qua-khu\/#primaryimage\"},\"image\":{\"@id\":\"https:\/\/nhatrang.intercontinental.com\/vi\/special-offer\/lech-mui-gio-da-la-qua-khu\/#primaryimage\"},\"thumbnailUrl\":\"https:\/\/nhatrang.intercontinental.com\/wp-content\/uploads\/sites\/100\/2025\/09\/Jet-Lag.png\",\"datePublished\":\"2025-09-11T10:04:22+00:00\",\"dateModified\":\"2025-09-12T01:47:33+00:00\",\"breadcrumb\":{\"@id\":\"https:\/\/nhatrang.intercontinental.com\/vi\/special-offer\/lech-mui-gio-da-la-qua-khu\/#breadcrumb\"},\"inLanguage\":\"vi-VN\",\"potentialAction\":[{\"@type\":\"ReadAction\",\"target\":[\"https:\/\/nhatrang.intercontinental.com\/vi\/special-offer\/lech-mui-gio-da-la-qua-khu\/\"]}]},{\"@type\":\"ImageObject\",\"inLanguage\":\"vi-VN\",\"@id\":\"https:\/\/nhatrang.intercontinental.com\/vi\/special-offer\/lech-mui-gio-da-la-qua-khu\/#primaryimage\",\"url\":\"https:\/\/nhatrang.intercontinental.com\/wp-content\/uploads\/sites\/100\/2025\/09\/Jet-Lag.png\",\"contentUrl\":\"https:\/\/nhatrang.intercontinental.com\/wp-content\/uploads\/sites\/100\/2025\/09\/Jet-Lag.png\",\"width\":2200,\"height\":1200},{\"@type\":\"BreadcrumbList\",\"@id\":\"https:\/\/nhatrang.intercontinental.com\/vi\/special-offer\/lech-mui-gio-da-la-qua-khu\/#breadcrumb\",\"itemListElement\":[{\"@type\":\"ListItem\",\"position\":1,\"name\":\"Home\",\"item\":\"https:\/\/nhatrang.intercontinental.com\/vi\/\"},{\"@type\":\"ListItem\",\"position\":2,\"name\":\"\u01afu \u0111\u00e3i \u0111\u1ed9c quy\u1ec1n\",\"item\":\"https:\/\/nhatrang.intercontinental.com\/vi\/special-offer\/\"},{\"@type\":\"ListItem\",\"position\":3,\"name\":\"L\u1ec7ch M\u00fai Gi\u1edd \u0110\u00e3 L\u00e0 Qu\u00e1 Kh\u1ee9\"}]},{\"@type\":\"WebSite\",\"@id\":\"https:\/\/nhatrang.intercontinental.com\/vi\/#website\",\"url\":\"https:\/\/nhatrang.intercontinental.com\/vi\/\",\"name\":\"InterContinental Nha Trang\",\"description\":\"\",\"potentialAction\":[{\"@type\":\"SearchAction\",\"target\":{\"@type\":\"EntryPoint\",\"urlTemplate\":\"https:\/\/nhatrang.intercontinental.com\/vi\/?s={search_term_string}\"},\"query-input\":\"required name=search_term_string\"}],\"inLanguage\":\"vi-VN\"}]}<\/script>\n<!-- \/ Yoast SEO plugin. -->","yoast_head_json":{"title":"InterContinental Nha Trang","robots":{"index":"index","follow":"follow","max-snippet":"max-snippet:-1","max-image-preview":"max-image-preview:large","max-video-preview":"max-video-preview:-1"},"canonical":"https:\/\/nhatrang.intercontinental.com\/vi\/special-offer\/lech-mui-gio-da-la-qua-khu\/","og_locale":"vi_VN","og_type":"article","og_title":"InterContinental Nha Trang","og_description":"T\u1ea1i InterContinental Hotels &amp; Resorts, ch\u00fang t\u00f4i mu\u1ed1n b\u1ea1n lu\u00f4n \u1edf trong tr\u1ea1ng th\u00e1i t\u1ed1t nh\u1ea5t khi \u0111i du l\u1ecbch. H\u00e3y th\u1eed s\u1eed d\u1ee5ng Timeshifter tr\u00ean \u0111\u01b0\u1eddng v\u1ec1 nh\u00e0 ho\u1eb7c trong chuy\u1ebfn \u0111i ti\u1ebfp theo c\u1ee7a b\u1ea1n \u0111\u1ec3 gi\u1ea3m thi\u1ec3u t\u00ecnh tr\u1ea1ng l\u1ec7ch m\u00fai gi\u1edd.","og_url":"https:\/\/nhatrang.intercontinental.com\/vi\/special-offer\/lech-mui-gio-da-la-qua-khu\/","og_site_name":"InterContinental Nha Trang","article_modified_time":"2025-09-12T01:47:33+00:00","og_image":[{"width":1024,"height":559,"url":"https:\/\/nhatrang.intercontinental.com\/wp-content\/uploads\/sites\/100\/2025\/09\/Jet-Lag-1024x559.png","type":"image\/png"}],"twitter_card":"summary_large_image","twitter_misc":{"Est. reading time":"1 minute"},"schema":{"@context":"https:\/\/schema.org","@graph":[{"@type":"WebPage","@id":"https:\/\/nhatrang.intercontinental.com\/vi\/special-offer\/lech-mui-gio-da-la-qua-khu\/","url":"https:\/\/nhatrang.intercontinental.com\/vi\/special-offer\/lech-mui-gio-da-la-qua-khu\/","name":"InterContinental Nha Trang","isPartOf":{"@id":"https:\/\/nhatrang.intercontinental.com\/vi\/#website"},"primaryImageOfPage":{"@id":"https:\/\/nhatrang.intercontinental.com\/vi\/special-offer\/lech-mui-gio-da-la-qua-khu\/#primaryimage"},"image":{"@id":"https:\/\/nhatrang.intercontinental.com\/vi\/special-offer\/lech-mui-gio-da-la-qua-khu\/#primaryimage"},"thumbnailUrl":"https:\/\/nhatrang.intercontinental.com\/wp-content\/uploads\/sites\/100\/2025\/09\/Jet-Lag.png","datePublished":"2025-09-11T10:04:22+00:00","dateModified":"2025-09-12T01:47:33+00:00","breadcrumb":{"@id":"https:\/\/nhatrang.intercontinental.com\/vi\/special-offer\/lech-mui-gio-da-la-qua-khu\/#breadcrumb"},"inLanguage":"vi-VN","potentialAction":[{"@type":"ReadAction","target":["https:\/\/nhatrang.intercontinental.com\/vi\/special-offer\/lech-mui-gio-da-la-qua-khu\/"]}]},{"@type":"ImageObject","inLanguage":"vi-VN","@id":"https:\/\/nhatrang.intercontinental.com\/vi\/special-offer\/lech-mui-gio-da-la-qua-khu\/#primaryimage","url":"https:\/\/nhatrang.intercontinental.com\/wp-content\/uploads\/sites\/100\/2025\/09\/Jet-Lag.png","contentUrl":"https:\/\/nhatrang.intercontinental.com\/wp-content\/uploads\/sites\/100\/2025\/09\/Jet-Lag.png","width":2200,"height":1200},{"@type":"BreadcrumbList","@id":"https:\/\/nhatrang.intercontinental.com\/vi\/special-offer\/lech-mui-gio-da-la-qua-khu\/#breadcrumb","itemListElement":[{"@type":"ListItem","position":1,"name":"Home","item":"https:\/\/nhatrang.intercontinental.com\/vi\/"},{"@type":"ListItem","position":2,"name":"\u01afu \u0111\u00e3i \u0111\u1ed9c quy\u1ec1n","item":"https:\/\/nhatrang.intercontinental.com\/vi\/special-offer\/"},{"@type":"ListItem","position":3,"name":"L\u1ec7ch M\u00fai Gi\u1edd \u0110\u00e3 L\u00e0 Qu\u00e1 Kh\u1ee9"}]},{"@type":"WebSite","@id":"https:\/\/nhatrang.intercontinental.com\/vi\/#website","url":"https:\/\/nhatrang.intercontinental.com\/vi\/","name":"InterContinental Nha Trang","description":"","potentialAction":[{"@type":"SearchAction","target":{"@type":"EntryPoint","urlTemplate":"https:\/\/nhatrang.intercontinental.com\/vi\/?s={search_term_string}"},"query-input":"required name=search_term_string"}],"inLanguage":"vi-VN"}]}},"acf":[],"_links":{"self":[{"href":"https:\/\/nhatrang.intercontinental.com\/vi\/wp-json\/wp\/v2\/pages\/3333"}],"collection":[{"href":"https:\/\/nhatrang.intercontinental.com\/vi\/wp-json\/wp\/v2\/pages"}],"about":[{"href":"https:\/\/nhatrang.intercontinental.com\/vi\/wp-json\/wp\/v2\/types\/page"}],"author":[{"embeddable":true,"href":"https:\/\/nhatrang.intercontinental.com\/vi\/wp-json\/wp\/v2\/users\/192"}],"replies":[{"embeddable":true,"href":"https:\/\/nhatrang.intercontinental.com\/vi\/wp-json\/wp\/v2\/comments?post=3333"}],"version-history":[{"count":0,"href":"https:\/\/nhatrang.intercontinental.com\/vi\/wp-json\/wp\/v2\/pages\/3333\/revisions"}],"up":[{"embeddable":true,"href":"https:\/\/nhatrang.intercontinental.com\/vi\/wp-json\/wp\/v2\/pages\/2298"}],"wp:featuredmedia":[{"embeddable":true,"href":"https:\/\/nhatrang.intercontinental.com\/vi\/wp-json\/wp\/v2\/media\/3268"}],"wp:attachment":[{"href":"https:\/\/nhatrang.intercontinental.com\/vi\/wp-json\/wp\/v2\/media?parent=3333"}],"curies":[{"name":"wp","href":"https:\/\/api.w.org\/{rel}","templated":true}]}}