{"id":3399,"date":"2025-08-21T03:23:30","date_gmt":"2025-08-21T03:23:30","guid":{"rendered":"https:\/\/nhatrang.intercontinental.com\/residences-dining\/"},"modified":"2026-03-05T08:38:52","modified_gmt":"2026-03-05T08:38:52","slug":"residences-dining","status":"publish","type":"page","link":"https:\/\/nhatrang.intercontinental.com\/vi\/residences-2\/residences-dining\/","title":{"rendered":"\u1ea8m Th\u1ef1c"},"content":{"rendered":"<p data-start=\"0\" data-end=\"189\">T\u1ea1i InterContinental Residences Nha Trang, \u1ea9m th\u1ef1c l\u00e0 m\u1ed9t h\u00e0nh tr\u00ecnh kh\u00e1m ph\u00e1 nh\u1eefng truy\u1ec1n th\u1ed1ng \u1ea9m th\u1ef1c phong ph\u00fa c\u1ee7a v\u00f9ng mi\u1ec1n, k\u1ebft h\u1ee3p c\u00f9ng nh\u1eefng m\u00f3n qu\u1ed1c t\u1ebf quen thu\u1ed9c \u0111\u01b0\u1ee3c y\u00eau th\u00edch.<\/p>\n<p data-start=\"191\" data-end=\"360\" data-is-last-node=\"\" data-is-only-node=\"\">M\u1ed7i m\u00f3n \u0103n \u1edf \u0111\u00e2y \u0111\u1ec1u k\u1ec3 m\u1ed9t c\u00e2u chuy\u1ec7n \u2014 h\u01b0\u01a1ng v\u1ecb t\u1eeb bi\u1ec3n c\u1ea3 hay s\u1ef1 \u1ea5m \u00e1p c\u1ee7a b\u1eefa c\u01a1m gia \u0111\u00ecnh, mang \u0111\u1ebfn nh\u1eefng kho\u1ea3nh kh\u1eafc d\u1eebng l\u1ea1i v\u00e0 k\u1ebft n\u1ed1i v\u1edbi t\u00e2m h\u1ed3n c\u1ee7a Nha Trang.<\/p>\n","protected":false},"excerpt":{"rendered":"<p>T\u1ea1i InterContinental Residences Nha Trang, \u1ea9m th\u1ef1c l\u00e0 m\u1ed9t h\u00e0nh tr\u00ecnh kh\u00e1m ph\u00e1 nh\u1eefng truy\u1ec1n th\u1ed1ng \u1ea9m th\u1ef1c phong ph\u00fa c\u1ee7a v\u00f9ng mi\u1ec1n, k\u1ebft h\u1ee3p c\u00f9ng nh\u1eefng m\u00f3n qu\u1ed1c t\u1ebf quen thu\u1ed9c \u0111\u01b0\u1ee3c y\u00eau th\u00edch. M\u1ed7i m\u00f3n \u0103n \u1edf \u0111\u00e2y \u0111\u1ec1u k\u1ec3 m\u1ed9t c\u00e2u chuy\u1ec7n \u2014 h\u01b0\u01a1ng v\u1ecb t\u1eeb bi\u1ec3n c\u1ea3 hay s\u1ef1 \u1ea5m \u00e1p [&hellip;]<\/p>\n","protected":false},"author":191,"featured_media":3694,"parent":2311,"menu_order":1,"comment_status":"closed","ping_status":"closed","template":"template-dining.php","meta":{"footnotes":""},"yoast_head":"<!-- This site is optimized with the Yoast SEO plugin v22.3 - https:\/\/yoast.com\/wordpress\/plugins\/seo\/ -->\n<title>\u1ea8m Th\u1ef1c - InterContinental Nha Trang<\/title>\n<meta name=\"robots\" content=\"index, follow, max-snippet:-1, max-image-preview:large, max-video-preview:-1\" \/>\n<link rel=\"canonical\" href=\"https:\/\/nhatrang.intercontinental.com\/vi\/residences-2\/residences-dining\/\" \/>\n<meta property=\"og:locale\" content=\"vi_VN\" \/>\n<meta property=\"og:type\" content=\"article\" \/>\n<meta property=\"og:title\" content=\"\u1ea8m Th\u1ef1c - InterContinental Nha Trang\" \/>\n<meta property=\"og:description\" content=\"T\u1ea1i InterContinental Residences Nha Trang, \u1ea9m th\u1ef1c l\u00e0 m\u1ed9t h\u00e0nh tr\u00ecnh kh\u00e1m ph\u00e1 nh\u1eefng truy\u1ec1n th\u1ed1ng \u1ea9m th\u1ef1c phong ph\u00fa c\u1ee7a v\u00f9ng mi\u1ec1n, k\u1ebft h\u1ee3p c\u00f9ng nh\u1eefng m\u00f3n qu\u1ed1c t\u1ebf quen thu\u1ed9c \u0111\u01b0\u1ee3c y\u00eau th\u00edch. M\u1ed7i m\u00f3n \u0103n \u1edf \u0111\u00e2y \u0111\u1ec1u k\u1ec3 m\u1ed9t c\u00e2u chuy\u1ec7n \u2014 h\u01b0\u01a1ng v\u1ecb t\u1eeb bi\u1ec3n c\u1ea3 hay s\u1ef1 \u1ea5m \u00e1p [&hellip;]\" \/>\n<meta property=\"og:url\" content=\"https:\/\/nhatrang.intercontinental.com\/vi\/residences-2\/residences-dining\/\" \/>\n<meta property=\"og:site_name\" content=\"InterContinental Nha Trang\" \/>\n<meta property=\"article:modified_time\" content=\"2026-03-05T08:38:52+00:00\" \/>\n<meta property=\"og:image\" content=\"https:\/\/nhatrang.intercontinental.com\/wp-content\/uploads\/sites\/100\/2025\/10\/DSC8839.jpg\" \/>\n\t<meta property=\"og:image:width\" content=\"1800\" \/>\n\t<meta property=\"og:image:height\" content=\"1200\" \/>\n\t<meta property=\"og:image:type\" content=\"image\/jpeg\" \/>\n<meta name=\"twitter:card\" content=\"summary_large_image\" \/>\n<meta name=\"twitter:label1\" content=\"Est. reading time\" \/>\n\t<meta name=\"twitter:data1\" content=\"1 minute\" \/>\n<script type=\"application\/ld+json\" class=\"yoast-schema-graph\">{\"@context\":\"https:\/\/schema.org\",\"@graph\":[{\"@type\":\"WebPage\",\"@id\":\"https:\/\/nhatrang.intercontinental.com\/vi\/residences-2\/residences-dining\/\",\"url\":\"https:\/\/nhatrang.intercontinental.com\/vi\/residences-2\/residences-dining\/\",\"name\":\"\u1ea8m Th\u1ef1c - InterContinental Nha Trang\",\"isPartOf\":{\"@id\":\"https:\/\/nhatrang.intercontinental.com\/vi\/#website\"},\"primaryImageOfPage\":{\"@id\":\"https:\/\/nhatrang.intercontinental.com\/vi\/residences-2\/residences-dining\/#primaryimage\"},\"image\":{\"@id\":\"https:\/\/nhatrang.intercontinental.com\/vi\/residences-2\/residences-dining\/#primaryimage\"},\"thumbnailUrl\":\"https:\/\/nhatrang.intercontinental.com\/wp-content\/uploads\/sites\/100\/2025\/10\/DSC8839.jpg\",\"datePublished\":\"2025-08-21T03:23:30+00:00\",\"dateModified\":\"2026-03-05T08:38:52+00:00\",\"breadcrumb\":{\"@id\":\"https:\/\/nhatrang.intercontinental.com\/vi\/residences-2\/residences-dining\/#breadcrumb\"},\"inLanguage\":\"vi-VN\",\"potentialAction\":[{\"@type\":\"ReadAction\",\"target\":[\"https:\/\/nhatrang.intercontinental.com\/vi\/residences-2\/residences-dining\/\"]}]},{\"@type\":\"ImageObject\",\"inLanguage\":\"vi-VN\",\"@id\":\"https:\/\/nhatrang.intercontinental.com\/vi\/residences-2\/residences-dining\/#primaryimage\",\"url\":\"https:\/\/nhatrang.intercontinental.com\/wp-content\/uploads\/sites\/100\/2025\/10\/DSC8839.jpg\",\"contentUrl\":\"https:\/\/nhatrang.intercontinental.com\/wp-content\/uploads\/sites\/100\/2025\/10\/DSC8839.jpg\",\"width\":1800,\"height\":1200},{\"@type\":\"BreadcrumbList\",\"@id\":\"https:\/\/nhatrang.intercontinental.com\/vi\/residences-2\/residences-dining\/#breadcrumb\",\"itemListElement\":[{\"@type\":\"ListItem\",\"position\":1,\"name\":\"Home\",\"item\":\"https:\/\/nhatrang.intercontinental.com\/vi\/\"},{\"@type\":\"ListItem\",\"position\":2,\"name\":\"Residences\",\"item\":\"https:\/\/nhatrang.intercontinental.com\/vi\/residences-2\/\"},{\"@type\":\"ListItem\",\"position\":3,\"name\":\"\u1ea8m Th\u1ef1c\"}]},{\"@type\":\"WebSite\",\"@id\":\"https:\/\/nhatrang.intercontinental.com\/vi\/#website\",\"url\":\"https:\/\/nhatrang.intercontinental.com\/vi\/\",\"name\":\"InterContinental Nha Trang\",\"description\":\"\",\"potentialAction\":[{\"@type\":\"SearchAction\",\"target\":{\"@type\":\"EntryPoint\",\"urlTemplate\":\"https:\/\/nhatrang.intercontinental.com\/vi\/?s={search_term_string}\"},\"query-input\":\"required name=search_term_string\"}],\"inLanguage\":\"vi-VN\"}]}<\/script>\n<!-- \/ Yoast SEO plugin. -->","yoast_head_json":{"title":"\u1ea8m Th\u1ef1c - InterContinental Nha Trang","robots":{"index":"index","follow":"follow","max-snippet":"max-snippet:-1","max-image-preview":"max-image-preview:large","max-video-preview":"max-video-preview:-1"},"canonical":"https:\/\/nhatrang.intercontinental.com\/vi\/residences-2\/residences-dining\/","og_locale":"vi_VN","og_type":"article","og_title":"\u1ea8m Th\u1ef1c - InterContinental Nha Trang","og_description":"T\u1ea1i InterContinental Residences Nha Trang, \u1ea9m th\u1ef1c l\u00e0 m\u1ed9t h\u00e0nh tr\u00ecnh kh\u00e1m ph\u00e1 nh\u1eefng truy\u1ec1n th\u1ed1ng \u1ea9m th\u1ef1c phong ph\u00fa c\u1ee7a v\u00f9ng mi\u1ec1n, k\u1ebft h\u1ee3p c\u00f9ng nh\u1eefng m\u00f3n qu\u1ed1c t\u1ebf quen thu\u1ed9c \u0111\u01b0\u1ee3c y\u00eau th\u00edch. M\u1ed7i m\u00f3n \u0103n \u1edf \u0111\u00e2y \u0111\u1ec1u k\u1ec3 m\u1ed9t c\u00e2u chuy\u1ec7n \u2014 h\u01b0\u01a1ng v\u1ecb t\u1eeb bi\u1ec3n c\u1ea3 hay s\u1ef1 \u1ea5m \u00e1p [&hellip;]","og_url":"https:\/\/nhatrang.intercontinental.com\/vi\/residences-2\/residences-dining\/","og_site_name":"InterContinental Nha Trang","article_modified_time":"2026-03-05T08:38:52+00:00","og_image":[{"width":1800,"height":1200,"url":"https:\/\/nhatrang.intercontinental.com\/wp-content\/uploads\/sites\/100\/2025\/10\/DSC8839.jpg","type":"image\/jpeg"}],"twitter_card":"summary_large_image","twitter_misc":{"Est. reading time":"1 minute"},"schema":{"@context":"https:\/\/schema.org","@graph":[{"@type":"WebPage","@id":"https:\/\/nhatrang.intercontinental.com\/vi\/residences-2\/residences-dining\/","url":"https:\/\/nhatrang.intercontinental.com\/vi\/residences-2\/residences-dining\/","name":"\u1ea8m Th\u1ef1c - InterContinental Nha Trang","isPartOf":{"@id":"https:\/\/nhatrang.intercontinental.com\/vi\/#website"},"primaryImageOfPage":{"@id":"https:\/\/nhatrang.intercontinental.com\/vi\/residences-2\/residences-dining\/#primaryimage"},"image":{"@id":"https:\/\/nhatrang.intercontinental.com\/vi\/residences-2\/residences-dining\/#primaryimage"},"thumbnailUrl":"https:\/\/nhatrang.intercontinental.com\/wp-content\/uploads\/sites\/100\/2025\/10\/DSC8839.jpg","datePublished":"2025-08-21T03:23:30+00:00","dateModified":"2026-03-05T08:38:52+00:00","breadcrumb":{"@id":"https:\/\/nhatrang.intercontinental.com\/vi\/residences-2\/residences-dining\/#breadcrumb"},"inLanguage":"vi-VN","potentialAction":[{"@type":"ReadAction","target":["https:\/\/nhatrang.intercontinental.com\/vi\/residences-2\/residences-dining\/"]}]},{"@type":"ImageObject","inLanguage":"vi-VN","@id":"https:\/\/nhatrang.intercontinental.com\/vi\/residences-2\/residences-dining\/#primaryimage","url":"https:\/\/nhatrang.intercontinental.com\/wp-content\/uploads\/sites\/100\/2025\/10\/DSC8839.jpg","contentUrl":"https:\/\/nhatrang.intercontinental.com\/wp-content\/uploads\/sites\/100\/2025\/10\/DSC8839.jpg","width":1800,"height":1200},{"@type":"BreadcrumbList","@id":"https:\/\/nhatrang.intercontinental.com\/vi\/residences-2\/residences-dining\/#breadcrumb","itemListElement":[{"@type":"ListItem","position":1,"name":"Home","item":"https:\/\/nhatrang.intercontinental.com\/vi\/"},{"@type":"ListItem","position":2,"name":"Residences","item":"https:\/\/nhatrang.intercontinental.com\/vi\/residences-2\/"},{"@type":"ListItem","position":3,"name":"\u1ea8m Th\u1ef1c"}]},{"@type":"WebSite","@id":"https:\/\/nhatrang.intercontinental.com\/vi\/#website","url":"https:\/\/nhatrang.intercontinental.com\/vi\/","name":"InterContinental Nha Trang","description":"","potentialAction":[{"@type":"SearchAction","target":{"@type":"EntryPoint","urlTemplate":"https:\/\/nhatrang.intercontinental.com\/vi\/?s={search_term_string}"},"query-input":"required name=search_term_string"}],"inLanguage":"vi-VN"}]}},"acf":[],"_links":{"self":[{"href":"https:\/\/nhatrang.intercontinental.com\/vi\/wp-json\/wp\/v2\/pages\/3399"}],"collection":[{"href":"https:\/\/nhatrang.intercontinental.com\/vi\/wp-json\/wp\/v2\/pages"}],"about":[{"href":"https:\/\/nhatrang.intercontinental.com\/vi\/wp-json\/wp\/v2\/types\/page"}],"author":[{"embeddable":true,"href":"https:\/\/nhatrang.intercontinental.com\/vi\/wp-json\/wp\/v2\/users\/191"}],"replies":[{"embeddable":true,"href":"https:\/\/nhatrang.intercontinental.com\/vi\/wp-json\/wp\/v2\/comments?post=3399"}],"version-history":[{"count":0,"href":"https:\/\/nhatrang.intercontinental.com\/vi\/wp-json\/wp\/v2\/pages\/3399\/revisions"}],"up":[{"embeddable":true,"href":"https:\/\/nhatrang.intercontinental.com\/vi\/wp-json\/wp\/v2\/pages\/2311"}],"wp:featuredmedia":[{"embeddable":true,"href":"https:\/\/nhatrang.intercontinental.com\/vi\/wp-json\/wp\/v2\/media\/3694"}],"wp:attachment":[{"href":"https:\/\/nhatrang.intercontinental.com\/vi\/wp-json\/wp\/v2\/media?parent=3399"}],"curies":[{"name":"wp","href":"https:\/\/api.w.org\/{rel}","templated":true}]}}