{"id":3856,"date":"2025-09-30T06:47:55","date_gmt":"2025-09-30T06:47:55","guid":{"rendered":"https:\/\/nhatrang.intercontinental.com\/meeting-for-good\/"},"modified":"2025-10-23T07:39:47","modified_gmt":"2025-10-23T07:39:47","slug":"meeting-for-good","status":"publish","type":"page","link":"https:\/\/nhatrang.intercontinental.com\/vi\/meeting-for-good\/","title":{"rendered":"Ch\u01b0\u01a1ng Tr\u00ecnh Ph\u00e1t Tri\u1ec3n B\u1ec1n V\u1eefng"},"content":{"rendered":"<p>T\u1ea1i <strong data-start=\"4\" data-end=\"34\">InterContinental Nha Trang<\/strong>, ch\u00fang t\u00f4i cam k\u1ebft v\u1eadn h\u00e0nh c\u00f3 tr\u00e1ch nhi\u1ec7m nh\u1eb1m \u0111\u1ea3m b\u1ea3o t\u01b0\u01a1ng lai b\u1ec1n v\u1eefng cho ng\u00e0nh du l\u1ecbch. V\u1edbi cam k\u1ebft \u0111\u00f3, ch\u01b0\u01a1ng tr\u00ecnh <strong data-start=\"158\" data-end=\"178\">Meeting for Good<\/strong> c\u1ee7a ch\u00fang t\u00f4i h\u1ed7 tr\u1ee3 c\u00e1c nh\u00e0 t\u1ed5 ch\u1ee9c h\u1ed9i ngh\u1ecb v\u00e0 s\u1ef1 ki\u1ec7n t\u1ea1o n\u00ean nh\u1eefng tr\u1ea3i nghi\u1ec7m s\u1ef1 ki\u1ec7n th\u00e2n thi\u1ec7n v\u00e0 b\u1ec1n v\u1eefng h\u01a1n v\u1edbi m\u00f4i tr\u01b0\u1eddng.<\/p>\n","protected":false},"excerpt":{"rendered":"<p>T\u1ea1i InterContinental Nha Trang, ch\u00fang t\u00f4i cam k\u1ebft v\u1eadn h\u00e0nh c\u00f3 tr\u00e1ch nhi\u1ec7m nh\u1eb1m \u0111\u1ea3m b\u1ea3o t\u01b0\u01a1ng lai b\u1ec1n v\u1eefng cho ng\u00e0nh du l\u1ecbch. V\u1edbi cam k\u1ebft \u0111\u00f3, ch\u01b0\u01a1ng tr\u00ecnh Meeting for Good c\u1ee7a ch\u00fang t\u00f4i h\u1ed7 tr\u1ee3 c\u00e1c nh\u00e0 t\u1ed5 ch\u1ee9c h\u1ed9i ngh\u1ecb v\u00e0 s\u1ef1 ki\u1ec7n t\u1ea1o n\u00ean nh\u1eefng tr\u1ea3i nghi\u1ec7m s\u1ef1 ki\u1ec7n th\u00e2n [&hellip;]<\/p>\n","protected":false},"author":192,"featured_media":3624,"parent":0,"menu_order":0,"comment_status":"closed","ping_status":"closed","template":"","meta":{"footnotes":""},"yoast_head":"<!-- This site is optimized with the Yoast SEO plugin v22.3 - https:\/\/yoast.com\/wordpress\/plugins\/seo\/ -->\n<title>Ch\u01b0\u01a1ng Tr\u00ecnh Ph\u00e1t Tri\u1ec3n B\u1ec1n V\u1eefng - InterContinental Nha Trang<\/title>\n<meta name=\"robots\" content=\"index, follow, max-snippet:-1, max-image-preview:large, max-video-preview:-1\" \/>\n<link rel=\"canonical\" href=\"https:\/\/nhatrang.intercontinental.com\/vi\/meeting-for-good\/\" \/>\n<meta property=\"og:locale\" content=\"vi_VN\" \/>\n<meta property=\"og:type\" content=\"article\" \/>\n<meta property=\"og:title\" content=\"Ch\u01b0\u01a1ng Tr\u00ecnh Ph\u00e1t Tri\u1ec3n B\u1ec1n V\u1eefng - InterContinental Nha Trang\" \/>\n<meta property=\"og:description\" content=\"T\u1ea1i InterContinental Nha Trang, ch\u00fang t\u00f4i cam k\u1ebft v\u1eadn h\u00e0nh c\u00f3 tr\u00e1ch nhi\u1ec7m nh\u1eb1m \u0111\u1ea3m b\u1ea3o t\u01b0\u01a1ng lai b\u1ec1n v\u1eefng cho ng\u00e0nh du l\u1ecbch. V\u1edbi cam k\u1ebft \u0111\u00f3, ch\u01b0\u01a1ng tr\u00ecnh Meeting for Good c\u1ee7a ch\u00fang t\u00f4i h\u1ed7 tr\u1ee3 c\u00e1c nh\u00e0 t\u1ed5 ch\u1ee9c h\u1ed9i ngh\u1ecb v\u00e0 s\u1ef1 ki\u1ec7n t\u1ea1o n\u00ean nh\u1eefng tr\u1ea3i nghi\u1ec7m s\u1ef1 ki\u1ec7n th\u00e2n [&hellip;]\" \/>\n<meta property=\"og:url\" content=\"https:\/\/nhatrang.intercontinental.com\/vi\/meeting-for-good\/\" \/>\n<meta property=\"og:site_name\" content=\"InterContinental Nha Trang\" \/>\n<meta property=\"article:modified_time\" content=\"2025-10-23T07:39:47+00:00\" \/>\n<meta property=\"og:image\" content=\"https:\/\/nhatrang.intercontinental.com\/wp-content\/uploads\/sites\/100\/2025\/09\/IWS-photo-2200x1200-1.jpg\" \/>\n\t<meta property=\"og:image:width\" content=\"2200\" \/>\n\t<meta property=\"og:image:height\" content=\"1200\" \/>\n\t<meta property=\"og:image:type\" content=\"image\/jpeg\" \/>\n<meta name=\"twitter:card\" content=\"summary_large_image\" \/>\n<meta name=\"twitter:label1\" content=\"Est. reading time\" \/>\n\t<meta name=\"twitter:data1\" content=\"1 minute\" \/>\n<script type=\"application\/ld+json\" class=\"yoast-schema-graph\">{\"@context\":\"https:\/\/schema.org\",\"@graph\":[{\"@type\":\"WebPage\",\"@id\":\"https:\/\/nhatrang.intercontinental.com\/vi\/meeting-for-good\/\",\"url\":\"https:\/\/nhatrang.intercontinental.com\/vi\/meeting-for-good\/\",\"name\":\"Ch\u01b0\u01a1ng Tr\u00ecnh Ph\u00e1t Tri\u1ec3n B\u1ec1n V\u1eefng - InterContinental Nha Trang\",\"isPartOf\":{\"@id\":\"https:\/\/nhatrang.intercontinental.com\/vi\/#website\"},\"primaryImageOfPage\":{\"@id\":\"https:\/\/nhatrang.intercontinental.com\/vi\/meeting-for-good\/#primaryimage\"},\"image\":{\"@id\":\"https:\/\/nhatrang.intercontinental.com\/vi\/meeting-for-good\/#primaryimage\"},\"thumbnailUrl\":\"https:\/\/nhatrang.intercontinental.com\/wp-content\/uploads\/sites\/100\/2025\/09\/IWS-photo-2200x1200-1.jpg\",\"datePublished\":\"2025-09-30T06:47:55+00:00\",\"dateModified\":\"2025-10-23T07:39:47+00:00\",\"breadcrumb\":{\"@id\":\"https:\/\/nhatrang.intercontinental.com\/vi\/meeting-for-good\/#breadcrumb\"},\"inLanguage\":\"vi-VN\",\"potentialAction\":[{\"@type\":\"ReadAction\",\"target\":[\"https:\/\/nhatrang.intercontinental.com\/vi\/meeting-for-good\/\"]}]},{\"@type\":\"ImageObject\",\"inLanguage\":\"vi-VN\",\"@id\":\"https:\/\/nhatrang.intercontinental.com\/vi\/meeting-for-good\/#primaryimage\",\"url\":\"https:\/\/nhatrang.intercontinental.com\/wp-content\/uploads\/sites\/100\/2025\/09\/IWS-photo-2200x1200-1.jpg\",\"contentUrl\":\"https:\/\/nhatrang.intercontinental.com\/wp-content\/uploads\/sites\/100\/2025\/09\/IWS-photo-2200x1200-1.jpg\",\"width\":2200,\"height\":1200},{\"@type\":\"BreadcrumbList\",\"@id\":\"https:\/\/nhatrang.intercontinental.com\/vi\/meeting-for-good\/#breadcrumb\",\"itemListElement\":[{\"@type\":\"ListItem\",\"position\":1,\"name\":\"Home\",\"item\":\"https:\/\/nhatrang.intercontinental.com\/vi\/\"},{\"@type\":\"ListItem\",\"position\":2,\"name\":\"Ch\u01b0\u01a1ng Tr\u00ecnh Ph\u00e1t Tri\u1ec3n B\u1ec1n V\u1eefng\"}]},{\"@type\":\"WebSite\",\"@id\":\"https:\/\/nhatrang.intercontinental.com\/vi\/#website\",\"url\":\"https:\/\/nhatrang.intercontinental.com\/vi\/\",\"name\":\"InterContinental Nha Trang\",\"description\":\"\",\"potentialAction\":[{\"@type\":\"SearchAction\",\"target\":{\"@type\":\"EntryPoint\",\"urlTemplate\":\"https:\/\/nhatrang.intercontinental.com\/vi\/?s={search_term_string}\"},\"query-input\":\"required name=search_term_string\"}],\"inLanguage\":\"vi-VN\"}]}<\/script>\n<!-- \/ Yoast SEO plugin. -->","yoast_head_json":{"title":"Ch\u01b0\u01a1ng Tr\u00ecnh Ph\u00e1t Tri\u1ec3n B\u1ec1n V\u1eefng - InterContinental Nha Trang","robots":{"index":"index","follow":"follow","max-snippet":"max-snippet:-1","max-image-preview":"max-image-preview:large","max-video-preview":"max-video-preview:-1"},"canonical":"https:\/\/nhatrang.intercontinental.com\/vi\/meeting-for-good\/","og_locale":"vi_VN","og_type":"article","og_title":"Ch\u01b0\u01a1ng Tr\u00ecnh Ph\u00e1t Tri\u1ec3n B\u1ec1n V\u1eefng - InterContinental Nha Trang","og_description":"T\u1ea1i InterContinental Nha Trang, ch\u00fang t\u00f4i cam k\u1ebft v\u1eadn h\u00e0nh c\u00f3 tr\u00e1ch nhi\u1ec7m nh\u1eb1m \u0111\u1ea3m b\u1ea3o t\u01b0\u01a1ng lai b\u1ec1n v\u1eefng cho ng\u00e0nh du l\u1ecbch. V\u1edbi cam k\u1ebft \u0111\u00f3, ch\u01b0\u01a1ng tr\u00ecnh Meeting for Good c\u1ee7a ch\u00fang t\u00f4i h\u1ed7 tr\u1ee3 c\u00e1c nh\u00e0 t\u1ed5 ch\u1ee9c h\u1ed9i ngh\u1ecb v\u00e0 s\u1ef1 ki\u1ec7n t\u1ea1o n\u00ean nh\u1eefng tr\u1ea3i nghi\u1ec7m s\u1ef1 ki\u1ec7n th\u00e2n [&hellip;]","og_url":"https:\/\/nhatrang.intercontinental.com\/vi\/meeting-for-good\/","og_site_name":"InterContinental Nha Trang","article_modified_time":"2025-10-23T07:39:47+00:00","og_image":[{"width":2200,"height":1200,"url":"https:\/\/nhatrang.intercontinental.com\/wp-content\/uploads\/sites\/100\/2025\/09\/IWS-photo-2200x1200-1.jpg","type":"image\/jpeg"}],"twitter_card":"summary_large_image","twitter_misc":{"Est. reading time":"1 minute"},"schema":{"@context":"https:\/\/schema.org","@graph":[{"@type":"WebPage","@id":"https:\/\/nhatrang.intercontinental.com\/vi\/meeting-for-good\/","url":"https:\/\/nhatrang.intercontinental.com\/vi\/meeting-for-good\/","name":"Ch\u01b0\u01a1ng Tr\u00ecnh Ph\u00e1t Tri\u1ec3n B\u1ec1n V\u1eefng - InterContinental Nha Trang","isPartOf":{"@id":"https:\/\/nhatrang.intercontinental.com\/vi\/#website"},"primaryImageOfPage":{"@id":"https:\/\/nhatrang.intercontinental.com\/vi\/meeting-for-good\/#primaryimage"},"image":{"@id":"https:\/\/nhatrang.intercontinental.com\/vi\/meeting-for-good\/#primaryimage"},"thumbnailUrl":"https:\/\/nhatrang.intercontinental.com\/wp-content\/uploads\/sites\/100\/2025\/09\/IWS-photo-2200x1200-1.jpg","datePublished":"2025-09-30T06:47:55+00:00","dateModified":"2025-10-23T07:39:47+00:00","breadcrumb":{"@id":"https:\/\/nhatrang.intercontinental.com\/vi\/meeting-for-good\/#breadcrumb"},"inLanguage":"vi-VN","potentialAction":[{"@type":"ReadAction","target":["https:\/\/nhatrang.intercontinental.com\/vi\/meeting-for-good\/"]}]},{"@type":"ImageObject","inLanguage":"vi-VN","@id":"https:\/\/nhatrang.intercontinental.com\/vi\/meeting-for-good\/#primaryimage","url":"https:\/\/nhatrang.intercontinental.com\/wp-content\/uploads\/sites\/100\/2025\/09\/IWS-photo-2200x1200-1.jpg","contentUrl":"https:\/\/nhatrang.intercontinental.com\/wp-content\/uploads\/sites\/100\/2025\/09\/IWS-photo-2200x1200-1.jpg","width":2200,"height":1200},{"@type":"BreadcrumbList","@id":"https:\/\/nhatrang.intercontinental.com\/vi\/meeting-for-good\/#breadcrumb","itemListElement":[{"@type":"ListItem","position":1,"name":"Home","item":"https:\/\/nhatrang.intercontinental.com\/vi\/"},{"@type":"ListItem","position":2,"name":"Ch\u01b0\u01a1ng Tr\u00ecnh Ph\u00e1t Tri\u1ec3n B\u1ec1n V\u1eefng"}]},{"@type":"WebSite","@id":"https:\/\/nhatrang.intercontinental.com\/vi\/#website","url":"https:\/\/nhatrang.intercontinental.com\/vi\/","name":"InterContinental Nha Trang","description":"","potentialAction":[{"@type":"SearchAction","target":{"@type":"EntryPoint","urlTemplate":"https:\/\/nhatrang.intercontinental.com\/vi\/?s={search_term_string}"},"query-input":"required name=search_term_string"}],"inLanguage":"vi-VN"}]}},"acf":[],"_links":{"self":[{"href":"https:\/\/nhatrang.intercontinental.com\/vi\/wp-json\/wp\/v2\/pages\/3856"}],"collection":[{"href":"https:\/\/nhatrang.intercontinental.com\/vi\/wp-json\/wp\/v2\/pages"}],"about":[{"href":"https:\/\/nhatrang.intercontinental.com\/vi\/wp-json\/wp\/v2\/types\/page"}],"author":[{"embeddable":true,"href":"https:\/\/nhatrang.intercontinental.com\/vi\/wp-json\/wp\/v2\/users\/192"}],"replies":[{"embeddable":true,"href":"https:\/\/nhatrang.intercontinental.com\/vi\/wp-json\/wp\/v2\/comments?post=3856"}],"version-history":[{"count":0,"href":"https:\/\/nhatrang.intercontinental.com\/vi\/wp-json\/wp\/v2\/pages\/3856\/revisions"}],"wp:featuredmedia":[{"embeddable":true,"href":"https:\/\/nhatrang.intercontinental.com\/vi\/wp-json\/wp\/v2\/media\/3624"}],"wp:attachment":[{"href":"https:\/\/nhatrang.intercontinental.com\/vi\/wp-json\/wp\/v2\/media?parent=3856"}],"curies":[{"name":"wp","href":"https:\/\/api.w.org\/{rel}","templated":true}]}}