{"id":3987,"date":"2025-10-29T07:39:43","date_gmt":"2025-10-29T07:39:43","guid":{"rendered":"https:\/\/nhatrang.intercontinental.com\/facilities\/costa-golf\/"},"modified":"2025-10-29T11:06:29","modified_gmt":"2025-10-29T11:06:29","slug":"costa-golf","status":"publish","type":"page","link":"https:\/\/nhatrang.intercontinental.com\/vi\/facilities\/costa-golf\/","title":{"rendered":"Costa Golf"},"content":{"rendered":"<article class=\"text-token-text-primary w-full focus:outline-none [--shadow-height:45px] has-data-writing-block:pointer-events-none has-data-writing-block:-mt-(--shadow-height) has-data-writing-block:pt-(--shadow-height) [&amp;:has([data-writing-block])&gt;*]:pointer-events-auto [content-visibility:auto] supports-[content-visibility:auto]:[contain-intrinsic-size:auto_100lvh] scroll-mt-[calc(var(--header-height)+min(200px,max(70px,20svh)))]\" dir=\"auto\" data-turn-id=\"request-WEB:95945820-229d-4e7b-97b3-77d2122a4c5a-26\" data-testid=\"conversation-turn-54\" data-scroll-anchor=\"true\" data-turn=\"assistant\">\n<div class=\"text-base my-auto mx-auto pb-10 [--thread-content-margin:--spacing(4)] thread-sm:[--thread-content-margin:--spacing(6)] thread-lg:[--thread-content-margin:--spacing(16)] px-(--thread-content-margin)\">\n<div class=\"[--thread-content-max-width:40rem] thread-lg:[--thread-content-max-width:48rem] mx-auto max-w-(--thread-content-max-width) flex-1 group\/turn-messages focus-visible:outline-hidden relative flex w-full min-w-0 flex-col agent-turn\">\n<div class=\"flex max-w-full flex-col grow\">\n<div class=\"min-h-8 text-message relative flex w-full flex-col items-end gap-2 text-start break-words whitespace-normal [.text-message+&amp;]:mt-1\" dir=\"auto\" data-message-author-role=\"assistant\" data-message-id=\"6b2ef20b-0ee7-44a5-a4a5-9994b26e0dcc\" data-message-model-slug=\"gpt-5\">\n<div class=\"flex w-full flex-col gap-1 empty:hidden first:pt-[1px]\">\n<div class=\"markdown prose dark:prose-invert w-full break-words light markdown-new-styling\">\n<p data-start=\"0\" data-end=\"67\">Golf 3D Simulator \u2013 Tr\u1ea3i Nghi\u1ec7m Ch\u01a1i Golf Th\u1ef1c T\u1ebf T\u1ea1i Costa Golf!<\/p>\n<p data-start=\"69\" data-end=\"329\">Kh\u00e1m ph\u00e1 c\u1ea3m gi\u00e1c ph\u1ea5n kh\u00edch khi ch\u01a1i golf trong kh\u00f4ng gian 3D ch\u00e2n th\u1ef1c, v\u1edbi c\u00f4ng ngh\u1ec7 ph\u00e2n t\u00edch c\u00fa \u0111\u00e1nh hi\u1ec7n \u0111\u1ea1i v\u00e0 \u0111\u1ed3 h\u1ecda s\u1ed1ng \u0111\u1ed9ng \u2014 ho\u00e0n h\u1ea3o cho ng\u01b0\u1eddi m\u1edbi b\u1eaft \u0111\u1ea7u, ng\u01b0\u1eddi y\u00eau th\u1ec3 thao ho\u1eb7c b\u1ea5t k\u1ef3 ai \u0111ang t\u00ecm ki\u1ebfm m\u1ed9t ho\u1ea1t \u0111\u1ed9ng th\u01b0 gi\u00e3n, th\u00fa v\u1ecb trong nh\u00e0.<\/p>\n<p data-start=\"331\" data-end=\"396\" data-is-last-node=\"\" data-is-only-node=\"\">T\u1eadn h\u01b0\u1edfng \u01b0u \u0111\u00e3i \u0111\u1ed9c quy\u1ec1n gi\u1ea3m 15% cho tr\u00f2 ch\u01a1i v\u00e0 d\u1ee5ng c\u1ee5 golf!<\/p>\n<\/div>\n<\/div>\n<\/div>\n<\/div>\n<div class=\"z-0 flex min-h-[46px] justify-start\"><\/div>\n<div class=\"mt-3 w-full empty:hidden\">\n<div class=\"text-center\"><\/div>\n<\/div>\n<\/div>\n<\/div>\n<\/article>\n<div class=\"pointer-events-none h-px w-px\" aria-hidden=\"true\" data-edge=\"true\"><\/div>\n","protected":false},"excerpt":{"rendered":"<p>Golf 3D Simulator \u2013 Tr\u1ea3i Nghi\u1ec7m Ch\u01a1i Golf Th\u1ef1c T\u1ebf T\u1ea1i Costa Golf! Kh\u00e1m ph\u00e1 c\u1ea3m gi\u00e1c ph\u1ea5n kh\u00edch khi ch\u01a1i golf trong kh\u00f4ng gian 3D ch\u00e2n th\u1ef1c, v\u1edbi c\u00f4ng ngh\u1ec7 ph\u00e2n t\u00edch c\u00fa \u0111\u00e1nh hi\u1ec7n \u0111\u1ea1i v\u00e0 \u0111\u1ed3 h\u1ecda s\u1ed1ng \u0111\u1ed9ng \u2014 ho\u00e0n h\u1ea3o cho ng\u01b0\u1eddi m\u1edbi b\u1eaft \u0111\u1ea7u, ng\u01b0\u1eddi y\u00eau th\u1ec3 thao ho\u1eb7c [&hellip;]<\/p>\n","protected":false},"author":192,"featured_media":3934,"parent":2257,"menu_order":0,"comment_status":"closed","ping_status":"closed","template":"template-restaurant.php","meta":{"footnotes":""},"yoast_head":"<!-- This site is optimized with the Yoast SEO plugin v22.3 - https:\/\/yoast.com\/wordpress\/plugins\/seo\/ -->\n<title>Costa Golf - InterContinental Nha Trang<\/title>\n<meta name=\"robots\" content=\"index, follow, max-snippet:-1, max-image-preview:large, max-video-preview:-1\" \/>\n<link rel=\"canonical\" href=\"https:\/\/nhatrang.intercontinental.com\/vi\/facilities\/costa-golf\/\" \/>\n<meta property=\"og:locale\" content=\"vi_VN\" \/>\n<meta property=\"og:type\" content=\"article\" \/>\n<meta property=\"og:title\" content=\"Costa Golf - InterContinental Nha Trang\" \/>\n<meta property=\"og:description\" content=\"Golf 3D Simulator \u2013 Tr\u1ea3i Nghi\u1ec7m Ch\u01a1i Golf Th\u1ef1c T\u1ebf T\u1ea1i Costa Golf! Kh\u00e1m ph\u00e1 c\u1ea3m gi\u00e1c ph\u1ea5n kh\u00edch khi ch\u01a1i golf trong kh\u00f4ng gian 3D ch\u00e2n th\u1ef1c, v\u1edbi c\u00f4ng ngh\u1ec7 ph\u00e2n t\u00edch c\u00fa \u0111\u00e1nh hi\u1ec7n \u0111\u1ea1i v\u00e0 \u0111\u1ed3 h\u1ecda s\u1ed1ng \u0111\u1ed9ng \u2014 ho\u00e0n h\u1ea3o cho ng\u01b0\u1eddi m\u1edbi b\u1eaft \u0111\u1ea7u, ng\u01b0\u1eddi y\u00eau th\u1ec3 thao ho\u1eb7c [&hellip;]\" \/>\n<meta property=\"og:url\" content=\"https:\/\/nhatrang.intercontinental.com\/vi\/facilities\/costa-golf\/\" \/>\n<meta property=\"og:site_name\" content=\"InterContinental Nha Trang\" \/>\n<meta property=\"article:modified_time\" content=\"2025-10-29T11:06:29+00:00\" \/>\n<meta property=\"og:image\" content=\"https:\/\/nhatrang.intercontinental.com\/wp-content\/uploads\/sites\/100\/2025\/10\/Golf.jpg\" \/>\n\t<meta property=\"og:image:width\" content=\"1920\" \/>\n\t<meta property=\"og:image:height\" content=\"1080\" \/>\n\t<meta property=\"og:image:type\" content=\"image\/jpeg\" \/>\n<meta name=\"twitter:card\" content=\"summary_large_image\" \/>\n<meta name=\"twitter:label1\" content=\"Est. reading time\" \/>\n\t<meta name=\"twitter:data1\" content=\"1 minute\" \/>\n<script type=\"application\/ld+json\" class=\"yoast-schema-graph\">{\"@context\":\"https:\/\/schema.org\",\"@graph\":[{\"@type\":\"WebPage\",\"@id\":\"https:\/\/nhatrang.intercontinental.com\/vi\/facilities\/costa-golf\/\",\"url\":\"https:\/\/nhatrang.intercontinental.com\/vi\/facilities\/costa-golf\/\",\"name\":\"Costa Golf - InterContinental Nha Trang\",\"isPartOf\":{\"@id\":\"https:\/\/nhatrang.intercontinental.com\/vi\/#website\"},\"primaryImageOfPage\":{\"@id\":\"https:\/\/nhatrang.intercontinental.com\/vi\/facilities\/costa-golf\/#primaryimage\"},\"image\":{\"@id\":\"https:\/\/nhatrang.intercontinental.com\/vi\/facilities\/costa-golf\/#primaryimage\"},\"thumbnailUrl\":\"https:\/\/nhatrang.intercontinental.com\/wp-content\/uploads\/sites\/100\/2025\/10\/Golf.jpg\",\"datePublished\":\"2025-10-29T07:39:43+00:00\",\"dateModified\":\"2025-10-29T11:06:29+00:00\",\"breadcrumb\":{\"@id\":\"https:\/\/nhatrang.intercontinental.com\/vi\/facilities\/costa-golf\/#breadcrumb\"},\"inLanguage\":\"vi-VN\",\"potentialAction\":[{\"@type\":\"ReadAction\",\"target\":[\"https:\/\/nhatrang.intercontinental.com\/vi\/facilities\/costa-golf\/\"]}]},{\"@type\":\"ImageObject\",\"inLanguage\":\"vi-VN\",\"@id\":\"https:\/\/nhatrang.intercontinental.com\/vi\/facilities\/costa-golf\/#primaryimage\",\"url\":\"https:\/\/nhatrang.intercontinental.com\/wp-content\/uploads\/sites\/100\/2025\/10\/Golf.jpg\",\"contentUrl\":\"https:\/\/nhatrang.intercontinental.com\/wp-content\/uploads\/sites\/100\/2025\/10\/Golf.jpg\",\"width\":1920,\"height\":1080},{\"@type\":\"BreadcrumbList\",\"@id\":\"https:\/\/nhatrang.intercontinental.com\/vi\/facilities\/costa-golf\/#breadcrumb\",\"itemListElement\":[{\"@type\":\"ListItem\",\"position\":1,\"name\":\"Home\",\"item\":\"https:\/\/nhatrang.intercontinental.com\/vi\/\"},{\"@type\":\"ListItem\",\"position\":2,\"name\":\"Ti\u1ec7n \u00edch\",\"item\":\"https:\/\/nhatrang.intercontinental.com\/vi\/facilities\/\"},{\"@type\":\"ListItem\",\"position\":3,\"name\":\"Costa Golf\"}]},{\"@type\":\"WebSite\",\"@id\":\"https:\/\/nhatrang.intercontinental.com\/vi\/#website\",\"url\":\"https:\/\/nhatrang.intercontinental.com\/vi\/\",\"name\":\"InterContinental Nha Trang\",\"description\":\"\",\"potentialAction\":[{\"@type\":\"SearchAction\",\"target\":{\"@type\":\"EntryPoint\",\"urlTemplate\":\"https:\/\/nhatrang.intercontinental.com\/vi\/?s={search_term_string}\"},\"query-input\":\"required name=search_term_string\"}],\"inLanguage\":\"vi-VN\"}]}<\/script>\n<!-- \/ Yoast SEO plugin. -->","yoast_head_json":{"title":"Costa Golf - InterContinental Nha Trang","robots":{"index":"index","follow":"follow","max-snippet":"max-snippet:-1","max-image-preview":"max-image-preview:large","max-video-preview":"max-video-preview:-1"},"canonical":"https:\/\/nhatrang.intercontinental.com\/vi\/facilities\/costa-golf\/","og_locale":"vi_VN","og_type":"article","og_title":"Costa Golf - InterContinental Nha Trang","og_description":"Golf 3D Simulator \u2013 Tr\u1ea3i Nghi\u1ec7m Ch\u01a1i Golf Th\u1ef1c T\u1ebf T\u1ea1i Costa Golf! Kh\u00e1m ph\u00e1 c\u1ea3m gi\u00e1c ph\u1ea5n kh\u00edch khi ch\u01a1i golf trong kh\u00f4ng gian 3D ch\u00e2n th\u1ef1c, v\u1edbi c\u00f4ng ngh\u1ec7 ph\u00e2n t\u00edch c\u00fa \u0111\u00e1nh hi\u1ec7n \u0111\u1ea1i v\u00e0 \u0111\u1ed3 h\u1ecda s\u1ed1ng \u0111\u1ed9ng \u2014 ho\u00e0n h\u1ea3o cho ng\u01b0\u1eddi m\u1edbi b\u1eaft \u0111\u1ea7u, ng\u01b0\u1eddi y\u00eau th\u1ec3 thao ho\u1eb7c [&hellip;]","og_url":"https:\/\/nhatrang.intercontinental.com\/vi\/facilities\/costa-golf\/","og_site_name":"InterContinental Nha Trang","article_modified_time":"2025-10-29T11:06:29+00:00","og_image":[{"width":1920,"height":1080,"url":"https:\/\/nhatrang.intercontinental.com\/wp-content\/uploads\/sites\/100\/2025\/10\/Golf.jpg","type":"image\/jpeg"}],"twitter_card":"summary_large_image","twitter_misc":{"Est. reading time":"1 minute"},"schema":{"@context":"https:\/\/schema.org","@graph":[{"@type":"WebPage","@id":"https:\/\/nhatrang.intercontinental.com\/vi\/facilities\/costa-golf\/","url":"https:\/\/nhatrang.intercontinental.com\/vi\/facilities\/costa-golf\/","name":"Costa Golf - InterContinental Nha Trang","isPartOf":{"@id":"https:\/\/nhatrang.intercontinental.com\/vi\/#website"},"primaryImageOfPage":{"@id":"https:\/\/nhatrang.intercontinental.com\/vi\/facilities\/costa-golf\/#primaryimage"},"image":{"@id":"https:\/\/nhatrang.intercontinental.com\/vi\/facilities\/costa-golf\/#primaryimage"},"thumbnailUrl":"https:\/\/nhatrang.intercontinental.com\/wp-content\/uploads\/sites\/100\/2025\/10\/Golf.jpg","datePublished":"2025-10-29T07:39:43+00:00","dateModified":"2025-10-29T11:06:29+00:00","breadcrumb":{"@id":"https:\/\/nhatrang.intercontinental.com\/vi\/facilities\/costa-golf\/#breadcrumb"},"inLanguage":"vi-VN","potentialAction":[{"@type":"ReadAction","target":["https:\/\/nhatrang.intercontinental.com\/vi\/facilities\/costa-golf\/"]}]},{"@type":"ImageObject","inLanguage":"vi-VN","@id":"https:\/\/nhatrang.intercontinental.com\/vi\/facilities\/costa-golf\/#primaryimage","url":"https:\/\/nhatrang.intercontinental.com\/wp-content\/uploads\/sites\/100\/2025\/10\/Golf.jpg","contentUrl":"https:\/\/nhatrang.intercontinental.com\/wp-content\/uploads\/sites\/100\/2025\/10\/Golf.jpg","width":1920,"height":1080},{"@type":"BreadcrumbList","@id":"https:\/\/nhatrang.intercontinental.com\/vi\/facilities\/costa-golf\/#breadcrumb","itemListElement":[{"@type":"ListItem","position":1,"name":"Home","item":"https:\/\/nhatrang.intercontinental.com\/vi\/"},{"@type":"ListItem","position":2,"name":"Ti\u1ec7n \u00edch","item":"https:\/\/nhatrang.intercontinental.com\/vi\/facilities\/"},{"@type":"ListItem","position":3,"name":"Costa Golf"}]},{"@type":"WebSite","@id":"https:\/\/nhatrang.intercontinental.com\/vi\/#website","url":"https:\/\/nhatrang.intercontinental.com\/vi\/","name":"InterContinental Nha Trang","description":"","potentialAction":[{"@type":"SearchAction","target":{"@type":"EntryPoint","urlTemplate":"https:\/\/nhatrang.intercontinental.com\/vi\/?s={search_term_string}"},"query-input":"required name=search_term_string"}],"inLanguage":"vi-VN"}]}},"acf":[],"_links":{"self":[{"href":"https:\/\/nhatrang.intercontinental.com\/vi\/wp-json\/wp\/v2\/pages\/3987"}],"collection":[{"href":"https:\/\/nhatrang.intercontinental.com\/vi\/wp-json\/wp\/v2\/pages"}],"about":[{"href":"https:\/\/nhatrang.intercontinental.com\/vi\/wp-json\/wp\/v2\/types\/page"}],"author":[{"embeddable":true,"href":"https:\/\/nhatrang.intercontinental.com\/vi\/wp-json\/wp\/v2\/users\/192"}],"replies":[{"embeddable":true,"href":"https:\/\/nhatrang.intercontinental.com\/vi\/wp-json\/wp\/v2\/comments?post=3987"}],"version-history":[{"count":0,"href":"https:\/\/nhatrang.intercontinental.com\/vi\/wp-json\/wp\/v2\/pages\/3987\/revisions"}],"up":[{"embeddable":true,"href":"https:\/\/nhatrang.intercontinental.com\/vi\/wp-json\/wp\/v2\/pages\/2257"}],"wp:featuredmedia":[{"embeddable":true,"href":"https:\/\/nhatrang.intercontinental.com\/vi\/wp-json\/wp\/v2\/media\/3934"}],"wp:attachment":[{"href":"https:\/\/nhatrang.intercontinental.com\/vi\/wp-json\/wp\/v2\/media?parent=3987"}],"curies":[{"name":"wp","href":"https:\/\/api.w.org\/{rel}","templated":true}]}}