{"id":5732,"date":"2026-02-06T10:00:12","date_gmt":"2026-02-06T10:00:12","guid":{"rendered":"https:\/\/nhatrang.intercontinental.com\/dining\/buffet-dinner\/"},"modified":"2026-03-03T10:32:39","modified_gmt":"2026-03-03T10:32:39","slug":"buffet-dinner","status":"publish","type":"page","link":"https:\/\/nhatrang.intercontinental.com\/vi\/dining\/buffet-dinner\/","title":{"rendered":"Weekly Buffet Dinner"},"content":{"rendered":"<p style=\"text-align: center\" data-start=\"0\" data-end=\"413\">Th\u01b0\u1edfng th\u1ee9c Buffet B\u00f2 &amp; N\u01b0\u1edbng theo y\u00eau c\u1ea7u h\u1ea5p d\u1eabn v\u1edbi c\u00e1c qu\u1ea7y n\u01b0\u1edbng tr\u1ef1c ti\u1ebfp, h\u1ea3i s\u1ea3n t\u01b0\u01a1i \u01b0\u1edbp \u0111\u00e1 c\u00f9ng \u0111a d\u1ea1ng m\u00f3n n\u00f3ng v\u00e0 l\u1ea1nh qu\u1ed1c t\u1ebf. T\u1eeb c\u00e1c lo\u1ea1i th\u1ecbt cao c\u1ea5p n\u01b0\u1edbng theo y\u00eau c\u1ea7u, sushi v\u00e0 sashimi, \u0111\u1ebfn salad t\u01b0\u01a1i m\u00e1t v\u00e0 ph\u00f4 mai th\u1ee7 c\u00f4ng, m\u1ed7i m\u00f3n \u0103n \u0111\u1ec1u \u0111\u01b0\u1ee3c ch\u1ebf bi\u1ebfn \u0111\u1ec3 gi\u1eef tr\u1ecdn \u0111\u1ed9 t\u01b0\u01a1i ngon v\u00e0 h\u01b0\u01a1ng v\u1ecb. Tr\u1ea3i nghi\u1ec7m \u1ea9m th\u1ef1c \u0111\u01b0\u1ee3c ho\u00e0n thi\u1ec7n v\u1edbi c\u00e1c m\u00f3n tr\u00e1ng mi\u1ec7ng tinh t\u1ebf v\u00e0 \u0111\u1eb7c s\u1ea3n ng\u1ecdt \u0111\u1ecba ph\u01b0\u01a1ng.<\/p>\n<p style=\"text-align: center\" data-start=\"0\" data-end=\"413\">Gi\u00e1: VND 700,000++ \/ kh\u00e1ch<br data-start=\"514\" data-end=\"517\" \/>Th\u1eddi gian ph\u1ee5c v\u1ee5: 6PM \u2013 9PM<\/p>\n<p style=\"text-align: center\" data-start=\"0\" data-end=\"413\">___<\/p>\n<p style=\"text-align: center\">\u0110\u1eb6T B\u00c0N:<\/p>\n<p style=\"text-align: center\">Email:\u00a0<span class=\"a_GcMg font-feature-liga-off font-feature-clig-off font-feature-calt-off text-decoration-none text-strikethrough-none\">fb.reservation@icnhatrang.com<\/span><\/p>\n<p style=\"text-align: center\">Hot line: +84 258 388 7777<\/p>\n","protected":false},"excerpt":{"rendered":"<p>Th\u01b0\u1edfng th\u1ee9c Buffet B\u00f2 &amp; N\u01b0\u1edbng theo y\u00eau c\u1ea7u h\u1ea5p d\u1eabn v\u1edbi c\u00e1c qu\u1ea7y n\u01b0\u1edbng tr\u1ef1c ti\u1ebfp, h\u1ea3i s\u1ea3n t\u01b0\u01a1i \u01b0\u1edbp \u0111\u00e1 c\u00f9ng \u0111a d\u1ea1ng m\u00f3n n\u00f3ng v\u00e0 l\u1ea1nh qu\u1ed1c t\u1ebf. T\u1eeb c\u00e1c lo\u1ea1i th\u1ecbt cao c\u1ea5p n\u01b0\u1edbng theo y\u00eau c\u1ea7u, sushi v\u00e0 sashimi, \u0111\u1ebfn salad t\u01b0\u01a1i m\u00e1t v\u00e0 ph\u00f4 mai th\u1ee7 c\u00f4ng, m\u1ed7i m\u00f3n [&hellip;]<\/p>\n","protected":false},"author":229,"featured_media":5351,"parent":2245,"menu_order":0,"comment_status":"closed","ping_status":"closed","template":"template-event.php","meta":{"footnotes":""},"yoast_head":"<!-- This site is optimized with the Yoast SEO plugin v22.3 - https:\/\/yoast.com\/wordpress\/plugins\/seo\/ -->\n<title>Weekly Buffet Dinner - InterContinental Nha Trang<\/title>\n<meta name=\"robots\" content=\"index, follow, max-snippet:-1, max-image-preview:large, max-video-preview:-1\" \/>\n<link rel=\"canonical\" href=\"https:\/\/nhatrang.intercontinental.com\/vi\/dining\/buffet-dinner\/\" \/>\n<meta property=\"og:locale\" content=\"vi_VN\" \/>\n<meta property=\"og:type\" content=\"article\" \/>\n<meta property=\"og:title\" content=\"Weekly Buffet Dinner - InterContinental Nha Trang\" \/>\n<meta property=\"og:description\" content=\"Th\u01b0\u1edfng th\u1ee9c Buffet B\u00f2 &amp; N\u01b0\u1edbng theo y\u00eau c\u1ea7u h\u1ea5p d\u1eabn v\u1edbi c\u00e1c qu\u1ea7y n\u01b0\u1edbng tr\u1ef1c ti\u1ebfp, h\u1ea3i s\u1ea3n t\u01b0\u01a1i \u01b0\u1edbp \u0111\u00e1 c\u00f9ng \u0111a d\u1ea1ng m\u00f3n n\u00f3ng v\u00e0 l\u1ea1nh qu\u1ed1c t\u1ebf. T\u1eeb c\u00e1c lo\u1ea1i th\u1ecbt cao c\u1ea5p n\u01b0\u1edbng theo y\u00eau c\u1ea7u, sushi v\u00e0 sashimi, \u0111\u1ebfn salad t\u01b0\u01a1i m\u00e1t v\u00e0 ph\u00f4 mai th\u1ee7 c\u00f4ng, m\u1ed7i m\u00f3n [&hellip;]\" \/>\n<meta property=\"og:url\" content=\"https:\/\/nhatrang.intercontinental.com\/vi\/dining\/buffet-dinner\/\" \/>\n<meta property=\"og:site_name\" content=\"InterContinental Nha Trang\" \/>\n<meta property=\"article:modified_time\" content=\"2026-03-03T10:32:39+00:00\" \/>\n<meta property=\"og:image\" content=\"https:\/\/nhatrang.intercontinental.com\/wp-content\/uploads\/sites\/100\/2026\/01\/Website-7.jpg\" \/>\n\t<meta property=\"og:image:width\" content=\"2200\" \/>\n\t<meta property=\"og:image:height\" content=\"1100\" \/>\n\t<meta property=\"og:image:type\" content=\"image\/jpeg\" \/>\n<meta name=\"twitter:card\" content=\"summary_large_image\" \/>\n<meta name=\"twitter:label1\" content=\"Est. reading time\" \/>\n\t<meta name=\"twitter:data1\" content=\"1 minute\" \/>\n<script type=\"application\/ld+json\" class=\"yoast-schema-graph\">{\"@context\":\"https:\/\/schema.org\",\"@graph\":[{\"@type\":\"WebPage\",\"@id\":\"https:\/\/nhatrang.intercontinental.com\/vi\/dining\/buffet-dinner\/\",\"url\":\"https:\/\/nhatrang.intercontinental.com\/vi\/dining\/buffet-dinner\/\",\"name\":\"Weekly Buffet Dinner - InterContinental Nha Trang\",\"isPartOf\":{\"@id\":\"https:\/\/nhatrang.intercontinental.com\/vi\/#website\"},\"primaryImageOfPage\":{\"@id\":\"https:\/\/nhatrang.intercontinental.com\/vi\/dining\/buffet-dinner\/#primaryimage\"},\"image\":{\"@id\":\"https:\/\/nhatrang.intercontinental.com\/vi\/dining\/buffet-dinner\/#primaryimage\"},\"thumbnailUrl\":\"https:\/\/nhatrang.intercontinental.com\/wp-content\/uploads\/sites\/100\/2026\/01\/Website-7.jpg\",\"datePublished\":\"2026-02-06T10:00:12+00:00\",\"dateModified\":\"2026-03-03T10:32:39+00:00\",\"breadcrumb\":{\"@id\":\"https:\/\/nhatrang.intercontinental.com\/vi\/dining\/buffet-dinner\/#breadcrumb\"},\"inLanguage\":\"vi-VN\",\"potentialAction\":[{\"@type\":\"ReadAction\",\"target\":[\"https:\/\/nhatrang.intercontinental.com\/vi\/dining\/buffet-dinner\/\"]}]},{\"@type\":\"ImageObject\",\"inLanguage\":\"vi-VN\",\"@id\":\"https:\/\/nhatrang.intercontinental.com\/vi\/dining\/buffet-dinner\/#primaryimage\",\"url\":\"https:\/\/nhatrang.intercontinental.com\/wp-content\/uploads\/sites\/100\/2026\/01\/Website-7.jpg\",\"contentUrl\":\"https:\/\/nhatrang.intercontinental.com\/wp-content\/uploads\/sites\/100\/2026\/01\/Website-7.jpg\",\"width\":2200,\"height\":1100},{\"@type\":\"BreadcrumbList\",\"@id\":\"https:\/\/nhatrang.intercontinental.com\/vi\/dining\/buffet-dinner\/#breadcrumb\",\"itemListElement\":[{\"@type\":\"ListItem\",\"position\":1,\"name\":\"Home\",\"item\":\"https:\/\/nhatrang.intercontinental.com\/vi\/\"},{\"@type\":\"ListItem\",\"position\":2,\"name\":\"\u1ea8m th\u1ef1c\",\"item\":\"https:\/\/nhatrang.intercontinental.com\/vi\/dining\/\"},{\"@type\":\"ListItem\",\"position\":3,\"name\":\"Weekly Buffet Dinner\"}]},{\"@type\":\"WebSite\",\"@id\":\"https:\/\/nhatrang.intercontinental.com\/vi\/#website\",\"url\":\"https:\/\/nhatrang.intercontinental.com\/vi\/\",\"name\":\"InterContinental Nha Trang\",\"description\":\"\",\"potentialAction\":[{\"@type\":\"SearchAction\",\"target\":{\"@type\":\"EntryPoint\",\"urlTemplate\":\"https:\/\/nhatrang.intercontinental.com\/vi\/?s={search_term_string}\"},\"query-input\":\"required name=search_term_string\"}],\"inLanguage\":\"vi-VN\"}]}<\/script>\n<!-- \/ Yoast SEO plugin. -->","yoast_head_json":{"title":"Weekly Buffet Dinner - InterContinental Nha Trang","robots":{"index":"index","follow":"follow","max-snippet":"max-snippet:-1","max-image-preview":"max-image-preview:large","max-video-preview":"max-video-preview:-1"},"canonical":"https:\/\/nhatrang.intercontinental.com\/vi\/dining\/buffet-dinner\/","og_locale":"vi_VN","og_type":"article","og_title":"Weekly Buffet Dinner - InterContinental Nha Trang","og_description":"Th\u01b0\u1edfng th\u1ee9c Buffet B\u00f2 &amp; N\u01b0\u1edbng theo y\u00eau c\u1ea7u h\u1ea5p d\u1eabn v\u1edbi c\u00e1c qu\u1ea7y n\u01b0\u1edbng tr\u1ef1c ti\u1ebfp, h\u1ea3i s\u1ea3n t\u01b0\u01a1i \u01b0\u1edbp \u0111\u00e1 c\u00f9ng \u0111a d\u1ea1ng m\u00f3n n\u00f3ng v\u00e0 l\u1ea1nh qu\u1ed1c t\u1ebf. T\u1eeb c\u00e1c lo\u1ea1i th\u1ecbt cao c\u1ea5p n\u01b0\u1edbng theo y\u00eau c\u1ea7u, sushi v\u00e0 sashimi, \u0111\u1ebfn salad t\u01b0\u01a1i m\u00e1t v\u00e0 ph\u00f4 mai th\u1ee7 c\u00f4ng, m\u1ed7i m\u00f3n [&hellip;]","og_url":"https:\/\/nhatrang.intercontinental.com\/vi\/dining\/buffet-dinner\/","og_site_name":"InterContinental Nha Trang","article_modified_time":"2026-03-03T10:32:39+00:00","og_image":[{"width":2200,"height":1100,"url":"https:\/\/nhatrang.intercontinental.com\/wp-content\/uploads\/sites\/100\/2026\/01\/Website-7.jpg","type":"image\/jpeg"}],"twitter_card":"summary_large_image","twitter_misc":{"Est. reading time":"1 minute"},"schema":{"@context":"https:\/\/schema.org","@graph":[{"@type":"WebPage","@id":"https:\/\/nhatrang.intercontinental.com\/vi\/dining\/buffet-dinner\/","url":"https:\/\/nhatrang.intercontinental.com\/vi\/dining\/buffet-dinner\/","name":"Weekly Buffet Dinner - InterContinental Nha Trang","isPartOf":{"@id":"https:\/\/nhatrang.intercontinental.com\/vi\/#website"},"primaryImageOfPage":{"@id":"https:\/\/nhatrang.intercontinental.com\/vi\/dining\/buffet-dinner\/#primaryimage"},"image":{"@id":"https:\/\/nhatrang.intercontinental.com\/vi\/dining\/buffet-dinner\/#primaryimage"},"thumbnailUrl":"https:\/\/nhatrang.intercontinental.com\/wp-content\/uploads\/sites\/100\/2026\/01\/Website-7.jpg","datePublished":"2026-02-06T10:00:12+00:00","dateModified":"2026-03-03T10:32:39+00:00","breadcrumb":{"@id":"https:\/\/nhatrang.intercontinental.com\/vi\/dining\/buffet-dinner\/#breadcrumb"},"inLanguage":"vi-VN","potentialAction":[{"@type":"ReadAction","target":["https:\/\/nhatrang.intercontinental.com\/vi\/dining\/buffet-dinner\/"]}]},{"@type":"ImageObject","inLanguage":"vi-VN","@id":"https:\/\/nhatrang.intercontinental.com\/vi\/dining\/buffet-dinner\/#primaryimage","url":"https:\/\/nhatrang.intercontinental.com\/wp-content\/uploads\/sites\/100\/2026\/01\/Website-7.jpg","contentUrl":"https:\/\/nhatrang.intercontinental.com\/wp-content\/uploads\/sites\/100\/2026\/01\/Website-7.jpg","width":2200,"height":1100},{"@type":"BreadcrumbList","@id":"https:\/\/nhatrang.intercontinental.com\/vi\/dining\/buffet-dinner\/#breadcrumb","itemListElement":[{"@type":"ListItem","position":1,"name":"Home","item":"https:\/\/nhatrang.intercontinental.com\/vi\/"},{"@type":"ListItem","position":2,"name":"\u1ea8m th\u1ef1c","item":"https:\/\/nhatrang.intercontinental.com\/vi\/dining\/"},{"@type":"ListItem","position":3,"name":"Weekly Buffet Dinner"}]},{"@type":"WebSite","@id":"https:\/\/nhatrang.intercontinental.com\/vi\/#website","url":"https:\/\/nhatrang.intercontinental.com\/vi\/","name":"InterContinental Nha Trang","description":"","potentialAction":[{"@type":"SearchAction","target":{"@type":"EntryPoint","urlTemplate":"https:\/\/nhatrang.intercontinental.com\/vi\/?s={search_term_string}"},"query-input":"required name=search_term_string"}],"inLanguage":"vi-VN"}]}},"acf":[],"_links":{"self":[{"href":"https:\/\/nhatrang.intercontinental.com\/vi\/wp-json\/wp\/v2\/pages\/5732"}],"collection":[{"href":"https:\/\/nhatrang.intercontinental.com\/vi\/wp-json\/wp\/v2\/pages"}],"about":[{"href":"https:\/\/nhatrang.intercontinental.com\/vi\/wp-json\/wp\/v2\/types\/page"}],"author":[{"embeddable":true,"href":"https:\/\/nhatrang.intercontinental.com\/vi\/wp-json\/wp\/v2\/users\/229"}],"replies":[{"embeddable":true,"href":"https:\/\/nhatrang.intercontinental.com\/vi\/wp-json\/wp\/v2\/comments?post=5732"}],"version-history":[{"count":0,"href":"https:\/\/nhatrang.intercontinental.com\/vi\/wp-json\/wp\/v2\/pages\/5732\/revisions"}],"up":[{"embeddable":true,"href":"https:\/\/nhatrang.intercontinental.com\/vi\/wp-json\/wp\/v2\/pages\/2245"}],"wp:featuredmedia":[{"embeddable":true,"href":"https:\/\/nhatrang.intercontinental.com\/vi\/wp-json\/wp\/v2\/media\/5351"}],"wp:attachment":[{"href":"https:\/\/nhatrang.intercontinental.com\/vi\/wp-json\/wp\/v2\/media?parent=5732"}],"curies":[{"name":"wp","href":"https:\/\/api.w.org\/{rel}","templated":true}]}}